{"id":715437,"date":"2024-09-16T18:41:10","date_gmt":"2024-09-16T16:41:10","guid":{"rendered":"https:\/\/tonymora.com\/?post_type=product&#038;p=715437"},"modified":"2026-03-17T13:40:41","modified_gmt":"2026-03-17T12:40:41","slug":"tote-bag-vacuno-connoly-vino","status":"publish","type":"product","link":"https:\/\/tonymora.com\/es\/producto\/tote-bag-vacuno-connoly-vino\/","title":{"rendered":"TOTE BAG VACUNO CONNOLY VINO"},"content":{"rendered":"<p>Sofisticaci\u00f3n y artesan\u00eda se combinan en este elegante bolso de Tony Mora, confeccionado en piel de vacuno de primera calidad. Con un dise\u00f1o trenzado en tonos c\u00e1lidos, este bolso es una pieza \u00fanica que destaca por su originalidad y estilo. Las asas de piel le aportan comodidad y resistencia, convirti\u00e9ndolo en el accesorio perfecto para acompa\u00f1arte tanto en el d\u00eda a d\u00eda como en ocasiones especiales. Un bolso que fusiona tradici\u00f3n y modernidad, ideal para quienes buscan un look exclusivo y atemporal.<\/p>\n","protected":false},"excerpt":{"rendered":"<p>Un dise\u00f1o que transmite car\u00e1cter desde el primer paso. Ese detalle que completa el look con distinci\u00f3n.<br \/>\nPensada para vivir momentos, no para seguir tendencias.<\/p>\n","protected":false},"featured_media":716057,"template":"","meta":{"_mbp_gutenberg_autopost":false},"product_brand":[],"product_cat":[1172,537,112],"product_tag":[],"class_list":{"0":"post-715437","1":"product","2":"type-product","3":"status-publish","4":"has-post-thumbnail","6":"product_cat-black-friday","7":"product_cat-bolsos","8":"product_cat-mujer","10":"first","11":"instock","12":"taxable","13":"shipping-taxable","14":"purchasable","15":"product-type-simple"},"supplier_id":null,"supplier_sku":"","barcode":null,"atum_controlled":true,"out_stock_date":null,"out_stock_threshold":null,"inheritable":false,"inbound_stock":0,"stock_on_hold":0,"sold_today":0,"sales_last_days":0,"reserved_stock":0,"customer_returns":0,"warehouse_damage":0,"lost_in_post":0,"other_logs":0,"out_stock_days":0,"lost_sales":0,"has_location":false,"update_date":"2026-03-17T11:40:43","atum_locations":[],"atum_stock_status":"instock","restock_status":false,"low_stock_amount":"","sales_update_date":"2024-09-23T07:26:28","calc_backorders":null,"yoast_head":"<!-- This site is optimized with the Yoast SEO plugin v27.2 - https:\/\/yoast.com\/product\/yoast-seo-wordpress\/ -->\n<title>TOTE BAG VACUNO CONNOLY VINO - Tony Mora\u00ae Boots Official Store<\/title>\n<meta name=\"description\" content=\"Bolso de piel de vacuno de Tony Mora con dise\u00f1o trenzado en tonos c\u00e1lidos y asas resistentes. Un accesorio elegante y \u00fanico, perfecto para cualquier ocasi\u00f3n.\" \/>\n<meta name=\"robots\" content=\"index, follow, max-snippet:-1, max-image-preview:large, max-video-preview:-1\" \/>\n<link rel=\"canonical\" href=\"https:\/\/tonymora.com\/es\/producto\/tote-bag-vacuno-connoly-vino\/\" \/>\n<meta property=\"og:locale\" content=\"es_ES\" \/>\n<meta property=\"og:type\" content=\"article\" \/>\n<meta property=\"og:title\" content=\"TOTE BAG VACUNO CONNOLY VINO - Tony Mora\u00ae Boots Official Store\" \/>\n<meta property=\"og:description\" content=\"Bolso de piel de vacuno de Tony Mora con dise\u00f1o trenzado en tonos c\u00e1lidos y asas resistentes. Un accesorio elegante y \u00fanico, perfecto para cualquier ocasi\u00f3n.\" \/>\n<meta property=\"og:url\" content=\"https:\/\/tonymora.com\/es\/producto\/tote-bag-vacuno-connoly-vino\/\" \/>\n<meta property=\"og:site_name\" content=\"Tony Mora\u00ae Boots Official Store\" \/>\n<meta property=\"article:publisher\" content=\"https:\/\/www.facebook.com\/Tonymoraofficial\/\" \/>\n<meta property=\"article:modified_time\" content=\"2026-03-17T12:40:41+00:00\" \/>\n<meta property=\"og:image\" content=\"https:\/\/tonymora.com\/wp-content\/uploads\/2024\/09\/20-1.jpg\" \/>\n\t<meta property=\"og:image:width\" content=\"866\" \/>\n\t<meta property=\"og:image:height\" content=\"1032\" \/>\n\t<meta property=\"og:image:type\" content=\"image\/jpeg\" \/>\n<meta name=\"twitter:card\" content=\"summary_large_image\" \/>\n<meta name=\"twitter:label1\" content=\"Tiempo de lectura\" \/>\n\t<meta name=\"twitter:data1\" content=\"1 minuto\" \/>\n<script type=\"application\/ld+json\" class=\"yoast-schema-graph\">{\"@context\":\"https:\/\/schema.org\",\"@graph\":[{\"@type\":\"WebPage\",\"@id\":\"https:\/\/tonymora.com\/es\/producto\/tote-bag-vacuno-connoly-vino\/\",\"url\":\"https:\/\/tonymora.com\/es\/producto\/tote-bag-vacuno-connoly-vino\/\",\"name\":\"TOTE BAG VACUNO CONNOLY VINO - Tony Mora\u00ae Boots Official Store\",\"isPartOf\":{\"@id\":\"https:\/\/tonymora.com\/es\/#website\"},\"primaryImageOfPage\":{\"@id\":\"https:\/\/tonymora.com\/es\/producto\/tote-bag-vacuno-connoly-vino\/#primaryimage\"},\"image\":{\"@id\":\"https:\/\/tonymora.com\/es\/producto\/tote-bag-vacuno-connoly-vino\/#primaryimage\"},\"thumbnailUrl\":\"https:\/\/tonymora.com\/wp-content\/uploads\/2024\/09\/20-1.jpg\",\"datePublished\":\"2024-09-16T16:41:10+00:00\",\"dateModified\":\"2026-03-17T12:40:41+00:00\",\"description\":\"Bolso de piel de vacuno de Tony Mora con dise\u00f1o trenzado en tonos c\u00e1lidos y asas resistentes. Un accesorio elegante y \u00fanico, perfecto para cualquier ocasi\u00f3n.\",\"breadcrumb\":{\"@id\":\"https:\/\/tonymora.com\/es\/producto\/tote-bag-vacuno-connoly-vino\/#breadcrumb\"},\"inLanguage\":\"es\",\"potentialAction\":[{\"@type\":\"ReadAction\",\"target\":[\"https:\/\/tonymora.com\/es\/producto\/tote-bag-vacuno-connoly-vino\/\"]}]},{\"@type\":\"ImageObject\",\"inLanguage\":\"es\",\"@id\":\"https:\/\/tonymora.com\/es\/producto\/tote-bag-vacuno-connoly-vino\/#primaryimage\",\"url\":\"https:\/\/tonymora.com\/wp-content\/uploads\/2024\/09\/20-1.jpg\",\"contentUrl\":\"https:\/\/tonymora.com\/wp-content\/uploads\/2024\/09\/20-1.jpg\",\"width\":866,\"height\":1032},{\"@type\":\"BreadcrumbList\",\"@id\":\"https:\/\/tonymora.com\/es\/producto\/tote-bag-vacuno-connoly-vino\/#breadcrumb\",\"itemListElement\":[{\"@type\":\"ListItem\",\"position\":1,\"name\":\"Portada\",\"item\":\"https:\/\/tonymora.com\/es\/\"},{\"@type\":\"ListItem\",\"position\":2,\"name\":\"Tienda\",\"item\":\"https:\/\/tonymora.com\/es\/tienda\/\"},{\"@type\":\"ListItem\",\"position\":3,\"name\":\"Mujer\",\"item\":\"https:\/\/tonymora.com\/es\/categoria-producto\/mujer\/\"},{\"@type\":\"ListItem\",\"position\":4,\"name\":\"Bolsos\",\"item\":\"https:\/\/tonymora.com\/es\/categoria-producto\/mujer\/bolsos\/\"},{\"@type\":\"ListItem\",\"position\":5,\"name\":\"TOTE BAG VACUNO CONNOLY VINO\"}]},{\"@type\":\"WebSite\",\"@id\":\"https:\/\/tonymora.com\/es\/#website\",\"url\":\"https:\/\/tonymora.com\/es\/\",\"name\":\"Tony Mora\u00ae Boots Official Store\",\"description\":\"Cowboy Boots\",\"publisher\":{\"@id\":\"https:\/\/tonymora.com\/es\/#organization\"},\"potentialAction\":[{\"@type\":\"SearchAction\",\"target\":{\"@type\":\"EntryPoint\",\"urlTemplate\":\"https:\/\/tonymora.com\/es\/?s={search_term_string}\"},\"query-input\":{\"@type\":\"PropertyValueSpecification\",\"valueRequired\":true,\"valueName\":\"search_term_string\"}}],\"inLanguage\":\"es\"},{\"@type\":\"Organization\",\"@id\":\"https:\/\/tonymora.com\/es\/#organization\",\"name\":\"Tony Mora Boots\",\"url\":\"https:\/\/tonymora.com\/es\/\",\"logo\":{\"@type\":\"ImageObject\",\"inLanguage\":\"es\",\"@id\":\"https:\/\/tonymora.com\/es\/#\/schema\/logo\/image\/\",\"url\":\"https:\/\/tonymora.com\/wp-content\/uploads\/2023\/12\/LOGO.jpg\",\"contentUrl\":\"https:\/\/tonymora.com\/wp-content\/uploads\/2023\/12\/LOGO.jpg\",\"width\":2272,\"height\":1411,\"caption\":\"Tony Mora Boots\"},\"image\":{\"@id\":\"https:\/\/tonymora.com\/es\/#\/schema\/logo\/image\/\"},\"sameAs\":[\"https:\/\/www.facebook.com\/Tonymoraofficial\/\",\"https:\/\/www.instagram.com\/tonymoraofficial\/?hl=es\"]}]}<\/script>\n<!-- \/ Yoast SEO plugin. -->","yoast_head_json":{"title":"TOTE BAG VACUNO CONNOLY VINO - Tony Mora\u00ae Boots Official Store","description":"Bolso de piel de vacuno de Tony Mora con dise\u00f1o trenzado en tonos c\u00e1lidos y asas resistentes. Un accesorio elegante y \u00fanico, perfecto para cualquier ocasi\u00f3n.","robots":{"index":"index","follow":"follow","max-snippet":"max-snippet:-1","max-image-preview":"max-image-preview:large","max-video-preview":"max-video-preview:-1"},"canonical":"https:\/\/tonymora.com\/es\/producto\/tote-bag-vacuno-connoly-vino\/","og_locale":"es_ES","og_type":"article","og_title":"TOTE BAG VACUNO CONNOLY VINO - Tony Mora\u00ae Boots Official Store","og_description":"Bolso de piel de vacuno de Tony Mora con dise\u00f1o trenzado en tonos c\u00e1lidos y asas resistentes. Un accesorio elegante y \u00fanico, perfecto para cualquier ocasi\u00f3n.","og_url":"https:\/\/tonymora.com\/es\/producto\/tote-bag-vacuno-connoly-vino\/","og_site_name":"Tony Mora\u00ae Boots Official Store","article_publisher":"https:\/\/www.facebook.com\/Tonymoraofficial\/","article_modified_time":"2026-03-17T12:40:41+00:00","og_image":[{"width":866,"height":1032,"url":"https:\/\/tonymora.com\/wp-content\/uploads\/2024\/09\/20-1.jpg","type":"image\/jpeg"}],"twitter_card":"summary_large_image","twitter_misc":{"Tiempo de lectura":"1 minuto"},"schema":{"@context":"https:\/\/schema.org","@graph":[{"@type":"WebPage","@id":"https:\/\/tonymora.com\/es\/producto\/tote-bag-vacuno-connoly-vino\/","url":"https:\/\/tonymora.com\/es\/producto\/tote-bag-vacuno-connoly-vino\/","name":"TOTE BAG VACUNO CONNOLY VINO - Tony Mora\u00ae Boots Official Store","isPartOf":{"@id":"https:\/\/tonymora.com\/es\/#website"},"primaryImageOfPage":{"@id":"https:\/\/tonymora.com\/es\/producto\/tote-bag-vacuno-connoly-vino\/#primaryimage"},"image":{"@id":"https:\/\/tonymora.com\/es\/producto\/tote-bag-vacuno-connoly-vino\/#primaryimage"},"thumbnailUrl":"https:\/\/tonymora.com\/wp-content\/uploads\/2024\/09\/20-1.jpg","datePublished":"2024-09-16T16:41:10+00:00","dateModified":"2026-03-17T12:40:41+00:00","description":"Bolso de piel de vacuno de Tony Mora con dise\u00f1o trenzado en tonos c\u00e1lidos y asas resistentes. Un accesorio elegante y \u00fanico, perfecto para cualquier ocasi\u00f3n.","breadcrumb":{"@id":"https:\/\/tonymora.com\/es\/producto\/tote-bag-vacuno-connoly-vino\/#breadcrumb"},"inLanguage":"es","potentialAction":[{"@type":"ReadAction","target":["https:\/\/tonymora.com\/es\/producto\/tote-bag-vacuno-connoly-vino\/"]}]},{"@type":"ImageObject","inLanguage":"es","@id":"https:\/\/tonymora.com\/es\/producto\/tote-bag-vacuno-connoly-vino\/#primaryimage","url":"https:\/\/tonymora.com\/wp-content\/uploads\/2024\/09\/20-1.jpg","contentUrl":"https:\/\/tonymora.com\/wp-content\/uploads\/2024\/09\/20-1.jpg","width":866,"height":1032},{"@type":"BreadcrumbList","@id":"https:\/\/tonymora.com\/es\/producto\/tote-bag-vacuno-connoly-vino\/#breadcrumb","itemListElement":[{"@type":"ListItem","position":1,"name":"Portada","item":"https:\/\/tonymora.com\/es\/"},{"@type":"ListItem","position":2,"name":"Tienda","item":"https:\/\/tonymora.com\/es\/tienda\/"},{"@type":"ListItem","position":3,"name":"Mujer","item":"https:\/\/tonymora.com\/es\/categoria-producto\/mujer\/"},{"@type":"ListItem","position":4,"name":"Bolsos","item":"https:\/\/tonymora.com\/es\/categoria-producto\/mujer\/bolsos\/"},{"@type":"ListItem","position":5,"name":"TOTE BAG VACUNO CONNOLY VINO"}]},{"@type":"WebSite","@id":"https:\/\/tonymora.com\/es\/#website","url":"https:\/\/tonymora.com\/es\/","name":"Tony Mora\u00ae Boots Official Store","description":"Cowboy Boots","publisher":{"@id":"https:\/\/tonymora.com\/es\/#organization"},"potentialAction":[{"@type":"SearchAction","target":{"@type":"EntryPoint","urlTemplate":"https:\/\/tonymora.com\/es\/?s={search_term_string}"},"query-input":{"@type":"PropertyValueSpecification","valueRequired":true,"valueName":"search_term_string"}}],"inLanguage":"es"},{"@type":"Organization","@id":"https:\/\/tonymora.com\/es\/#organization","name":"Tony Mora Boots","url":"https:\/\/tonymora.com\/es\/","logo":{"@type":"ImageObject","inLanguage":"es","@id":"https:\/\/tonymora.com\/es\/#\/schema\/logo\/image\/","url":"https:\/\/tonymora.com\/wp-content\/uploads\/2023\/12\/LOGO.jpg","contentUrl":"https:\/\/tonymora.com\/wp-content\/uploads\/2023\/12\/LOGO.jpg","width":2272,"height":1411,"caption":"Tony Mora Boots"},"image":{"@id":"https:\/\/tonymora.com\/es\/#\/schema\/logo\/image\/"},"sameAs":["https:\/\/www.facebook.com\/Tonymoraofficial\/","https:\/\/www.instagram.com\/tonymoraofficial\/?hl=es"]}]}},"_links":{"self":[{"href":"https:\/\/tonymora.com\/es\/wp-json\/wp\/v2\/product\/715437","targetHints":{"allow":["GET"]}}],"collection":[{"href":"https:\/\/tonymora.com\/es\/wp-json\/wp\/v2\/product"}],"about":[{"href":"https:\/\/tonymora.com\/es\/wp-json\/wp\/v2\/types\/product"}],"wp:featuredmedia":[{"embeddable":true,"href":"https:\/\/tonymora.com\/es\/wp-json\/wp\/v2\/media\/716057"}],"wp:attachment":[{"href":"https:\/\/tonymora.com\/es\/wp-json\/wp\/v2\/media?parent=715437"}],"wp:term":[{"taxonomy":"product_brand","embeddable":true,"href":"https:\/\/tonymora.com\/es\/wp-json\/wp\/v2\/product_brand?post=715437"},{"taxonomy":"product_cat","embeddable":true,"href":"https:\/\/tonymora.com\/es\/wp-json\/wp\/v2\/product_cat?post=715437"},{"taxonomy":"product_tag","embeddable":true,"href":"https:\/\/tonymora.com\/es\/wp-json\/wp\/v2\/product_tag?post=715437"}],"curies":[{"name":"wp","href":"https:\/\/api.w.org\/{rel}","templated":true}]}}