{"id":715677,"date":"2024-09-24T15:16:19","date_gmt":"2024-09-24T13:16:19","guid":{"rendered":"https:\/\/tonymora.com\/?post_type=product&#038;p=715677"},"modified":"2026-01-14T17:23:48","modified_gmt":"2026-01-14T16:23:48","slug":"112611-iguana-marron","status":"publish","type":"product","link":"https:\/\/tonymora.com\/es\/producto\/112611-iguana-marron\/","title":{"rendered":"11261 IGUANA MARRON"},"content":{"rendered":"<h3><b>Cintur\u00f3n de mujer en piel de iguana marr\u00f3n\u00a0<\/b><\/h3>\n<p>Este <b>cintur\u00f3n de mujer en piel de iguana marr\u00f3n<\/b> es una pieza de alta gama que fusiona la riqueza del color con una textura ex\u00f3tica inigualable. Es el accesorio ideal para quienes buscan un toque de sofisticaci\u00f3n y car\u00e1cter \u00fanico en su vestimenta diaria o formal.<\/p>\n<p>Confeccionado artesanalmente, cada pieza utiliza <b>pieles leg\u00edtimas de lagarto<\/b> cuidadosamente seleccionadas para garantizar un acabado de lujo. Su dise\u00f1o cl\u00e1sico y personalidad arrolladora lo convierten en una declaraci\u00f3n de buen gusto, seguridad y exclusividad.<\/p>\n","protected":false},"excerpt":{"rendered":"<p>Sofisticaci\u00f3n serena para quienes eligen con criterio. Un cl\u00e1sico con mucha personalidad.<br \/>\nUna declaraci\u00f3n sutil de buen gusto y seguridad.<\/p>\n","protected":false},"featured_media":716415,"template":"","meta":{"_mbp_gutenberg_autopost":false},"product_brand":[],"product_cat":[1172,1155,112],"product_tag":[],"class_list":{"0":"post-715677","1":"product","2":"type-product","3":"status-publish","4":"has-post-thumbnail","6":"product_cat-black-friday","7":"product_cat-cinturones-mujer","8":"product_cat-mujer","10":"first","11":"instock","12":"taxable","13":"shipping-taxable","14":"purchasable","15":"product-type-variable"},"supplier_id":null,"supplier_sku":"","barcode":null,"atum_controlled":true,"out_stock_date":null,"out_stock_threshold":null,"inheritable":true,"inbound_stock":0,"stock_on_hold":1,"sold_today":1,"sales_last_days":1,"reserved_stock":0,"customer_returns":0,"warehouse_damage":0,"lost_in_post":0,"other_logs":0,"out_stock_days":null,"lost_sales":0,"has_location":false,"update_date":"2026-02-09T11:27:30","atum_locations":[],"atum_stock_status":"instock","restock_status":false,"low_stock_amount":"","sales_update_date":"2026-02-09T11:27:30","calc_backorders":null,"yoast_head":"<!-- This site is optimized with the Yoast SEO plugin v27.3 - https:\/\/yoast.com\/product\/yoast-seo-wordpress\/ -->\n<title>Cintur\u00f3n de Mujer en Piel de Iguana Marr\u00f3n | Tony Mora<\/title>\n<meta name=\"description\" content=\"Cintur\u00f3n de mujer elaborado artesanalmente en piel de iguana leg\u00edtima. Textura ex\u00f3tica y sofisticada en color marr\u00f3n. Calidad artesanal con env\u00edo gratis.\" \/>\n<meta name=\"robots\" content=\"index, follow, max-snippet:-1, max-image-preview:large, max-video-preview:-1\" \/>\n<link rel=\"canonical\" href=\"https:\/\/tonymora.com\/es\/producto\/112611-iguana-marron\/\" \/>\n<meta property=\"og:locale\" content=\"es_ES\" \/>\n<meta property=\"og:type\" content=\"article\" \/>\n<meta property=\"og:title\" content=\"Cintur\u00f3n de Mujer en Piel de Iguana Marr\u00f3n | Tony Mora\" \/>\n<meta property=\"og:description\" content=\"Cintur\u00f3n de mujer elaborado artesanalmente en piel de iguana leg\u00edtima. Textura ex\u00f3tica y sofisticada en color marr\u00f3n. Calidad artesanal con env\u00edo gratis.\" \/>\n<meta property=\"og:url\" content=\"https:\/\/tonymora.com\/es\/producto\/112611-iguana-marron\/\" \/>\n<meta property=\"og:site_name\" content=\"Tony Mora\u00ae Boots Official Store\" \/>\n<meta property=\"article:publisher\" content=\"https:\/\/www.facebook.com\/Tonymoraofficial\/\" \/>\n<meta property=\"article:modified_time\" content=\"2026-01-14T16:23:48+00:00\" \/>\n<meta property=\"og:image\" content=\"https:\/\/tonymora.com\/wp-content\/uploads\/2024\/09\/5-6.jpg\" \/>\n\t<meta property=\"og:image:width\" content=\"866\" \/>\n\t<meta property=\"og:image:height\" content=\"1032\" \/>\n\t<meta property=\"og:image:type\" content=\"image\/jpeg\" \/>\n<meta name=\"twitter:card\" content=\"summary_large_image\" \/>\n<meta name=\"twitter:label1\" content=\"Tiempo de lectura\" \/>\n\t<meta name=\"twitter:data1\" content=\"1 minuto\" \/>\n<script type=\"application\/ld+json\" class=\"yoast-schema-graph\">{\"@context\":\"https:\\\/\\\/schema.org\",\"@graph\":[{\"@type\":\"WebPage\",\"@id\":\"https:\\\/\\\/tonymora.com\\\/es\\\/producto\\\/112611-iguana-marron\\\/\",\"url\":\"https:\\\/\\\/tonymora.com\\\/es\\\/producto\\\/112611-iguana-marron\\\/\",\"name\":\"Cintur\u00f3n de Mujer en Piel de Iguana Marr\u00f3n | Tony Mora\",\"isPartOf\":{\"@id\":\"https:\\\/\\\/tonymora.com\\\/es\\\/#website\"},\"primaryImageOfPage\":{\"@id\":\"https:\\\/\\\/tonymora.com\\\/es\\\/producto\\\/112611-iguana-marron\\\/#primaryimage\"},\"image\":{\"@id\":\"https:\\\/\\\/tonymora.com\\\/es\\\/producto\\\/112611-iguana-marron\\\/#primaryimage\"},\"thumbnailUrl\":\"https:\\\/\\\/tonymora.com\\\/wp-content\\\/uploads\\\/2024\\\/09\\\/5-6.jpg\",\"datePublished\":\"2024-09-24T13:16:19+00:00\",\"dateModified\":\"2026-01-14T16:23:48+00:00\",\"description\":\"Cintur\u00f3n de mujer elaborado artesanalmente en piel de iguana leg\u00edtima. Textura ex\u00f3tica y sofisticada en color marr\u00f3n. Calidad artesanal con env\u00edo gratis.\",\"breadcrumb\":{\"@id\":\"https:\\\/\\\/tonymora.com\\\/es\\\/producto\\\/112611-iguana-marron\\\/#breadcrumb\"},\"inLanguage\":\"es\",\"potentialAction\":[{\"@type\":\"ReadAction\",\"target\":[\"https:\\\/\\\/tonymora.com\\\/es\\\/producto\\\/112611-iguana-marron\\\/\"]}]},{\"@type\":\"ImageObject\",\"inLanguage\":\"es\",\"@id\":\"https:\\\/\\\/tonymora.com\\\/es\\\/producto\\\/112611-iguana-marron\\\/#primaryimage\",\"url\":\"https:\\\/\\\/tonymora.com\\\/wp-content\\\/uploads\\\/2024\\\/09\\\/5-6.jpg\",\"contentUrl\":\"https:\\\/\\\/tonymora.com\\\/wp-content\\\/uploads\\\/2024\\\/09\\\/5-6.jpg\",\"width\":866,\"height\":1032,\"caption\":\"Cintur\u00f3n marr\u00f3n de piel de iguana aut\u00e9ntica\"},{\"@type\":\"BreadcrumbList\",\"@id\":\"https:\\\/\\\/tonymora.com\\\/es\\\/producto\\\/112611-iguana-marron\\\/#breadcrumb\",\"itemListElement\":[{\"@type\":\"ListItem\",\"position\":1,\"name\":\"Portada\",\"item\":\"https:\\\/\\\/tonymora.com\\\/es\\\/\"},{\"@type\":\"ListItem\",\"position\":2,\"name\":\"Tienda\",\"item\":\"https:\\\/\\\/tonymora.com\\\/es\\\/tienda\\\/\"},{\"@type\":\"ListItem\",\"position\":3,\"name\":\"Cinturones Mujer\",\"item\":\"https:\\\/\\\/tonymora.com\\\/es\\\/categoria-producto\\\/cinturones-mujer\\\/\"},{\"@type\":\"ListItem\",\"position\":4,\"name\":\"11261 IGUANA MARRON\"}]},{\"@type\":\"WebSite\",\"@id\":\"https:\\\/\\\/tonymora.com\\\/es\\\/#website\",\"url\":\"https:\\\/\\\/tonymora.com\\\/es\\\/\",\"name\":\"Tony Mora\u00ae Boots Official Store\",\"description\":\"Cowboy Boots\",\"publisher\":{\"@id\":\"https:\\\/\\\/tonymora.com\\\/es\\\/#organization\"},\"potentialAction\":[{\"@type\":\"SearchAction\",\"target\":{\"@type\":\"EntryPoint\",\"urlTemplate\":\"https:\\\/\\\/tonymora.com\\\/es\\\/?s={search_term_string}\"},\"query-input\":{\"@type\":\"PropertyValueSpecification\",\"valueRequired\":true,\"valueName\":\"search_term_string\"}}],\"inLanguage\":\"es\"},{\"@type\":\"Organization\",\"@id\":\"https:\\\/\\\/tonymora.com\\\/es\\\/#organization\",\"name\":\"Tony Mora Boots\",\"url\":\"https:\\\/\\\/tonymora.com\\\/es\\\/\",\"logo\":{\"@type\":\"ImageObject\",\"inLanguage\":\"es\",\"@id\":\"https:\\\/\\\/tonymora.com\\\/es\\\/#\\\/schema\\\/logo\\\/image\\\/\",\"url\":\"https:\\\/\\\/tonymora.com\\\/wp-content\\\/uploads\\\/2023\\\/12\\\/LOGO.jpg\",\"contentUrl\":\"https:\\\/\\\/tonymora.com\\\/wp-content\\\/uploads\\\/2023\\\/12\\\/LOGO.jpg\",\"width\":2272,\"height\":1411,\"caption\":\"Tony Mora Boots\"},\"image\":{\"@id\":\"https:\\\/\\\/tonymora.com\\\/es\\\/#\\\/schema\\\/logo\\\/image\\\/\"},\"sameAs\":[\"https:\\\/\\\/www.facebook.com\\\/Tonymoraofficial\\\/\",\"https:\\\/\\\/www.instagram.com\\\/tonymoraofficial\\\/?hl=es\"]}]}<\/script>\n<!-- \/ Yoast SEO plugin. -->","yoast_head_json":{"title":"Cintur\u00f3n de Mujer en Piel de Iguana Marr\u00f3n | Tony Mora","description":"Cintur\u00f3n de mujer elaborado artesanalmente en piel de iguana leg\u00edtima. Textura ex\u00f3tica y sofisticada en color marr\u00f3n. Calidad artesanal con env\u00edo gratis.","robots":{"index":"index","follow":"follow","max-snippet":"max-snippet:-1","max-image-preview":"max-image-preview:large","max-video-preview":"max-video-preview:-1"},"canonical":"https:\/\/tonymora.com\/es\/producto\/112611-iguana-marron\/","og_locale":"es_ES","og_type":"article","og_title":"Cintur\u00f3n de Mujer en Piel de Iguana Marr\u00f3n | Tony Mora","og_description":"Cintur\u00f3n de mujer elaborado artesanalmente en piel de iguana leg\u00edtima. Textura ex\u00f3tica y sofisticada en color marr\u00f3n. Calidad artesanal con env\u00edo gratis.","og_url":"https:\/\/tonymora.com\/es\/producto\/112611-iguana-marron\/","og_site_name":"Tony Mora\u00ae Boots Official Store","article_publisher":"https:\/\/www.facebook.com\/Tonymoraofficial\/","article_modified_time":"2026-01-14T16:23:48+00:00","og_image":[{"width":866,"height":1032,"url":"https:\/\/tonymora.com\/wp-content\/uploads\/2024\/09\/5-6.jpg","type":"image\/jpeg"}],"twitter_card":"summary_large_image","twitter_misc":{"Tiempo de lectura":"1 minuto"},"schema":{"@context":"https:\/\/schema.org","@graph":[{"@type":"WebPage","@id":"https:\/\/tonymora.com\/es\/producto\/112611-iguana-marron\/","url":"https:\/\/tonymora.com\/es\/producto\/112611-iguana-marron\/","name":"Cintur\u00f3n de Mujer en Piel de Iguana Marr\u00f3n | Tony Mora","isPartOf":{"@id":"https:\/\/tonymora.com\/es\/#website"},"primaryImageOfPage":{"@id":"https:\/\/tonymora.com\/es\/producto\/112611-iguana-marron\/#primaryimage"},"image":{"@id":"https:\/\/tonymora.com\/es\/producto\/112611-iguana-marron\/#primaryimage"},"thumbnailUrl":"https:\/\/tonymora.com\/wp-content\/uploads\/2024\/09\/5-6.jpg","datePublished":"2024-09-24T13:16:19+00:00","dateModified":"2026-01-14T16:23:48+00:00","description":"Cintur\u00f3n de mujer elaborado artesanalmente en piel de iguana leg\u00edtima. Textura ex\u00f3tica y sofisticada en color marr\u00f3n. Calidad artesanal con env\u00edo gratis.","breadcrumb":{"@id":"https:\/\/tonymora.com\/es\/producto\/112611-iguana-marron\/#breadcrumb"},"inLanguage":"es","potentialAction":[{"@type":"ReadAction","target":["https:\/\/tonymora.com\/es\/producto\/112611-iguana-marron\/"]}]},{"@type":"ImageObject","inLanguage":"es","@id":"https:\/\/tonymora.com\/es\/producto\/112611-iguana-marron\/#primaryimage","url":"https:\/\/tonymora.com\/wp-content\/uploads\/2024\/09\/5-6.jpg","contentUrl":"https:\/\/tonymora.com\/wp-content\/uploads\/2024\/09\/5-6.jpg","width":866,"height":1032,"caption":"Cintur\u00f3n marr\u00f3n de piel de iguana aut\u00e9ntica"},{"@type":"BreadcrumbList","@id":"https:\/\/tonymora.com\/es\/producto\/112611-iguana-marron\/#breadcrumb","itemListElement":[{"@type":"ListItem","position":1,"name":"Portada","item":"https:\/\/tonymora.com\/es\/"},{"@type":"ListItem","position":2,"name":"Tienda","item":"https:\/\/tonymora.com\/es\/tienda\/"},{"@type":"ListItem","position":3,"name":"Cinturones Mujer","item":"https:\/\/tonymora.com\/es\/categoria-producto\/cinturones-mujer\/"},{"@type":"ListItem","position":4,"name":"11261 IGUANA MARRON"}]},{"@type":"WebSite","@id":"https:\/\/tonymora.com\/es\/#website","url":"https:\/\/tonymora.com\/es\/","name":"Tony Mora\u00ae Boots Official Store","description":"Cowboy Boots","publisher":{"@id":"https:\/\/tonymora.com\/es\/#organization"},"potentialAction":[{"@type":"SearchAction","target":{"@type":"EntryPoint","urlTemplate":"https:\/\/tonymora.com\/es\/?s={search_term_string}"},"query-input":{"@type":"PropertyValueSpecification","valueRequired":true,"valueName":"search_term_string"}}],"inLanguage":"es"},{"@type":"Organization","@id":"https:\/\/tonymora.com\/es\/#organization","name":"Tony Mora Boots","url":"https:\/\/tonymora.com\/es\/","logo":{"@type":"ImageObject","inLanguage":"es","@id":"https:\/\/tonymora.com\/es\/#\/schema\/logo\/image\/","url":"https:\/\/tonymora.com\/wp-content\/uploads\/2023\/12\/LOGO.jpg","contentUrl":"https:\/\/tonymora.com\/wp-content\/uploads\/2023\/12\/LOGO.jpg","width":2272,"height":1411,"caption":"Tony Mora Boots"},"image":{"@id":"https:\/\/tonymora.com\/es\/#\/schema\/logo\/image\/"},"sameAs":["https:\/\/www.facebook.com\/Tonymoraofficial\/","https:\/\/www.instagram.com\/tonymoraofficial\/?hl=es"]}]}},"_links":{"self":[{"href":"https:\/\/tonymora.com\/es\/wp-json\/wp\/v2\/product\/715677","targetHints":{"allow":["GET"]}}],"collection":[{"href":"https:\/\/tonymora.com\/es\/wp-json\/wp\/v2\/product"}],"about":[{"href":"https:\/\/tonymora.com\/es\/wp-json\/wp\/v2\/types\/product"}],"wp:featuredmedia":[{"embeddable":true,"href":"https:\/\/tonymora.com\/es\/wp-json\/wp\/v2\/media\/716415"}],"wp:attachment":[{"href":"https:\/\/tonymora.com\/es\/wp-json\/wp\/v2\/media?parent=715677"}],"wp:term":[{"taxonomy":"product_brand","embeddable":true,"href":"https:\/\/tonymora.com\/es\/wp-json\/wp\/v2\/product_brand?post=715677"},{"taxonomy":"product_cat","embeddable":true,"href":"https:\/\/tonymora.com\/es\/wp-json\/wp\/v2\/product_cat?post=715677"},{"taxonomy":"product_tag","embeddable":true,"href":"https:\/\/tonymora.com\/es\/wp-json\/wp\/v2\/product_tag?post=715677"}],"curies":[{"name":"wp","href":"https:\/\/api.w.org\/{rel}","templated":true}]}}