{"id":715809,"date":"2024-09-24T16:21:44","date_gmt":"2024-09-24T14:21:44","guid":{"rendered":"https:\/\/tonymora.com\/?post_type=product&#038;p=715809"},"modified":"2026-03-20T14:21:02","modified_gmt":"2026-03-20T13:21:02","slug":"11262-patas-avestruz-marron-2","status":"publish","type":"product","link":"https:\/\/tonymora.com\/es\/producto\/11262-patas-avestruz-marron-2\/","title":{"rendered":"11262 PATAS AVESTRUZ MARRON"},"content":{"rendered":"<p data-start=\"111\" data-end=\"530\"><strong data-start=\"111\" data-end=\"157\"><span class=\"_fadeIn_m1hgl_8\">Elegancia <\/span><span class=\"_fadeIn_m1hgl_8\">ex\u00f3tica <\/span><span class=\"_fadeIn_m1hgl_8\">que <\/span><span class=\"_fadeIn_m1hgl_8\">marca <\/span><span class=\"_fadeIn_m1hgl_8\">la <\/span><span class=\"_fadeIn_m1hgl_8\">diferencia.<\/span><\/strong><br data-start=\"157\" data-end=\"160\" \/><span class=\"_fadeIn_m1hgl_8\">Este <\/span><strong data-start=\"165\" data-end=\"212\"><span class=\"_fadeIn_m1hgl_8\">cintur\u00f3n <\/span><span class=\"_fadeIn_m1hgl_8\">marr\u00f3n <\/span><span class=\"_fadeIn_m1hgl_8\">de <\/span><span class=\"_fadeIn_m1hgl_8\">piel <\/span><span class=\"_fadeIn_m1hgl_8\">de <\/span><span class=\"_fadeIn_m1hgl_8\">pata <\/span><span class=\"_fadeIn_m1hgl_8\">de <\/span><span class=\"_fadeIn_m1hgl_8\">avestruz<\/span><\/strong> <span class=\"_fadeIn_m1hgl_8\">es <\/span><span class=\"_fadeIn_m1hgl_8\">mucho <\/span><span class=\"_fadeIn_m1hgl_8\">m\u00e1s <\/span><span class=\"_fadeIn_m1hgl_8\">que <\/span><span class=\"_fadeIn_m1hgl_8\">un <\/span><span class=\"_fadeIn_m1hgl_8\">accesorio: <\/span><span class=\"_fadeIn_m1hgl_8\">es <\/span><span class=\"_fadeIn_m1hgl_8\">una <\/span><span class=\"_fadeIn_m1hgl_8\">declaraci\u00f3n <\/span><span class=\"_fadeIn_m1hgl_8\">de <\/span><span class=\"_fadeIn_m1hgl_8\">estilo. <\/span><span class=\"_fadeIn_m1hgl_8\">Su <\/span><strong data-start=\"277\" data-end=\"302\"><span class=\"_fadeIn_m1hgl_8\">textura <\/span><span class=\"_fadeIn_m1hgl_8\">inconfundible<\/span><\/strong> <span class=\"_fadeIn_m1hgl_8\">y <\/span><span class=\"_fadeIn_m1hgl_8\">su <\/span><strong data-start=\"308\" data-end=\"337\"><span class=\"_fadeIn_m1hgl_8\">tonalidad <\/span><span class=\"_fadeIn_m1hgl_8\">rica <\/span><span class=\"_fadeIn_m1hgl_8\">y <\/span><span class=\"_fadeIn_m1hgl_8\">profunda<\/span><\/strong> <span class=\"_fadeIn_m1hgl_8\">lo <\/span><span class=\"_fadeIn_m1hgl_8\">convierten <\/span><span class=\"_fadeIn_m1hgl_8\">en <\/span><span class=\"_fadeIn_m1hgl_8\">una <\/span><span class=\"_fadeIn_m1hgl_8\">pieza <\/span><span class=\"_fadeIn_m1hgl_8\">clave <\/span><span class=\"_fadeIn_m1hgl_8\">para <\/span><span class=\"_fadeIn_m1hgl_8\">quienes <\/span><span class=\"_fadeIn_m1hgl_8\">valoran <\/span><span class=\"_fadeIn_m1hgl_8\">la <\/span><span class=\"_fadeIn_m1hgl_8\">distinci\u00f3n <\/span><span class=\"_fadeIn_m1hgl_8\">en <\/span><span class=\"_fadeIn_m1hgl_8\">cada <\/span><span class=\"_fadeIn_m1hgl_8\">detalle. <\/span><span class=\"_fadeIn_m1hgl_8\">Ideal <\/span><span class=\"_fadeIn_m1hgl_8\">para <\/span><span class=\"_fadeIn_m1hgl_8\">realzar <\/span><span class=\"_fadeIn_m1hgl_8\">un <\/span><span class=\"_fadeIn_m1hgl_8\">look <\/span><span class=\"_fadeIn_m1hgl_8\">sofisticado, <\/span><span class=\"_fadeIn_m1hgl_8\">es <\/span><span class=\"_fadeIn_m1hgl_8\">la <\/span><span class=\"_fadeIn_m1hgl_8\">combinaci\u00f3n <\/span><span class=\"_fadeIn_m1hgl_8\">perfecta <\/span><span class=\"_fadeIn_m1hgl_8\">entre <\/span><strong data-start=\"496\" data-end=\"529\"><span class=\"_fadeIn_m1hgl_8\">lujo, <\/span><span class=\"_fadeIn_m1hgl_8\">exclusividad <\/span><span class=\"_fadeIn_m1hgl_8\">y <\/span><span class=\"_fadeIn_m1hgl_8\">car\u00e1cter<\/span><\/strong><span class=\"_fadeIn_m1hgl_8\">.<\/span><\/p>\n<p data-start=\"532\" data-end=\"742\"><span class=\"_fadeIn_m1hgl_8\">Les <\/span><span class=\"_fadeIn_m1hgl_8\">garantizamos <\/span><span class=\"_fadeIn_m1hgl_8\">que <\/span><span class=\"_fadeIn_m1hgl_8\">este <\/span><span class=\"_fadeIn_m1hgl_8\">art\u00edculo <\/span><span class=\"_fadeIn_m1hgl_8\">ha <\/span><span class=\"_fadeIn_m1hgl_8\">sido <\/span><span class=\"_fadeIn_m1hgl_8\">confeccionado <\/span><span class=\"_fadeIn_m1hgl_8\">con <\/span><strong data-start=\"593\" data-end=\"622\"><span class=\"_fadeIn_m1hgl_8\">piel <\/span><span class=\"_fadeIn_m1hgl_8\">leg\u00edtima <\/span><span class=\"_fadeIn_m1hgl_8\">de <\/span><span class=\"_fadeIn_m1hgl_8\">avestruz<\/span><\/strong><span class=\"_fadeIn_m1hgl_8\">, <\/span><span class=\"_fadeIn_m1hgl_8\">seleccionada <\/span><span class=\"_fadeIn_m1hgl_8\">cuidadosamente <\/span><span class=\"_fadeIn_m1hgl_8\">y <\/span><span class=\"_fadeIn_m1hgl_8\">trabajada <\/span><span class=\"_fadeIn_m1hgl_8\">de <\/span><span class=\"_fadeIn_m1hgl_8\">forma <\/span><strong data-start=\"673\" data-end=\"691\"><span class=\"_fadeIn_m1hgl_8\">100% <\/span><span class=\"_fadeIn_m1hgl_8\">artesanal<\/span><\/strong><span class=\"_fadeIn_m1hgl_8\">, <\/span><span class=\"_fadeIn_m1hgl_8\">asegurando <\/span><span class=\"_fadeIn_m1hgl_8\">una <\/span><span class=\"_fadeIn_m1hgl_8\">calidad <\/span><span class=\"_fadeIn_m1hgl_8\">excepcional <\/span><span class=\"_fadeIn_m1hgl_8\">en <\/span><span class=\"_fadeIn_m1hgl_8\">cada <\/span><span class=\"_fadeIn_m1hgl_8\">pieza.<\/span><\/p>\n","protected":false},"excerpt":{"rendered":"<p>Sofisticaci\u00f3n serena para quienes eligen con criterio. Un cl\u00e1sico con mucha personalidad.<br \/>\nLa clase de elecci\u00f3n que se recuerda por c\u00f3mo te hace sentir.<\/p>\n","protected":false},"featured_media":716433,"template":"","meta":{"_mbp_gutenberg_autopost":false},"product_brand":[],"product_cat":[1172,1155,112],"product_tag":[],"class_list":{"0":"post-715809","1":"product","2":"type-product","3":"status-publish","4":"has-post-thumbnail","6":"product_cat-black-friday","7":"product_cat-cinturones-mujer","8":"product_cat-mujer","10":"first","11":"instock","12":"taxable","13":"shipping-taxable","14":"purchasable","15":"product-type-variable"},"supplier_id":null,"supplier_sku":"","barcode":null,"atum_controlled":true,"out_stock_date":null,"out_stock_threshold":null,"inheritable":true,"inbound_stock":0,"stock_on_hold":1,"sold_today":1,"sales_last_days":1,"reserved_stock":0,"customer_returns":0,"warehouse_damage":0,"lost_in_post":0,"other_logs":0,"out_stock_days":null,"lost_sales":0,"has_location":false,"update_date":"2026-03-20T12:21:04","atum_locations":[],"atum_stock_status":"instock","restock_status":false,"low_stock_amount":"","sales_update_date":"2026-02-09T11:27:29","calc_backorders":null,"yoast_head":"<!-- This site is optimized with the Yoast SEO plugin v27.2 - https:\/\/yoast.com\/product\/yoast-seo-wordpress\/ -->\n<title>Cintur\u00f3n marr\u00f3n de piel de avestruz aut\u00e9ntica | Tony Mora<\/title>\n<meta name=\"description\" content=\"Cintur\u00f3n de piel de pata de avestruz marr\u00f3n, elegante y exclusivo. Textura \u00fanica y artesanal para un look distinguido. Hecho a mano por Tony Mora.\" \/>\n<meta name=\"robots\" content=\"index, follow, max-snippet:-1, max-image-preview:large, max-video-preview:-1\" \/>\n<link rel=\"canonical\" href=\"https:\/\/tonymora.com\/es\/producto\/11262-patas-avestruz-marron-2\/\" \/>\n<meta property=\"og:locale\" content=\"es_ES\" \/>\n<meta property=\"og:type\" content=\"article\" \/>\n<meta property=\"og:title\" content=\"Cintur\u00f3n marr\u00f3n de piel de avestruz aut\u00e9ntica | Tony Mora\" \/>\n<meta property=\"og:description\" content=\"Cintur\u00f3n de piel de pata de avestruz marr\u00f3n, elegante y exclusivo. Textura \u00fanica y artesanal para un look distinguido. Hecho a mano por Tony Mora.\" \/>\n<meta property=\"og:url\" content=\"https:\/\/tonymora.com\/es\/producto\/11262-patas-avestruz-marron-2\/\" \/>\n<meta property=\"og:site_name\" content=\"Tony Mora\u00ae Boots Official Store\" \/>\n<meta property=\"article:publisher\" content=\"https:\/\/www.facebook.com\/Tonymoraofficial\/\" \/>\n<meta property=\"article:modified_time\" content=\"2026-03-20T13:21:02+00:00\" \/>\n<meta property=\"og:image\" content=\"https:\/\/tonymora.com\/wp-content\/uploads\/2024\/09\/8-5.jpg\" \/>\n\t<meta property=\"og:image:width\" content=\"866\" \/>\n\t<meta property=\"og:image:height\" content=\"1032\" \/>\n\t<meta property=\"og:image:type\" content=\"image\/jpeg\" \/>\n<meta name=\"twitter:card\" content=\"summary_large_image\" \/>\n<meta name=\"twitter:label1\" content=\"Tiempo de lectura\" \/>\n\t<meta name=\"twitter:data1\" content=\"1 minuto\" \/>\n<script type=\"application\/ld+json\" class=\"yoast-schema-graph\">{\"@context\":\"https:\/\/schema.org\",\"@graph\":[{\"@type\":\"WebPage\",\"@id\":\"https:\/\/tonymora.com\/es\/producto\/11262-patas-avestruz-marron-2\/\",\"url\":\"https:\/\/tonymora.com\/es\/producto\/11262-patas-avestruz-marron-2\/\",\"name\":\"Cintur\u00f3n marr\u00f3n de piel de avestruz aut\u00e9ntica | Tony Mora\",\"isPartOf\":{\"@id\":\"https:\/\/tonymora.com\/es\/#website\"},\"primaryImageOfPage\":{\"@id\":\"https:\/\/tonymora.com\/es\/producto\/11262-patas-avestruz-marron-2\/#primaryimage\"},\"image\":{\"@id\":\"https:\/\/tonymora.com\/es\/producto\/11262-patas-avestruz-marron-2\/#primaryimage\"},\"thumbnailUrl\":\"https:\/\/tonymora.com\/wp-content\/uploads\/2024\/09\/8-5.jpg\",\"datePublished\":\"2024-09-24T14:21:44+00:00\",\"dateModified\":\"2026-03-20T13:21:02+00:00\",\"description\":\"Cintur\u00f3n de piel de pata de avestruz marr\u00f3n, elegante y exclusivo. Textura \u00fanica y artesanal para un look distinguido. Hecho a mano por Tony Mora.\",\"breadcrumb\":{\"@id\":\"https:\/\/tonymora.com\/es\/producto\/11262-patas-avestruz-marron-2\/#breadcrumb\"},\"inLanguage\":\"es\",\"potentialAction\":[{\"@type\":\"ReadAction\",\"target\":[\"https:\/\/tonymora.com\/es\/producto\/11262-patas-avestruz-marron-2\/\"]}]},{\"@type\":\"ImageObject\",\"inLanguage\":\"es\",\"@id\":\"https:\/\/tonymora.com\/es\/producto\/11262-patas-avestruz-marron-2\/#primaryimage\",\"url\":\"https:\/\/tonymora.com\/wp-content\/uploads\/2024\/09\/8-5.jpg\",\"contentUrl\":\"https:\/\/tonymora.com\/wp-content\/uploads\/2024\/09\/8-5.jpg\",\"width\":866,\"height\":1032,\"caption\":\"Cintur\u00f3n de Piel de Avestruz Marr\u00f3n\"},{\"@type\":\"BreadcrumbList\",\"@id\":\"https:\/\/tonymora.com\/es\/producto\/11262-patas-avestruz-marron-2\/#breadcrumb\",\"itemListElement\":[{\"@type\":\"ListItem\",\"position\":1,\"name\":\"Portada\",\"item\":\"https:\/\/tonymora.com\/es\/\"},{\"@type\":\"ListItem\",\"position\":2,\"name\":\"Tienda\",\"item\":\"https:\/\/tonymora.com\/es\/tienda\/\"},{\"@type\":\"ListItem\",\"position\":3,\"name\":\"Cinturones Mujer\",\"item\":\"https:\/\/tonymora.com\/es\/categoria-producto\/cinturones-mujer\/\"},{\"@type\":\"ListItem\",\"position\":4,\"name\":\"11262 PATAS AVESTRUZ MARRON\"}]},{\"@type\":\"WebSite\",\"@id\":\"https:\/\/tonymora.com\/es\/#website\",\"url\":\"https:\/\/tonymora.com\/es\/\",\"name\":\"Tony Mora\u00ae Boots Official Store\",\"description\":\"Cowboy Boots\",\"publisher\":{\"@id\":\"https:\/\/tonymora.com\/es\/#organization\"},\"potentialAction\":[{\"@type\":\"SearchAction\",\"target\":{\"@type\":\"EntryPoint\",\"urlTemplate\":\"https:\/\/tonymora.com\/es\/?s={search_term_string}\"},\"query-input\":{\"@type\":\"PropertyValueSpecification\",\"valueRequired\":true,\"valueName\":\"search_term_string\"}}],\"inLanguage\":\"es\"},{\"@type\":\"Organization\",\"@id\":\"https:\/\/tonymora.com\/es\/#organization\",\"name\":\"Tony Mora Boots\",\"url\":\"https:\/\/tonymora.com\/es\/\",\"logo\":{\"@type\":\"ImageObject\",\"inLanguage\":\"es\",\"@id\":\"https:\/\/tonymora.com\/es\/#\/schema\/logo\/image\/\",\"url\":\"https:\/\/tonymora.com\/wp-content\/uploads\/2023\/12\/LOGO.jpg\",\"contentUrl\":\"https:\/\/tonymora.com\/wp-content\/uploads\/2023\/12\/LOGO.jpg\",\"width\":2272,\"height\":1411,\"caption\":\"Tony Mora Boots\"},\"image\":{\"@id\":\"https:\/\/tonymora.com\/es\/#\/schema\/logo\/image\/\"},\"sameAs\":[\"https:\/\/www.facebook.com\/Tonymoraofficial\/\",\"https:\/\/www.instagram.com\/tonymoraofficial\/?hl=es\"]}]}<\/script>\n<!-- \/ Yoast SEO plugin. -->","yoast_head_json":{"title":"Cintur\u00f3n marr\u00f3n de piel de avestruz aut\u00e9ntica | Tony Mora","description":"Cintur\u00f3n de piel de pata de avestruz marr\u00f3n, elegante y exclusivo. Textura \u00fanica y artesanal para un look distinguido. Hecho a mano por Tony Mora.","robots":{"index":"index","follow":"follow","max-snippet":"max-snippet:-1","max-image-preview":"max-image-preview:large","max-video-preview":"max-video-preview:-1"},"canonical":"https:\/\/tonymora.com\/es\/producto\/11262-patas-avestruz-marron-2\/","og_locale":"es_ES","og_type":"article","og_title":"Cintur\u00f3n marr\u00f3n de piel de avestruz aut\u00e9ntica | Tony Mora","og_description":"Cintur\u00f3n de piel de pata de avestruz marr\u00f3n, elegante y exclusivo. Textura \u00fanica y artesanal para un look distinguido. Hecho a mano por Tony Mora.","og_url":"https:\/\/tonymora.com\/es\/producto\/11262-patas-avestruz-marron-2\/","og_site_name":"Tony Mora\u00ae Boots Official Store","article_publisher":"https:\/\/www.facebook.com\/Tonymoraofficial\/","article_modified_time":"2026-03-20T13:21:02+00:00","og_image":[{"width":866,"height":1032,"url":"https:\/\/tonymora.com\/wp-content\/uploads\/2024\/09\/8-5.jpg","type":"image\/jpeg"}],"twitter_card":"summary_large_image","twitter_misc":{"Tiempo de lectura":"1 minuto"},"schema":{"@context":"https:\/\/schema.org","@graph":[{"@type":"WebPage","@id":"https:\/\/tonymora.com\/es\/producto\/11262-patas-avestruz-marron-2\/","url":"https:\/\/tonymora.com\/es\/producto\/11262-patas-avestruz-marron-2\/","name":"Cintur\u00f3n marr\u00f3n de piel de avestruz aut\u00e9ntica | Tony Mora","isPartOf":{"@id":"https:\/\/tonymora.com\/es\/#website"},"primaryImageOfPage":{"@id":"https:\/\/tonymora.com\/es\/producto\/11262-patas-avestruz-marron-2\/#primaryimage"},"image":{"@id":"https:\/\/tonymora.com\/es\/producto\/11262-patas-avestruz-marron-2\/#primaryimage"},"thumbnailUrl":"https:\/\/tonymora.com\/wp-content\/uploads\/2024\/09\/8-5.jpg","datePublished":"2024-09-24T14:21:44+00:00","dateModified":"2026-03-20T13:21:02+00:00","description":"Cintur\u00f3n de piel de pata de avestruz marr\u00f3n, elegante y exclusivo. Textura \u00fanica y artesanal para un look distinguido. Hecho a mano por Tony Mora.","breadcrumb":{"@id":"https:\/\/tonymora.com\/es\/producto\/11262-patas-avestruz-marron-2\/#breadcrumb"},"inLanguage":"es","potentialAction":[{"@type":"ReadAction","target":["https:\/\/tonymora.com\/es\/producto\/11262-patas-avestruz-marron-2\/"]}]},{"@type":"ImageObject","inLanguage":"es","@id":"https:\/\/tonymora.com\/es\/producto\/11262-patas-avestruz-marron-2\/#primaryimage","url":"https:\/\/tonymora.com\/wp-content\/uploads\/2024\/09\/8-5.jpg","contentUrl":"https:\/\/tonymora.com\/wp-content\/uploads\/2024\/09\/8-5.jpg","width":866,"height":1032,"caption":"Cintur\u00f3n de Piel de Avestruz Marr\u00f3n"},{"@type":"BreadcrumbList","@id":"https:\/\/tonymora.com\/es\/producto\/11262-patas-avestruz-marron-2\/#breadcrumb","itemListElement":[{"@type":"ListItem","position":1,"name":"Portada","item":"https:\/\/tonymora.com\/es\/"},{"@type":"ListItem","position":2,"name":"Tienda","item":"https:\/\/tonymora.com\/es\/tienda\/"},{"@type":"ListItem","position":3,"name":"Cinturones Mujer","item":"https:\/\/tonymora.com\/es\/categoria-producto\/cinturones-mujer\/"},{"@type":"ListItem","position":4,"name":"11262 PATAS AVESTRUZ MARRON"}]},{"@type":"WebSite","@id":"https:\/\/tonymora.com\/es\/#website","url":"https:\/\/tonymora.com\/es\/","name":"Tony Mora\u00ae Boots Official Store","description":"Cowboy Boots","publisher":{"@id":"https:\/\/tonymora.com\/es\/#organization"},"potentialAction":[{"@type":"SearchAction","target":{"@type":"EntryPoint","urlTemplate":"https:\/\/tonymora.com\/es\/?s={search_term_string}"},"query-input":{"@type":"PropertyValueSpecification","valueRequired":true,"valueName":"search_term_string"}}],"inLanguage":"es"},{"@type":"Organization","@id":"https:\/\/tonymora.com\/es\/#organization","name":"Tony Mora Boots","url":"https:\/\/tonymora.com\/es\/","logo":{"@type":"ImageObject","inLanguage":"es","@id":"https:\/\/tonymora.com\/es\/#\/schema\/logo\/image\/","url":"https:\/\/tonymora.com\/wp-content\/uploads\/2023\/12\/LOGO.jpg","contentUrl":"https:\/\/tonymora.com\/wp-content\/uploads\/2023\/12\/LOGO.jpg","width":2272,"height":1411,"caption":"Tony Mora Boots"},"image":{"@id":"https:\/\/tonymora.com\/es\/#\/schema\/logo\/image\/"},"sameAs":["https:\/\/www.facebook.com\/Tonymoraofficial\/","https:\/\/www.instagram.com\/tonymoraofficial\/?hl=es"]}]}},"_links":{"self":[{"href":"https:\/\/tonymora.com\/es\/wp-json\/wp\/v2\/product\/715809","targetHints":{"allow":["GET"]}}],"collection":[{"href":"https:\/\/tonymora.com\/es\/wp-json\/wp\/v2\/product"}],"about":[{"href":"https:\/\/tonymora.com\/es\/wp-json\/wp\/v2\/types\/product"}],"wp:featuredmedia":[{"embeddable":true,"href":"https:\/\/tonymora.com\/es\/wp-json\/wp\/v2\/media\/716433"}],"wp:attachment":[{"href":"https:\/\/tonymora.com\/es\/wp-json\/wp\/v2\/media?parent=715809"}],"wp:term":[{"taxonomy":"product_brand","embeddable":true,"href":"https:\/\/tonymora.com\/es\/wp-json\/wp\/v2\/product_brand?post=715809"},{"taxonomy":"product_cat","embeddable":true,"href":"https:\/\/tonymora.com\/es\/wp-json\/wp\/v2\/product_cat?post=715809"},{"taxonomy":"product_tag","embeddable":true,"href":"https:\/\/tonymora.com\/es\/wp-json\/wp\/v2\/product_tag?post=715809"}],"curies":[{"name":"wp","href":"https:\/\/api.w.org\/{rel}","templated":true}]}}