{"id":716219,"date":"2024-10-01T10:11:43","date_gmt":"2024-10-01T08:11:43","guid":{"rendered":"https:\/\/tonymora.com\/?post_type=product&#038;p=716219"},"modified":"2026-04-10T07:32:10","modified_gmt":"2026-04-10T05:32:10","slug":"shopper-bag-club-negro-serraje-beige","status":"publish","type":"product","link":"https:\/\/tonymora.com\/es\/producto\/shopper-bag-club-negro-serraje-beige\/","title":{"rendered":"SHOPPER BAG CLUB NEGRO \/ SERRAJE BEIGE"},"content":{"rendered":"<p>Confeccionado en un elegante cuero negro, este bolso se distingue por sus detalles en serraje beige, que contrastan sutilmente con el fondo oscuro. El grabado de una mariposa en el frente y las borlas decorativas en los laterales a\u00f1aden un toque artesanal y distintivo, convirti\u00e9ndolo en una pieza \u00fanica. Su dise\u00f1o espacioso y funcional lo hace ideal para el d\u00eda a d\u00eda, sin sacrificar estilo ni elegancia. Las asas de cuero y el impecable acabado reflejan la calidad y el cuidado que caracterizan a Tony Mora, ofreciendo un accesorio sofisticado y vers\u00e1til para cualquier ocasi\u00f3n.<\/p>\n","protected":false},"excerpt":{"rendered":"<p>Una pieza pensada para destacar con discreci\u00f3n y seguridad. Vers\u00e1til y f\u00e1cil de combinar, sin perder personalidad.<br \/>\nDise\u00f1ada para quienes entienden la elegancia como una actitud.<\/p>\n","protected":false},"featured_media":716222,"template":"","meta":{"_mbp_gutenberg_autopost":false},"product_brand":[],"product_cat":[1172,537,112],"product_tag":[],"class_list":{"0":"post-716219","1":"product","2":"type-product","3":"status-publish","4":"has-post-thumbnail","6":"product_cat-black-friday","7":"product_cat-bolsos","8":"product_cat-mujer","10":"first","11":"instock","12":"taxable","13":"shipping-taxable","14":"purchasable","15":"product-type-simple"},"supplier_id":null,"supplier_sku":"","barcode":null,"atum_controlled":true,"out_stock_date":null,"out_stock_threshold":null,"inheritable":false,"inbound_stock":0,"stock_on_hold":2,"sold_today":1,"sales_last_days":1,"reserved_stock":0,"customer_returns":0,"warehouse_damage":0,"lost_in_post":0,"other_logs":0,"out_stock_days":0,"lost_sales":0,"has_location":false,"update_date":"2026-03-17T11:35:09","atum_locations":[],"atum_stock_status":"instock","restock_status":false,"low_stock_amount":"","sales_update_date":"2025-11-25T04:47:58","calc_backorders":null,"yoast_head":"<!-- This site is optimized with the Yoast SEO plugin v27.2 - https:\/\/yoast.com\/product\/yoast-seo-wordpress\/ -->\n<title>SHOPPER BAG CLUB NEGRO \/ SERRAJE BEIGE - Tony Mora\u00ae Boots Official Store<\/title>\n<meta name=\"description\" content=\"Este bolso combina un elegante cuero negro con detalles en serraje beige, creando un contraste refinado. Su grabado de mariposa y las borlas decorativas a\u00f1aden un toque distintivo, ideal para un look sofisticado y funcional.\" \/>\n<meta name=\"robots\" content=\"index, follow, max-snippet:-1, max-image-preview:large, max-video-preview:-1\" \/>\n<link rel=\"canonical\" href=\"https:\/\/tonymora.com\/es\/producto\/shopper-bag-club-negro-serraje-beige\/\" \/>\n<meta property=\"og:locale\" content=\"es_ES\" \/>\n<meta property=\"og:type\" content=\"article\" \/>\n<meta property=\"og:title\" content=\"SHOPPER BAG CLUB NEGRO \/ SERRAJE BEIGE - Tony Mora\u00ae Boots Official Store\" \/>\n<meta property=\"og:description\" content=\"Este bolso combina un elegante cuero negro con detalles en serraje beige, creando un contraste refinado. Su grabado de mariposa y las borlas decorativas a\u00f1aden un toque distintivo, ideal para un look sofisticado y funcional.\" \/>\n<meta property=\"og:url\" content=\"https:\/\/tonymora.com\/es\/producto\/shopper-bag-club-negro-serraje-beige\/\" \/>\n<meta property=\"og:site_name\" content=\"Tony Mora\u00ae Boots Official Store\" \/>\n<meta property=\"article:publisher\" content=\"https:\/\/www.facebook.com\/Tonymoraofficial\/\" \/>\n<meta property=\"article:modified_time\" content=\"2026-04-10T05:32:10+00:00\" \/>\n<meta property=\"og:image\" content=\"https:\/\/tonymora.com\/wp-content\/uploads\/2024\/10\/61.jpg\" \/>\n\t<meta property=\"og:image:width\" content=\"866\" \/>\n\t<meta property=\"og:image:height\" content=\"1032\" \/>\n\t<meta property=\"og:image:type\" content=\"image\/jpeg\" \/>\n<meta name=\"twitter:card\" content=\"summary_large_image\" \/>\n<meta name=\"twitter:label1\" content=\"Tiempo de lectura\" \/>\n\t<meta name=\"twitter:data1\" content=\"1 minuto\" \/>\n<script type=\"application\/ld+json\" class=\"yoast-schema-graph\">{\"@context\":\"https:\/\/schema.org\",\"@graph\":[{\"@type\":\"WebPage\",\"@id\":\"https:\/\/tonymora.com\/es\/producto\/shopper-bag-club-negro-serraje-beige\/\",\"url\":\"https:\/\/tonymora.com\/es\/producto\/shopper-bag-club-negro-serraje-beige\/\",\"name\":\"SHOPPER BAG CLUB NEGRO \/ SERRAJE BEIGE - Tony Mora\u00ae Boots Official Store\",\"isPartOf\":{\"@id\":\"https:\/\/tonymora.com\/es\/#website\"},\"primaryImageOfPage\":{\"@id\":\"https:\/\/tonymora.com\/es\/producto\/shopper-bag-club-negro-serraje-beige\/#primaryimage\"},\"image\":{\"@id\":\"https:\/\/tonymora.com\/es\/producto\/shopper-bag-club-negro-serraje-beige\/#primaryimage\"},\"thumbnailUrl\":\"https:\/\/tonymora.com\/wp-content\/uploads\/2024\/10\/61.jpg\",\"datePublished\":\"2024-10-01T08:11:43+00:00\",\"dateModified\":\"2026-04-10T05:32:10+00:00\",\"description\":\"Este bolso combina un elegante cuero negro con detalles en serraje beige, creando un contraste refinado. Su grabado de mariposa y las borlas decorativas a\u00f1aden un toque distintivo, ideal para un look sofisticado y funcional.\",\"breadcrumb\":{\"@id\":\"https:\/\/tonymora.com\/es\/producto\/shopper-bag-club-negro-serraje-beige\/#breadcrumb\"},\"inLanguage\":\"es\",\"potentialAction\":[{\"@type\":\"ReadAction\",\"target\":[\"https:\/\/tonymora.com\/es\/producto\/shopper-bag-club-negro-serraje-beige\/\"]}]},{\"@type\":\"ImageObject\",\"inLanguage\":\"es\",\"@id\":\"https:\/\/tonymora.com\/es\/producto\/shopper-bag-club-negro-serraje-beige\/#primaryimage\",\"url\":\"https:\/\/tonymora.com\/wp-content\/uploads\/2024\/10\/61.jpg\",\"contentUrl\":\"https:\/\/tonymora.com\/wp-content\/uploads\/2024\/10\/61.jpg\",\"width\":866,\"height\":1032},{\"@type\":\"BreadcrumbList\",\"@id\":\"https:\/\/tonymora.com\/es\/producto\/shopper-bag-club-negro-serraje-beige\/#breadcrumb\",\"itemListElement\":[{\"@type\":\"ListItem\",\"position\":1,\"name\":\"Portada\",\"item\":\"https:\/\/tonymora.com\/es\/\"},{\"@type\":\"ListItem\",\"position\":2,\"name\":\"Tienda\",\"item\":\"https:\/\/tonymora.com\/es\/tienda\/\"},{\"@type\":\"ListItem\",\"position\":3,\"name\":\"Mujer\",\"item\":\"https:\/\/tonymora.com\/es\/categoria-producto\/mujer\/\"},{\"@type\":\"ListItem\",\"position\":4,\"name\":\"Bolsos\",\"item\":\"https:\/\/tonymora.com\/es\/categoria-producto\/mujer\/bolsos\/\"},{\"@type\":\"ListItem\",\"position\":5,\"name\":\"SHOPPER BAG CLUB NEGRO \/ SERRAJE BEIGE\"}]},{\"@type\":\"WebSite\",\"@id\":\"https:\/\/tonymora.com\/es\/#website\",\"url\":\"https:\/\/tonymora.com\/es\/\",\"name\":\"Tony Mora\u00ae Boots Official Store\",\"description\":\"Cowboy Boots\",\"publisher\":{\"@id\":\"https:\/\/tonymora.com\/es\/#organization\"},\"potentialAction\":[{\"@type\":\"SearchAction\",\"target\":{\"@type\":\"EntryPoint\",\"urlTemplate\":\"https:\/\/tonymora.com\/es\/?s={search_term_string}\"},\"query-input\":{\"@type\":\"PropertyValueSpecification\",\"valueRequired\":true,\"valueName\":\"search_term_string\"}}],\"inLanguage\":\"es\"},{\"@type\":\"Organization\",\"@id\":\"https:\/\/tonymora.com\/es\/#organization\",\"name\":\"Tony Mora Boots\",\"url\":\"https:\/\/tonymora.com\/es\/\",\"logo\":{\"@type\":\"ImageObject\",\"inLanguage\":\"es\",\"@id\":\"https:\/\/tonymora.com\/es\/#\/schema\/logo\/image\/\",\"url\":\"https:\/\/tonymora.com\/wp-content\/uploads\/2023\/12\/LOGO.jpg\",\"contentUrl\":\"https:\/\/tonymora.com\/wp-content\/uploads\/2023\/12\/LOGO.jpg\",\"width\":2272,\"height\":1411,\"caption\":\"Tony Mora Boots\"},\"image\":{\"@id\":\"https:\/\/tonymora.com\/es\/#\/schema\/logo\/image\/\"},\"sameAs\":[\"https:\/\/www.facebook.com\/Tonymoraofficial\/\",\"https:\/\/www.instagram.com\/tonymoraofficial\/?hl=es\"]}]}<\/script>\n<!-- \/ Yoast SEO plugin. -->","yoast_head_json":{"title":"SHOPPER BAG CLUB NEGRO \/ SERRAJE BEIGE - Tony Mora\u00ae Boots Official Store","description":"Este bolso combina un elegante cuero negro con detalles en serraje beige, creando un contraste refinado. Su grabado de mariposa y las borlas decorativas a\u00f1aden un toque distintivo, ideal para un look sofisticado y funcional.","robots":{"index":"index","follow":"follow","max-snippet":"max-snippet:-1","max-image-preview":"max-image-preview:large","max-video-preview":"max-video-preview:-1"},"canonical":"https:\/\/tonymora.com\/es\/producto\/shopper-bag-club-negro-serraje-beige\/","og_locale":"es_ES","og_type":"article","og_title":"SHOPPER BAG CLUB NEGRO \/ SERRAJE BEIGE - Tony Mora\u00ae Boots Official Store","og_description":"Este bolso combina un elegante cuero negro con detalles en serraje beige, creando un contraste refinado. Su grabado de mariposa y las borlas decorativas a\u00f1aden un toque distintivo, ideal para un look sofisticado y funcional.","og_url":"https:\/\/tonymora.com\/es\/producto\/shopper-bag-club-negro-serraje-beige\/","og_site_name":"Tony Mora\u00ae Boots Official Store","article_publisher":"https:\/\/www.facebook.com\/Tonymoraofficial\/","article_modified_time":"2026-04-10T05:32:10+00:00","og_image":[{"width":866,"height":1032,"url":"https:\/\/tonymora.com\/wp-content\/uploads\/2024\/10\/61.jpg","type":"image\/jpeg"}],"twitter_card":"summary_large_image","twitter_misc":{"Tiempo de lectura":"1 minuto"},"schema":{"@context":"https:\/\/schema.org","@graph":[{"@type":"WebPage","@id":"https:\/\/tonymora.com\/es\/producto\/shopper-bag-club-negro-serraje-beige\/","url":"https:\/\/tonymora.com\/es\/producto\/shopper-bag-club-negro-serraje-beige\/","name":"SHOPPER BAG CLUB NEGRO \/ SERRAJE BEIGE - Tony Mora\u00ae Boots Official Store","isPartOf":{"@id":"https:\/\/tonymora.com\/es\/#website"},"primaryImageOfPage":{"@id":"https:\/\/tonymora.com\/es\/producto\/shopper-bag-club-negro-serraje-beige\/#primaryimage"},"image":{"@id":"https:\/\/tonymora.com\/es\/producto\/shopper-bag-club-negro-serraje-beige\/#primaryimage"},"thumbnailUrl":"https:\/\/tonymora.com\/wp-content\/uploads\/2024\/10\/61.jpg","datePublished":"2024-10-01T08:11:43+00:00","dateModified":"2026-04-10T05:32:10+00:00","description":"Este bolso combina un elegante cuero negro con detalles en serraje beige, creando un contraste refinado. Su grabado de mariposa y las borlas decorativas a\u00f1aden un toque distintivo, ideal para un look sofisticado y funcional.","breadcrumb":{"@id":"https:\/\/tonymora.com\/es\/producto\/shopper-bag-club-negro-serraje-beige\/#breadcrumb"},"inLanguage":"es","potentialAction":[{"@type":"ReadAction","target":["https:\/\/tonymora.com\/es\/producto\/shopper-bag-club-negro-serraje-beige\/"]}]},{"@type":"ImageObject","inLanguage":"es","@id":"https:\/\/tonymora.com\/es\/producto\/shopper-bag-club-negro-serraje-beige\/#primaryimage","url":"https:\/\/tonymora.com\/wp-content\/uploads\/2024\/10\/61.jpg","contentUrl":"https:\/\/tonymora.com\/wp-content\/uploads\/2024\/10\/61.jpg","width":866,"height":1032},{"@type":"BreadcrumbList","@id":"https:\/\/tonymora.com\/es\/producto\/shopper-bag-club-negro-serraje-beige\/#breadcrumb","itemListElement":[{"@type":"ListItem","position":1,"name":"Portada","item":"https:\/\/tonymora.com\/es\/"},{"@type":"ListItem","position":2,"name":"Tienda","item":"https:\/\/tonymora.com\/es\/tienda\/"},{"@type":"ListItem","position":3,"name":"Mujer","item":"https:\/\/tonymora.com\/es\/categoria-producto\/mujer\/"},{"@type":"ListItem","position":4,"name":"Bolsos","item":"https:\/\/tonymora.com\/es\/categoria-producto\/mujer\/bolsos\/"},{"@type":"ListItem","position":5,"name":"SHOPPER BAG CLUB NEGRO \/ SERRAJE BEIGE"}]},{"@type":"WebSite","@id":"https:\/\/tonymora.com\/es\/#website","url":"https:\/\/tonymora.com\/es\/","name":"Tony Mora\u00ae Boots Official Store","description":"Cowboy Boots","publisher":{"@id":"https:\/\/tonymora.com\/es\/#organization"},"potentialAction":[{"@type":"SearchAction","target":{"@type":"EntryPoint","urlTemplate":"https:\/\/tonymora.com\/es\/?s={search_term_string}"},"query-input":{"@type":"PropertyValueSpecification","valueRequired":true,"valueName":"search_term_string"}}],"inLanguage":"es"},{"@type":"Organization","@id":"https:\/\/tonymora.com\/es\/#organization","name":"Tony Mora Boots","url":"https:\/\/tonymora.com\/es\/","logo":{"@type":"ImageObject","inLanguage":"es","@id":"https:\/\/tonymora.com\/es\/#\/schema\/logo\/image\/","url":"https:\/\/tonymora.com\/wp-content\/uploads\/2023\/12\/LOGO.jpg","contentUrl":"https:\/\/tonymora.com\/wp-content\/uploads\/2023\/12\/LOGO.jpg","width":2272,"height":1411,"caption":"Tony Mora Boots"},"image":{"@id":"https:\/\/tonymora.com\/es\/#\/schema\/logo\/image\/"},"sameAs":["https:\/\/www.facebook.com\/Tonymoraofficial\/","https:\/\/www.instagram.com\/tonymoraofficial\/?hl=es"]}]}},"_links":{"self":[{"href":"https:\/\/tonymora.com\/es\/wp-json\/wp\/v2\/product\/716219","targetHints":{"allow":["GET"]}}],"collection":[{"href":"https:\/\/tonymora.com\/es\/wp-json\/wp\/v2\/product"}],"about":[{"href":"https:\/\/tonymora.com\/es\/wp-json\/wp\/v2\/types\/product"}],"wp:featuredmedia":[{"embeddable":true,"href":"https:\/\/tonymora.com\/es\/wp-json\/wp\/v2\/media\/716222"}],"wp:attachment":[{"href":"https:\/\/tonymora.com\/es\/wp-json\/wp\/v2\/media?parent=716219"}],"wp:term":[{"taxonomy":"product_brand","embeddable":true,"href":"https:\/\/tonymora.com\/es\/wp-json\/wp\/v2\/product_brand?post=716219"},{"taxonomy":"product_cat","embeddable":true,"href":"https:\/\/tonymora.com\/es\/wp-json\/wp\/v2\/product_cat?post=716219"},{"taxonomy":"product_tag","embeddable":true,"href":"https:\/\/tonymora.com\/es\/wp-json\/wp\/v2\/product_tag?post=716219"}],"curies":[{"name":"wp","href":"https:\/\/api.w.org\/{rel}","templated":true}]}}