{"id":716270,"date":"2024-10-01T10:37:12","date_gmt":"2024-10-01T08:37:12","guid":{"rendered":"https:\/\/tonymora.com\/?post_type=product&#038;p=716270"},"modified":"2026-04-07T07:32:09","modified_gmt":"2026-04-07T05:32:09","slug":"clutch-conejo-pelo-largo-negro","status":"publish","type":"product","link":"https:\/\/tonymora.com\/es\/producto\/clutch-conejo-pelo-largo-negro\/","title":{"rendered":"CLUTCH CONEJO PELO LARGO NEGRO"},"content":{"rendered":"<p>Este sofisticado bolso de dise\u00f1o \u00fanico es el accesorio ideal para quienes buscan distinci\u00f3n y elegancia. El cuerpo del bolso est\u00e1 elaborado en pelo largo negro de conejo, ofreciendo una textura suave y lujosa. Los detalles, como la correa larga ajustable y las asas peque\u00f1as, est\u00e1n confeccionados en aut\u00e9ntica piel de pit\u00f3n, aportando un toque ex\u00f3tico y exclusivo. Adem\u00e1s, cuenta con unos encantadores pompones tambi\u00e9n hechos de piel de pit\u00f3n, que complementan su estilo. Este bolso es la perfecta combinaci\u00f3n de funcionalidad y glamour, ideal para quienes desean destacar sin renunciar a la comodidad.<\/p>\n","protected":false},"excerpt":{"rendered":"<p>Un dise\u00f1o que transmite car\u00e1cter desde el primer paso. Un complemento con personalidad y elegancia natural.<br \/>\nDise\u00f1ada para quienes entienden la elegancia como una actitud.<\/p>\n","protected":false},"featured_media":716273,"template":"","meta":{"_mbp_gutenberg_autopost":false},"product_brand":[],"product_cat":[1172,537,112],"product_tag":[],"class_list":{"0":"post-716270","1":"product","2":"type-product","3":"status-publish","4":"has-post-thumbnail","6":"product_cat-black-friday","7":"product_cat-bolsos","8":"product_cat-mujer","10":"first","11":"instock","12":"taxable","13":"shipping-taxable","14":"purchasable","15":"product-type-simple"},"supplier_id":null,"supplier_sku":"","barcode":null,"atum_controlled":true,"out_stock_date":null,"out_stock_threshold":null,"inheritable":false,"inbound_stock":0,"stock_on_hold":0,"sold_today":0,"sales_last_days":0,"reserved_stock":0,"customer_returns":0,"warehouse_damage":0,"lost_in_post":0,"other_logs":0,"out_stock_days":0,"lost_sales":0,"has_location":false,"update_date":"2026-03-17T11:30:41","atum_locations":[],"atum_stock_status":"instock","restock_status":false,"low_stock_amount":"","sales_update_date":"2025-09-12T05:31:34","calc_backorders":null,"yoast_head":"<!-- This site is optimized with the Yoast SEO plugin v27.2 - https:\/\/yoast.com\/product\/yoast-seo-wordpress\/ -->\n<title>CLUTCH CONEJO PELO LARGO NEGRO - Tony Mora\u00ae Boots Official Store<\/title>\n<meta name=\"description\" content=\"Este exclusivo bolso combina la elegancia del pelo largo negro de conejo con detalles en piel de pit\u00f3n. Con una correa larga ajustable y asas peque\u00f1as, es perfecto para a\u00f1adir un toque lujoso a cualquier look.\" \/>\n<meta name=\"robots\" content=\"index, follow, max-snippet:-1, max-image-preview:large, max-video-preview:-1\" \/>\n<link rel=\"canonical\" href=\"https:\/\/tonymora.com\/es\/producto\/clutch-conejo-pelo-largo-negro\/\" \/>\n<meta property=\"og:locale\" content=\"es_ES\" \/>\n<meta property=\"og:type\" content=\"article\" \/>\n<meta property=\"og:title\" content=\"CLUTCH CONEJO PELO LARGO NEGRO - Tony Mora\u00ae Boots Official Store\" \/>\n<meta property=\"og:description\" content=\"Este exclusivo bolso combina la elegancia del pelo largo negro de conejo con detalles en piel de pit\u00f3n. Con una correa larga ajustable y asas peque\u00f1as, es perfecto para a\u00f1adir un toque lujoso a cualquier look.\" \/>\n<meta property=\"og:url\" content=\"https:\/\/tonymora.com\/es\/producto\/clutch-conejo-pelo-largo-negro\/\" \/>\n<meta property=\"og:site_name\" content=\"Tony Mora\u00ae Boots Official Store\" \/>\n<meta property=\"article:publisher\" content=\"https:\/\/www.facebook.com\/Tonymoraofficial\/\" \/>\n<meta property=\"article:modified_time\" content=\"2026-04-07T05:32:09+00:00\" \/>\n<meta property=\"og:image\" content=\"https:\/\/tonymora.com\/wp-content\/uploads\/2024\/10\/86.jpg\" \/>\n\t<meta property=\"og:image:width\" content=\"866\" \/>\n\t<meta property=\"og:image:height\" content=\"1032\" \/>\n\t<meta property=\"og:image:type\" content=\"image\/jpeg\" \/>\n<meta name=\"twitter:card\" content=\"summary_large_image\" \/>\n<meta name=\"twitter:label1\" content=\"Tiempo de lectura\" \/>\n\t<meta name=\"twitter:data1\" content=\"1 minuto\" \/>\n<script type=\"application\/ld+json\" class=\"yoast-schema-graph\">{\"@context\":\"https:\/\/schema.org\",\"@graph\":[{\"@type\":\"WebPage\",\"@id\":\"https:\/\/tonymora.com\/es\/producto\/clutch-conejo-pelo-largo-negro\/\",\"url\":\"https:\/\/tonymora.com\/es\/producto\/clutch-conejo-pelo-largo-negro\/\",\"name\":\"CLUTCH CONEJO PELO LARGO NEGRO - Tony Mora\u00ae Boots Official Store\",\"isPartOf\":{\"@id\":\"https:\/\/tonymora.com\/es\/#website\"},\"primaryImageOfPage\":{\"@id\":\"https:\/\/tonymora.com\/es\/producto\/clutch-conejo-pelo-largo-negro\/#primaryimage\"},\"image\":{\"@id\":\"https:\/\/tonymora.com\/es\/producto\/clutch-conejo-pelo-largo-negro\/#primaryimage\"},\"thumbnailUrl\":\"https:\/\/tonymora.com\/wp-content\/uploads\/2024\/10\/86.jpg\",\"datePublished\":\"2024-10-01T08:37:12+00:00\",\"dateModified\":\"2026-04-07T05:32:09+00:00\",\"description\":\"Este exclusivo bolso combina la elegancia del pelo largo negro de conejo con detalles en piel de pit\u00f3n. Con una correa larga ajustable y asas peque\u00f1as, es perfecto para a\u00f1adir un toque lujoso a cualquier look.\",\"breadcrumb\":{\"@id\":\"https:\/\/tonymora.com\/es\/producto\/clutch-conejo-pelo-largo-negro\/#breadcrumb\"},\"inLanguage\":\"es\",\"potentialAction\":[{\"@type\":\"ReadAction\",\"target\":[\"https:\/\/tonymora.com\/es\/producto\/clutch-conejo-pelo-largo-negro\/\"]}]},{\"@type\":\"ImageObject\",\"inLanguage\":\"es\",\"@id\":\"https:\/\/tonymora.com\/es\/producto\/clutch-conejo-pelo-largo-negro\/#primaryimage\",\"url\":\"https:\/\/tonymora.com\/wp-content\/uploads\/2024\/10\/86.jpg\",\"contentUrl\":\"https:\/\/tonymora.com\/wp-content\/uploads\/2024\/10\/86.jpg\",\"width\":866,\"height\":1032},{\"@type\":\"BreadcrumbList\",\"@id\":\"https:\/\/tonymora.com\/es\/producto\/clutch-conejo-pelo-largo-negro\/#breadcrumb\",\"itemListElement\":[{\"@type\":\"ListItem\",\"position\":1,\"name\":\"Portada\",\"item\":\"https:\/\/tonymora.com\/es\/\"},{\"@type\":\"ListItem\",\"position\":2,\"name\":\"Tienda\",\"item\":\"https:\/\/tonymora.com\/es\/tienda\/\"},{\"@type\":\"ListItem\",\"position\":3,\"name\":\"Mujer\",\"item\":\"https:\/\/tonymora.com\/es\/categoria-producto\/mujer\/\"},{\"@type\":\"ListItem\",\"position\":4,\"name\":\"Bolsos\",\"item\":\"https:\/\/tonymora.com\/es\/categoria-producto\/mujer\/bolsos\/\"},{\"@type\":\"ListItem\",\"position\":5,\"name\":\"CLUTCH CONEJO PELO LARGO NEGRO\"}]},{\"@type\":\"WebSite\",\"@id\":\"https:\/\/tonymora.com\/es\/#website\",\"url\":\"https:\/\/tonymora.com\/es\/\",\"name\":\"Tony Mora\u00ae Boots Official Store\",\"description\":\"Cowboy Boots\",\"publisher\":{\"@id\":\"https:\/\/tonymora.com\/es\/#organization\"},\"potentialAction\":[{\"@type\":\"SearchAction\",\"target\":{\"@type\":\"EntryPoint\",\"urlTemplate\":\"https:\/\/tonymora.com\/es\/?s={search_term_string}\"},\"query-input\":{\"@type\":\"PropertyValueSpecification\",\"valueRequired\":true,\"valueName\":\"search_term_string\"}}],\"inLanguage\":\"es\"},{\"@type\":\"Organization\",\"@id\":\"https:\/\/tonymora.com\/es\/#organization\",\"name\":\"Tony Mora Boots\",\"url\":\"https:\/\/tonymora.com\/es\/\",\"logo\":{\"@type\":\"ImageObject\",\"inLanguage\":\"es\",\"@id\":\"https:\/\/tonymora.com\/es\/#\/schema\/logo\/image\/\",\"url\":\"https:\/\/tonymora.com\/wp-content\/uploads\/2023\/12\/LOGO.jpg\",\"contentUrl\":\"https:\/\/tonymora.com\/wp-content\/uploads\/2023\/12\/LOGO.jpg\",\"width\":2272,\"height\":1411,\"caption\":\"Tony Mora Boots\"},\"image\":{\"@id\":\"https:\/\/tonymora.com\/es\/#\/schema\/logo\/image\/\"},\"sameAs\":[\"https:\/\/www.facebook.com\/Tonymoraofficial\/\",\"https:\/\/www.instagram.com\/tonymoraofficial\/?hl=es\"]}]}<\/script>\n<!-- \/ Yoast SEO plugin. -->","yoast_head_json":{"title":"CLUTCH CONEJO PELO LARGO NEGRO - Tony Mora\u00ae Boots Official Store","description":"Este exclusivo bolso combina la elegancia del pelo largo negro de conejo con detalles en piel de pit\u00f3n. Con una correa larga ajustable y asas peque\u00f1as, es perfecto para a\u00f1adir un toque lujoso a cualquier look.","robots":{"index":"index","follow":"follow","max-snippet":"max-snippet:-1","max-image-preview":"max-image-preview:large","max-video-preview":"max-video-preview:-1"},"canonical":"https:\/\/tonymora.com\/es\/producto\/clutch-conejo-pelo-largo-negro\/","og_locale":"es_ES","og_type":"article","og_title":"CLUTCH CONEJO PELO LARGO NEGRO - Tony Mora\u00ae Boots Official Store","og_description":"Este exclusivo bolso combina la elegancia del pelo largo negro de conejo con detalles en piel de pit\u00f3n. Con una correa larga ajustable y asas peque\u00f1as, es perfecto para a\u00f1adir un toque lujoso a cualquier look.","og_url":"https:\/\/tonymora.com\/es\/producto\/clutch-conejo-pelo-largo-negro\/","og_site_name":"Tony Mora\u00ae Boots Official Store","article_publisher":"https:\/\/www.facebook.com\/Tonymoraofficial\/","article_modified_time":"2026-04-07T05:32:09+00:00","og_image":[{"width":866,"height":1032,"url":"https:\/\/tonymora.com\/wp-content\/uploads\/2024\/10\/86.jpg","type":"image\/jpeg"}],"twitter_card":"summary_large_image","twitter_misc":{"Tiempo de lectura":"1 minuto"},"schema":{"@context":"https:\/\/schema.org","@graph":[{"@type":"WebPage","@id":"https:\/\/tonymora.com\/es\/producto\/clutch-conejo-pelo-largo-negro\/","url":"https:\/\/tonymora.com\/es\/producto\/clutch-conejo-pelo-largo-negro\/","name":"CLUTCH CONEJO PELO LARGO NEGRO - Tony Mora\u00ae Boots Official Store","isPartOf":{"@id":"https:\/\/tonymora.com\/es\/#website"},"primaryImageOfPage":{"@id":"https:\/\/tonymora.com\/es\/producto\/clutch-conejo-pelo-largo-negro\/#primaryimage"},"image":{"@id":"https:\/\/tonymora.com\/es\/producto\/clutch-conejo-pelo-largo-negro\/#primaryimage"},"thumbnailUrl":"https:\/\/tonymora.com\/wp-content\/uploads\/2024\/10\/86.jpg","datePublished":"2024-10-01T08:37:12+00:00","dateModified":"2026-04-07T05:32:09+00:00","description":"Este exclusivo bolso combina la elegancia del pelo largo negro de conejo con detalles en piel de pit\u00f3n. Con una correa larga ajustable y asas peque\u00f1as, es perfecto para a\u00f1adir un toque lujoso a cualquier look.","breadcrumb":{"@id":"https:\/\/tonymora.com\/es\/producto\/clutch-conejo-pelo-largo-negro\/#breadcrumb"},"inLanguage":"es","potentialAction":[{"@type":"ReadAction","target":["https:\/\/tonymora.com\/es\/producto\/clutch-conejo-pelo-largo-negro\/"]}]},{"@type":"ImageObject","inLanguage":"es","@id":"https:\/\/tonymora.com\/es\/producto\/clutch-conejo-pelo-largo-negro\/#primaryimage","url":"https:\/\/tonymora.com\/wp-content\/uploads\/2024\/10\/86.jpg","contentUrl":"https:\/\/tonymora.com\/wp-content\/uploads\/2024\/10\/86.jpg","width":866,"height":1032},{"@type":"BreadcrumbList","@id":"https:\/\/tonymora.com\/es\/producto\/clutch-conejo-pelo-largo-negro\/#breadcrumb","itemListElement":[{"@type":"ListItem","position":1,"name":"Portada","item":"https:\/\/tonymora.com\/es\/"},{"@type":"ListItem","position":2,"name":"Tienda","item":"https:\/\/tonymora.com\/es\/tienda\/"},{"@type":"ListItem","position":3,"name":"Mujer","item":"https:\/\/tonymora.com\/es\/categoria-producto\/mujer\/"},{"@type":"ListItem","position":4,"name":"Bolsos","item":"https:\/\/tonymora.com\/es\/categoria-producto\/mujer\/bolsos\/"},{"@type":"ListItem","position":5,"name":"CLUTCH CONEJO PELO LARGO NEGRO"}]},{"@type":"WebSite","@id":"https:\/\/tonymora.com\/es\/#website","url":"https:\/\/tonymora.com\/es\/","name":"Tony Mora\u00ae Boots Official Store","description":"Cowboy Boots","publisher":{"@id":"https:\/\/tonymora.com\/es\/#organization"},"potentialAction":[{"@type":"SearchAction","target":{"@type":"EntryPoint","urlTemplate":"https:\/\/tonymora.com\/es\/?s={search_term_string}"},"query-input":{"@type":"PropertyValueSpecification","valueRequired":true,"valueName":"search_term_string"}}],"inLanguage":"es"},{"@type":"Organization","@id":"https:\/\/tonymora.com\/es\/#organization","name":"Tony Mora Boots","url":"https:\/\/tonymora.com\/es\/","logo":{"@type":"ImageObject","inLanguage":"es","@id":"https:\/\/tonymora.com\/es\/#\/schema\/logo\/image\/","url":"https:\/\/tonymora.com\/wp-content\/uploads\/2023\/12\/LOGO.jpg","contentUrl":"https:\/\/tonymora.com\/wp-content\/uploads\/2023\/12\/LOGO.jpg","width":2272,"height":1411,"caption":"Tony Mora Boots"},"image":{"@id":"https:\/\/tonymora.com\/es\/#\/schema\/logo\/image\/"},"sameAs":["https:\/\/www.facebook.com\/Tonymoraofficial\/","https:\/\/www.instagram.com\/tonymoraofficial\/?hl=es"]}]}},"_links":{"self":[{"href":"https:\/\/tonymora.com\/es\/wp-json\/wp\/v2\/product\/716270","targetHints":{"allow":["GET"]}}],"collection":[{"href":"https:\/\/tonymora.com\/es\/wp-json\/wp\/v2\/product"}],"about":[{"href":"https:\/\/tonymora.com\/es\/wp-json\/wp\/v2\/types\/product"}],"wp:featuredmedia":[{"embeddable":true,"href":"https:\/\/tonymora.com\/es\/wp-json\/wp\/v2\/media\/716273"}],"wp:attachment":[{"href":"https:\/\/tonymora.com\/es\/wp-json\/wp\/v2\/media?parent=716270"}],"wp:term":[{"taxonomy":"product_brand","embeddable":true,"href":"https:\/\/tonymora.com\/es\/wp-json\/wp\/v2\/product_brand?post=716270"},{"taxonomy":"product_cat","embeddable":true,"href":"https:\/\/tonymora.com\/es\/wp-json\/wp\/v2\/product_cat?post=716270"},{"taxonomy":"product_tag","embeddable":true,"href":"https:\/\/tonymora.com\/es\/wp-json\/wp\/v2\/product_tag?post=716270"}],"curies":[{"name":"wp","href":"https:\/\/api.w.org\/{rel}","templated":true}]}}