{"id":716322,"date":"2024-10-01T11:06:30","date_gmt":"2024-10-01T09:06:30","guid":{"rendered":"https:\/\/tonymora.com\/?post_type=product&#038;p=716322"},"modified":"2026-03-17T13:39:06","modified_gmt":"2026-03-17T12:39:06","slug":"tote-bag-tony-mora","status":"publish","type":"product","link":"https:\/\/tonymora.com\/es\/producto\/tote-bag-tony-mora\/","title":{"rendered":"TOTE BAG TONY MORA"},"content":{"rendered":"<h3><b>Tote Bag para Mujer en Cuero Negro y Pit\u00f3n \u2013 Tony Mora<\/b><\/h3>\n<p>Este <b>tote bag para mujer<\/b> es una pieza de lujo que define la identidad y elegancia natural de quien lo luce. Confeccionado en cuero negro de alta calidad, destaca por su frontal con el logo de \u00abTony Mora\u00bb en letras brillantes, aportando un toque de glamour audaz y refinado.<\/p>\n<p>La exclusividad se eleva con sus <b>asas elaboradas en aut\u00e9ntica piel de pit\u00f3n<\/b>, un detalle ex\u00f3tico que marca la diferencia en este bolso de estructura resistente. Gracias a su espacioso interior, es el complemento perfecto para el d\u00eda a d\u00eda o eventos especiales, garantizando funcionalidad sin renunciar al estilo m\u00e1s sofisticado.<\/p>\n","protected":false},"excerpt":{"rendered":"<p>Un estilo que habla de identidad, sin necesidad de palabras. Un complemento con personalidad y elegancia natural.<br \/>\nLa clase de elecci\u00f3n que se recuerda por c\u00f3mo te hace sentir.<\/p>\n","protected":false},"featured_media":716328,"template":"","meta":{"_mbp_gutenberg_autopost":false},"product_brand":[],"product_cat":[1172,537,112],"product_tag":[],"class_list":{"0":"post-716322","1":"product","2":"type-product","3":"status-publish","4":"has-post-thumbnail","6":"product_cat-black-friday","7":"product_cat-bolsos","8":"product_cat-mujer","10":"first","11":"instock","12":"taxable","13":"shipping-taxable","14":"purchasable","15":"product-type-simple"},"supplier_id":null,"supplier_sku":"","barcode":null,"atum_controlled":true,"out_stock_date":null,"out_stock_threshold":null,"inheritable":false,"inbound_stock":0,"stock_on_hold":0,"sold_today":0,"sales_last_days":0,"reserved_stock":0,"customer_returns":0,"warehouse_damage":0,"lost_in_post":0,"other_logs":0,"out_stock_days":0,"lost_sales":0,"has_location":false,"update_date":"2026-03-17T11:39:07","atum_locations":[],"atum_stock_status":"instock","restock_status":false,"low_stock_amount":"","sales_update_date":"2025-04-29T06:57:26","calc_backorders":null,"yoast_head":"<!-- This site is optimized with the Yoast SEO plugin v27.2 - https:\/\/yoast.com\/product\/yoast-seo-wordpress\/ -->\n<title>Tote Bag de Mujer en Cuero y Pit\u00f3n Negro | Tony Mora<\/title>\n<meta name=\"description\" content=\"Bolso tote para mujer en cuero negro con exclusivas asas de piel de pit\u00f3n. Dise\u00f1o de lujo con logo brillante y gran capacidad. \u00a1Env\u00edo gratis y artesanal!\" \/>\n<meta name=\"robots\" content=\"index, follow, max-snippet:-1, max-image-preview:large, max-video-preview:-1\" \/>\n<link rel=\"canonical\" href=\"https:\/\/tonymora.com\/es\/producto\/tote-bag-tony-mora\/\" \/>\n<meta property=\"og:locale\" content=\"es_ES\" \/>\n<meta property=\"og:type\" content=\"article\" \/>\n<meta property=\"og:title\" content=\"Tote Bag de Mujer en Cuero y Pit\u00f3n Negro | Tony Mora\" \/>\n<meta property=\"og:description\" content=\"Bolso tote para mujer en cuero negro con exclusivas asas de piel de pit\u00f3n. Dise\u00f1o de lujo con logo brillante y gran capacidad. \u00a1Env\u00edo gratis y artesanal!\" \/>\n<meta property=\"og:url\" content=\"https:\/\/tonymora.com\/es\/producto\/tote-bag-tony-mora\/\" \/>\n<meta property=\"og:site_name\" content=\"Tony Mora\u00ae Boots Official Store\" \/>\n<meta property=\"article:publisher\" content=\"https:\/\/www.facebook.com\/Tonymoraofficial\/\" \/>\n<meta property=\"article:modified_time\" content=\"2026-03-17T12:39:06+00:00\" \/>\n<meta property=\"og:image\" content=\"https:\/\/tonymora.com\/wp-content\/uploads\/2024\/10\/68.jpg\" \/>\n\t<meta property=\"og:image:width\" content=\"866\" \/>\n\t<meta property=\"og:image:height\" content=\"1032\" \/>\n\t<meta property=\"og:image:type\" content=\"image\/jpeg\" \/>\n<meta name=\"twitter:card\" content=\"summary_large_image\" \/>\n<meta name=\"twitter:label1\" content=\"Tiempo de lectura\" \/>\n\t<meta name=\"twitter:data1\" content=\"1 minuto\" \/>\n<script type=\"application\/ld+json\" class=\"yoast-schema-graph\">{\"@context\":\"https:\/\/schema.org\",\"@graph\":[{\"@type\":\"WebPage\",\"@id\":\"https:\/\/tonymora.com\/es\/producto\/tote-bag-tony-mora\/\",\"url\":\"https:\/\/tonymora.com\/es\/producto\/tote-bag-tony-mora\/\",\"name\":\"Tote Bag de Mujer en Cuero y Pit\u00f3n Negro | Tony Mora\",\"isPartOf\":{\"@id\":\"https:\/\/tonymora.com\/es\/#website\"},\"primaryImageOfPage\":{\"@id\":\"https:\/\/tonymora.com\/es\/producto\/tote-bag-tony-mora\/#primaryimage\"},\"image\":{\"@id\":\"https:\/\/tonymora.com\/es\/producto\/tote-bag-tony-mora\/#primaryimage\"},\"thumbnailUrl\":\"https:\/\/tonymora.com\/wp-content\/uploads\/2024\/10\/68.jpg\",\"datePublished\":\"2024-10-01T09:06:30+00:00\",\"dateModified\":\"2026-03-17T12:39:06+00:00\",\"description\":\"Bolso tote para mujer en cuero negro con exclusivas asas de piel de pit\u00f3n. Dise\u00f1o de lujo con logo brillante y gran capacidad. \u00a1Env\u00edo gratis y artesanal!\",\"breadcrumb\":{\"@id\":\"https:\/\/tonymora.com\/es\/producto\/tote-bag-tony-mora\/#breadcrumb\"},\"inLanguage\":\"es\",\"potentialAction\":[{\"@type\":\"ReadAction\",\"target\":[\"https:\/\/tonymora.com\/es\/producto\/tote-bag-tony-mora\/\"]}]},{\"@type\":\"ImageObject\",\"inLanguage\":\"es\",\"@id\":\"https:\/\/tonymora.com\/es\/producto\/tote-bag-tony-mora\/#primaryimage\",\"url\":\"https:\/\/tonymora.com\/wp-content\/uploads\/2024\/10\/68.jpg\",\"contentUrl\":\"https:\/\/tonymora.com\/wp-content\/uploads\/2024\/10\/68.jpg\",\"width\":866,\"height\":1032,\"caption\":\"Tote Bag de Mujer en Cuero y Pit\u00f3n Negro | Tony Mora\"},{\"@type\":\"BreadcrumbList\",\"@id\":\"https:\/\/tonymora.com\/es\/producto\/tote-bag-tony-mora\/#breadcrumb\",\"itemListElement\":[{\"@type\":\"ListItem\",\"position\":1,\"name\":\"Portada\",\"item\":\"https:\/\/tonymora.com\/es\/\"},{\"@type\":\"ListItem\",\"position\":2,\"name\":\"Tienda\",\"item\":\"https:\/\/tonymora.com\/es\/tienda\/\"},{\"@type\":\"ListItem\",\"position\":3,\"name\":\"Mujer\",\"item\":\"https:\/\/tonymora.com\/es\/categoria-producto\/mujer\/\"},{\"@type\":\"ListItem\",\"position\":4,\"name\":\"Bolsos\",\"item\":\"https:\/\/tonymora.com\/es\/categoria-producto\/mujer\/bolsos\/\"},{\"@type\":\"ListItem\",\"position\":5,\"name\":\"TOTE BAG TONY MORA\"}]},{\"@type\":\"WebSite\",\"@id\":\"https:\/\/tonymora.com\/es\/#website\",\"url\":\"https:\/\/tonymora.com\/es\/\",\"name\":\"Tony Mora\u00ae Boots Official Store\",\"description\":\"Cowboy Boots\",\"publisher\":{\"@id\":\"https:\/\/tonymora.com\/es\/#organization\"},\"potentialAction\":[{\"@type\":\"SearchAction\",\"target\":{\"@type\":\"EntryPoint\",\"urlTemplate\":\"https:\/\/tonymora.com\/es\/?s={search_term_string}\"},\"query-input\":{\"@type\":\"PropertyValueSpecification\",\"valueRequired\":true,\"valueName\":\"search_term_string\"}}],\"inLanguage\":\"es\"},{\"@type\":\"Organization\",\"@id\":\"https:\/\/tonymora.com\/es\/#organization\",\"name\":\"Tony Mora Boots\",\"url\":\"https:\/\/tonymora.com\/es\/\",\"logo\":{\"@type\":\"ImageObject\",\"inLanguage\":\"es\",\"@id\":\"https:\/\/tonymora.com\/es\/#\/schema\/logo\/image\/\",\"url\":\"https:\/\/tonymora.com\/wp-content\/uploads\/2023\/12\/LOGO.jpg\",\"contentUrl\":\"https:\/\/tonymora.com\/wp-content\/uploads\/2023\/12\/LOGO.jpg\",\"width\":2272,\"height\":1411,\"caption\":\"Tony Mora Boots\"},\"image\":{\"@id\":\"https:\/\/tonymora.com\/es\/#\/schema\/logo\/image\/\"},\"sameAs\":[\"https:\/\/www.facebook.com\/Tonymoraofficial\/\",\"https:\/\/www.instagram.com\/tonymoraofficial\/?hl=es\"]}]}<\/script>\n<!-- \/ Yoast SEO plugin. -->","yoast_head_json":{"title":"Tote Bag de Mujer en Cuero y Pit\u00f3n Negro | Tony Mora","description":"Bolso tote para mujer en cuero negro con exclusivas asas de piel de pit\u00f3n. Dise\u00f1o de lujo con logo brillante y gran capacidad. \u00a1Env\u00edo gratis y artesanal!","robots":{"index":"index","follow":"follow","max-snippet":"max-snippet:-1","max-image-preview":"max-image-preview:large","max-video-preview":"max-video-preview:-1"},"canonical":"https:\/\/tonymora.com\/es\/producto\/tote-bag-tony-mora\/","og_locale":"es_ES","og_type":"article","og_title":"Tote Bag de Mujer en Cuero y Pit\u00f3n Negro | Tony Mora","og_description":"Bolso tote para mujer en cuero negro con exclusivas asas de piel de pit\u00f3n. Dise\u00f1o de lujo con logo brillante y gran capacidad. \u00a1Env\u00edo gratis y artesanal!","og_url":"https:\/\/tonymora.com\/es\/producto\/tote-bag-tony-mora\/","og_site_name":"Tony Mora\u00ae Boots Official Store","article_publisher":"https:\/\/www.facebook.com\/Tonymoraofficial\/","article_modified_time":"2026-03-17T12:39:06+00:00","og_image":[{"width":866,"height":1032,"url":"https:\/\/tonymora.com\/wp-content\/uploads\/2024\/10\/68.jpg","type":"image\/jpeg"}],"twitter_card":"summary_large_image","twitter_misc":{"Tiempo de lectura":"1 minuto"},"schema":{"@context":"https:\/\/schema.org","@graph":[{"@type":"WebPage","@id":"https:\/\/tonymora.com\/es\/producto\/tote-bag-tony-mora\/","url":"https:\/\/tonymora.com\/es\/producto\/tote-bag-tony-mora\/","name":"Tote Bag de Mujer en Cuero y Pit\u00f3n Negro | Tony Mora","isPartOf":{"@id":"https:\/\/tonymora.com\/es\/#website"},"primaryImageOfPage":{"@id":"https:\/\/tonymora.com\/es\/producto\/tote-bag-tony-mora\/#primaryimage"},"image":{"@id":"https:\/\/tonymora.com\/es\/producto\/tote-bag-tony-mora\/#primaryimage"},"thumbnailUrl":"https:\/\/tonymora.com\/wp-content\/uploads\/2024\/10\/68.jpg","datePublished":"2024-10-01T09:06:30+00:00","dateModified":"2026-03-17T12:39:06+00:00","description":"Bolso tote para mujer en cuero negro con exclusivas asas de piel de pit\u00f3n. Dise\u00f1o de lujo con logo brillante y gran capacidad. \u00a1Env\u00edo gratis y artesanal!","breadcrumb":{"@id":"https:\/\/tonymora.com\/es\/producto\/tote-bag-tony-mora\/#breadcrumb"},"inLanguage":"es","potentialAction":[{"@type":"ReadAction","target":["https:\/\/tonymora.com\/es\/producto\/tote-bag-tony-mora\/"]}]},{"@type":"ImageObject","inLanguage":"es","@id":"https:\/\/tonymora.com\/es\/producto\/tote-bag-tony-mora\/#primaryimage","url":"https:\/\/tonymora.com\/wp-content\/uploads\/2024\/10\/68.jpg","contentUrl":"https:\/\/tonymora.com\/wp-content\/uploads\/2024\/10\/68.jpg","width":866,"height":1032,"caption":"Tote Bag de Mujer en Cuero y Pit\u00f3n Negro | Tony Mora"},{"@type":"BreadcrumbList","@id":"https:\/\/tonymora.com\/es\/producto\/tote-bag-tony-mora\/#breadcrumb","itemListElement":[{"@type":"ListItem","position":1,"name":"Portada","item":"https:\/\/tonymora.com\/es\/"},{"@type":"ListItem","position":2,"name":"Tienda","item":"https:\/\/tonymora.com\/es\/tienda\/"},{"@type":"ListItem","position":3,"name":"Mujer","item":"https:\/\/tonymora.com\/es\/categoria-producto\/mujer\/"},{"@type":"ListItem","position":4,"name":"Bolsos","item":"https:\/\/tonymora.com\/es\/categoria-producto\/mujer\/bolsos\/"},{"@type":"ListItem","position":5,"name":"TOTE BAG TONY MORA"}]},{"@type":"WebSite","@id":"https:\/\/tonymora.com\/es\/#website","url":"https:\/\/tonymora.com\/es\/","name":"Tony Mora\u00ae Boots Official Store","description":"Cowboy Boots","publisher":{"@id":"https:\/\/tonymora.com\/es\/#organization"},"potentialAction":[{"@type":"SearchAction","target":{"@type":"EntryPoint","urlTemplate":"https:\/\/tonymora.com\/es\/?s={search_term_string}"},"query-input":{"@type":"PropertyValueSpecification","valueRequired":true,"valueName":"search_term_string"}}],"inLanguage":"es"},{"@type":"Organization","@id":"https:\/\/tonymora.com\/es\/#organization","name":"Tony Mora Boots","url":"https:\/\/tonymora.com\/es\/","logo":{"@type":"ImageObject","inLanguage":"es","@id":"https:\/\/tonymora.com\/es\/#\/schema\/logo\/image\/","url":"https:\/\/tonymora.com\/wp-content\/uploads\/2023\/12\/LOGO.jpg","contentUrl":"https:\/\/tonymora.com\/wp-content\/uploads\/2023\/12\/LOGO.jpg","width":2272,"height":1411,"caption":"Tony Mora Boots"},"image":{"@id":"https:\/\/tonymora.com\/es\/#\/schema\/logo\/image\/"},"sameAs":["https:\/\/www.facebook.com\/Tonymoraofficial\/","https:\/\/www.instagram.com\/tonymoraofficial\/?hl=es"]}]}},"_links":{"self":[{"href":"https:\/\/tonymora.com\/es\/wp-json\/wp\/v2\/product\/716322","targetHints":{"allow":["GET"]}}],"collection":[{"href":"https:\/\/tonymora.com\/es\/wp-json\/wp\/v2\/product"}],"about":[{"href":"https:\/\/tonymora.com\/es\/wp-json\/wp\/v2\/types\/product"}],"wp:featuredmedia":[{"embeddable":true,"href":"https:\/\/tonymora.com\/es\/wp-json\/wp\/v2\/media\/716328"}],"wp:attachment":[{"href":"https:\/\/tonymora.com\/es\/wp-json\/wp\/v2\/media?parent=716322"}],"wp:term":[{"taxonomy":"product_brand","embeddable":true,"href":"https:\/\/tonymora.com\/es\/wp-json\/wp\/v2\/product_brand?post=716322"},{"taxonomy":"product_cat","embeddable":true,"href":"https:\/\/tonymora.com\/es\/wp-json\/wp\/v2\/product_cat?post=716322"},{"taxonomy":"product_tag","embeddable":true,"href":"https:\/\/tonymora.com\/es\/wp-json\/wp\/v2\/product_tag?post=716322"}],"curies":[{"name":"wp","href":"https:\/\/api.w.org\/{rel}","templated":true}]}}