{"id":718215,"date":"2025-04-08T23:21:26","date_gmt":"2025-04-08T21:21:26","guid":{"rendered":"https:\/\/tonymora.com\/?post_type=product&#038;p=718215"},"modified":"2026-04-06T07:33:21","modified_gmt":"2026-04-06T05:33:21","slug":"3684-daslu-lini-piton-bc-negro","status":"publish","type":"product","link":"https:\/\/tonymora.com\/es\/producto\/3684-daslu-lini-piton-bc-negro\/","title":{"rendered":"3684 DASLU LINI PITON BC NEGRO"},"content":{"rendered":"<p>Autenticidad que se nota desde el primer vistazo. Esta <b>bota de ca\u00f1a baja<\/b>, elaborada \u00edntegramente en <b>piel ex\u00f3tica de pit\u00f3n negra<\/b>, es una declaraci\u00f3n de estilo con car\u00e1cter que solo se encuentra en el calzado de lujo.<\/p>\n<p>Nuestras <b>botas de Pit\u00f3n Negro<\/b> est\u00e1n dise\u00f1adas con una silueta estrecha y elegante que se adapta perfectamente a la pierna, <b>realzando la figura<\/b> sin renunciar jam\u00e1s a la comodidad. El patr\u00f3n \u00fanico de la <b>piel de serpiente negra<\/b> y su sutil brillo convierten cada par en una pieza exclusiva.<\/p>\n<p>Nacidas del saber hacer de nuestros artesanos en Mallorca, estas <b>botas cowboy ca\u00f1a baja<\/b> representan la m\u00e1xima exclusividad. Son un dise\u00f1o pensado para mujeres que entienden la calidad y buscan <b>botas premium<\/b> con una textura natural inigualable.<\/p>\n<p>Si buscas la bota que define tu estilo, elige el modelo 3684 DASLU LINI, una combinaci\u00f3n perfecta de dise\u00f1o vanguardista y la atemporalidad del <b>calzado artesanal<\/b>.<\/p>\n","protected":false},"excerpt":{"rendered":"<p>Distinci\u00f3n natural en una silueta que no pasa desapercibida. Car\u00e1cter ic\u00f3nico con un toque indomable.<br \/>\nPara llevarla hoy, ma\u00f1ana y dentro de a\u00f1os, con la misma fuerza.<\/p>\n","protected":false},"featured_media":717917,"template":"","meta":{"_mbp_gutenberg_autopost":false},"product_brand":[],"product_cat":[1172,119,1133,1132,121,112,1130],"product_tag":[],"class_list":{"0":"post-718215","1":"product","2":"type-product","3":"status-publish","4":"has-post-thumbnail","6":"product_cat-black-friday","7":"product_cat-botas-casual-mujer","8":"product_cat-botas-de-piel-mujer","9":"product_cat-botas-de-piton-mujer","10":"product_cat-botines-mujer","11":"product_cat-mujer","12":"product_cat-rebajas-mujer","14":"first","15":"instock","16":"taxable","17":"shipping-taxable","18":"purchasable","19":"product-type-variable"},"supplier_id":null,"supplier_sku":"","barcode":null,"atum_controlled":true,"out_stock_date":null,"out_stock_threshold":null,"inheritable":true,"inbound_stock":0,"stock_on_hold":4,"sold_today":0,"sales_last_days":0,"reserved_stock":0,"customer_returns":0,"warehouse_damage":0,"lost_in_post":0,"other_logs":0,"out_stock_days":null,"lost_sales":0,"has_location":false,"update_date":"2026-03-23T14:22:19","atum_locations":[],"atum_stock_status":"instock","restock_status":false,"low_stock_amount":"","sales_update_date":"2026-02-09T11:28:51","calc_backorders":null,"yoast_head":"<!-- This site is optimized with the Yoast SEO plugin v27.2 - https:\/\/yoast.com\/product\/yoast-seo-wordpress\/ -->\n<title>Botas Cowboy Ca\u00f1a Baja Pit\u00f3n Negro | Piel Ex\u00f3tica | Tony Mora<\/title>\n<meta name=\"description\" content=\"Descubre la autenticidad de las Botas Cowboy Pit\u00f3n Negro de ca\u00f1a baja. Piel ex\u00f3tica, silueta estrecha que realza la figura y fabricaci\u00f3n artesanal en Mallorca.\" \/>\n<meta name=\"robots\" content=\"index, follow, max-snippet:-1, max-image-preview:large, max-video-preview:-1\" \/>\n<link rel=\"canonical\" href=\"https:\/\/tonymora.com\/es\/producto\/3684-daslu-lini-piton-bc-negro\/\" \/>\n<meta property=\"og:locale\" content=\"es_ES\" \/>\n<meta property=\"og:type\" content=\"article\" \/>\n<meta property=\"og:title\" content=\"Botas Cowboy Ca\u00f1a Baja Pit\u00f3n Negro | Piel Ex\u00f3tica | Tony Mora\" \/>\n<meta property=\"og:description\" content=\"Descubre la autenticidad de las Botas Cowboy Pit\u00f3n Negro de ca\u00f1a baja. Piel ex\u00f3tica, silueta estrecha que realza la figura y fabricaci\u00f3n artesanal en Mallorca.\" \/>\n<meta property=\"og:url\" content=\"https:\/\/tonymora.com\/es\/producto\/3684-daslu-lini-piton-bc-negro\/\" \/>\n<meta property=\"og:site_name\" content=\"Tony Mora\u00ae Boots Official Store\" \/>\n<meta property=\"article:publisher\" content=\"https:\/\/www.facebook.com\/Tonymoraofficial\/\" \/>\n<meta property=\"article:modified_time\" content=\"2026-04-06T05:33:21+00:00\" \/>\n<meta property=\"og:image\" content=\"https:\/\/tonymora.com\/wp-content\/uploads\/2025\/04\/57.jpg\" \/>\n\t<meta property=\"og:image:width\" content=\"866\" \/>\n\t<meta property=\"og:image:height\" content=\"1032\" \/>\n\t<meta property=\"og:image:type\" content=\"image\/jpeg\" \/>\n<meta name=\"twitter:card\" content=\"summary_large_image\" \/>\n<meta name=\"twitter:label1\" content=\"Tiempo de lectura\" \/>\n\t<meta name=\"twitter:data1\" content=\"1 minuto\" \/>\n<script type=\"application\/ld+json\" class=\"yoast-schema-graph\">{\"@context\":\"https:\/\/schema.org\",\"@graph\":[{\"@type\":\"WebPage\",\"@id\":\"https:\/\/tonymora.com\/es\/producto\/3684-daslu-lini-piton-bc-negro\/\",\"url\":\"https:\/\/tonymora.com\/es\/producto\/3684-daslu-lini-piton-bc-negro\/\",\"name\":\"Botas Cowboy Ca\u00f1a Baja Pit\u00f3n Negro | Piel Ex\u00f3tica | Tony Mora\",\"isPartOf\":{\"@id\":\"https:\/\/tonymora.com\/es\/#website\"},\"primaryImageOfPage\":{\"@id\":\"https:\/\/tonymora.com\/es\/producto\/3684-daslu-lini-piton-bc-negro\/#primaryimage\"},\"image\":{\"@id\":\"https:\/\/tonymora.com\/es\/producto\/3684-daslu-lini-piton-bc-negro\/#primaryimage\"},\"thumbnailUrl\":\"https:\/\/tonymora.com\/wp-content\/uploads\/2025\/04\/57.jpg\",\"datePublished\":\"2025-04-08T21:21:26+00:00\",\"dateModified\":\"2026-04-06T05:33:21+00:00\",\"description\":\"Descubre la autenticidad de las Botas Cowboy Pit\u00f3n Negro de ca\u00f1a baja. Piel ex\u00f3tica, silueta estrecha que realza la figura y fabricaci\u00f3n artesanal en Mallorca.\",\"breadcrumb\":{\"@id\":\"https:\/\/tonymora.com\/es\/producto\/3684-daslu-lini-piton-bc-negro\/#breadcrumb\"},\"inLanguage\":\"es\",\"potentialAction\":[{\"@type\":\"ReadAction\",\"target\":[\"https:\/\/tonymora.com\/es\/producto\/3684-daslu-lini-piton-bc-negro\/\"]}]},{\"@type\":\"ImageObject\",\"inLanguage\":\"es\",\"@id\":\"https:\/\/tonymora.com\/es\/producto\/3684-daslu-lini-piton-bc-negro\/#primaryimage\",\"url\":\"https:\/\/tonymora.com\/wp-content\/uploads\/2025\/04\/57.jpg\",\"contentUrl\":\"https:\/\/tonymora.com\/wp-content\/uploads\/2025\/04\/57.jpg\",\"width\":866,\"height\":1032,\"caption\":\"botas cowboy ca\u00f1a baja piel piton negro\"},{\"@type\":\"BreadcrumbList\",\"@id\":\"https:\/\/tonymora.com\/es\/producto\/3684-daslu-lini-piton-bc-negro\/#breadcrumb\",\"itemListElement\":[{\"@type\":\"ListItem\",\"position\":1,\"name\":\"Portada\",\"item\":\"https:\/\/tonymora.com\/es\/\"},{\"@type\":\"ListItem\",\"position\":2,\"name\":\"Tienda\",\"item\":\"https:\/\/tonymora.com\/es\/tienda\/\"},{\"@type\":\"ListItem\",\"position\":3,\"name\":\"Mujer\",\"item\":\"https:\/\/tonymora.com\/es\/categoria-producto\/mujer\/\"},{\"@type\":\"ListItem\",\"position\":4,\"name\":\"3684 DASLU LINI PITON BC NEGRO\"}]},{\"@type\":\"WebSite\",\"@id\":\"https:\/\/tonymora.com\/es\/#website\",\"url\":\"https:\/\/tonymora.com\/es\/\",\"name\":\"Tony Mora\u00ae Boots Official Store\",\"description\":\"Cowboy Boots\",\"publisher\":{\"@id\":\"https:\/\/tonymora.com\/es\/#organization\"},\"potentialAction\":[{\"@type\":\"SearchAction\",\"target\":{\"@type\":\"EntryPoint\",\"urlTemplate\":\"https:\/\/tonymora.com\/es\/?s={search_term_string}\"},\"query-input\":{\"@type\":\"PropertyValueSpecification\",\"valueRequired\":true,\"valueName\":\"search_term_string\"}}],\"inLanguage\":\"es\"},{\"@type\":\"Organization\",\"@id\":\"https:\/\/tonymora.com\/es\/#organization\",\"name\":\"Tony Mora Boots\",\"url\":\"https:\/\/tonymora.com\/es\/\",\"logo\":{\"@type\":\"ImageObject\",\"inLanguage\":\"es\",\"@id\":\"https:\/\/tonymora.com\/es\/#\/schema\/logo\/image\/\",\"url\":\"https:\/\/tonymora.com\/wp-content\/uploads\/2023\/12\/LOGO.jpg\",\"contentUrl\":\"https:\/\/tonymora.com\/wp-content\/uploads\/2023\/12\/LOGO.jpg\",\"width\":2272,\"height\":1411,\"caption\":\"Tony Mora Boots\"},\"image\":{\"@id\":\"https:\/\/tonymora.com\/es\/#\/schema\/logo\/image\/\"},\"sameAs\":[\"https:\/\/www.facebook.com\/Tonymoraofficial\/\",\"https:\/\/www.instagram.com\/tonymoraofficial\/?hl=es\"]}]}<\/script>\n<!-- \/ Yoast SEO plugin. -->","yoast_head_json":{"title":"Botas Cowboy Ca\u00f1a Baja Pit\u00f3n Negro | Piel Ex\u00f3tica | Tony Mora","description":"Descubre la autenticidad de las Botas Cowboy Pit\u00f3n Negro de ca\u00f1a baja. Piel ex\u00f3tica, silueta estrecha que realza la figura y fabricaci\u00f3n artesanal en Mallorca.","robots":{"index":"index","follow":"follow","max-snippet":"max-snippet:-1","max-image-preview":"max-image-preview:large","max-video-preview":"max-video-preview:-1"},"canonical":"https:\/\/tonymora.com\/es\/producto\/3684-daslu-lini-piton-bc-negro\/","og_locale":"es_ES","og_type":"article","og_title":"Botas Cowboy Ca\u00f1a Baja Pit\u00f3n Negro | Piel Ex\u00f3tica | Tony Mora","og_description":"Descubre la autenticidad de las Botas Cowboy Pit\u00f3n Negro de ca\u00f1a baja. Piel ex\u00f3tica, silueta estrecha que realza la figura y fabricaci\u00f3n artesanal en Mallorca.","og_url":"https:\/\/tonymora.com\/es\/producto\/3684-daslu-lini-piton-bc-negro\/","og_site_name":"Tony Mora\u00ae Boots Official Store","article_publisher":"https:\/\/www.facebook.com\/Tonymoraofficial\/","article_modified_time":"2026-04-06T05:33:21+00:00","og_image":[{"width":866,"height":1032,"url":"https:\/\/tonymora.com\/wp-content\/uploads\/2025\/04\/57.jpg","type":"image\/jpeg"}],"twitter_card":"summary_large_image","twitter_misc":{"Tiempo de lectura":"1 minuto"},"schema":{"@context":"https:\/\/schema.org","@graph":[{"@type":"WebPage","@id":"https:\/\/tonymora.com\/es\/producto\/3684-daslu-lini-piton-bc-negro\/","url":"https:\/\/tonymora.com\/es\/producto\/3684-daslu-lini-piton-bc-negro\/","name":"Botas Cowboy Ca\u00f1a Baja Pit\u00f3n Negro | Piel Ex\u00f3tica | Tony Mora","isPartOf":{"@id":"https:\/\/tonymora.com\/es\/#website"},"primaryImageOfPage":{"@id":"https:\/\/tonymora.com\/es\/producto\/3684-daslu-lini-piton-bc-negro\/#primaryimage"},"image":{"@id":"https:\/\/tonymora.com\/es\/producto\/3684-daslu-lini-piton-bc-negro\/#primaryimage"},"thumbnailUrl":"https:\/\/tonymora.com\/wp-content\/uploads\/2025\/04\/57.jpg","datePublished":"2025-04-08T21:21:26+00:00","dateModified":"2026-04-06T05:33:21+00:00","description":"Descubre la autenticidad de las Botas Cowboy Pit\u00f3n Negro de ca\u00f1a baja. Piel ex\u00f3tica, silueta estrecha que realza la figura y fabricaci\u00f3n artesanal en Mallorca.","breadcrumb":{"@id":"https:\/\/tonymora.com\/es\/producto\/3684-daslu-lini-piton-bc-negro\/#breadcrumb"},"inLanguage":"es","potentialAction":[{"@type":"ReadAction","target":["https:\/\/tonymora.com\/es\/producto\/3684-daslu-lini-piton-bc-negro\/"]}]},{"@type":"ImageObject","inLanguage":"es","@id":"https:\/\/tonymora.com\/es\/producto\/3684-daslu-lini-piton-bc-negro\/#primaryimage","url":"https:\/\/tonymora.com\/wp-content\/uploads\/2025\/04\/57.jpg","contentUrl":"https:\/\/tonymora.com\/wp-content\/uploads\/2025\/04\/57.jpg","width":866,"height":1032,"caption":"botas cowboy ca\u00f1a baja piel piton negro"},{"@type":"BreadcrumbList","@id":"https:\/\/tonymora.com\/es\/producto\/3684-daslu-lini-piton-bc-negro\/#breadcrumb","itemListElement":[{"@type":"ListItem","position":1,"name":"Portada","item":"https:\/\/tonymora.com\/es\/"},{"@type":"ListItem","position":2,"name":"Tienda","item":"https:\/\/tonymora.com\/es\/tienda\/"},{"@type":"ListItem","position":3,"name":"Mujer","item":"https:\/\/tonymora.com\/es\/categoria-producto\/mujer\/"},{"@type":"ListItem","position":4,"name":"3684 DASLU LINI PITON BC NEGRO"}]},{"@type":"WebSite","@id":"https:\/\/tonymora.com\/es\/#website","url":"https:\/\/tonymora.com\/es\/","name":"Tony Mora\u00ae Boots Official Store","description":"Cowboy Boots","publisher":{"@id":"https:\/\/tonymora.com\/es\/#organization"},"potentialAction":[{"@type":"SearchAction","target":{"@type":"EntryPoint","urlTemplate":"https:\/\/tonymora.com\/es\/?s={search_term_string}"},"query-input":{"@type":"PropertyValueSpecification","valueRequired":true,"valueName":"search_term_string"}}],"inLanguage":"es"},{"@type":"Organization","@id":"https:\/\/tonymora.com\/es\/#organization","name":"Tony Mora Boots","url":"https:\/\/tonymora.com\/es\/","logo":{"@type":"ImageObject","inLanguage":"es","@id":"https:\/\/tonymora.com\/es\/#\/schema\/logo\/image\/","url":"https:\/\/tonymora.com\/wp-content\/uploads\/2023\/12\/LOGO.jpg","contentUrl":"https:\/\/tonymora.com\/wp-content\/uploads\/2023\/12\/LOGO.jpg","width":2272,"height":1411,"caption":"Tony Mora Boots"},"image":{"@id":"https:\/\/tonymora.com\/es\/#\/schema\/logo\/image\/"},"sameAs":["https:\/\/www.facebook.com\/Tonymoraofficial\/","https:\/\/www.instagram.com\/tonymoraofficial\/?hl=es"]}]}},"_links":{"self":[{"href":"https:\/\/tonymora.com\/es\/wp-json\/wp\/v2\/product\/718215","targetHints":{"allow":["GET"]}}],"collection":[{"href":"https:\/\/tonymora.com\/es\/wp-json\/wp\/v2\/product"}],"about":[{"href":"https:\/\/tonymora.com\/es\/wp-json\/wp\/v2\/types\/product"}],"wp:featuredmedia":[{"embeddable":true,"href":"https:\/\/tonymora.com\/es\/wp-json\/wp\/v2\/media\/717917"}],"wp:attachment":[{"href":"https:\/\/tonymora.com\/es\/wp-json\/wp\/v2\/media?parent=718215"}],"wp:term":[{"taxonomy":"product_brand","embeddable":true,"href":"https:\/\/tonymora.com\/es\/wp-json\/wp\/v2\/product_brand?post=718215"},{"taxonomy":"product_cat","embeddable":true,"href":"https:\/\/tonymora.com\/es\/wp-json\/wp\/v2\/product_cat?post=718215"},{"taxonomy":"product_tag","embeddable":true,"href":"https:\/\/tonymora.com\/es\/wp-json\/wp\/v2\/product_tag?post=718215"}],"curies":[{"name":"wp","href":"https:\/\/api.w.org\/{rel}","templated":true}]}}