{"id":718308,"date":"2025-04-08T23:42:18","date_gmt":"2025-04-08T21:42:18","guid":{"rendered":"https:\/\/tonymora.com\/?post_type=product&#038;p=718308"},"modified":"2026-04-17T07:32:54","modified_gmt":"2026-04-17T05:32:54","slug":"4195-tx-recto-serraje-brash-tabaco","status":"publish","type":"product","link":"https:\/\/tonymora.com\/es\/producto\/4195-tx-recto-serraje-brash-tabaco\/","title":{"rendered":"4195 TX RECTO SERRAJE BRASH TABACO"},"content":{"rendered":"<p class=\"\" data-start=\"227\" data-end=\"289\">El cl\u00e1sico esp\u00edritu biker reinterpretado con calidez y estilo.<\/p>\n<p class=\"\" data-start=\"291\" data-end=\"555\">Este dise\u00f1o de ca\u00f1a baja destaca por su car\u00e1cter, pero tambi\u00e9n por su versatilidad. El acabado brash en serraje tabaco le aporta profundidad y matices \u00fanicos, mientras que los detalles met\u00e1licos equilibran la fuerza del dise\u00f1o con una est\u00e9tica cuidada y aut\u00e9ntica. Una bota pensada para quienes no renuncian a la personalidad, pero buscan una pieza f\u00e1cil de combinar en el d\u00eda a d\u00eda. Atrevida, elegante y con alma mediterr\u00e1nea.<\/p>\n","protected":false},"excerpt":{"rendered":"<p>Car\u00e1cter y refinamiento en equilibrio perfecto. Vers\u00e1til y f\u00e1cil de combinar, sin perder personalidad.<br \/>\nEl toque final que convierte lo simple en memorable.<\/p>\n","protected":false},"featured_media":717914,"template":"","meta":{"_mbp_gutenberg_autopost":false},"product_brand":[],"product_cat":[113,1133,112,1130],"product_tag":[],"class_list":{"0":"post-718308","1":"product","2":"type-product","3":"status-publish","4":"has-post-thumbnail","6":"product_cat-botas-biker-mujer","7":"product_cat-botas-de-piel-mujer","8":"product_cat-mujer","9":"product_cat-rebajas-mujer","11":"first","12":"instock","13":"taxable","14":"shipping-taxable","15":"purchasable","16":"product-type-variable"},"supplier_id":null,"supplier_sku":"","barcode":null,"atum_controlled":true,"out_stock_date":null,"out_stock_threshold":null,"inheritable":true,"inbound_stock":0,"stock_on_hold":3,"sold_today":1,"sales_last_days":1,"reserved_stock":0,"customer_returns":0,"warehouse_damage":0,"lost_in_post":0,"other_logs":0,"out_stock_days":null,"lost_sales":0,"has_location":false,"update_date":"2026-03-21T16:25:59","atum_locations":[],"atum_stock_status":"instock","restock_status":false,"low_stock_amount":"","sales_update_date":"2026-03-07T13:45:36","calc_backorders":null,"yoast_head":"<!-- This site is optimized with the Yoast SEO plugin v27.4 - https:\/\/yoast.com\/product\/yoast-seo-wordpress\/ -->\n<title>Botas Motera Mujer Piel Marr\u00f3n \u2013 Estilo y Resistencia<\/title>\n<meta name=\"description\" content=\"El cl\u00e1sico esp\u00edritu biker reinterpretado con calidez y estilo.Este dise\u00f1o de ca\u00f1a baja destaca por su car\u00e1cter, pero tambi\u00e9n por su versatilidad. El acabado brash en serraje tabaco le aporta profundidad y matices \u00fanicos, mientras que los detalles met\u00e1licos equilibran la fuerza del dise\u00f1o con una est\u00e9tica cuidada y aut\u00e9ntica. Una bota pensada para quienes no renuncian a la personalidad, pero buscan una pieza f\u00e1cil de combinar en el d\u00eda a d\u00eda. Atrevida, elegante y con alma mediterr\u00e1nea.\" \/>\n<meta name=\"robots\" content=\"index, follow, max-snippet:-1, max-image-preview:large, max-video-preview:-1\" \/>\n<link rel=\"canonical\" href=\"https:\/\/tonymora.com\/es\/producto\/4195-tx-recto-serraje-brash-tabaco\/\" \/>\n<meta property=\"og:locale\" content=\"es_ES\" \/>\n<meta property=\"og:type\" content=\"article\" \/>\n<meta property=\"og:title\" content=\"Botas Motera Mujer Piel Marr\u00f3n \u2013 Estilo y Resistencia\" \/>\n<meta property=\"og:description\" content=\"El cl\u00e1sico esp\u00edritu biker reinterpretado con calidez y estilo.Este dise\u00f1o de ca\u00f1a baja destaca por su car\u00e1cter, pero tambi\u00e9n por su versatilidad. El acabado brash en serraje tabaco le aporta profundidad y matices \u00fanicos, mientras que los detalles met\u00e1licos equilibran la fuerza del dise\u00f1o con una est\u00e9tica cuidada y aut\u00e9ntica. Una bota pensada para quienes no renuncian a la personalidad, pero buscan una pieza f\u00e1cil de combinar en el d\u00eda a d\u00eda. Atrevida, elegante y con alma mediterr\u00e1nea.\" \/>\n<meta property=\"og:url\" content=\"https:\/\/tonymora.com\/es\/producto\/4195-tx-recto-serraje-brash-tabaco\/\" \/>\n<meta property=\"og:site_name\" content=\"Tony Mora\u00ae Boots Official Store\" \/>\n<meta property=\"article:publisher\" content=\"https:\/\/www.facebook.com\/Tonymoraofficial\/\" \/>\n<meta property=\"article:modified_time\" content=\"2026-04-17T05:32:54+00:00\" \/>\n<meta property=\"og:image\" content=\"https:\/\/tonymora.com\/wp-content\/uploads\/2025\/04\/56.jpg\" \/>\n\t<meta property=\"og:image:width\" content=\"866\" \/>\n\t<meta property=\"og:image:height\" content=\"1032\" \/>\n\t<meta property=\"og:image:type\" content=\"image\/jpeg\" \/>\n<meta name=\"twitter:card\" content=\"summary_large_image\" \/>\n<meta name=\"twitter:label1\" content=\"Tiempo de lectura\" \/>\n\t<meta name=\"twitter:data1\" content=\"1 minuto\" \/>\n<script type=\"application\/ld+json\" class=\"yoast-schema-graph\">{\"@context\":\"https:\\\/\\\/schema.org\",\"@graph\":[{\"@type\":\"WebPage\",\"@id\":\"https:\\\/\\\/tonymora.com\\\/es\\\/producto\\\/4195-tx-recto-serraje-brash-tabaco\\\/\",\"url\":\"https:\\\/\\\/tonymora.com\\\/es\\\/producto\\\/4195-tx-recto-serraje-brash-tabaco\\\/\",\"name\":\"Botas Motera Mujer Piel Marr\u00f3n \u2013 Estilo y Resistencia\",\"isPartOf\":{\"@id\":\"https:\\\/\\\/tonymora.com\\\/es\\\/#website\"},\"primaryImageOfPage\":{\"@id\":\"https:\\\/\\\/tonymora.com\\\/es\\\/producto\\\/4195-tx-recto-serraje-brash-tabaco\\\/#primaryimage\"},\"image\":{\"@id\":\"https:\\\/\\\/tonymora.com\\\/es\\\/producto\\\/4195-tx-recto-serraje-brash-tabaco\\\/#primaryimage\"},\"thumbnailUrl\":\"https:\\\/\\\/tonymora.com\\\/wp-content\\\/uploads\\\/2025\\\/04\\\/56.jpg\",\"datePublished\":\"2025-04-08T21:42:18+00:00\",\"dateModified\":\"2026-04-17T05:32:54+00:00\",\"description\":\"El cl\u00e1sico esp\u00edritu biker reinterpretado con calidez y estilo.Este dise\u00f1o de ca\u00f1a baja destaca por su car\u00e1cter, pero tambi\u00e9n por su versatilidad. El acabado brash en serraje tabaco le aporta profundidad y matices \u00fanicos, mientras que los detalles met\u00e1licos equilibran la fuerza del dise\u00f1o con una est\u00e9tica cuidada y aut\u00e9ntica. Una bota pensada para quienes no renuncian a la personalidad, pero buscan una pieza f\u00e1cil de combinar en el d\u00eda a d\u00eda. Atrevida, elegante y con alma mediterr\u00e1nea.\",\"breadcrumb\":{\"@id\":\"https:\\\/\\\/tonymora.com\\\/es\\\/producto\\\/4195-tx-recto-serraje-brash-tabaco\\\/#breadcrumb\"},\"inLanguage\":\"es\",\"potentialAction\":[{\"@type\":\"ReadAction\",\"target\":[\"https:\\\/\\\/tonymora.com\\\/es\\\/producto\\\/4195-tx-recto-serraje-brash-tabaco\\\/\"]}]},{\"@type\":\"ImageObject\",\"inLanguage\":\"es\",\"@id\":\"https:\\\/\\\/tonymora.com\\\/es\\\/producto\\\/4195-tx-recto-serraje-brash-tabaco\\\/#primaryimage\",\"url\":\"https:\\\/\\\/tonymora.com\\\/wp-content\\\/uploads\\\/2025\\\/04\\\/56.jpg\",\"contentUrl\":\"https:\\\/\\\/tonymora.com\\\/wp-content\\\/uploads\\\/2025\\\/04\\\/56.jpg\",\"width\":866,\"height\":1032},{\"@type\":\"BreadcrumbList\",\"@id\":\"https:\\\/\\\/tonymora.com\\\/es\\\/producto\\\/4195-tx-recto-serraje-brash-tabaco\\\/#breadcrumb\",\"itemListElement\":[{\"@type\":\"ListItem\",\"position\":1,\"name\":\"Portada\",\"item\":\"https:\\\/\\\/tonymora.com\\\/es\\\/\"},{\"@type\":\"ListItem\",\"position\":2,\"name\":\"Tienda\",\"item\":\"https:\\\/\\\/tonymora.com\\\/es\\\/tienda\\\/\"},{\"@type\":\"ListItem\",\"position\":3,\"name\":\"Mujer\",\"item\":\"https:\\\/\\\/tonymora.com\\\/es\\\/categoria-producto\\\/mujer\\\/\"},{\"@type\":\"ListItem\",\"position\":4,\"name\":\"4195 TX RECTO SERRAJE BRASH TABACO\"}]},{\"@type\":\"WebSite\",\"@id\":\"https:\\\/\\\/tonymora.com\\\/es\\\/#website\",\"url\":\"https:\\\/\\\/tonymora.com\\\/es\\\/\",\"name\":\"Tony Mora\u00ae Boots Official Store\",\"description\":\"Cowboy Boots\",\"publisher\":{\"@id\":\"https:\\\/\\\/tonymora.com\\\/es\\\/#organization\"},\"potentialAction\":[{\"@type\":\"SearchAction\",\"target\":{\"@type\":\"EntryPoint\",\"urlTemplate\":\"https:\\\/\\\/tonymora.com\\\/es\\\/?s={search_term_string}\"},\"query-input\":{\"@type\":\"PropertyValueSpecification\",\"valueRequired\":true,\"valueName\":\"search_term_string\"}}],\"inLanguage\":\"es\"},{\"@type\":\"Organization\",\"@id\":\"https:\\\/\\\/tonymora.com\\\/es\\\/#organization\",\"name\":\"Tony Mora Boots\",\"url\":\"https:\\\/\\\/tonymora.com\\\/es\\\/\",\"logo\":{\"@type\":\"ImageObject\",\"inLanguage\":\"es\",\"@id\":\"https:\\\/\\\/tonymora.com\\\/es\\\/#\\\/schema\\\/logo\\\/image\\\/\",\"url\":\"https:\\\/\\\/tonymora.com\\\/wp-content\\\/uploads\\\/2023\\\/12\\\/LOGO.jpg\",\"contentUrl\":\"https:\\\/\\\/tonymora.com\\\/wp-content\\\/uploads\\\/2023\\\/12\\\/LOGO.jpg\",\"width\":2272,\"height\":1411,\"caption\":\"Tony Mora Boots\"},\"image\":{\"@id\":\"https:\\\/\\\/tonymora.com\\\/es\\\/#\\\/schema\\\/logo\\\/image\\\/\"},\"sameAs\":[\"https:\\\/\\\/www.facebook.com\\\/Tonymoraofficial\\\/\",\"https:\\\/\\\/www.instagram.com\\\/tonymoraofficial\\\/?hl=es\"]}]}<\/script>\n<!-- \/ Yoast SEO plugin. -->","yoast_head_json":{"title":"Botas Motera Mujer Piel Marr\u00f3n \u2013 Estilo y Resistencia","description":"El cl\u00e1sico esp\u00edritu biker reinterpretado con calidez y estilo.Este dise\u00f1o de ca\u00f1a baja destaca por su car\u00e1cter, pero tambi\u00e9n por su versatilidad. El acabado brash en serraje tabaco le aporta profundidad y matices \u00fanicos, mientras que los detalles met\u00e1licos equilibran la fuerza del dise\u00f1o con una est\u00e9tica cuidada y aut\u00e9ntica. Una bota pensada para quienes no renuncian a la personalidad, pero buscan una pieza f\u00e1cil de combinar en el d\u00eda a d\u00eda. Atrevida, elegante y con alma mediterr\u00e1nea.","robots":{"index":"index","follow":"follow","max-snippet":"max-snippet:-1","max-image-preview":"max-image-preview:large","max-video-preview":"max-video-preview:-1"},"canonical":"https:\/\/tonymora.com\/es\/producto\/4195-tx-recto-serraje-brash-tabaco\/","og_locale":"es_ES","og_type":"article","og_title":"Botas Motera Mujer Piel Marr\u00f3n \u2013 Estilo y Resistencia","og_description":"El cl\u00e1sico esp\u00edritu biker reinterpretado con calidez y estilo.Este dise\u00f1o de ca\u00f1a baja destaca por su car\u00e1cter, pero tambi\u00e9n por su versatilidad. El acabado brash en serraje tabaco le aporta profundidad y matices \u00fanicos, mientras que los detalles met\u00e1licos equilibran la fuerza del dise\u00f1o con una est\u00e9tica cuidada y aut\u00e9ntica. Una bota pensada para quienes no renuncian a la personalidad, pero buscan una pieza f\u00e1cil de combinar en el d\u00eda a d\u00eda. Atrevida, elegante y con alma mediterr\u00e1nea.","og_url":"https:\/\/tonymora.com\/es\/producto\/4195-tx-recto-serraje-brash-tabaco\/","og_site_name":"Tony Mora\u00ae Boots Official Store","article_publisher":"https:\/\/www.facebook.com\/Tonymoraofficial\/","article_modified_time":"2026-04-17T05:32:54+00:00","og_image":[{"width":866,"height":1032,"url":"https:\/\/tonymora.com\/wp-content\/uploads\/2025\/04\/56.jpg","type":"image\/jpeg"}],"twitter_card":"summary_large_image","twitter_misc":{"Tiempo de lectura":"1 minuto"},"schema":{"@context":"https:\/\/schema.org","@graph":[{"@type":"WebPage","@id":"https:\/\/tonymora.com\/es\/producto\/4195-tx-recto-serraje-brash-tabaco\/","url":"https:\/\/tonymora.com\/es\/producto\/4195-tx-recto-serraje-brash-tabaco\/","name":"Botas Motera Mujer Piel Marr\u00f3n \u2013 Estilo y Resistencia","isPartOf":{"@id":"https:\/\/tonymora.com\/es\/#website"},"primaryImageOfPage":{"@id":"https:\/\/tonymora.com\/es\/producto\/4195-tx-recto-serraje-brash-tabaco\/#primaryimage"},"image":{"@id":"https:\/\/tonymora.com\/es\/producto\/4195-tx-recto-serraje-brash-tabaco\/#primaryimage"},"thumbnailUrl":"https:\/\/tonymora.com\/wp-content\/uploads\/2025\/04\/56.jpg","datePublished":"2025-04-08T21:42:18+00:00","dateModified":"2026-04-17T05:32:54+00:00","description":"El cl\u00e1sico esp\u00edritu biker reinterpretado con calidez y estilo.Este dise\u00f1o de ca\u00f1a baja destaca por su car\u00e1cter, pero tambi\u00e9n por su versatilidad. El acabado brash en serraje tabaco le aporta profundidad y matices \u00fanicos, mientras que los detalles met\u00e1licos equilibran la fuerza del dise\u00f1o con una est\u00e9tica cuidada y aut\u00e9ntica. Una bota pensada para quienes no renuncian a la personalidad, pero buscan una pieza f\u00e1cil de combinar en el d\u00eda a d\u00eda. Atrevida, elegante y con alma mediterr\u00e1nea.","breadcrumb":{"@id":"https:\/\/tonymora.com\/es\/producto\/4195-tx-recto-serraje-brash-tabaco\/#breadcrumb"},"inLanguage":"es","potentialAction":[{"@type":"ReadAction","target":["https:\/\/tonymora.com\/es\/producto\/4195-tx-recto-serraje-brash-tabaco\/"]}]},{"@type":"ImageObject","inLanguage":"es","@id":"https:\/\/tonymora.com\/es\/producto\/4195-tx-recto-serraje-brash-tabaco\/#primaryimage","url":"https:\/\/tonymora.com\/wp-content\/uploads\/2025\/04\/56.jpg","contentUrl":"https:\/\/tonymora.com\/wp-content\/uploads\/2025\/04\/56.jpg","width":866,"height":1032},{"@type":"BreadcrumbList","@id":"https:\/\/tonymora.com\/es\/producto\/4195-tx-recto-serraje-brash-tabaco\/#breadcrumb","itemListElement":[{"@type":"ListItem","position":1,"name":"Portada","item":"https:\/\/tonymora.com\/es\/"},{"@type":"ListItem","position":2,"name":"Tienda","item":"https:\/\/tonymora.com\/es\/tienda\/"},{"@type":"ListItem","position":3,"name":"Mujer","item":"https:\/\/tonymora.com\/es\/categoria-producto\/mujer\/"},{"@type":"ListItem","position":4,"name":"4195 TX RECTO SERRAJE BRASH TABACO"}]},{"@type":"WebSite","@id":"https:\/\/tonymora.com\/es\/#website","url":"https:\/\/tonymora.com\/es\/","name":"Tony Mora\u00ae Boots Official Store","description":"Cowboy Boots","publisher":{"@id":"https:\/\/tonymora.com\/es\/#organization"},"potentialAction":[{"@type":"SearchAction","target":{"@type":"EntryPoint","urlTemplate":"https:\/\/tonymora.com\/es\/?s={search_term_string}"},"query-input":{"@type":"PropertyValueSpecification","valueRequired":true,"valueName":"search_term_string"}}],"inLanguage":"es"},{"@type":"Organization","@id":"https:\/\/tonymora.com\/es\/#organization","name":"Tony Mora Boots","url":"https:\/\/tonymora.com\/es\/","logo":{"@type":"ImageObject","inLanguage":"es","@id":"https:\/\/tonymora.com\/es\/#\/schema\/logo\/image\/","url":"https:\/\/tonymora.com\/wp-content\/uploads\/2023\/12\/LOGO.jpg","contentUrl":"https:\/\/tonymora.com\/wp-content\/uploads\/2023\/12\/LOGO.jpg","width":2272,"height":1411,"caption":"Tony Mora Boots"},"image":{"@id":"https:\/\/tonymora.com\/es\/#\/schema\/logo\/image\/"},"sameAs":["https:\/\/www.facebook.com\/Tonymoraofficial\/","https:\/\/www.instagram.com\/tonymoraofficial\/?hl=es"]}]}},"_links":{"self":[{"href":"https:\/\/tonymora.com\/es\/wp-json\/wp\/v2\/product\/718308","targetHints":{"allow":["GET"]}}],"collection":[{"href":"https:\/\/tonymora.com\/es\/wp-json\/wp\/v2\/product"}],"about":[{"href":"https:\/\/tonymora.com\/es\/wp-json\/wp\/v2\/types\/product"}],"wp:featuredmedia":[{"embeddable":true,"href":"https:\/\/tonymora.com\/es\/wp-json\/wp\/v2\/media\/717914"}],"wp:attachment":[{"href":"https:\/\/tonymora.com\/es\/wp-json\/wp\/v2\/media?parent=718308"}],"wp:term":[{"taxonomy":"product_brand","embeddable":true,"href":"https:\/\/tonymora.com\/es\/wp-json\/wp\/v2\/product_brand?post=718308"},{"taxonomy":"product_cat","embeddable":true,"href":"https:\/\/tonymora.com\/es\/wp-json\/wp\/v2\/product_cat?post=718308"},{"taxonomy":"product_tag","embeddable":true,"href":"https:\/\/tonymora.com\/es\/wp-json\/wp\/v2\/product_tag?post=718308"}],"curies":[{"name":"wp","href":"https:\/\/api.w.org\/{rel}","templated":true}]}}