{"id":718758,"date":"2025-05-05T15:44:31","date_gmt":"2025-05-05T13:44:31","guid":{"rendered":"https:\/\/tonymora.com\/?post_type=product&#038;p=718758"},"modified":"2026-04-08T07:32:13","modified_gmt":"2026-04-08T05:32:13","slug":"1132-shopper-bag-piton-rojo-bc","status":"publish","type":"product","link":"https:\/\/tonymora.com\/es\/producto\/1132-shopper-bag-piton-rojo-bc\/","title":{"rendered":"1132 SHOPPER BAG PITON ROJO BC"},"content":{"rendered":"<p class=\"p1\">Estilo, personalidad y un dise\u00f1o que habla por s\u00ed solo. Este bolso en piel de pit\u00f3n rojo est\u00e1 pensado para mujeres que no siguen tendencias: las crean. Su acabado ex\u00f3tico y su intenso color lo convierten en una pieza de impacto, con detalles dorados y fleco central que refuerzan su car\u00e1cter exclusivo.<\/p>\n<p class=\"p1\">Confeccionado a mano en Mallorca, igual que nuestras botas, transmite la esencia de lo aut\u00e9ntico y el valor del trabajo artesanal. Su formato amplio y pr\u00e1ctico lo hace perfecto para el d\u00eda a d\u00eda, sin renunciar nunca al estilo.<\/p>\n<p class=\"p1\">Un complemento que no solo acompa\u00f1a tu look, lo eleva.<\/p>\n","protected":false},"excerpt":{"rendered":"<p>Una pieza pensada para destacar con discreci\u00f3n y seguridad. Ese detalle que completa el look con distinci\u00f3n.<br \/>\nDise\u00f1ada para quienes entienden la elegancia como una actitud.<\/p>\n","protected":false},"featured_media":718782,"template":"","meta":{"_mbp_gutenberg_autopost":false},"product_brand":[],"product_cat":[1172,537,112],"product_tag":[],"class_list":{"0":"post-718758","1":"product","2":"type-product","3":"status-publish","4":"has-post-thumbnail","6":"product_cat-black-friday","7":"product_cat-bolsos","8":"product_cat-mujer","10":"first","11":"outofstock","12":"taxable","13":"shipping-taxable","14":"purchasable","15":"product-type-simple"},"supplier_id":null,"supplier_sku":"","barcode":null,"atum_controlled":true,"out_stock_date":"2026-04-08 07:32:13","out_stock_threshold":null,"inheritable":false,"inbound_stock":0,"stock_on_hold":0,"sold_today":0,"sales_last_days":0,"reserved_stock":0,"customer_returns":0,"warehouse_damage":0,"lost_in_post":0,"other_logs":0,"out_stock_days":0,"lost_sales":0,"has_location":false,"update_date":"2026-04-08T05:32:13","atum_locations":[],"atum_stock_status":"instock","restock_status":false,"low_stock_amount":4,"sales_update_date":"2026-02-09T11:27:29","calc_backorders":null,"yoast_head":"<!-- This site is optimized with the Yoast SEO plugin v27.2 - https:\/\/yoast.com\/product\/yoast-seo-wordpress\/ -->\n<title>1132 SHOPPER BAG PITON ROJO BC - Tony Mora\u00ae Boots Official Store<\/title>\n<meta name=\"description\" content=\"Estilo, personalidad y un dise\u00f1o que habla por s\u00ed solo. Este bolso en piel de pit\u00f3n rojo est\u00e1 pensado para mujeres que no siguen tendencias: las crean. Su acabado ex\u00f3tico y su intenso color lo convierten en una pieza de impacto, con detalles dorados y fleco central que refuerzan su car\u00e1cter exclusivo.Confeccionado a mano en Mallorca, igual que nuestras botas, transmite la esencia de lo aut\u00e9ntico y el valor del trabajo artesanal. Su formato amplio y pr\u00e1ctico lo hace perfecto para el d\u00eda a d\u00eda, sin renunciar nunca al estilo.Un complemento que no solo acompa\u00f1a tu look, lo eleva.\" \/>\n<meta name=\"robots\" content=\"index, follow, max-snippet:-1, max-image-preview:large, max-video-preview:-1\" \/>\n<link rel=\"canonical\" href=\"https:\/\/tonymora.com\/es\/producto\/1132-shopper-bag-piton-rojo-bc\/\" \/>\n<meta property=\"og:locale\" content=\"es_ES\" \/>\n<meta property=\"og:type\" content=\"article\" \/>\n<meta property=\"og:title\" content=\"1132 SHOPPER BAG PITON ROJO BC - Tony Mora\u00ae Boots Official Store\" \/>\n<meta property=\"og:description\" content=\"Estilo, personalidad y un dise\u00f1o que habla por s\u00ed solo. Este bolso en piel de pit\u00f3n rojo est\u00e1 pensado para mujeres que no siguen tendencias: las crean. Su acabado ex\u00f3tico y su intenso color lo convierten en una pieza de impacto, con detalles dorados y fleco central que refuerzan su car\u00e1cter exclusivo.Confeccionado a mano en Mallorca, igual que nuestras botas, transmite la esencia de lo aut\u00e9ntico y el valor del trabajo artesanal. Su formato amplio y pr\u00e1ctico lo hace perfecto para el d\u00eda a d\u00eda, sin renunciar nunca al estilo.Un complemento que no solo acompa\u00f1a tu look, lo eleva.\" \/>\n<meta property=\"og:url\" content=\"https:\/\/tonymora.com\/es\/producto\/1132-shopper-bag-piton-rojo-bc\/\" \/>\n<meta property=\"og:site_name\" content=\"Tony Mora\u00ae Boots Official Store\" \/>\n<meta property=\"article:publisher\" content=\"https:\/\/www.facebook.com\/Tonymoraofficial\/\" \/>\n<meta property=\"article:modified_time\" content=\"2026-04-08T05:32:13+00:00\" \/>\n<meta property=\"og:image\" content=\"https:\/\/tonymora.com\/wp-content\/uploads\/2025\/05\/16-671x800.png\" \/>\n\t<meta property=\"og:image:width\" content=\"671\" \/>\n\t<meta property=\"og:image:height\" content=\"800\" \/>\n\t<meta property=\"og:image:type\" content=\"image\/png\" \/>\n<meta name=\"twitter:card\" content=\"summary_large_image\" \/>\n<meta name=\"twitter:label1\" content=\"Tiempo de lectura\" \/>\n\t<meta name=\"twitter:data1\" content=\"1 minuto\" \/>\n<script type=\"application\/ld+json\" class=\"yoast-schema-graph\">{\"@context\":\"https:\/\/schema.org\",\"@graph\":[{\"@type\":\"WebPage\",\"@id\":\"https:\/\/tonymora.com\/es\/producto\/1132-shopper-bag-piton-rojo-bc\/\",\"url\":\"https:\/\/tonymora.com\/es\/producto\/1132-shopper-bag-piton-rojo-bc\/\",\"name\":\"1132 SHOPPER BAG PITON ROJO BC - Tony Mora\u00ae Boots Official Store\",\"isPartOf\":{\"@id\":\"https:\/\/tonymora.com\/es\/#website\"},\"primaryImageOfPage\":{\"@id\":\"https:\/\/tonymora.com\/es\/producto\/1132-shopper-bag-piton-rojo-bc\/#primaryimage\"},\"image\":{\"@id\":\"https:\/\/tonymora.com\/es\/producto\/1132-shopper-bag-piton-rojo-bc\/#primaryimage\"},\"thumbnailUrl\":\"https:\/\/tonymora.com\/wp-content\/uploads\/2025\/05\/16.png\",\"datePublished\":\"2025-05-05T13:44:31+00:00\",\"dateModified\":\"2026-04-08T05:32:13+00:00\",\"description\":\"Estilo, personalidad y un dise\u00f1o que habla por s\u00ed solo. Este bolso en piel de pit\u00f3n rojo est\u00e1 pensado para mujeres que no siguen tendencias: las crean. Su acabado ex\u00f3tico y su intenso color lo convierten en una pieza de impacto, con detalles dorados y fleco central que refuerzan su car\u00e1cter exclusivo.Confeccionado a mano en Mallorca, igual que nuestras botas, transmite la esencia de lo aut\u00e9ntico y el valor del trabajo artesanal. Su formato amplio y pr\u00e1ctico lo hace perfecto para el d\u00eda a d\u00eda, sin renunciar nunca al estilo.Un complemento que no solo acompa\u00f1a tu look, lo eleva.\",\"breadcrumb\":{\"@id\":\"https:\/\/tonymora.com\/es\/producto\/1132-shopper-bag-piton-rojo-bc\/#breadcrumb\"},\"inLanguage\":\"es\",\"potentialAction\":[{\"@type\":\"ReadAction\",\"target\":[\"https:\/\/tonymora.com\/es\/producto\/1132-shopper-bag-piton-rojo-bc\/\"]}]},{\"@type\":\"ImageObject\",\"inLanguage\":\"es\",\"@id\":\"https:\/\/tonymora.com\/es\/producto\/1132-shopper-bag-piton-rojo-bc\/#primaryimage\",\"url\":\"https:\/\/tonymora.com\/wp-content\/uploads\/2025\/05\/16.png\",\"contentUrl\":\"https:\/\/tonymora.com\/wp-content\/uploads\/2025\/05\/16.png\",\"width\":1840,\"height\":2193},{\"@type\":\"BreadcrumbList\",\"@id\":\"https:\/\/tonymora.com\/es\/producto\/1132-shopper-bag-piton-rojo-bc\/#breadcrumb\",\"itemListElement\":[{\"@type\":\"ListItem\",\"position\":1,\"name\":\"Portada\",\"item\":\"https:\/\/tonymora.com\/es\/\"},{\"@type\":\"ListItem\",\"position\":2,\"name\":\"Tienda\",\"item\":\"https:\/\/tonymora.com\/es\/tienda\/\"},{\"@type\":\"ListItem\",\"position\":3,\"name\":\"Mujer\",\"item\":\"https:\/\/tonymora.com\/es\/categoria-producto\/mujer\/\"},{\"@type\":\"ListItem\",\"position\":4,\"name\":\"Bolsos\",\"item\":\"https:\/\/tonymora.com\/es\/categoria-producto\/mujer\/bolsos\/\"},{\"@type\":\"ListItem\",\"position\":5,\"name\":\"1132 SHOPPER BAG PITON ROJO BC\"}]},{\"@type\":\"WebSite\",\"@id\":\"https:\/\/tonymora.com\/es\/#website\",\"url\":\"https:\/\/tonymora.com\/es\/\",\"name\":\"Tony Mora\u00ae Boots Official Store\",\"description\":\"Cowboy Boots\",\"publisher\":{\"@id\":\"https:\/\/tonymora.com\/es\/#organization\"},\"potentialAction\":[{\"@type\":\"SearchAction\",\"target\":{\"@type\":\"EntryPoint\",\"urlTemplate\":\"https:\/\/tonymora.com\/es\/?s={search_term_string}\"},\"query-input\":{\"@type\":\"PropertyValueSpecification\",\"valueRequired\":true,\"valueName\":\"search_term_string\"}}],\"inLanguage\":\"es\"},{\"@type\":\"Organization\",\"@id\":\"https:\/\/tonymora.com\/es\/#organization\",\"name\":\"Tony Mora Boots\",\"url\":\"https:\/\/tonymora.com\/es\/\",\"logo\":{\"@type\":\"ImageObject\",\"inLanguage\":\"es\",\"@id\":\"https:\/\/tonymora.com\/es\/#\/schema\/logo\/image\/\",\"url\":\"https:\/\/tonymora.com\/wp-content\/uploads\/2023\/12\/LOGO.jpg\",\"contentUrl\":\"https:\/\/tonymora.com\/wp-content\/uploads\/2023\/12\/LOGO.jpg\",\"width\":2272,\"height\":1411,\"caption\":\"Tony Mora Boots\"},\"image\":{\"@id\":\"https:\/\/tonymora.com\/es\/#\/schema\/logo\/image\/\"},\"sameAs\":[\"https:\/\/www.facebook.com\/Tonymoraofficial\/\",\"https:\/\/www.instagram.com\/tonymoraofficial\/?hl=es\"]}]}<\/script>\n<!-- \/ Yoast SEO plugin. -->","yoast_head_json":{"title":"1132 SHOPPER BAG PITON ROJO BC - Tony Mora\u00ae Boots Official Store","description":"Estilo, personalidad y un dise\u00f1o que habla por s\u00ed solo. Este bolso en piel de pit\u00f3n rojo est\u00e1 pensado para mujeres que no siguen tendencias: las crean. Su acabado ex\u00f3tico y su intenso color lo convierten en una pieza de impacto, con detalles dorados y fleco central que refuerzan su car\u00e1cter exclusivo.Confeccionado a mano en Mallorca, igual que nuestras botas, transmite la esencia de lo aut\u00e9ntico y el valor del trabajo artesanal. Su formato amplio y pr\u00e1ctico lo hace perfecto para el d\u00eda a d\u00eda, sin renunciar nunca al estilo.Un complemento que no solo acompa\u00f1a tu look, lo eleva.","robots":{"index":"index","follow":"follow","max-snippet":"max-snippet:-1","max-image-preview":"max-image-preview:large","max-video-preview":"max-video-preview:-1"},"canonical":"https:\/\/tonymora.com\/es\/producto\/1132-shopper-bag-piton-rojo-bc\/","og_locale":"es_ES","og_type":"article","og_title":"1132 SHOPPER BAG PITON ROJO BC - Tony Mora\u00ae Boots Official Store","og_description":"Estilo, personalidad y un dise\u00f1o que habla por s\u00ed solo. Este bolso en piel de pit\u00f3n rojo est\u00e1 pensado para mujeres que no siguen tendencias: las crean. Su acabado ex\u00f3tico y su intenso color lo convierten en una pieza de impacto, con detalles dorados y fleco central que refuerzan su car\u00e1cter exclusivo.Confeccionado a mano en Mallorca, igual que nuestras botas, transmite la esencia de lo aut\u00e9ntico y el valor del trabajo artesanal. Su formato amplio y pr\u00e1ctico lo hace perfecto para el d\u00eda a d\u00eda, sin renunciar nunca al estilo.Un complemento que no solo acompa\u00f1a tu look, lo eleva.","og_url":"https:\/\/tonymora.com\/es\/producto\/1132-shopper-bag-piton-rojo-bc\/","og_site_name":"Tony Mora\u00ae Boots Official Store","article_publisher":"https:\/\/www.facebook.com\/Tonymoraofficial\/","article_modified_time":"2026-04-08T05:32:13+00:00","og_image":[{"width":671,"height":800,"url":"https:\/\/tonymora.com\/wp-content\/uploads\/2025\/05\/16-671x800.png","type":"image\/png"}],"twitter_card":"summary_large_image","twitter_misc":{"Tiempo de lectura":"1 minuto"},"schema":{"@context":"https:\/\/schema.org","@graph":[{"@type":"WebPage","@id":"https:\/\/tonymora.com\/es\/producto\/1132-shopper-bag-piton-rojo-bc\/","url":"https:\/\/tonymora.com\/es\/producto\/1132-shopper-bag-piton-rojo-bc\/","name":"1132 SHOPPER BAG PITON ROJO BC - Tony Mora\u00ae Boots Official Store","isPartOf":{"@id":"https:\/\/tonymora.com\/es\/#website"},"primaryImageOfPage":{"@id":"https:\/\/tonymora.com\/es\/producto\/1132-shopper-bag-piton-rojo-bc\/#primaryimage"},"image":{"@id":"https:\/\/tonymora.com\/es\/producto\/1132-shopper-bag-piton-rojo-bc\/#primaryimage"},"thumbnailUrl":"https:\/\/tonymora.com\/wp-content\/uploads\/2025\/05\/16.png","datePublished":"2025-05-05T13:44:31+00:00","dateModified":"2026-04-08T05:32:13+00:00","description":"Estilo, personalidad y un dise\u00f1o que habla por s\u00ed solo. Este bolso en piel de pit\u00f3n rojo est\u00e1 pensado para mujeres que no siguen tendencias: las crean. Su acabado ex\u00f3tico y su intenso color lo convierten en una pieza de impacto, con detalles dorados y fleco central que refuerzan su car\u00e1cter exclusivo.Confeccionado a mano en Mallorca, igual que nuestras botas, transmite la esencia de lo aut\u00e9ntico y el valor del trabajo artesanal. Su formato amplio y pr\u00e1ctico lo hace perfecto para el d\u00eda a d\u00eda, sin renunciar nunca al estilo.Un complemento que no solo acompa\u00f1a tu look, lo eleva.","breadcrumb":{"@id":"https:\/\/tonymora.com\/es\/producto\/1132-shopper-bag-piton-rojo-bc\/#breadcrumb"},"inLanguage":"es","potentialAction":[{"@type":"ReadAction","target":["https:\/\/tonymora.com\/es\/producto\/1132-shopper-bag-piton-rojo-bc\/"]}]},{"@type":"ImageObject","inLanguage":"es","@id":"https:\/\/tonymora.com\/es\/producto\/1132-shopper-bag-piton-rojo-bc\/#primaryimage","url":"https:\/\/tonymora.com\/wp-content\/uploads\/2025\/05\/16.png","contentUrl":"https:\/\/tonymora.com\/wp-content\/uploads\/2025\/05\/16.png","width":1840,"height":2193},{"@type":"BreadcrumbList","@id":"https:\/\/tonymora.com\/es\/producto\/1132-shopper-bag-piton-rojo-bc\/#breadcrumb","itemListElement":[{"@type":"ListItem","position":1,"name":"Portada","item":"https:\/\/tonymora.com\/es\/"},{"@type":"ListItem","position":2,"name":"Tienda","item":"https:\/\/tonymora.com\/es\/tienda\/"},{"@type":"ListItem","position":3,"name":"Mujer","item":"https:\/\/tonymora.com\/es\/categoria-producto\/mujer\/"},{"@type":"ListItem","position":4,"name":"Bolsos","item":"https:\/\/tonymora.com\/es\/categoria-producto\/mujer\/bolsos\/"},{"@type":"ListItem","position":5,"name":"1132 SHOPPER BAG PITON ROJO BC"}]},{"@type":"WebSite","@id":"https:\/\/tonymora.com\/es\/#website","url":"https:\/\/tonymora.com\/es\/","name":"Tony Mora\u00ae Boots Official Store","description":"Cowboy Boots","publisher":{"@id":"https:\/\/tonymora.com\/es\/#organization"},"potentialAction":[{"@type":"SearchAction","target":{"@type":"EntryPoint","urlTemplate":"https:\/\/tonymora.com\/es\/?s={search_term_string}"},"query-input":{"@type":"PropertyValueSpecification","valueRequired":true,"valueName":"search_term_string"}}],"inLanguage":"es"},{"@type":"Organization","@id":"https:\/\/tonymora.com\/es\/#organization","name":"Tony Mora Boots","url":"https:\/\/tonymora.com\/es\/","logo":{"@type":"ImageObject","inLanguage":"es","@id":"https:\/\/tonymora.com\/es\/#\/schema\/logo\/image\/","url":"https:\/\/tonymora.com\/wp-content\/uploads\/2023\/12\/LOGO.jpg","contentUrl":"https:\/\/tonymora.com\/wp-content\/uploads\/2023\/12\/LOGO.jpg","width":2272,"height":1411,"caption":"Tony Mora Boots"},"image":{"@id":"https:\/\/tonymora.com\/es\/#\/schema\/logo\/image\/"},"sameAs":["https:\/\/www.facebook.com\/Tonymoraofficial\/","https:\/\/www.instagram.com\/tonymoraofficial\/?hl=es"]}]}},"_links":{"self":[{"href":"https:\/\/tonymora.com\/es\/wp-json\/wp\/v2\/product\/718758","targetHints":{"allow":["GET"]}}],"collection":[{"href":"https:\/\/tonymora.com\/es\/wp-json\/wp\/v2\/product"}],"about":[{"href":"https:\/\/tonymora.com\/es\/wp-json\/wp\/v2\/types\/product"}],"wp:featuredmedia":[{"embeddable":true,"href":"https:\/\/tonymora.com\/es\/wp-json\/wp\/v2\/media\/718782"}],"wp:attachment":[{"href":"https:\/\/tonymora.com\/es\/wp-json\/wp\/v2\/media?parent=718758"}],"wp:term":[{"taxonomy":"product_brand","embeddable":true,"href":"https:\/\/tonymora.com\/es\/wp-json\/wp\/v2\/product_brand?post=718758"},{"taxonomy":"product_cat","embeddable":true,"href":"https:\/\/tonymora.com\/es\/wp-json\/wp\/v2\/product_cat?post=718758"},{"taxonomy":"product_tag","embeddable":true,"href":"https:\/\/tonymora.com\/es\/wp-json\/wp\/v2\/product_tag?post=718758"}],"curies":[{"name":"wp","href":"https:\/\/api.w.org\/{rel}","templated":true}]}}