{"id":719122,"date":"2025-05-05T16:41:19","date_gmt":"2025-05-05T14:41:19","guid":{"rendered":"https:\/\/tonymora.com\/?post_type=product&#038;p=719122"},"modified":"2026-04-04T07:32:35","modified_gmt":"2026-04-04T05:32:35","slug":"1131-shopper-bag-piton-gris-claro","status":"publish","type":"product","link":"https:\/\/tonymora.com\/es\/producto\/1131-shopper-bag-piton-gris-claro\/","title":{"rendered":"1131 SHOPPER BAG PITON GRIS CLARO"},"content":{"rendered":"<p>Elegancia salvaje con car\u00e1cter Tony Mora.\u2028Este bolso de formato amplio ha sido confeccionado en piel ex\u00f3tica de pit\u00f3n de alta calidad, con una textura hipn\u00f3tica y un tono gris claro natural que combina con todo. Su cierre con detalle de pasador y asa forrada a mano aporta ese estilo sofisticado y genuino que define a nuestra marca.<\/p>\n<p>Hecho artesanalmente en Mallorca, cada pieza cuenta su propia historia.\u2028Dise\u00f1ado para mujeres que aprecian la autenticidad y el estilo atemporal, es ideal tanto para looks relajados como para elevar cualquier conjunto.<\/p>\n","protected":false},"excerpt":{"rendered":"<p>Una silueta con presencia que eleva cualquier look. Ese detalle que completa el look con distinci\u00f3n.<br \/>\nUna declaraci\u00f3n sutil de buen gusto y seguridad.<\/p>\n","protected":false},"featured_media":718809,"template":"","meta":{"_mbp_gutenberg_autopost":false},"product_brand":[],"product_cat":[1172,537,112],"product_tag":[],"class_list":{"0":"post-719122","1":"product","2":"type-product","3":"status-publish","4":"has-post-thumbnail","6":"product_cat-black-friday","7":"product_cat-bolsos","8":"product_cat-mujer","10":"first","11":"outofstock","12":"taxable","13":"shipping-taxable","14":"purchasable","15":"product-type-simple"},"supplier_id":null,"supplier_sku":"","barcode":null,"atum_controlled":true,"out_stock_date":"2026-04-04 07:32:35","out_stock_threshold":null,"inheritable":false,"inbound_stock":0,"stock_on_hold":0,"sold_today":0,"sales_last_days":0,"reserved_stock":0,"customer_returns":0,"warehouse_damage":0,"lost_in_post":0,"other_logs":0,"out_stock_days":0,"lost_sales":0,"has_location":false,"update_date":"2026-04-04T05:32:35","atum_locations":[],"atum_stock_status":"instock","restock_status":false,"low_stock_amount":2,"sales_update_date":"2026-03-20T12:50:43","calc_backorders":null,"yoast_head":"<!-- This site is optimized with the Yoast SEO plugin v27.2 - https:\/\/yoast.com\/product\/yoast-seo-wordpress\/ -->\n<title>1131 SHOPPER BAG PITON GRIS CLARO - Tony Mora\u00ae Boots Official Store<\/title>\n<meta name=\"description\" content=\"Elegancia salvaje con car\u00e1cter Tony Mora.\u2028Este bolso de formato amplio ha sido confeccionado en piel ex\u00f3tica de pit\u00f3n de alta calidad, con una textura hipn\u00f3tica y un tono gris claro natural que combina con todo. Su cierre con detalle de pasador y asa forrada a mano aporta ese estilo sofisticado y genuino que define a nuestra marca.Hecho artesanalmente en Mallorca, cada pieza cuenta su propia historia.\u2028Dise\u00f1ado para mujeres que aprecian la autenticidad y el estilo atemporal, es ideal tanto para looks relajados como para elevar cualquier conjunto.\" \/>\n<meta name=\"robots\" content=\"index, follow, max-snippet:-1, max-image-preview:large, max-video-preview:-1\" \/>\n<link rel=\"canonical\" href=\"https:\/\/tonymora.com\/es\/producto\/1131-shopper-bag-piton-gris-claro\/\" \/>\n<meta property=\"og:locale\" content=\"es_ES\" \/>\n<meta property=\"og:type\" content=\"article\" \/>\n<meta property=\"og:title\" content=\"1131 SHOPPER BAG PITON GRIS CLARO - Tony Mora\u00ae Boots Official Store\" \/>\n<meta property=\"og:description\" content=\"Elegancia salvaje con car\u00e1cter Tony Mora.\u2028Este bolso de formato amplio ha sido confeccionado en piel ex\u00f3tica de pit\u00f3n de alta calidad, con una textura hipn\u00f3tica y un tono gris claro natural que combina con todo. Su cierre con detalle de pasador y asa forrada a mano aporta ese estilo sofisticado y genuino que define a nuestra marca.Hecho artesanalmente en Mallorca, cada pieza cuenta su propia historia.\u2028Dise\u00f1ado para mujeres que aprecian la autenticidad y el estilo atemporal, es ideal tanto para looks relajados como para elevar cualquier conjunto.\" \/>\n<meta property=\"og:url\" content=\"https:\/\/tonymora.com\/es\/producto\/1131-shopper-bag-piton-gris-claro\/\" \/>\n<meta property=\"og:site_name\" content=\"Tony Mora\u00ae Boots Official Store\" \/>\n<meta property=\"article:publisher\" content=\"https:\/\/www.facebook.com\/Tonymoraofficial\/\" \/>\n<meta property=\"article:modified_time\" content=\"2026-04-04T05:32:35+00:00\" \/>\n<meta property=\"og:image\" content=\"https:\/\/tonymora.com\/wp-content\/uploads\/2025\/05\/7-671x800.png\" \/>\n\t<meta property=\"og:image:width\" content=\"671\" \/>\n\t<meta property=\"og:image:height\" content=\"800\" \/>\n\t<meta property=\"og:image:type\" content=\"image\/png\" \/>\n<meta name=\"twitter:card\" content=\"summary_large_image\" \/>\n<meta name=\"twitter:label1\" content=\"Tiempo de lectura\" \/>\n\t<meta name=\"twitter:data1\" content=\"1 minuto\" \/>\n<script type=\"application\/ld+json\" class=\"yoast-schema-graph\">{\"@context\":\"https:\/\/schema.org\",\"@graph\":[{\"@type\":\"WebPage\",\"@id\":\"https:\/\/tonymora.com\/es\/producto\/1131-shopper-bag-piton-gris-claro\/\",\"url\":\"https:\/\/tonymora.com\/es\/producto\/1131-shopper-bag-piton-gris-claro\/\",\"name\":\"1131 SHOPPER BAG PITON GRIS CLARO - Tony Mora\u00ae Boots Official Store\",\"isPartOf\":{\"@id\":\"https:\/\/tonymora.com\/es\/#website\"},\"primaryImageOfPage\":{\"@id\":\"https:\/\/tonymora.com\/es\/producto\/1131-shopper-bag-piton-gris-claro\/#primaryimage\"},\"image\":{\"@id\":\"https:\/\/tonymora.com\/es\/producto\/1131-shopper-bag-piton-gris-claro\/#primaryimage\"},\"thumbnailUrl\":\"https:\/\/tonymora.com\/wp-content\/uploads\/2025\/05\/7.png\",\"datePublished\":\"2025-05-05T14:41:19+00:00\",\"dateModified\":\"2026-04-04T05:32:35+00:00\",\"description\":\"Elegancia salvaje con car\u00e1cter Tony Mora.\\u2028Este bolso de formato amplio ha sido confeccionado en piel ex\u00f3tica de pit\u00f3n de alta calidad, con una textura hipn\u00f3tica y un tono gris claro natural que combina con todo. Su cierre con detalle de pasador y asa forrada a mano aporta ese estilo sofisticado y genuino que define a nuestra marca.Hecho artesanalmente en Mallorca, cada pieza cuenta su propia historia.\\u2028Dise\u00f1ado para mujeres que aprecian la autenticidad y el estilo atemporal, es ideal tanto para looks relajados como para elevar cualquier conjunto.\",\"breadcrumb\":{\"@id\":\"https:\/\/tonymora.com\/es\/producto\/1131-shopper-bag-piton-gris-claro\/#breadcrumb\"},\"inLanguage\":\"es\",\"potentialAction\":[{\"@type\":\"ReadAction\",\"target\":[\"https:\/\/tonymora.com\/es\/producto\/1131-shopper-bag-piton-gris-claro\/\"]}]},{\"@type\":\"ImageObject\",\"inLanguage\":\"es\",\"@id\":\"https:\/\/tonymora.com\/es\/producto\/1131-shopper-bag-piton-gris-claro\/#primaryimage\",\"url\":\"https:\/\/tonymora.com\/wp-content\/uploads\/2025\/05\/7.png\",\"contentUrl\":\"https:\/\/tonymora.com\/wp-content\/uploads\/2025\/05\/7.png\",\"width\":1840,\"height\":2193},{\"@type\":\"BreadcrumbList\",\"@id\":\"https:\/\/tonymora.com\/es\/producto\/1131-shopper-bag-piton-gris-claro\/#breadcrumb\",\"itemListElement\":[{\"@type\":\"ListItem\",\"position\":1,\"name\":\"Portada\",\"item\":\"https:\/\/tonymora.com\/es\/\"},{\"@type\":\"ListItem\",\"position\":2,\"name\":\"Tienda\",\"item\":\"https:\/\/tonymora.com\/es\/tienda\/\"},{\"@type\":\"ListItem\",\"position\":3,\"name\":\"Mujer\",\"item\":\"https:\/\/tonymora.com\/es\/categoria-producto\/mujer\/\"},{\"@type\":\"ListItem\",\"position\":4,\"name\":\"Bolsos\",\"item\":\"https:\/\/tonymora.com\/es\/categoria-producto\/mujer\/bolsos\/\"},{\"@type\":\"ListItem\",\"position\":5,\"name\":\"1131 SHOPPER BAG PITON GRIS CLARO\"}]},{\"@type\":\"WebSite\",\"@id\":\"https:\/\/tonymora.com\/es\/#website\",\"url\":\"https:\/\/tonymora.com\/es\/\",\"name\":\"Tony Mora\u00ae Boots Official Store\",\"description\":\"Cowboy Boots\",\"publisher\":{\"@id\":\"https:\/\/tonymora.com\/es\/#organization\"},\"potentialAction\":[{\"@type\":\"SearchAction\",\"target\":{\"@type\":\"EntryPoint\",\"urlTemplate\":\"https:\/\/tonymora.com\/es\/?s={search_term_string}\"},\"query-input\":{\"@type\":\"PropertyValueSpecification\",\"valueRequired\":true,\"valueName\":\"search_term_string\"}}],\"inLanguage\":\"es\"},{\"@type\":\"Organization\",\"@id\":\"https:\/\/tonymora.com\/es\/#organization\",\"name\":\"Tony Mora Boots\",\"url\":\"https:\/\/tonymora.com\/es\/\",\"logo\":{\"@type\":\"ImageObject\",\"inLanguage\":\"es\",\"@id\":\"https:\/\/tonymora.com\/es\/#\/schema\/logo\/image\/\",\"url\":\"https:\/\/tonymora.com\/wp-content\/uploads\/2023\/12\/LOGO.jpg\",\"contentUrl\":\"https:\/\/tonymora.com\/wp-content\/uploads\/2023\/12\/LOGO.jpg\",\"width\":2272,\"height\":1411,\"caption\":\"Tony Mora Boots\"},\"image\":{\"@id\":\"https:\/\/tonymora.com\/es\/#\/schema\/logo\/image\/\"},\"sameAs\":[\"https:\/\/www.facebook.com\/Tonymoraofficial\/\",\"https:\/\/www.instagram.com\/tonymoraofficial\/?hl=es\"]}]}<\/script>\n<!-- \/ Yoast SEO plugin. -->","yoast_head_json":{"title":"1131 SHOPPER BAG PITON GRIS CLARO - Tony Mora\u00ae Boots Official Store","description":"Elegancia salvaje con car\u00e1cter Tony Mora.\u2028Este bolso de formato amplio ha sido confeccionado en piel ex\u00f3tica de pit\u00f3n de alta calidad, con una textura hipn\u00f3tica y un tono gris claro natural que combina con todo. Su cierre con detalle de pasador y asa forrada a mano aporta ese estilo sofisticado y genuino que define a nuestra marca.Hecho artesanalmente en Mallorca, cada pieza cuenta su propia historia.\u2028Dise\u00f1ado para mujeres que aprecian la autenticidad y el estilo atemporal, es ideal tanto para looks relajados como para elevar cualquier conjunto.","robots":{"index":"index","follow":"follow","max-snippet":"max-snippet:-1","max-image-preview":"max-image-preview:large","max-video-preview":"max-video-preview:-1"},"canonical":"https:\/\/tonymora.com\/es\/producto\/1131-shopper-bag-piton-gris-claro\/","og_locale":"es_ES","og_type":"article","og_title":"1131 SHOPPER BAG PITON GRIS CLARO - Tony Mora\u00ae Boots Official Store","og_description":"Elegancia salvaje con car\u00e1cter Tony Mora.\u2028Este bolso de formato amplio ha sido confeccionado en piel ex\u00f3tica de pit\u00f3n de alta calidad, con una textura hipn\u00f3tica y un tono gris claro natural que combina con todo. Su cierre con detalle de pasador y asa forrada a mano aporta ese estilo sofisticado y genuino que define a nuestra marca.Hecho artesanalmente en Mallorca, cada pieza cuenta su propia historia.\u2028Dise\u00f1ado para mujeres que aprecian la autenticidad y el estilo atemporal, es ideal tanto para looks relajados como para elevar cualquier conjunto.","og_url":"https:\/\/tonymora.com\/es\/producto\/1131-shopper-bag-piton-gris-claro\/","og_site_name":"Tony Mora\u00ae Boots Official Store","article_publisher":"https:\/\/www.facebook.com\/Tonymoraofficial\/","article_modified_time":"2026-04-04T05:32:35+00:00","og_image":[{"width":671,"height":800,"url":"https:\/\/tonymora.com\/wp-content\/uploads\/2025\/05\/7-671x800.png","type":"image\/png"}],"twitter_card":"summary_large_image","twitter_misc":{"Tiempo de lectura":"1 minuto"},"schema":{"@context":"https:\/\/schema.org","@graph":[{"@type":"WebPage","@id":"https:\/\/tonymora.com\/es\/producto\/1131-shopper-bag-piton-gris-claro\/","url":"https:\/\/tonymora.com\/es\/producto\/1131-shopper-bag-piton-gris-claro\/","name":"1131 SHOPPER BAG PITON GRIS CLARO - Tony Mora\u00ae Boots Official Store","isPartOf":{"@id":"https:\/\/tonymora.com\/es\/#website"},"primaryImageOfPage":{"@id":"https:\/\/tonymora.com\/es\/producto\/1131-shopper-bag-piton-gris-claro\/#primaryimage"},"image":{"@id":"https:\/\/tonymora.com\/es\/producto\/1131-shopper-bag-piton-gris-claro\/#primaryimage"},"thumbnailUrl":"https:\/\/tonymora.com\/wp-content\/uploads\/2025\/05\/7.png","datePublished":"2025-05-05T14:41:19+00:00","dateModified":"2026-04-04T05:32:35+00:00","description":"Elegancia salvaje con car\u00e1cter Tony Mora.\u2028Este bolso de formato amplio ha sido confeccionado en piel ex\u00f3tica de pit\u00f3n de alta calidad, con una textura hipn\u00f3tica y un tono gris claro natural que combina con todo. Su cierre con detalle de pasador y asa forrada a mano aporta ese estilo sofisticado y genuino que define a nuestra marca.Hecho artesanalmente en Mallorca, cada pieza cuenta su propia historia.\u2028Dise\u00f1ado para mujeres que aprecian la autenticidad y el estilo atemporal, es ideal tanto para looks relajados como para elevar cualquier conjunto.","breadcrumb":{"@id":"https:\/\/tonymora.com\/es\/producto\/1131-shopper-bag-piton-gris-claro\/#breadcrumb"},"inLanguage":"es","potentialAction":[{"@type":"ReadAction","target":["https:\/\/tonymora.com\/es\/producto\/1131-shopper-bag-piton-gris-claro\/"]}]},{"@type":"ImageObject","inLanguage":"es","@id":"https:\/\/tonymora.com\/es\/producto\/1131-shopper-bag-piton-gris-claro\/#primaryimage","url":"https:\/\/tonymora.com\/wp-content\/uploads\/2025\/05\/7.png","contentUrl":"https:\/\/tonymora.com\/wp-content\/uploads\/2025\/05\/7.png","width":1840,"height":2193},{"@type":"BreadcrumbList","@id":"https:\/\/tonymora.com\/es\/producto\/1131-shopper-bag-piton-gris-claro\/#breadcrumb","itemListElement":[{"@type":"ListItem","position":1,"name":"Portada","item":"https:\/\/tonymora.com\/es\/"},{"@type":"ListItem","position":2,"name":"Tienda","item":"https:\/\/tonymora.com\/es\/tienda\/"},{"@type":"ListItem","position":3,"name":"Mujer","item":"https:\/\/tonymora.com\/es\/categoria-producto\/mujer\/"},{"@type":"ListItem","position":4,"name":"Bolsos","item":"https:\/\/tonymora.com\/es\/categoria-producto\/mujer\/bolsos\/"},{"@type":"ListItem","position":5,"name":"1131 SHOPPER BAG PITON GRIS CLARO"}]},{"@type":"WebSite","@id":"https:\/\/tonymora.com\/es\/#website","url":"https:\/\/tonymora.com\/es\/","name":"Tony Mora\u00ae Boots Official Store","description":"Cowboy Boots","publisher":{"@id":"https:\/\/tonymora.com\/es\/#organization"},"potentialAction":[{"@type":"SearchAction","target":{"@type":"EntryPoint","urlTemplate":"https:\/\/tonymora.com\/es\/?s={search_term_string}"},"query-input":{"@type":"PropertyValueSpecification","valueRequired":true,"valueName":"search_term_string"}}],"inLanguage":"es"},{"@type":"Organization","@id":"https:\/\/tonymora.com\/es\/#organization","name":"Tony Mora Boots","url":"https:\/\/tonymora.com\/es\/","logo":{"@type":"ImageObject","inLanguage":"es","@id":"https:\/\/tonymora.com\/es\/#\/schema\/logo\/image\/","url":"https:\/\/tonymora.com\/wp-content\/uploads\/2023\/12\/LOGO.jpg","contentUrl":"https:\/\/tonymora.com\/wp-content\/uploads\/2023\/12\/LOGO.jpg","width":2272,"height":1411,"caption":"Tony Mora Boots"},"image":{"@id":"https:\/\/tonymora.com\/es\/#\/schema\/logo\/image\/"},"sameAs":["https:\/\/www.facebook.com\/Tonymoraofficial\/","https:\/\/www.instagram.com\/tonymoraofficial\/?hl=es"]}]}},"_links":{"self":[{"href":"https:\/\/tonymora.com\/es\/wp-json\/wp\/v2\/product\/719122","targetHints":{"allow":["GET"]}}],"collection":[{"href":"https:\/\/tonymora.com\/es\/wp-json\/wp\/v2\/product"}],"about":[{"href":"https:\/\/tonymora.com\/es\/wp-json\/wp\/v2\/types\/product"}],"wp:featuredmedia":[{"embeddable":true,"href":"https:\/\/tonymora.com\/es\/wp-json\/wp\/v2\/media\/718809"}],"wp:attachment":[{"href":"https:\/\/tonymora.com\/es\/wp-json\/wp\/v2\/media?parent=719122"}],"wp:term":[{"taxonomy":"product_brand","embeddable":true,"href":"https:\/\/tonymora.com\/es\/wp-json\/wp\/v2\/product_brand?post=719122"},{"taxonomy":"product_cat","embeddable":true,"href":"https:\/\/tonymora.com\/es\/wp-json\/wp\/v2\/product_cat?post=719122"},{"taxonomy":"product_tag","embeddable":true,"href":"https:\/\/tonymora.com\/es\/wp-json\/wp\/v2\/product_tag?post=719122"}],"curies":[{"name":"wp","href":"https:\/\/api.w.org\/{rel}","templated":true}]}}