{"id":719146,"date":"2025-05-05T19:51:21","date_gmt":"2025-05-05T17:51:21","guid":{"rendered":"https:\/\/tonymora.com\/?post_type=product&#038;p=719146"},"modified":"2026-04-12T07:32:18","modified_gmt":"2026-04-12T05:32:18","slug":"1017-shopper-bag-marron-claro-serraje-claro","status":"publish","type":"product","link":"https:\/\/tonymora.com\/es\/producto\/1017-shopper-bag-marron-claro-serraje-claro\/","title":{"rendered":"1017 SHOPPER BAG MARRO\u0301N CLARO \/ SERRAJE CLARO"},"content":{"rendered":"<p class=\"p1\">Este bolso tipo shopper transmite la esencia m\u00e1s c\u00e1lida de Tony Mora. Su piel en tono marr\u00f3n claro se combina con un delicado motivo de mariposa en serraje beige, creando un contraste armonioso y muy natural.<\/p>\n<p class=\"p1\">Un dise\u00f1o que destaca por su suavidad al tacto, su silueta relajada y su aire atemporal, pensado para acompa\u00f1arte cada d\u00eda con estilo y comodidad.<\/p>\n<p class=\"p1\">Perfecto para quienes buscan piezas aut\u00e9nticas, con alma artesanal y ese toque especial que marca la diferencia.<\/p>\n","protected":false},"excerpt":{"rendered":"<p>Una pieza pensada para destacar con discreci\u00f3n y seguridad. Un complemento con personalidad y elegancia natural.<br \/>\nDise\u00f1ada para quienes entienden la elegancia como una actitud.<\/p>\n","protected":false},"featured_media":718815,"template":"","meta":{"_mbp_gutenberg_autopost":false},"product_brand":[],"product_cat":[1172,537,112],"product_tag":[],"class_list":{"0":"post-719146","1":"product","2":"type-product","3":"status-publish","4":"has-post-thumbnail","6":"product_cat-black-friday","7":"product_cat-bolsos","8":"product_cat-mujer","10":"first","11":"outofstock","12":"taxable","13":"shipping-taxable","14":"purchasable","15":"product-type-simple"},"supplier_id":null,"supplier_sku":"","barcode":null,"atum_controlled":true,"out_stock_date":"2026-04-12 07:32:18","out_stock_threshold":null,"inheritable":false,"inbound_stock":0,"stock_on_hold":1,"sold_today":0,"sales_last_days":0,"reserved_stock":0,"customer_returns":0,"warehouse_damage":0,"lost_in_post":0,"other_logs":0,"out_stock_days":0,"lost_sales":0,"has_location":false,"update_date":"2026-04-12T05:32:18","atum_locations":[],"atum_stock_status":"instock","restock_status":false,"low_stock_amount":12,"sales_update_date":"2026-03-20T12:50:42","calc_backorders":null,"yoast_head":"<!-- This site is optimized with the Yoast SEO plugin v27.2 - https:\/\/yoast.com\/product\/yoast-seo-wordpress\/ -->\n<title>1017 SHOPPER BAG MARRO\u0301N CLARO \/ SERRAJE CLARO - Tony Mora\u00ae Boots Official Store<\/title>\n<meta name=\"description\" content=\"Este bolso tipo shopper transmite la esencia m\u00e1s c\u00e1lida de Tony Mora. Su piel en tono marr\u00f3n claro se combina con un delicado motivo de mariposa en serraje beige, creando un contraste armonioso y muy natural.Un dise\u00f1o que destaca por su suavidad al tacto, su silueta relajada y su aire atemporal, pensado para acompa\u00f1arte cada d\u00eda con estilo y comodidad.Perfecto para quienes buscan piezas aut\u00e9nticas, con alma artesanal y ese toque especial que marca la diferencia.\" \/>\n<meta name=\"robots\" content=\"index, follow, max-snippet:-1, max-image-preview:large, max-video-preview:-1\" \/>\n<link rel=\"canonical\" href=\"https:\/\/tonymora.com\/es\/producto\/1017-shopper-bag-marron-claro-serraje-claro\/\" \/>\n<meta property=\"og:locale\" content=\"es_ES\" \/>\n<meta property=\"og:type\" content=\"article\" \/>\n<meta property=\"og:title\" content=\"1017 SHOPPER BAG MARRO\u0301N CLARO \/ SERRAJE CLARO - Tony Mora\u00ae Boots Official Store\" \/>\n<meta property=\"og:description\" content=\"Este bolso tipo shopper transmite la esencia m\u00e1s c\u00e1lida de Tony Mora. Su piel en tono marr\u00f3n claro se combina con un delicado motivo de mariposa en serraje beige, creando un contraste armonioso y muy natural.Un dise\u00f1o que destaca por su suavidad al tacto, su silueta relajada y su aire atemporal, pensado para acompa\u00f1arte cada d\u00eda con estilo y comodidad.Perfecto para quienes buscan piezas aut\u00e9nticas, con alma artesanal y ese toque especial que marca la diferencia.\" \/>\n<meta property=\"og:url\" content=\"https:\/\/tonymora.com\/es\/producto\/1017-shopper-bag-marron-claro-serraje-claro\/\" \/>\n<meta property=\"og:site_name\" content=\"Tony Mora\u00ae Boots Official Store\" \/>\n<meta property=\"article:publisher\" content=\"https:\/\/www.facebook.com\/Tonymoraofficial\/\" \/>\n<meta property=\"article:modified_time\" content=\"2026-04-12T05:32:18+00:00\" \/>\n<meta property=\"og:image\" content=\"https:\/\/tonymora.com\/wp-content\/uploads\/2025\/05\/9-671x800.png\" \/>\n\t<meta property=\"og:image:width\" content=\"671\" \/>\n\t<meta property=\"og:image:height\" content=\"800\" \/>\n\t<meta property=\"og:image:type\" content=\"image\/png\" \/>\n<meta name=\"twitter:card\" content=\"summary_large_image\" \/>\n<meta name=\"twitter:label1\" content=\"Tiempo de lectura\" \/>\n\t<meta name=\"twitter:data1\" content=\"1 minuto\" \/>\n<script type=\"application\/ld+json\" class=\"yoast-schema-graph\">{\"@context\":\"https:\/\/schema.org\",\"@graph\":[{\"@type\":\"WebPage\",\"@id\":\"https:\/\/tonymora.com\/es\/producto\/1017-shopper-bag-marron-claro-serraje-claro\/\",\"url\":\"https:\/\/tonymora.com\/es\/producto\/1017-shopper-bag-marron-claro-serraje-claro\/\",\"name\":\"1017 SHOPPER BAG MARRO\u0301N CLARO \/ SERRAJE CLARO - Tony Mora\u00ae Boots Official Store\",\"isPartOf\":{\"@id\":\"https:\/\/tonymora.com\/es\/#website\"},\"primaryImageOfPage\":{\"@id\":\"https:\/\/tonymora.com\/es\/producto\/1017-shopper-bag-marron-claro-serraje-claro\/#primaryimage\"},\"image\":{\"@id\":\"https:\/\/tonymora.com\/es\/producto\/1017-shopper-bag-marron-claro-serraje-claro\/#primaryimage\"},\"thumbnailUrl\":\"https:\/\/tonymora.com\/wp-content\/uploads\/2025\/05\/9.png\",\"datePublished\":\"2025-05-05T17:51:21+00:00\",\"dateModified\":\"2026-04-12T05:32:18+00:00\",\"description\":\"Este bolso tipo shopper transmite la esencia m\u00e1s c\u00e1lida de Tony Mora. Su piel en tono marr\u00f3n claro se combina con un delicado motivo de mariposa en serraje beige, creando un contraste armonioso y muy natural.Un dise\u00f1o que destaca por su suavidad al tacto, su silueta relajada y su aire atemporal, pensado para acompa\u00f1arte cada d\u00eda con estilo y comodidad.Perfecto para quienes buscan piezas aut\u00e9nticas, con alma artesanal y ese toque especial que marca la diferencia.\",\"breadcrumb\":{\"@id\":\"https:\/\/tonymora.com\/es\/producto\/1017-shopper-bag-marron-claro-serraje-claro\/#breadcrumb\"},\"inLanguage\":\"es\",\"potentialAction\":[{\"@type\":\"ReadAction\",\"target\":[\"https:\/\/tonymora.com\/es\/producto\/1017-shopper-bag-marron-claro-serraje-claro\/\"]}]},{\"@type\":\"ImageObject\",\"inLanguage\":\"es\",\"@id\":\"https:\/\/tonymora.com\/es\/producto\/1017-shopper-bag-marron-claro-serraje-claro\/#primaryimage\",\"url\":\"https:\/\/tonymora.com\/wp-content\/uploads\/2025\/05\/9.png\",\"contentUrl\":\"https:\/\/tonymora.com\/wp-content\/uploads\/2025\/05\/9.png\",\"width\":1840,\"height\":2193},{\"@type\":\"BreadcrumbList\",\"@id\":\"https:\/\/tonymora.com\/es\/producto\/1017-shopper-bag-marron-claro-serraje-claro\/#breadcrumb\",\"itemListElement\":[{\"@type\":\"ListItem\",\"position\":1,\"name\":\"Portada\",\"item\":\"https:\/\/tonymora.com\/es\/\"},{\"@type\":\"ListItem\",\"position\":2,\"name\":\"Tienda\",\"item\":\"https:\/\/tonymora.com\/es\/tienda\/\"},{\"@type\":\"ListItem\",\"position\":3,\"name\":\"Mujer\",\"item\":\"https:\/\/tonymora.com\/es\/categoria-producto\/mujer\/\"},{\"@type\":\"ListItem\",\"position\":4,\"name\":\"Bolsos\",\"item\":\"https:\/\/tonymora.com\/es\/categoria-producto\/mujer\/bolsos\/\"},{\"@type\":\"ListItem\",\"position\":5,\"name\":\"1017 SHOPPER BAG MARRO\u0301N CLARO \/ SERRAJE CLARO\"}]},{\"@type\":\"WebSite\",\"@id\":\"https:\/\/tonymora.com\/es\/#website\",\"url\":\"https:\/\/tonymora.com\/es\/\",\"name\":\"Tony Mora\u00ae Boots Official Store\",\"description\":\"Cowboy Boots\",\"publisher\":{\"@id\":\"https:\/\/tonymora.com\/es\/#organization\"},\"potentialAction\":[{\"@type\":\"SearchAction\",\"target\":{\"@type\":\"EntryPoint\",\"urlTemplate\":\"https:\/\/tonymora.com\/es\/?s={search_term_string}\"},\"query-input\":{\"@type\":\"PropertyValueSpecification\",\"valueRequired\":true,\"valueName\":\"search_term_string\"}}],\"inLanguage\":\"es\"},{\"@type\":\"Organization\",\"@id\":\"https:\/\/tonymora.com\/es\/#organization\",\"name\":\"Tony Mora Boots\",\"url\":\"https:\/\/tonymora.com\/es\/\",\"logo\":{\"@type\":\"ImageObject\",\"inLanguage\":\"es\",\"@id\":\"https:\/\/tonymora.com\/es\/#\/schema\/logo\/image\/\",\"url\":\"https:\/\/tonymora.com\/wp-content\/uploads\/2023\/12\/LOGO.jpg\",\"contentUrl\":\"https:\/\/tonymora.com\/wp-content\/uploads\/2023\/12\/LOGO.jpg\",\"width\":2272,\"height\":1411,\"caption\":\"Tony Mora Boots\"},\"image\":{\"@id\":\"https:\/\/tonymora.com\/es\/#\/schema\/logo\/image\/\"},\"sameAs\":[\"https:\/\/www.facebook.com\/Tonymoraofficial\/\",\"https:\/\/www.instagram.com\/tonymoraofficial\/?hl=es\"]}]}<\/script>\n<!-- \/ Yoast SEO plugin. -->","yoast_head_json":{"title":"1017 SHOPPER BAG MARRO\u0301N CLARO \/ SERRAJE CLARO - Tony Mora\u00ae Boots Official Store","description":"Este bolso tipo shopper transmite la esencia m\u00e1s c\u00e1lida de Tony Mora. Su piel en tono marr\u00f3n claro se combina con un delicado motivo de mariposa en serraje beige, creando un contraste armonioso y muy natural.Un dise\u00f1o que destaca por su suavidad al tacto, su silueta relajada y su aire atemporal, pensado para acompa\u00f1arte cada d\u00eda con estilo y comodidad.Perfecto para quienes buscan piezas aut\u00e9nticas, con alma artesanal y ese toque especial que marca la diferencia.","robots":{"index":"index","follow":"follow","max-snippet":"max-snippet:-1","max-image-preview":"max-image-preview:large","max-video-preview":"max-video-preview:-1"},"canonical":"https:\/\/tonymora.com\/es\/producto\/1017-shopper-bag-marron-claro-serraje-claro\/","og_locale":"es_ES","og_type":"article","og_title":"1017 SHOPPER BAG MARRO\u0301N CLARO \/ SERRAJE CLARO - Tony Mora\u00ae Boots Official Store","og_description":"Este bolso tipo shopper transmite la esencia m\u00e1s c\u00e1lida de Tony Mora. Su piel en tono marr\u00f3n claro se combina con un delicado motivo de mariposa en serraje beige, creando un contraste armonioso y muy natural.Un dise\u00f1o que destaca por su suavidad al tacto, su silueta relajada y su aire atemporal, pensado para acompa\u00f1arte cada d\u00eda con estilo y comodidad.Perfecto para quienes buscan piezas aut\u00e9nticas, con alma artesanal y ese toque especial que marca la diferencia.","og_url":"https:\/\/tonymora.com\/es\/producto\/1017-shopper-bag-marron-claro-serraje-claro\/","og_site_name":"Tony Mora\u00ae Boots Official Store","article_publisher":"https:\/\/www.facebook.com\/Tonymoraofficial\/","article_modified_time":"2026-04-12T05:32:18+00:00","og_image":[{"width":671,"height":800,"url":"https:\/\/tonymora.com\/wp-content\/uploads\/2025\/05\/9-671x800.png","type":"image\/png"}],"twitter_card":"summary_large_image","twitter_misc":{"Tiempo de lectura":"1 minuto"},"schema":{"@context":"https:\/\/schema.org","@graph":[{"@type":"WebPage","@id":"https:\/\/tonymora.com\/es\/producto\/1017-shopper-bag-marron-claro-serraje-claro\/","url":"https:\/\/tonymora.com\/es\/producto\/1017-shopper-bag-marron-claro-serraje-claro\/","name":"1017 SHOPPER BAG MARRO\u0301N CLARO \/ SERRAJE CLARO - Tony Mora\u00ae Boots Official Store","isPartOf":{"@id":"https:\/\/tonymora.com\/es\/#website"},"primaryImageOfPage":{"@id":"https:\/\/tonymora.com\/es\/producto\/1017-shopper-bag-marron-claro-serraje-claro\/#primaryimage"},"image":{"@id":"https:\/\/tonymora.com\/es\/producto\/1017-shopper-bag-marron-claro-serraje-claro\/#primaryimage"},"thumbnailUrl":"https:\/\/tonymora.com\/wp-content\/uploads\/2025\/05\/9.png","datePublished":"2025-05-05T17:51:21+00:00","dateModified":"2026-04-12T05:32:18+00:00","description":"Este bolso tipo shopper transmite la esencia m\u00e1s c\u00e1lida de Tony Mora. Su piel en tono marr\u00f3n claro se combina con un delicado motivo de mariposa en serraje beige, creando un contraste armonioso y muy natural.Un dise\u00f1o que destaca por su suavidad al tacto, su silueta relajada y su aire atemporal, pensado para acompa\u00f1arte cada d\u00eda con estilo y comodidad.Perfecto para quienes buscan piezas aut\u00e9nticas, con alma artesanal y ese toque especial que marca la diferencia.","breadcrumb":{"@id":"https:\/\/tonymora.com\/es\/producto\/1017-shopper-bag-marron-claro-serraje-claro\/#breadcrumb"},"inLanguage":"es","potentialAction":[{"@type":"ReadAction","target":["https:\/\/tonymora.com\/es\/producto\/1017-shopper-bag-marron-claro-serraje-claro\/"]}]},{"@type":"ImageObject","inLanguage":"es","@id":"https:\/\/tonymora.com\/es\/producto\/1017-shopper-bag-marron-claro-serraje-claro\/#primaryimage","url":"https:\/\/tonymora.com\/wp-content\/uploads\/2025\/05\/9.png","contentUrl":"https:\/\/tonymora.com\/wp-content\/uploads\/2025\/05\/9.png","width":1840,"height":2193},{"@type":"BreadcrumbList","@id":"https:\/\/tonymora.com\/es\/producto\/1017-shopper-bag-marron-claro-serraje-claro\/#breadcrumb","itemListElement":[{"@type":"ListItem","position":1,"name":"Portada","item":"https:\/\/tonymora.com\/es\/"},{"@type":"ListItem","position":2,"name":"Tienda","item":"https:\/\/tonymora.com\/es\/tienda\/"},{"@type":"ListItem","position":3,"name":"Mujer","item":"https:\/\/tonymora.com\/es\/categoria-producto\/mujer\/"},{"@type":"ListItem","position":4,"name":"Bolsos","item":"https:\/\/tonymora.com\/es\/categoria-producto\/mujer\/bolsos\/"},{"@type":"ListItem","position":5,"name":"1017 SHOPPER BAG MARRO\u0301N CLARO \/ SERRAJE CLARO"}]},{"@type":"WebSite","@id":"https:\/\/tonymora.com\/es\/#website","url":"https:\/\/tonymora.com\/es\/","name":"Tony Mora\u00ae Boots Official Store","description":"Cowboy Boots","publisher":{"@id":"https:\/\/tonymora.com\/es\/#organization"},"potentialAction":[{"@type":"SearchAction","target":{"@type":"EntryPoint","urlTemplate":"https:\/\/tonymora.com\/es\/?s={search_term_string}"},"query-input":{"@type":"PropertyValueSpecification","valueRequired":true,"valueName":"search_term_string"}}],"inLanguage":"es"},{"@type":"Organization","@id":"https:\/\/tonymora.com\/es\/#organization","name":"Tony Mora Boots","url":"https:\/\/tonymora.com\/es\/","logo":{"@type":"ImageObject","inLanguage":"es","@id":"https:\/\/tonymora.com\/es\/#\/schema\/logo\/image\/","url":"https:\/\/tonymora.com\/wp-content\/uploads\/2023\/12\/LOGO.jpg","contentUrl":"https:\/\/tonymora.com\/wp-content\/uploads\/2023\/12\/LOGO.jpg","width":2272,"height":1411,"caption":"Tony Mora Boots"},"image":{"@id":"https:\/\/tonymora.com\/es\/#\/schema\/logo\/image\/"},"sameAs":["https:\/\/www.facebook.com\/Tonymoraofficial\/","https:\/\/www.instagram.com\/tonymoraofficial\/?hl=es"]}]}},"_links":{"self":[{"href":"https:\/\/tonymora.com\/es\/wp-json\/wp\/v2\/product\/719146","targetHints":{"allow":["GET"]}}],"collection":[{"href":"https:\/\/tonymora.com\/es\/wp-json\/wp\/v2\/product"}],"about":[{"href":"https:\/\/tonymora.com\/es\/wp-json\/wp\/v2\/types\/product"}],"wp:featuredmedia":[{"embeddable":true,"href":"https:\/\/tonymora.com\/es\/wp-json\/wp\/v2\/media\/718815"}],"wp:attachment":[{"href":"https:\/\/tonymora.com\/es\/wp-json\/wp\/v2\/media?parent=719146"}],"wp:term":[{"taxonomy":"product_brand","embeddable":true,"href":"https:\/\/tonymora.com\/es\/wp-json\/wp\/v2\/product_brand?post=719146"},{"taxonomy":"product_cat","embeddable":true,"href":"https:\/\/tonymora.com\/es\/wp-json\/wp\/v2\/product_cat?post=719146"},{"taxonomy":"product_tag","embeddable":true,"href":"https:\/\/tonymora.com\/es\/wp-json\/wp\/v2\/product_tag?post=719146"}],"curies":[{"name":"wp","href":"https:\/\/api.w.org\/{rel}","templated":true}]}}