{"id":719815,"date":"2025-06-18T10:30:21","date_gmt":"2025-06-18T08:30:21","guid":{"rendered":"https:\/\/tonymora.com\/?post_type=product&#038;p=719815"},"modified":"2026-05-06T15:27:06","modified_gmt":"2026-05-06T13:27:06","slug":"2107-daslu-daslu-piton-negro-bc-mate","status":"publish","type":"product","link":"https:\/\/tonymora.com\/es\/producto\/2107-daslu-daslu-piton-negro-bc-mate\/","title":{"rendered":"2107 DASLU DASLU PIT\u00d3N NEGRO BC MATE"},"content":{"rendered":"<p data-start=\"321\" data-end=\"536\">Este modelo de ca\u00f1a alta est\u00e1 confeccionado en <strong data-start=\"368\" data-end=\"403\">aut\u00e9ntica piel ex\u00f3tica de pit\u00f3n<\/strong>, con un acabado mate en color negro que realza la textura natural de la escama y aporta una est\u00e9tica sofisticada, poderosa y sobria.<\/p>\n<p data-start=\"538\" data-end=\"692\">Su dise\u00f1o incluye una <strong data-start=\"560\" data-end=\"580\">horma estilizada<\/strong>, <strong data-start=\"582\" data-end=\"604\">tac\u00f3n alto de 6 cm<\/strong> y <strong data-start=\"607\" data-end=\"638\">cremallera interior lateral<\/strong> que garantiza comodidad sin renunciar a la elegancia.<\/p>\n<p data-start=\"694\" data-end=\"825\">Fabricadas a mano en Mallorca mediante el sistema <strong data-start=\"744\" data-end=\"763\">Goodyear Welted<\/strong>, s\u00edmbolo de durabilidad, precisi\u00f3n y artesan\u00eda de alto nivel.<\/p>\n<p data-start=\"827\" data-end=\"900\"><strong data-start=\"827\" data-end=\"900\">Una bota de presencia atemporal con el sello distintivo de Tony Mora.<\/strong><\/p>\n","protected":false},"excerpt":{"rendered":"<p>Sofisticaci\u00f3n serena para quienes eligen con criterio. Car\u00e1cter cl\u00e1sico con un aire contempor\u00e1neo.<br \/>\nIdeal para acompa\u00f1arte del d\u00eda a la noche con la misma confianza.<\/p>\n","protected":false},"featured_media":719783,"template":"","meta":{"_mbp_gutenberg_autopost":false},"product_brand":[],"product_cat":[1172,1132,122,112,1130],"product_tag":[],"class_list":{"0":"post-719815","1":"product","2":"type-product","3":"status-publish","4":"has-post-thumbnail","6":"product_cat-black-friday","7":"product_cat-botas-de-piton-mujer","8":"product_cat-botas-exoticas-mujer","9":"product_cat-mujer","10":"product_cat-rebajas-mujer","12":"first","13":"instock","14":"taxable","15":"shipping-taxable","16":"purchasable","17":"product-type-variable"},"_links":{"self":[{"href":"https:\/\/tonymora.com\/es\/wp-json\/wp\/v2\/product\/719815","targetHints":{"allow":["GET"]}}],"collection":[{"href":"https:\/\/tonymora.com\/es\/wp-json\/wp\/v2\/product"}],"about":[{"href":"https:\/\/tonymora.com\/es\/wp-json\/wp\/v2\/types\/product"}],"wp:featuredmedia":[{"embeddable":true,"href":"https:\/\/tonymora.com\/es\/wp-json\/wp\/v2\/media\/719783"}],"wp:attachment":[{"href":"https:\/\/tonymora.com\/es\/wp-json\/wp\/v2\/media?parent=719815"}],"wp:term":[{"taxonomy":"product_brand","embeddable":true,"href":"https:\/\/tonymora.com\/es\/wp-json\/wp\/v2\/product_brand?post=719815"},{"taxonomy":"product_cat","embeddable":true,"href":"https:\/\/tonymora.com\/es\/wp-json\/wp\/v2\/product_cat?post=719815"},{"taxonomy":"product_tag","embeddable":true,"href":"https:\/\/tonymora.com\/es\/wp-json\/wp\/v2\/product_tag?post=719815"}],"curies":[{"name":"wp","href":"https:\/\/api.w.org\/{rel}","templated":true}]}}