{"id":719845,"date":"2025-06-18T12:33:04","date_gmt":"2025-06-18T10:33:04","guid":{"rendered":"https:\/\/tonymora.com\/?post_type=product&#038;p=719845"},"modified":"2026-04-20T07:32:51","modified_gmt":"2026-04-20T05:32:51","slug":"1161-tx-sv-crushed-palermo","status":"publish","type":"product","link":"https:\/\/tonymora.com\/es\/producto\/1161-tx-sv-crushed-palermo\/","title":{"rendered":"1161 TX SV CRUSHED PALERMO"},"content":{"rendered":"<p data-start=\"322\" data-end=\"537\">Este modelo tipo biker destaca por su dise\u00f1o robusto, pr\u00e1ctico y atemporal. Est\u00e1 confeccionado en piel <strong data-start=\"425\" data-end=\"444\">Crushed Palermo<\/strong>, un cuero de textura marcada con acabado mate que aporta car\u00e1cter y autenticidad a cada par.<\/p>\n<p data-start=\"539\" data-end=\"772\">Su dise\u00f1o incluye <strong data-start=\"557\" data-end=\"580\">el\u00e1sticos laterales<\/strong>, <strong data-start=\"582\" data-end=\"601\">tirador trasero<\/strong> y <strong data-start=\"604\" data-end=\"637\">correa con apliques met\u00e1licos<\/strong>, lo que facilita el calce y refuerza su est\u00e9tica motera. La <strong data-start=\"698\" data-end=\"721\">horma cuadrada baja<\/strong> a\u00f1ade comodidad y un look masculino y contundente.<\/p>\n<p data-start=\"774\" data-end=\"890\">Hechas a mano en Mallorca con sistema <strong data-start=\"812\" data-end=\"831\">Goodyear Welted<\/strong>, sin\u00f3nimo de durabilidad, resistencia y calidad artesanal.<\/p>\n<p data-start=\"892\" data-end=\"978\"><strong data-start=\"892\" data-end=\"978\">Una bota pensada para el d\u00eda a d\u00eda, con presencia, identidad y esp\u00edritu Tony Mora.<\/strong><\/p>\n","protected":false},"excerpt":{"rendered":"<p>Car\u00e1cter y refinamiento en equilibrio perfecto. Actitud firme y estilo que se impone con naturalidad.<br \/>\nPensada para vivir momentos, no para seguir tendencias.<\/p>\n","protected":false},"featured_media":719777,"template":"","meta":{"_mbp_gutenberg_autopost":false},"product_brand":[],"product_cat":[1172,109,116,1129,118,108,1124],"product_tag":[],"class_list":{"0":"post-719845","1":"product","2":"type-product","3":"status-publish","4":"has-post-thumbnail","6":"product_cat-black-friday","7":"product_cat-botas-biker-hombre","8":"product_cat-botas-casual-hombre","9":"product_cat-botas-de-piel-hombre","10":"product_cat-botines-hombre","11":"product_cat-hombre","12":"product_cat-rebajas-hombre","14":"first","15":"instock","16":"taxable","17":"shipping-taxable","18":"purchasable","19":"product-type-variable"},"supplier_id":null,"supplier_sku":"","barcode":null,"atum_controlled":true,"out_stock_date":null,"out_stock_threshold":null,"inheritable":true,"inbound_stock":0,"stock_on_hold":5,"sold_today":1,"sales_last_days":1,"reserved_stock":0,"customer_returns":0,"warehouse_damage":0,"lost_in_post":0,"other_logs":0,"out_stock_days":null,"lost_sales":0,"has_location":false,"update_date":"2026-03-20T12:50:42","atum_locations":[],"atum_stock_status":"instock","restock_status":false,"low_stock_amount":"","sales_update_date":"2026-03-20T12:50:42","calc_backorders":null,"yoast_head":"<!-- This site is optimized with the Yoast SEO plugin v27.4 - https:\/\/yoast.com\/product\/yoast-seo-wordpress\/ -->\n<title>Botas biker marrones de piel con el\u00e1stico y hebilla | Tony Mora<\/title>\n<meta name=\"description\" content=\"Botas biker marrones para hombre con piel suave y el\u00e1stico cubierto. Dise\u00f1o c\u00f3modo, transpirable y cosido a mano con sistema Goodyear Welted.\" \/>\n<meta name=\"robots\" content=\"index, follow, max-snippet:-1, max-image-preview:large, max-video-preview:-1\" \/>\n<link rel=\"canonical\" href=\"https:\/\/tonymora.com\/es\/producto\/1161-tx-sv-crushed-palermo\/\" \/>\n<meta property=\"og:locale\" content=\"es_ES\" \/>\n<meta property=\"og:type\" content=\"article\" \/>\n<meta property=\"og:title\" content=\"Botas biker marrones de piel con el\u00e1stico y hebilla | Tony Mora\" \/>\n<meta property=\"og:description\" content=\"Botas biker marrones para hombre con piel suave y el\u00e1stico cubierto. Dise\u00f1o c\u00f3modo, transpirable y cosido a mano con sistema Goodyear Welted.\" \/>\n<meta property=\"og:url\" content=\"https:\/\/tonymora.com\/es\/producto\/1161-tx-sv-crushed-palermo\/\" \/>\n<meta property=\"og:site_name\" content=\"Tony Mora\u00ae Boots Official Store\" \/>\n<meta property=\"article:publisher\" content=\"https:\/\/www.facebook.com\/Tonymoraofficial\/\" \/>\n<meta property=\"article:modified_time\" content=\"2026-04-20T05:32:51+00:00\" \/>\n<meta property=\"og:image\" content=\"https:\/\/tonymora.com\/wp-content\/uploads\/2025\/06\/121-671x800.png\" \/>\n\t<meta property=\"og:image:width\" content=\"671\" \/>\n\t<meta property=\"og:image:height\" content=\"800\" \/>\n\t<meta property=\"og:image:type\" content=\"image\/png\" \/>\n<meta name=\"twitter:card\" content=\"summary_large_image\" \/>\n<meta name=\"twitter:label1\" content=\"Tiempo de lectura\" \/>\n\t<meta name=\"twitter:data1\" content=\"1 minuto\" \/>\n<script type=\"application\/ld+json\" class=\"yoast-schema-graph\">{\"@context\":\"https:\\\/\\\/schema.org\",\"@graph\":[{\"@type\":\"WebPage\",\"@id\":\"https:\\\/\\\/tonymora.com\\\/es\\\/producto\\\/1161-tx-sv-crushed-palermo\\\/\",\"url\":\"https:\\\/\\\/tonymora.com\\\/es\\\/producto\\\/1161-tx-sv-crushed-palermo\\\/\",\"name\":\"Botas biker marrones de piel con el\u00e1stico y hebilla | Tony Mora\",\"isPartOf\":{\"@id\":\"https:\\\/\\\/tonymora.com\\\/es\\\/#website\"},\"primaryImageOfPage\":{\"@id\":\"https:\\\/\\\/tonymora.com\\\/es\\\/producto\\\/1161-tx-sv-crushed-palermo\\\/#primaryimage\"},\"image\":{\"@id\":\"https:\\\/\\\/tonymora.com\\\/es\\\/producto\\\/1161-tx-sv-crushed-palermo\\\/#primaryimage\"},\"thumbnailUrl\":\"https:\\\/\\\/tonymora.com\\\/wp-content\\\/uploads\\\/2025\\\/06\\\/121.png\",\"datePublished\":\"2025-06-18T10:33:04+00:00\",\"dateModified\":\"2026-04-20T05:32:51+00:00\",\"description\":\"Botas biker marrones para hombre con piel suave y el\u00e1stico cubierto. Dise\u00f1o c\u00f3modo, transpirable y cosido a mano con sistema Goodyear Welted.\",\"breadcrumb\":{\"@id\":\"https:\\\/\\\/tonymora.com\\\/es\\\/producto\\\/1161-tx-sv-crushed-palermo\\\/#breadcrumb\"},\"inLanguage\":\"es\",\"potentialAction\":[{\"@type\":\"ReadAction\",\"target\":[\"https:\\\/\\\/tonymora.com\\\/es\\\/producto\\\/1161-tx-sv-crushed-palermo\\\/\"]}]},{\"@type\":\"ImageObject\",\"inLanguage\":\"es\",\"@id\":\"https:\\\/\\\/tonymora.com\\\/es\\\/producto\\\/1161-tx-sv-crushed-palermo\\\/#primaryimage\",\"url\":\"https:\\\/\\\/tonymora.com\\\/wp-content\\\/uploads\\\/2025\\\/06\\\/121.png\",\"contentUrl\":\"https:\\\/\\\/tonymora.com\\\/wp-content\\\/uploads\\\/2025\\\/06\\\/121.png\",\"width\":2057,\"height\":2451},{\"@type\":\"BreadcrumbList\",\"@id\":\"https:\\\/\\\/tonymora.com\\\/es\\\/producto\\\/1161-tx-sv-crushed-palermo\\\/#breadcrumb\",\"itemListElement\":[{\"@type\":\"ListItem\",\"position\":1,\"name\":\"Portada\",\"item\":\"https:\\\/\\\/tonymora.com\\\/es\\\/\"},{\"@type\":\"ListItem\",\"position\":2,\"name\":\"Tienda\",\"item\":\"https:\\\/\\\/tonymora.com\\\/es\\\/tienda\\\/\"},{\"@type\":\"ListItem\",\"position\":3,\"name\":\"Hombre\",\"item\":\"https:\\\/\\\/tonymora.com\\\/es\\\/categoria-producto\\\/hombre\\\/\"},{\"@type\":\"ListItem\",\"position\":4,\"name\":\"1161 TX SV CRUSHED PALERMO\"}]},{\"@type\":\"WebSite\",\"@id\":\"https:\\\/\\\/tonymora.com\\\/es\\\/#website\",\"url\":\"https:\\\/\\\/tonymora.com\\\/es\\\/\",\"name\":\"Tony Mora\u00ae Boots Official Store\",\"description\":\"Cowboy Boots\",\"publisher\":{\"@id\":\"https:\\\/\\\/tonymora.com\\\/es\\\/#organization\"},\"potentialAction\":[{\"@type\":\"SearchAction\",\"target\":{\"@type\":\"EntryPoint\",\"urlTemplate\":\"https:\\\/\\\/tonymora.com\\\/es\\\/?s={search_term_string}\"},\"query-input\":{\"@type\":\"PropertyValueSpecification\",\"valueRequired\":true,\"valueName\":\"search_term_string\"}}],\"inLanguage\":\"es\"},{\"@type\":\"Organization\",\"@id\":\"https:\\\/\\\/tonymora.com\\\/es\\\/#organization\",\"name\":\"Tony Mora Boots\",\"url\":\"https:\\\/\\\/tonymora.com\\\/es\\\/\",\"logo\":{\"@type\":\"ImageObject\",\"inLanguage\":\"es\",\"@id\":\"https:\\\/\\\/tonymora.com\\\/es\\\/#\\\/schema\\\/logo\\\/image\\\/\",\"url\":\"https:\\\/\\\/tonymora.com\\\/wp-content\\\/uploads\\\/2023\\\/12\\\/LOGO.jpg\",\"contentUrl\":\"https:\\\/\\\/tonymora.com\\\/wp-content\\\/uploads\\\/2023\\\/12\\\/LOGO.jpg\",\"width\":2272,\"height\":1411,\"caption\":\"Tony Mora Boots\"},\"image\":{\"@id\":\"https:\\\/\\\/tonymora.com\\\/es\\\/#\\\/schema\\\/logo\\\/image\\\/\"},\"sameAs\":[\"https:\\\/\\\/www.facebook.com\\\/Tonymoraofficial\\\/\",\"https:\\\/\\\/www.instagram.com\\\/tonymoraofficial\\\/?hl=es\"]}]}<\/script>\n<!-- \/ Yoast SEO plugin. -->","yoast_head_json":{"title":"Botas biker marrones de piel con el\u00e1stico y hebilla | Tony Mora","description":"Botas biker marrones para hombre con piel suave y el\u00e1stico cubierto. Dise\u00f1o c\u00f3modo, transpirable y cosido a mano con sistema Goodyear Welted.","robots":{"index":"index","follow":"follow","max-snippet":"max-snippet:-1","max-image-preview":"max-image-preview:large","max-video-preview":"max-video-preview:-1"},"canonical":"https:\/\/tonymora.com\/es\/producto\/1161-tx-sv-crushed-palermo\/","og_locale":"es_ES","og_type":"article","og_title":"Botas biker marrones de piel con el\u00e1stico y hebilla | Tony Mora","og_description":"Botas biker marrones para hombre con piel suave y el\u00e1stico cubierto. Dise\u00f1o c\u00f3modo, transpirable y cosido a mano con sistema Goodyear Welted.","og_url":"https:\/\/tonymora.com\/es\/producto\/1161-tx-sv-crushed-palermo\/","og_site_name":"Tony Mora\u00ae Boots Official Store","article_publisher":"https:\/\/www.facebook.com\/Tonymoraofficial\/","article_modified_time":"2026-04-20T05:32:51+00:00","og_image":[{"width":671,"height":800,"url":"https:\/\/tonymora.com\/wp-content\/uploads\/2025\/06\/121-671x800.png","type":"image\/png"}],"twitter_card":"summary_large_image","twitter_misc":{"Tiempo de lectura":"1 minuto"},"schema":{"@context":"https:\/\/schema.org","@graph":[{"@type":"WebPage","@id":"https:\/\/tonymora.com\/es\/producto\/1161-tx-sv-crushed-palermo\/","url":"https:\/\/tonymora.com\/es\/producto\/1161-tx-sv-crushed-palermo\/","name":"Botas biker marrones de piel con el\u00e1stico y hebilla | Tony Mora","isPartOf":{"@id":"https:\/\/tonymora.com\/es\/#website"},"primaryImageOfPage":{"@id":"https:\/\/tonymora.com\/es\/producto\/1161-tx-sv-crushed-palermo\/#primaryimage"},"image":{"@id":"https:\/\/tonymora.com\/es\/producto\/1161-tx-sv-crushed-palermo\/#primaryimage"},"thumbnailUrl":"https:\/\/tonymora.com\/wp-content\/uploads\/2025\/06\/121.png","datePublished":"2025-06-18T10:33:04+00:00","dateModified":"2026-04-20T05:32:51+00:00","description":"Botas biker marrones para hombre con piel suave y el\u00e1stico cubierto. Dise\u00f1o c\u00f3modo, transpirable y cosido a mano con sistema Goodyear Welted.","breadcrumb":{"@id":"https:\/\/tonymora.com\/es\/producto\/1161-tx-sv-crushed-palermo\/#breadcrumb"},"inLanguage":"es","potentialAction":[{"@type":"ReadAction","target":["https:\/\/tonymora.com\/es\/producto\/1161-tx-sv-crushed-palermo\/"]}]},{"@type":"ImageObject","inLanguage":"es","@id":"https:\/\/tonymora.com\/es\/producto\/1161-tx-sv-crushed-palermo\/#primaryimage","url":"https:\/\/tonymora.com\/wp-content\/uploads\/2025\/06\/121.png","contentUrl":"https:\/\/tonymora.com\/wp-content\/uploads\/2025\/06\/121.png","width":2057,"height":2451},{"@type":"BreadcrumbList","@id":"https:\/\/tonymora.com\/es\/producto\/1161-tx-sv-crushed-palermo\/#breadcrumb","itemListElement":[{"@type":"ListItem","position":1,"name":"Portada","item":"https:\/\/tonymora.com\/es\/"},{"@type":"ListItem","position":2,"name":"Tienda","item":"https:\/\/tonymora.com\/es\/tienda\/"},{"@type":"ListItem","position":3,"name":"Hombre","item":"https:\/\/tonymora.com\/es\/categoria-producto\/hombre\/"},{"@type":"ListItem","position":4,"name":"1161 TX SV CRUSHED PALERMO"}]},{"@type":"WebSite","@id":"https:\/\/tonymora.com\/es\/#website","url":"https:\/\/tonymora.com\/es\/","name":"Tony Mora\u00ae Boots Official Store","description":"Cowboy Boots","publisher":{"@id":"https:\/\/tonymora.com\/es\/#organization"},"potentialAction":[{"@type":"SearchAction","target":{"@type":"EntryPoint","urlTemplate":"https:\/\/tonymora.com\/es\/?s={search_term_string}"},"query-input":{"@type":"PropertyValueSpecification","valueRequired":true,"valueName":"search_term_string"}}],"inLanguage":"es"},{"@type":"Organization","@id":"https:\/\/tonymora.com\/es\/#organization","name":"Tony Mora Boots","url":"https:\/\/tonymora.com\/es\/","logo":{"@type":"ImageObject","inLanguage":"es","@id":"https:\/\/tonymora.com\/es\/#\/schema\/logo\/image\/","url":"https:\/\/tonymora.com\/wp-content\/uploads\/2023\/12\/LOGO.jpg","contentUrl":"https:\/\/tonymora.com\/wp-content\/uploads\/2023\/12\/LOGO.jpg","width":2272,"height":1411,"caption":"Tony Mora Boots"},"image":{"@id":"https:\/\/tonymora.com\/es\/#\/schema\/logo\/image\/"},"sameAs":["https:\/\/www.facebook.com\/Tonymoraofficial\/","https:\/\/www.instagram.com\/tonymoraofficial\/?hl=es"]}]}},"_links":{"self":[{"href":"https:\/\/tonymora.com\/es\/wp-json\/wp\/v2\/product\/719845","targetHints":{"allow":["GET"]}}],"collection":[{"href":"https:\/\/tonymora.com\/es\/wp-json\/wp\/v2\/product"}],"about":[{"href":"https:\/\/tonymora.com\/es\/wp-json\/wp\/v2\/types\/product"}],"wp:featuredmedia":[{"embeddable":true,"href":"https:\/\/tonymora.com\/es\/wp-json\/wp\/v2\/media\/719777"}],"wp:attachment":[{"href":"https:\/\/tonymora.com\/es\/wp-json\/wp\/v2\/media?parent=719845"}],"wp:term":[{"taxonomy":"product_brand","embeddable":true,"href":"https:\/\/tonymora.com\/es\/wp-json\/wp\/v2\/product_brand?post=719845"},{"taxonomy":"product_cat","embeddable":true,"href":"https:\/\/tonymora.com\/es\/wp-json\/wp\/v2\/product_cat?post=719845"},{"taxonomy":"product_tag","embeddable":true,"href":"https:\/\/tonymora.com\/es\/wp-json\/wp\/v2\/product_tag?post=719845"}],"curies":[{"name":"wp","href":"https:\/\/api.w.org\/{rel}","templated":true}]}}