{"id":720020,"date":"2025-06-27T07:40:32","date_gmt":"2025-06-27T05:40:32","guid":{"rendered":"https:\/\/tonymora.com\/?post_type=product&#038;p=720020"},"modified":"2026-04-07T07:32:59","modified_gmt":"2026-04-07T05:32:59","slug":"4616-virgi-lini-serraje-marino","status":"publish","type":"product","link":"https:\/\/tonymora.com\/es\/producto\/4616-virgi-lini-serraje-marino\/","title":{"rendered":"4616 VIRGI LINI SERRAJE MARINO"},"content":{"rendered":"<p data-start=\"1472\" data-end=\"1795\">Este modelo tiene una elegancia discreta que enamora.<br data-start=\"1567\" data-end=\"1570\" \/>El serraje azul marino envuelve el tobillo con suavidad, mientras los bordados en el mismo tono aportan profundidad sin estridencias. Los dos botones de turquesa en las trabillas son ese detalle \u00fanico que marca la diferencia.<\/p>\n<p data-start=\"1797\" data-end=\"1985\">Hechas a mano en Mallorca, estas botas cortas equilibran dise\u00f1o, comodidad y car\u00e1cter. Su tac\u00f3n medio estiliza sin renunciar al confort, acompa\u00f1\u00e1ndote con naturalidad en cualquier ocasi\u00f3n.<\/p>\n<p data-start=\"1987\" data-end=\"2059\">Una bota que no necesita esfuerzo para destacar: lo lleva en su esencia.<\/p>\n","protected":false},"excerpt":{"rendered":"<p>Un estilo que habla de identidad, sin necesidad de palabras. Inspiraci\u00f3n aut\u00e9ntica y personalidad marcada.<br \/>\nUna forma de vestir la autenticidad con elegancia.<\/p>\n","protected":false},"featured_media":720101,"template":"","meta":{"_mbp_gutenberg_autopost":false},"product_brand":[],"product_cat":[119,1133,121,112,1130],"product_tag":[],"class_list":{"0":"post-720020","1":"product","2":"type-product","3":"status-publish","4":"has-post-thumbnail","6":"product_cat-botas-casual-mujer","7":"product_cat-botas-de-piel-mujer","8":"product_cat-botines-mujer","9":"product_cat-mujer","10":"product_cat-rebajas-mujer","12":"first","13":"instock","14":"featured","15":"taxable","16":"shipping-taxable","17":"purchasable","18":"product-type-variable"},"supplier_id":null,"supplier_sku":"","barcode":null,"atum_controlled":true,"out_stock_date":null,"out_stock_threshold":null,"inheritable":true,"inbound_stock":0,"stock_on_hold":5,"sold_today":0,"sales_last_days":0,"reserved_stock":0,"customer_returns":0,"warehouse_damage":0,"lost_in_post":0,"other_logs":0,"out_stock_days":null,"lost_sales":0,"has_location":false,"update_date":"2026-04-01T11:56:31","atum_locations":[],"atum_stock_status":"instock","restock_status":false,"low_stock_amount":"","sales_update_date":"2026-03-20T12:50:42","calc_backorders":null,"yoast_head":"<!-- This site is optimized with the Yoast SEO plugin v27.2 - https:\/\/yoast.com\/product\/yoast-seo-wordpress\/ -->\n<title>4616 VIRGI LINI SERRAJE MARINO - Tony Mora\u00ae Boots Official Store<\/title>\n<meta name=\"description\" content=\"Te presentamos nuestros botines con una piel envejecida que le da un toque vintage. Est\u00e1n hechas en piel de ternera\" \/>\n<meta name=\"robots\" content=\"index, follow, max-snippet:-1, max-image-preview:large, max-video-preview:-1\" \/>\n<link rel=\"canonical\" href=\"https:\/\/tonymora.com\/es\/producto\/4616-virgi-lini-serraje-marino\/\" \/>\n<meta property=\"og:locale\" content=\"es_ES\" \/>\n<meta property=\"og:type\" content=\"article\" \/>\n<meta property=\"og:title\" content=\"4616 VIRGI LINI SERRAJE MARINO - Tony Mora\u00ae Boots Official Store\" \/>\n<meta property=\"og:description\" content=\"Te presentamos nuestros botines con una piel envejecida que le da un toque vintage. Est\u00e1n hechas en piel de ternera\" \/>\n<meta property=\"og:url\" content=\"https:\/\/tonymora.com\/es\/producto\/4616-virgi-lini-serraje-marino\/\" \/>\n<meta property=\"og:site_name\" content=\"Tony Mora\u00ae Boots Official Store\" \/>\n<meta property=\"article:publisher\" content=\"https:\/\/www.facebook.com\/Tonymoraofficial\/\" \/>\n<meta property=\"article:modified_time\" content=\"2026-04-07T05:32:59+00:00\" \/>\n<meta property=\"og:image\" content=\"https:\/\/tonymora.com\/wp-content\/uploads\/2025\/06\/133.png\" \/>\n\t<meta property=\"og:image:width\" content=\"866\" \/>\n\t<meta property=\"og:image:height\" content=\"1032\" \/>\n\t<meta property=\"og:image:type\" content=\"image\/png\" \/>\n<meta name=\"twitter:card\" content=\"summary_large_image\" \/>\n<meta name=\"twitter:label1\" content=\"Tiempo de lectura\" \/>\n\t<meta name=\"twitter:data1\" content=\"1 minuto\" \/>\n<script type=\"application\/ld+json\" class=\"yoast-schema-graph\">{\"@context\":\"https:\/\/schema.org\",\"@graph\":[{\"@type\":\"WebPage\",\"@id\":\"https:\/\/tonymora.com\/es\/producto\/4616-virgi-lini-serraje-marino\/\",\"url\":\"https:\/\/tonymora.com\/es\/producto\/4616-virgi-lini-serraje-marino\/\",\"name\":\"4616 VIRGI LINI SERRAJE MARINO - Tony Mora\u00ae Boots Official Store\",\"isPartOf\":{\"@id\":\"https:\/\/tonymora.com\/es\/#website\"},\"primaryImageOfPage\":{\"@id\":\"https:\/\/tonymora.com\/es\/producto\/4616-virgi-lini-serraje-marino\/#primaryimage\"},\"image\":{\"@id\":\"https:\/\/tonymora.com\/es\/producto\/4616-virgi-lini-serraje-marino\/#primaryimage\"},\"thumbnailUrl\":\"https:\/\/tonymora.com\/wp-content\/uploads\/2025\/06\/133.png\",\"datePublished\":\"2025-06-27T05:40:32+00:00\",\"dateModified\":\"2026-04-07T05:32:59+00:00\",\"description\":\"Te presentamos nuestros botines con una piel envejecida que le da un toque vintage. Est\u00e1n hechas en piel de ternera\",\"breadcrumb\":{\"@id\":\"https:\/\/tonymora.com\/es\/producto\/4616-virgi-lini-serraje-marino\/#breadcrumb\"},\"inLanguage\":\"es\",\"potentialAction\":[{\"@type\":\"ReadAction\",\"target\":[\"https:\/\/tonymora.com\/es\/producto\/4616-virgi-lini-serraje-marino\/\"]}]},{\"@type\":\"ImageObject\",\"inLanguage\":\"es\",\"@id\":\"https:\/\/tonymora.com\/es\/producto\/4616-virgi-lini-serraje-marino\/#primaryimage\",\"url\":\"https:\/\/tonymora.com\/wp-content\/uploads\/2025\/06\/133.png\",\"contentUrl\":\"https:\/\/tonymora.com\/wp-content\/uploads\/2025\/06\/133.png\",\"width\":866,\"height\":1032},{\"@type\":\"BreadcrumbList\",\"@id\":\"https:\/\/tonymora.com\/es\/producto\/4616-virgi-lini-serraje-marino\/#breadcrumb\",\"itemListElement\":[{\"@type\":\"ListItem\",\"position\":1,\"name\":\"Portada\",\"item\":\"https:\/\/tonymora.com\/es\/\"},{\"@type\":\"ListItem\",\"position\":2,\"name\":\"Tienda\",\"item\":\"https:\/\/tonymora.com\/es\/tienda\/\"},{\"@type\":\"ListItem\",\"position\":3,\"name\":\"Mujer\",\"item\":\"https:\/\/tonymora.com\/es\/categoria-producto\/mujer\/\"},{\"@type\":\"ListItem\",\"position\":4,\"name\":\"4616 VIRGI LINI SERRAJE MARINO\"}]},{\"@type\":\"WebSite\",\"@id\":\"https:\/\/tonymora.com\/es\/#website\",\"url\":\"https:\/\/tonymora.com\/es\/\",\"name\":\"Tony Mora\u00ae Boots Official Store\",\"description\":\"Cowboy Boots\",\"publisher\":{\"@id\":\"https:\/\/tonymora.com\/es\/#organization\"},\"potentialAction\":[{\"@type\":\"SearchAction\",\"target\":{\"@type\":\"EntryPoint\",\"urlTemplate\":\"https:\/\/tonymora.com\/es\/?s={search_term_string}\"},\"query-input\":{\"@type\":\"PropertyValueSpecification\",\"valueRequired\":true,\"valueName\":\"search_term_string\"}}],\"inLanguage\":\"es\"},{\"@type\":\"Organization\",\"@id\":\"https:\/\/tonymora.com\/es\/#organization\",\"name\":\"Tony Mora Boots\",\"url\":\"https:\/\/tonymora.com\/es\/\",\"logo\":{\"@type\":\"ImageObject\",\"inLanguage\":\"es\",\"@id\":\"https:\/\/tonymora.com\/es\/#\/schema\/logo\/image\/\",\"url\":\"https:\/\/tonymora.com\/wp-content\/uploads\/2023\/12\/LOGO.jpg\",\"contentUrl\":\"https:\/\/tonymora.com\/wp-content\/uploads\/2023\/12\/LOGO.jpg\",\"width\":2272,\"height\":1411,\"caption\":\"Tony Mora Boots\"},\"image\":{\"@id\":\"https:\/\/tonymora.com\/es\/#\/schema\/logo\/image\/\"},\"sameAs\":[\"https:\/\/www.facebook.com\/Tonymoraofficial\/\",\"https:\/\/www.instagram.com\/tonymoraofficial\/?hl=es\"]}]}<\/script>\n<!-- \/ Yoast SEO plugin. -->","yoast_head_json":{"title":"4616 VIRGI LINI SERRAJE MARINO - Tony Mora\u00ae Boots Official Store","description":"Te presentamos nuestros botines con una piel envejecida que le da un toque vintage. Est\u00e1n hechas en piel de ternera","robots":{"index":"index","follow":"follow","max-snippet":"max-snippet:-1","max-image-preview":"max-image-preview:large","max-video-preview":"max-video-preview:-1"},"canonical":"https:\/\/tonymora.com\/es\/producto\/4616-virgi-lini-serraje-marino\/","og_locale":"es_ES","og_type":"article","og_title":"4616 VIRGI LINI SERRAJE MARINO - Tony Mora\u00ae Boots Official Store","og_description":"Te presentamos nuestros botines con una piel envejecida que le da un toque vintage. Est\u00e1n hechas en piel de ternera","og_url":"https:\/\/tonymora.com\/es\/producto\/4616-virgi-lini-serraje-marino\/","og_site_name":"Tony Mora\u00ae Boots Official Store","article_publisher":"https:\/\/www.facebook.com\/Tonymoraofficial\/","article_modified_time":"2026-04-07T05:32:59+00:00","og_image":[{"width":866,"height":1032,"url":"https:\/\/tonymora.com\/wp-content\/uploads\/2025\/06\/133.png","type":"image\/png"}],"twitter_card":"summary_large_image","twitter_misc":{"Tiempo de lectura":"1 minuto"},"schema":{"@context":"https:\/\/schema.org","@graph":[{"@type":"WebPage","@id":"https:\/\/tonymora.com\/es\/producto\/4616-virgi-lini-serraje-marino\/","url":"https:\/\/tonymora.com\/es\/producto\/4616-virgi-lini-serraje-marino\/","name":"4616 VIRGI LINI SERRAJE MARINO - Tony Mora\u00ae Boots Official Store","isPartOf":{"@id":"https:\/\/tonymora.com\/es\/#website"},"primaryImageOfPage":{"@id":"https:\/\/tonymora.com\/es\/producto\/4616-virgi-lini-serraje-marino\/#primaryimage"},"image":{"@id":"https:\/\/tonymora.com\/es\/producto\/4616-virgi-lini-serraje-marino\/#primaryimage"},"thumbnailUrl":"https:\/\/tonymora.com\/wp-content\/uploads\/2025\/06\/133.png","datePublished":"2025-06-27T05:40:32+00:00","dateModified":"2026-04-07T05:32:59+00:00","description":"Te presentamos nuestros botines con una piel envejecida que le da un toque vintage. Est\u00e1n hechas en piel de ternera","breadcrumb":{"@id":"https:\/\/tonymora.com\/es\/producto\/4616-virgi-lini-serraje-marino\/#breadcrumb"},"inLanguage":"es","potentialAction":[{"@type":"ReadAction","target":["https:\/\/tonymora.com\/es\/producto\/4616-virgi-lini-serraje-marino\/"]}]},{"@type":"ImageObject","inLanguage":"es","@id":"https:\/\/tonymora.com\/es\/producto\/4616-virgi-lini-serraje-marino\/#primaryimage","url":"https:\/\/tonymora.com\/wp-content\/uploads\/2025\/06\/133.png","contentUrl":"https:\/\/tonymora.com\/wp-content\/uploads\/2025\/06\/133.png","width":866,"height":1032},{"@type":"BreadcrumbList","@id":"https:\/\/tonymora.com\/es\/producto\/4616-virgi-lini-serraje-marino\/#breadcrumb","itemListElement":[{"@type":"ListItem","position":1,"name":"Portada","item":"https:\/\/tonymora.com\/es\/"},{"@type":"ListItem","position":2,"name":"Tienda","item":"https:\/\/tonymora.com\/es\/tienda\/"},{"@type":"ListItem","position":3,"name":"Mujer","item":"https:\/\/tonymora.com\/es\/categoria-producto\/mujer\/"},{"@type":"ListItem","position":4,"name":"4616 VIRGI LINI SERRAJE MARINO"}]},{"@type":"WebSite","@id":"https:\/\/tonymora.com\/es\/#website","url":"https:\/\/tonymora.com\/es\/","name":"Tony Mora\u00ae Boots Official Store","description":"Cowboy Boots","publisher":{"@id":"https:\/\/tonymora.com\/es\/#organization"},"potentialAction":[{"@type":"SearchAction","target":{"@type":"EntryPoint","urlTemplate":"https:\/\/tonymora.com\/es\/?s={search_term_string}"},"query-input":{"@type":"PropertyValueSpecification","valueRequired":true,"valueName":"search_term_string"}}],"inLanguage":"es"},{"@type":"Organization","@id":"https:\/\/tonymora.com\/es\/#organization","name":"Tony Mora Boots","url":"https:\/\/tonymora.com\/es\/","logo":{"@type":"ImageObject","inLanguage":"es","@id":"https:\/\/tonymora.com\/es\/#\/schema\/logo\/image\/","url":"https:\/\/tonymora.com\/wp-content\/uploads\/2023\/12\/LOGO.jpg","contentUrl":"https:\/\/tonymora.com\/wp-content\/uploads\/2023\/12\/LOGO.jpg","width":2272,"height":1411,"caption":"Tony Mora Boots"},"image":{"@id":"https:\/\/tonymora.com\/es\/#\/schema\/logo\/image\/"},"sameAs":["https:\/\/www.facebook.com\/Tonymoraofficial\/","https:\/\/www.instagram.com\/tonymoraofficial\/?hl=es"]}]}},"_links":{"self":[{"href":"https:\/\/tonymora.com\/es\/wp-json\/wp\/v2\/product\/720020","targetHints":{"allow":["GET"]}}],"collection":[{"href":"https:\/\/tonymora.com\/es\/wp-json\/wp\/v2\/product"}],"about":[{"href":"https:\/\/tonymora.com\/es\/wp-json\/wp\/v2\/types\/product"}],"wp:featuredmedia":[{"embeddable":true,"href":"https:\/\/tonymora.com\/es\/wp-json\/wp\/v2\/media\/720101"}],"wp:attachment":[{"href":"https:\/\/tonymora.com\/es\/wp-json\/wp\/v2\/media?parent=720020"}],"wp:term":[{"taxonomy":"product_brand","embeddable":true,"href":"https:\/\/tonymora.com\/es\/wp-json\/wp\/v2\/product_brand?post=720020"},{"taxonomy":"product_cat","embeddable":true,"href":"https:\/\/tonymora.com\/es\/wp-json\/wp\/v2\/product_cat?post=720020"},{"taxonomy":"product_tag","embeddable":true,"href":"https:\/\/tonymora.com\/es\/wp-json\/wp\/v2\/product_tag?post=720020"}],"curies":[{"name":"wp","href":"https:\/\/api.w.org\/{rel}","templated":true}]}}