{"id":720573,"date":"2025-07-23T13:21:24","date_gmt":"2025-07-23T11:21:24","guid":{"rendered":"https:\/\/tonymora.com\/?post_type=product&#038;p=720573"},"modified":"2026-05-12T16:32:02","modified_gmt":"2026-05-12T14:32:02","slug":"4684-j-lini-serraje-brash-cuero","status":"publish","type":"product","link":"https:\/\/tonymora.com\/es\/producto\/4684-j-lini-serraje-brash-cuero\/","title":{"rendered":"4684 J LINI SERRAJE BRASH CUERO"},"content":{"rendered":"<p>Bot\u00edn elaborado artesanalmente en serraje marr\u00f3n de tacto aterciopelado, con sutiles flecos que aportan un delicado movimiento. Su l\u00ednea refinada y minimalista se adapta con naturalidad a estilismos formales o desenfadados, desde pantalones de corte impecable hasta vestidos fluidos. Cada detalle \u2014desde el preciso acabado de las costuras hasta la calidad del serraje\u2014 refleja la maestr\u00eda artesanal, convirtiendo este bot\u00edn en un complemento de elegancia pura.<\/p>\n","protected":false},"excerpt":{"rendered":"<p>Car\u00e1cter y refinamiento en equilibrio perfecto.<br \/>\nPara llevarla hoy, ma\u00f1ana y dentro de a\u00f1os, con la misma fuerza.<\/p>\n","protected":false},"featured_media":720606,"template":"","meta":{"_mbp_gutenberg_autopost":false},"product_brand":[],"product_cat":[119,1133,121,112,1130],"product_tag":[],"class_list":{"0":"post-720573","1":"product","2":"type-product","3":"status-publish","4":"has-post-thumbnail","6":"product_cat-botas-casual-mujer","7":"product_cat-botas-de-piel-mujer","8":"product_cat-botines-mujer","9":"product_cat-mujer","10":"product_cat-rebajas-mujer","12":"first","13":"instock","14":"featured","15":"taxable","16":"shipping-taxable","17":"purchasable","18":"product-type-variable"},"_links":{"self":[{"href":"https:\/\/tonymora.com\/es\/wp-json\/wp\/v2\/product\/720573","targetHints":{"allow":["GET"]}}],"collection":[{"href":"https:\/\/tonymora.com\/es\/wp-json\/wp\/v2\/product"}],"about":[{"href":"https:\/\/tonymora.com\/es\/wp-json\/wp\/v2\/types\/product"}],"wp:featuredmedia":[{"embeddable":true,"href":"https:\/\/tonymora.com\/es\/wp-json\/wp\/v2\/media\/720606"}],"wp:attachment":[{"href":"https:\/\/tonymora.com\/es\/wp-json\/wp\/v2\/media?parent=720573"}],"wp:term":[{"taxonomy":"product_brand","embeddable":true,"href":"https:\/\/tonymora.com\/es\/wp-json\/wp\/v2\/product_brand?post=720573"},{"taxonomy":"product_cat","embeddable":true,"href":"https:\/\/tonymora.com\/es\/wp-json\/wp\/v2\/product_cat?post=720573"},{"taxonomy":"product_tag","embeddable":true,"href":"https:\/\/tonymora.com\/es\/wp-json\/wp\/v2\/product_tag?post=720573"}],"curies":[{"name":"wp","href":"https:\/\/api.w.org\/{rel}","templated":true}]}}