{"id":720746,"date":"2025-08-19T11:48:08","date_gmt":"2025-08-19T09:48:08","guid":{"rendered":"https:\/\/tonymora.com\/?post_type=product&#038;p=720746"},"modified":"2026-04-05T07:33:01","modified_gmt":"2026-04-05T05:33:01","slug":"2229-paris-irene-serraje-marino-p-azul","status":"publish","type":"product","link":"https:\/\/tonymora.com\/es\/producto\/2229-paris-irene-serraje-marino-p-azul\/","title":{"rendered":"2229 PARIS IRENE SERRAJE MARINO-P.AZUL"},"content":{"rendered":"<p data-start=\"201\" data-end=\"512\">Una bota que transmite personalidad desde el primer vistazo.<br data-start=\"261\" data-end=\"264\" \/>Este modelo est\u00e1 confeccionado con <strong data-start=\"313\" data-end=\"354\">serraje color marino de textura suave<\/strong>, combinado con <strong data-start=\"370\" data-end=\"400\">piel ex\u00f3tica de pit\u00f3n azul<\/strong> en la parte superior de la ca\u00f1a, creando un juego de vol\u00famenes y matices que hacen de cada par una pieza \u00fanica.<\/p>\n<p data-start=\"514\" data-end=\"716\">Su dise\u00f1o de <strong data-start=\"527\" data-end=\"562\">ca\u00f1a media ligeramente arrugada<\/strong>, las <strong data-start=\"568\" data-end=\"593\">costuras en contraste<\/strong> y el <strong data-start=\"599\" data-end=\"622\">tac\u00f3n ancho de 6 cm<\/strong> aportan estabilidad y estilo, logrando un equilibrio perfecto entre sofisticaci\u00f3n y car\u00e1cter.<\/p>\n<p data-start=\"718\" data-end=\"857\">Un dise\u00f1o que se adapta con elegancia a cualquier entorno, pensado para mujeres que valoran la autenticidad y los detalles hechos con alma.<\/p>\n<p data-start=\"859\" data-end=\"950\">Hechas a mano en Mallorca por manos expertas, con materiales nobles y un acabado impecable.<\/p>\n","protected":false},"excerpt":{"rendered":"<p>Una propuesta con alma, hecha para acompa\u00f1arte de verdad. Presencia sutil que eleva tu estilo.<br \/>\nIdeal para acompa\u00f1arte del d\u00eda a la noche con la misma confianza.<\/p>\n","protected":false},"featured_media":720812,"template":"","meta":{"_mbp_gutenberg_autopost":false},"product_brand":[],"product_cat":[1172,119,1133,112,1130],"product_tag":[],"class_list":{"0":"post-720746","1":"product","2":"type-product","3":"status-publish","4":"has-post-thumbnail","6":"product_cat-black-friday","7":"product_cat-botas-casual-mujer","8":"product_cat-botas-de-piel-mujer","9":"product_cat-mujer","10":"product_cat-rebajas-mujer","12":"first","13":"instock","14":"taxable","15":"shipping-taxable","16":"purchasable","17":"product-type-variable"},"supplier_id":null,"supplier_sku":"","barcode":null,"atum_controlled":true,"out_stock_date":null,"out_stock_threshold":null,"inheritable":true,"inbound_stock":0,"stock_on_hold":4,"sold_today":1,"sales_last_days":1,"reserved_stock":0,"customer_returns":0,"warehouse_damage":0,"lost_in_post":0,"other_logs":0,"out_stock_days":null,"lost_sales":0,"has_location":false,"update_date":"2026-03-26T13:13:55","atum_locations":[],"atum_stock_status":"instock","restock_status":false,"low_stock_amount":"","sales_update_date":"2026-03-26T13:13:55","calc_backorders":null,"yoast_head":"<!-- This site is optimized with the Yoast SEO plugin v27.2 - https:\/\/yoast.com\/product\/yoast-seo-wordpress\/ -->\n<title>Botines Cowboy Mujer Piel Vintage con Tac\u00f3n Cl\u00e1sico Alto<\/title>\n<meta name=\"description\" content=\"Botines cowboy mujer con piel raspada y arrugada, tac\u00f3n cl\u00e1sico de 6 cm, acabados con cera de abeja para un estilo vintage y comodidad excepcionales.\" \/>\n<meta name=\"robots\" content=\"index, follow, max-snippet:-1, max-image-preview:large, max-video-preview:-1\" \/>\n<link rel=\"canonical\" href=\"https:\/\/tonymora.com\/es\/producto\/2229-paris-irene-serraje-marino-p-azul\/\" \/>\n<meta property=\"og:locale\" content=\"es_ES\" \/>\n<meta property=\"og:type\" content=\"article\" \/>\n<meta property=\"og:title\" content=\"Botines Cowboy Mujer Piel Vintage con Tac\u00f3n Cl\u00e1sico Alto\" \/>\n<meta property=\"og:description\" content=\"Botines cowboy mujer con piel raspada y arrugada, tac\u00f3n cl\u00e1sico de 6 cm, acabados con cera de abeja para un estilo vintage y comodidad excepcionales.\" \/>\n<meta property=\"og:url\" content=\"https:\/\/tonymora.com\/es\/producto\/2229-paris-irene-serraje-marino-p-azul\/\" \/>\n<meta property=\"og:site_name\" content=\"Tony Mora\u00ae Boots Official Store\" \/>\n<meta property=\"article:publisher\" content=\"https:\/\/www.facebook.com\/Tonymoraofficial\/\" \/>\n<meta property=\"article:modified_time\" content=\"2026-04-05T05:33:01+00:00\" \/>\n<meta property=\"og:image\" content=\"https:\/\/tonymora.com\/wp-content\/uploads\/2025\/08\/TONY-MORA-FOTO-MODELOS-3-671x800.png\" \/>\n\t<meta property=\"og:image:width\" content=\"671\" \/>\n\t<meta property=\"og:image:height\" content=\"800\" \/>\n\t<meta property=\"og:image:type\" content=\"image\/png\" \/>\n<meta name=\"twitter:card\" content=\"summary_large_image\" \/>\n<meta name=\"twitter:label1\" content=\"Tiempo de lectura\" \/>\n\t<meta name=\"twitter:data1\" content=\"1 minuto\" \/>\n<script type=\"application\/ld+json\" class=\"yoast-schema-graph\">{\"@context\":\"https:\/\/schema.org\",\"@graph\":[{\"@type\":\"WebPage\",\"@id\":\"https:\/\/tonymora.com\/es\/producto\/2229-paris-irene-serraje-marino-p-azul\/\",\"url\":\"https:\/\/tonymora.com\/es\/producto\/2229-paris-irene-serraje-marino-p-azul\/\",\"name\":\"Botines Cowboy Mujer Piel Vintage con Tac\u00f3n Cl\u00e1sico Alto\",\"isPartOf\":{\"@id\":\"https:\/\/tonymora.com\/es\/#website\"},\"primaryImageOfPage\":{\"@id\":\"https:\/\/tonymora.com\/es\/producto\/2229-paris-irene-serraje-marino-p-azul\/#primaryimage\"},\"image\":{\"@id\":\"https:\/\/tonymora.com\/es\/producto\/2229-paris-irene-serraje-marino-p-azul\/#primaryimage\"},\"thumbnailUrl\":\"https:\/\/tonymora.com\/wp-content\/uploads\/2025\/08\/TONY-MORA-FOTO-MODELOS-3.png\",\"datePublished\":\"2025-08-19T09:48:08+00:00\",\"dateModified\":\"2026-04-05T05:33:01+00:00\",\"description\":\"Botines cowboy mujer con piel raspada y arrugada, tac\u00f3n cl\u00e1sico de 6 cm, acabados con cera de abeja para un estilo vintage y comodidad excepcionales.\",\"breadcrumb\":{\"@id\":\"https:\/\/tonymora.com\/es\/producto\/2229-paris-irene-serraje-marino-p-azul\/#breadcrumb\"},\"inLanguage\":\"es\",\"potentialAction\":[{\"@type\":\"ReadAction\",\"target\":[\"https:\/\/tonymora.com\/es\/producto\/2229-paris-irene-serraje-marino-p-azul\/\"]}]},{\"@type\":\"ImageObject\",\"inLanguage\":\"es\",\"@id\":\"https:\/\/tonymora.com\/es\/producto\/2229-paris-irene-serraje-marino-p-azul\/#primaryimage\",\"url\":\"https:\/\/tonymora.com\/wp-content\/uploads\/2025\/08\/TONY-MORA-FOTO-MODELOS-3.png\",\"contentUrl\":\"https:\/\/tonymora.com\/wp-content\/uploads\/2025\/08\/TONY-MORA-FOTO-MODELOS-3.png\",\"width\":1624,\"height\":1935},{\"@type\":\"BreadcrumbList\",\"@id\":\"https:\/\/tonymora.com\/es\/producto\/2229-paris-irene-serraje-marino-p-azul\/#breadcrumb\",\"itemListElement\":[{\"@type\":\"ListItem\",\"position\":1,\"name\":\"Portada\",\"item\":\"https:\/\/tonymora.com\/es\/\"},{\"@type\":\"ListItem\",\"position\":2,\"name\":\"Tienda\",\"item\":\"https:\/\/tonymora.com\/es\/tienda\/\"},{\"@type\":\"ListItem\",\"position\":3,\"name\":\"Mujer\",\"item\":\"https:\/\/tonymora.com\/es\/categoria-producto\/mujer\/\"},{\"@type\":\"ListItem\",\"position\":4,\"name\":\"2229 PARIS IRENE SERRAJE MARINO-P.AZUL\"}]},{\"@type\":\"WebSite\",\"@id\":\"https:\/\/tonymora.com\/es\/#website\",\"url\":\"https:\/\/tonymora.com\/es\/\",\"name\":\"Tony Mora\u00ae Boots Official Store\",\"description\":\"Cowboy Boots\",\"publisher\":{\"@id\":\"https:\/\/tonymora.com\/es\/#organization\"},\"potentialAction\":[{\"@type\":\"SearchAction\",\"target\":{\"@type\":\"EntryPoint\",\"urlTemplate\":\"https:\/\/tonymora.com\/es\/?s={search_term_string}\"},\"query-input\":{\"@type\":\"PropertyValueSpecification\",\"valueRequired\":true,\"valueName\":\"search_term_string\"}}],\"inLanguage\":\"es\"},{\"@type\":\"Organization\",\"@id\":\"https:\/\/tonymora.com\/es\/#organization\",\"name\":\"Tony Mora Boots\",\"url\":\"https:\/\/tonymora.com\/es\/\",\"logo\":{\"@type\":\"ImageObject\",\"inLanguage\":\"es\",\"@id\":\"https:\/\/tonymora.com\/es\/#\/schema\/logo\/image\/\",\"url\":\"https:\/\/tonymora.com\/wp-content\/uploads\/2023\/12\/LOGO.jpg\",\"contentUrl\":\"https:\/\/tonymora.com\/wp-content\/uploads\/2023\/12\/LOGO.jpg\",\"width\":2272,\"height\":1411,\"caption\":\"Tony Mora Boots\"},\"image\":{\"@id\":\"https:\/\/tonymora.com\/es\/#\/schema\/logo\/image\/\"},\"sameAs\":[\"https:\/\/www.facebook.com\/Tonymoraofficial\/\",\"https:\/\/www.instagram.com\/tonymoraofficial\/?hl=es\"]}]}<\/script>\n<!-- \/ Yoast SEO plugin. -->","yoast_head_json":{"title":"Botines Cowboy Mujer Piel Vintage con Tac\u00f3n Cl\u00e1sico Alto","description":"Botines cowboy mujer con piel raspada y arrugada, tac\u00f3n cl\u00e1sico de 6 cm, acabados con cera de abeja para un estilo vintage y comodidad excepcionales.","robots":{"index":"index","follow":"follow","max-snippet":"max-snippet:-1","max-image-preview":"max-image-preview:large","max-video-preview":"max-video-preview:-1"},"canonical":"https:\/\/tonymora.com\/es\/producto\/2229-paris-irene-serraje-marino-p-azul\/","og_locale":"es_ES","og_type":"article","og_title":"Botines Cowboy Mujer Piel Vintage con Tac\u00f3n Cl\u00e1sico Alto","og_description":"Botines cowboy mujer con piel raspada y arrugada, tac\u00f3n cl\u00e1sico de 6 cm, acabados con cera de abeja para un estilo vintage y comodidad excepcionales.","og_url":"https:\/\/tonymora.com\/es\/producto\/2229-paris-irene-serraje-marino-p-azul\/","og_site_name":"Tony Mora\u00ae Boots Official Store","article_publisher":"https:\/\/www.facebook.com\/Tonymoraofficial\/","article_modified_time":"2026-04-05T05:33:01+00:00","og_image":[{"width":671,"height":800,"url":"https:\/\/tonymora.com\/wp-content\/uploads\/2025\/08\/TONY-MORA-FOTO-MODELOS-3-671x800.png","type":"image\/png"}],"twitter_card":"summary_large_image","twitter_misc":{"Tiempo de lectura":"1 minuto"},"schema":{"@context":"https:\/\/schema.org","@graph":[{"@type":"WebPage","@id":"https:\/\/tonymora.com\/es\/producto\/2229-paris-irene-serraje-marino-p-azul\/","url":"https:\/\/tonymora.com\/es\/producto\/2229-paris-irene-serraje-marino-p-azul\/","name":"Botines Cowboy Mujer Piel Vintage con Tac\u00f3n Cl\u00e1sico Alto","isPartOf":{"@id":"https:\/\/tonymora.com\/es\/#website"},"primaryImageOfPage":{"@id":"https:\/\/tonymora.com\/es\/producto\/2229-paris-irene-serraje-marino-p-azul\/#primaryimage"},"image":{"@id":"https:\/\/tonymora.com\/es\/producto\/2229-paris-irene-serraje-marino-p-azul\/#primaryimage"},"thumbnailUrl":"https:\/\/tonymora.com\/wp-content\/uploads\/2025\/08\/TONY-MORA-FOTO-MODELOS-3.png","datePublished":"2025-08-19T09:48:08+00:00","dateModified":"2026-04-05T05:33:01+00:00","description":"Botines cowboy mujer con piel raspada y arrugada, tac\u00f3n cl\u00e1sico de 6 cm, acabados con cera de abeja para un estilo vintage y comodidad excepcionales.","breadcrumb":{"@id":"https:\/\/tonymora.com\/es\/producto\/2229-paris-irene-serraje-marino-p-azul\/#breadcrumb"},"inLanguage":"es","potentialAction":[{"@type":"ReadAction","target":["https:\/\/tonymora.com\/es\/producto\/2229-paris-irene-serraje-marino-p-azul\/"]}]},{"@type":"ImageObject","inLanguage":"es","@id":"https:\/\/tonymora.com\/es\/producto\/2229-paris-irene-serraje-marino-p-azul\/#primaryimage","url":"https:\/\/tonymora.com\/wp-content\/uploads\/2025\/08\/TONY-MORA-FOTO-MODELOS-3.png","contentUrl":"https:\/\/tonymora.com\/wp-content\/uploads\/2025\/08\/TONY-MORA-FOTO-MODELOS-3.png","width":1624,"height":1935},{"@type":"BreadcrumbList","@id":"https:\/\/tonymora.com\/es\/producto\/2229-paris-irene-serraje-marino-p-azul\/#breadcrumb","itemListElement":[{"@type":"ListItem","position":1,"name":"Portada","item":"https:\/\/tonymora.com\/es\/"},{"@type":"ListItem","position":2,"name":"Tienda","item":"https:\/\/tonymora.com\/es\/tienda\/"},{"@type":"ListItem","position":3,"name":"Mujer","item":"https:\/\/tonymora.com\/es\/categoria-producto\/mujer\/"},{"@type":"ListItem","position":4,"name":"2229 PARIS IRENE SERRAJE MARINO-P.AZUL"}]},{"@type":"WebSite","@id":"https:\/\/tonymora.com\/es\/#website","url":"https:\/\/tonymora.com\/es\/","name":"Tony Mora\u00ae Boots Official Store","description":"Cowboy Boots","publisher":{"@id":"https:\/\/tonymora.com\/es\/#organization"},"potentialAction":[{"@type":"SearchAction","target":{"@type":"EntryPoint","urlTemplate":"https:\/\/tonymora.com\/es\/?s={search_term_string}"},"query-input":{"@type":"PropertyValueSpecification","valueRequired":true,"valueName":"search_term_string"}}],"inLanguage":"es"},{"@type":"Organization","@id":"https:\/\/tonymora.com\/es\/#organization","name":"Tony Mora Boots","url":"https:\/\/tonymora.com\/es\/","logo":{"@type":"ImageObject","inLanguage":"es","@id":"https:\/\/tonymora.com\/es\/#\/schema\/logo\/image\/","url":"https:\/\/tonymora.com\/wp-content\/uploads\/2023\/12\/LOGO.jpg","contentUrl":"https:\/\/tonymora.com\/wp-content\/uploads\/2023\/12\/LOGO.jpg","width":2272,"height":1411,"caption":"Tony Mora Boots"},"image":{"@id":"https:\/\/tonymora.com\/es\/#\/schema\/logo\/image\/"},"sameAs":["https:\/\/www.facebook.com\/Tonymoraofficial\/","https:\/\/www.instagram.com\/tonymoraofficial\/?hl=es"]}]}},"_links":{"self":[{"href":"https:\/\/tonymora.com\/es\/wp-json\/wp\/v2\/product\/720746","targetHints":{"allow":["GET"]}}],"collection":[{"href":"https:\/\/tonymora.com\/es\/wp-json\/wp\/v2\/product"}],"about":[{"href":"https:\/\/tonymora.com\/es\/wp-json\/wp\/v2\/types\/product"}],"wp:featuredmedia":[{"embeddable":true,"href":"https:\/\/tonymora.com\/es\/wp-json\/wp\/v2\/media\/720812"}],"wp:attachment":[{"href":"https:\/\/tonymora.com\/es\/wp-json\/wp\/v2\/media?parent=720746"}],"wp:term":[{"taxonomy":"product_brand","embeddable":true,"href":"https:\/\/tonymora.com\/es\/wp-json\/wp\/v2\/product_brand?post=720746"},{"taxonomy":"product_cat","embeddable":true,"href":"https:\/\/tonymora.com\/es\/wp-json\/wp\/v2\/product_cat?post=720746"},{"taxonomy":"product_tag","embeddable":true,"href":"https:\/\/tonymora.com\/es\/wp-json\/wp\/v2\/product_tag?post=720746"}],"curies":[{"name":"wp","href":"https:\/\/api.w.org\/{rel}","templated":true}]}}