{"id":720942,"date":"2025-08-27T17:31:09","date_gmt":"2025-08-27T15:31:09","guid":{"rendered":"https:\/\/tonymora.com\/?post_type=product&#038;p=720942"},"modified":"2026-04-08T07:32:59","modified_gmt":"2026-04-08T05:32:59","slug":"dundee-asturias-cocodrilo-negro","status":"publish","type":"product","link":"https:\/\/tonymora.com\/es\/producto\/dundee-asturias-cocodrilo-negro\/","title":{"rendered":"DUNDEE ASTURIAS COCODRILO NEGRO"},"content":{"rendered":"<p data-start=\"155\" data-end=\"240\">Zapatos Oxford de piel de cocodrilo negra: elegancia y exclusividad en cada detalle<\/p>\n<p data-start=\"242\" data-end=\"443\">Estos sofisticados zapatos Oxford de piel de cocodrilo negra son aut\u00e9nticas obras de arte. Con ellos, no solo lucir\u00e1s elegante, sino que tambi\u00e9n disfrutar\u00e1s de comodidad y distinci\u00f3n en todo momento.<\/p>\n<p data-start=\"445\" data-end=\"680\">Cada par es una pieza \u00fanica y exclusiva gracias a su patr\u00f3n natural. Nuestros artesanos cortan cada pieza a mano y las unen meticulosamente para crear unos zapatos \u00fanicos e irrepetibles que destacan por su impecable textura y brillo.<\/p>\n<p data-start=\"682\" data-end=\"846\">Podr\u00e1s combinarlos f\u00e1cilmente tanto en ocasiones formales con traje, como en estilismos m\u00e1s casuales con jeans, aportando siempre un toque de refinada distinci\u00f3n.<\/p>\n<p data-start=\"848\" data-end=\"1018\">Este tipo de piel garantiza una durabilidad y resistencia excepcionales, mientras que su interior en piel de ternera ofrece suavidad, comodidad y alta transpirabilidad.<\/p>\n<p data-start=\"1020\" data-end=\"1179\">Adem\u00e1s, estos zapatos est\u00e1n cosidos a mano utilizando el prestigioso sistema \u00abGoodyear welted\u00bb, garantizando as\u00ed la calidad que solo Tony Mora puede ofrecer.<\/p>\n","protected":false},"excerpt":{"rendered":"<p>Sofisticaci\u00f3n serena para quienes eligen con criterio. Un icono de estilo para elevar cualquier conjunto.<br \/>\nPensada para vivir momentos, no para seguir tendencias.<\/p>\n","protected":false},"featured_media":721154,"template":"","meta":{"_mbp_gutenberg_autopost":false},"product_brand":[],"product_cat":[1172,1127,108,1124,161],"product_tag":[],"class_list":{"0":"post-720942","1":"product","2":"type-product","3":"status-publish","4":"has-post-thumbnail","6":"product_cat-black-friday","7":"product_cat-botas-de-lujo-hombre","8":"product_cat-hombre","9":"product_cat-rebajas-hombre","10":"product_cat-zapatos-hombre","12":"first","13":"instock","14":"taxable","15":"shipping-taxable","16":"purchasable","17":"product-type-variable"},"supplier_id":null,"supplier_sku":"","barcode":null,"atum_controlled":true,"out_stock_date":null,"out_stock_threshold":null,"inheritable":true,"inbound_stock":0,"stock_on_hold":0,"sold_today":null,"sales_last_days":null,"reserved_stock":0,"customer_returns":0,"warehouse_damage":0,"lost_in_post":0,"other_logs":0,"out_stock_days":null,"lost_sales":null,"has_location":false,"update_date":"2026-03-26T13:13:55","atum_locations":[],"atum_stock_status":"instock","restock_status":false,"low_stock_amount":"","sales_update_date":"2026-03-26T13:13:55","calc_backorders":null,"yoast_head":"<!-- This site is optimized with the Yoast SEO plugin v27.2 - https:\/\/yoast.com\/product\/yoast-seo-wordpress\/ -->\n<title>DUNDEE ASTURIAS COCODRILO NEGRO<\/title>\n<meta name=\"description\" content=\"Zapatos de cocodrilo con dise\u00f1o artesanal \u00fanico. Elegancia, comodidad y distinci\u00f3n en cada paso. Calidad Tony Mora hecha a mano.\" \/>\n<meta name=\"robots\" content=\"index, follow, max-snippet:-1, max-image-preview:large, max-video-preview:-1\" \/>\n<link rel=\"canonical\" href=\"https:\/\/tonymora.com\/es\/producto\/dundee-asturias-cocodrilo-negro\/\" \/>\n<meta property=\"og:locale\" content=\"es_ES\" \/>\n<meta property=\"og:type\" content=\"article\" \/>\n<meta property=\"og:title\" content=\"DUNDEE ASTURIAS COCODRILO NEGRO\" \/>\n<meta property=\"og:description\" content=\"Zapatos de cocodrilo con dise\u00f1o artesanal \u00fanico. Elegancia, comodidad y distinci\u00f3n en cada paso. Calidad Tony Mora hecha a mano.\" \/>\n<meta property=\"og:url\" content=\"https:\/\/tonymora.com\/es\/producto\/dundee-asturias-cocodrilo-negro\/\" \/>\n<meta property=\"og:site_name\" content=\"Tony Mora\u00ae Boots Official Store\" \/>\n<meta property=\"article:publisher\" content=\"https:\/\/www.facebook.com\/Tonymoraofficial\/\" \/>\n<meta property=\"article:modified_time\" content=\"2026-04-08T05:32:59+00:00\" \/>\n<meta property=\"og:image\" content=\"https:\/\/tonymora.com\/wp-content\/uploads\/2025\/08\/TONY-MORA-FOTO-MODELOS-10-671x800.png\" \/>\n\t<meta property=\"og:image:width\" content=\"671\" \/>\n\t<meta property=\"og:image:height\" content=\"800\" \/>\n\t<meta property=\"og:image:type\" content=\"image\/png\" \/>\n<meta name=\"twitter:card\" content=\"summary_large_image\" \/>\n<meta name=\"twitter:label1\" content=\"Tiempo de lectura\" \/>\n\t<meta name=\"twitter:data1\" content=\"1 minuto\" \/>\n<script type=\"application\/ld+json\" class=\"yoast-schema-graph\">{\"@context\":\"https:\/\/schema.org\",\"@graph\":[{\"@type\":\"WebPage\",\"@id\":\"https:\/\/tonymora.com\/es\/producto\/dundee-asturias-cocodrilo-negro\/\",\"url\":\"https:\/\/tonymora.com\/es\/producto\/dundee-asturias-cocodrilo-negro\/\",\"name\":\"DUNDEE ASTURIAS COCODRILO NEGRO\",\"isPartOf\":{\"@id\":\"https:\/\/tonymora.com\/es\/#website\"},\"primaryImageOfPage\":{\"@id\":\"https:\/\/tonymora.com\/es\/producto\/dundee-asturias-cocodrilo-negro\/#primaryimage\"},\"image\":{\"@id\":\"https:\/\/tonymora.com\/es\/producto\/dundee-asturias-cocodrilo-negro\/#primaryimage\"},\"thumbnailUrl\":\"https:\/\/tonymora.com\/wp-content\/uploads\/2025\/08\/TONY-MORA-FOTO-MODELOS-10.png\",\"datePublished\":\"2025-08-27T15:31:09+00:00\",\"dateModified\":\"2026-04-08T05:32:59+00:00\",\"description\":\"Zapatos de cocodrilo con dise\u00f1o artesanal \u00fanico. Elegancia, comodidad y distinci\u00f3n en cada paso. Calidad Tony Mora hecha a mano.\",\"breadcrumb\":{\"@id\":\"https:\/\/tonymora.com\/es\/producto\/dundee-asturias-cocodrilo-negro\/#breadcrumb\"},\"inLanguage\":\"es\",\"potentialAction\":[{\"@type\":\"ReadAction\",\"target\":[\"https:\/\/tonymora.com\/es\/producto\/dundee-asturias-cocodrilo-negro\/\"]}]},{\"@type\":\"ImageObject\",\"inLanguage\":\"es\",\"@id\":\"https:\/\/tonymora.com\/es\/producto\/dundee-asturias-cocodrilo-negro\/#primaryimage\",\"url\":\"https:\/\/tonymora.com\/wp-content\/uploads\/2025\/08\/TONY-MORA-FOTO-MODELOS-10.png\",\"contentUrl\":\"https:\/\/tonymora.com\/wp-content\/uploads\/2025\/08\/TONY-MORA-FOTO-MODELOS-10.png\",\"width\":1732,\"height\":2064},{\"@type\":\"BreadcrumbList\",\"@id\":\"https:\/\/tonymora.com\/es\/producto\/dundee-asturias-cocodrilo-negro\/#breadcrumb\",\"itemListElement\":[{\"@type\":\"ListItem\",\"position\":1,\"name\":\"Portada\",\"item\":\"https:\/\/tonymora.com\/es\/\"},{\"@type\":\"ListItem\",\"position\":2,\"name\":\"Tienda\",\"item\":\"https:\/\/tonymora.com\/es\/tienda\/\"},{\"@type\":\"ListItem\",\"position\":3,\"name\":\"Hombre\",\"item\":\"https:\/\/tonymora.com\/es\/categoria-producto\/hombre\/\"},{\"@type\":\"ListItem\",\"position\":4,\"name\":\"DUNDEE ASTURIAS COCODRILO NEGRO\"}]},{\"@type\":\"WebSite\",\"@id\":\"https:\/\/tonymora.com\/es\/#website\",\"url\":\"https:\/\/tonymora.com\/es\/\",\"name\":\"Tony Mora\u00ae Boots Official Store\",\"description\":\"Cowboy Boots\",\"publisher\":{\"@id\":\"https:\/\/tonymora.com\/es\/#organization\"},\"potentialAction\":[{\"@type\":\"SearchAction\",\"target\":{\"@type\":\"EntryPoint\",\"urlTemplate\":\"https:\/\/tonymora.com\/es\/?s={search_term_string}\"},\"query-input\":{\"@type\":\"PropertyValueSpecification\",\"valueRequired\":true,\"valueName\":\"search_term_string\"}}],\"inLanguage\":\"es\"},{\"@type\":\"Organization\",\"@id\":\"https:\/\/tonymora.com\/es\/#organization\",\"name\":\"Tony Mora Boots\",\"url\":\"https:\/\/tonymora.com\/es\/\",\"logo\":{\"@type\":\"ImageObject\",\"inLanguage\":\"es\",\"@id\":\"https:\/\/tonymora.com\/es\/#\/schema\/logo\/image\/\",\"url\":\"https:\/\/tonymora.com\/wp-content\/uploads\/2023\/12\/LOGO.jpg\",\"contentUrl\":\"https:\/\/tonymora.com\/wp-content\/uploads\/2023\/12\/LOGO.jpg\",\"width\":2272,\"height\":1411,\"caption\":\"Tony Mora Boots\"},\"image\":{\"@id\":\"https:\/\/tonymora.com\/es\/#\/schema\/logo\/image\/\"},\"sameAs\":[\"https:\/\/www.facebook.com\/Tonymoraofficial\/\",\"https:\/\/www.instagram.com\/tonymoraofficial\/?hl=es\"]}]}<\/script>\n<!-- \/ Yoast SEO plugin. -->","yoast_head_json":{"title":"DUNDEE ASTURIAS COCODRILO NEGRO","description":"Zapatos de cocodrilo con dise\u00f1o artesanal \u00fanico. Elegancia, comodidad y distinci\u00f3n en cada paso. Calidad Tony Mora hecha a mano.","robots":{"index":"index","follow":"follow","max-snippet":"max-snippet:-1","max-image-preview":"max-image-preview:large","max-video-preview":"max-video-preview:-1"},"canonical":"https:\/\/tonymora.com\/es\/producto\/dundee-asturias-cocodrilo-negro\/","og_locale":"es_ES","og_type":"article","og_title":"DUNDEE ASTURIAS COCODRILO NEGRO","og_description":"Zapatos de cocodrilo con dise\u00f1o artesanal \u00fanico. Elegancia, comodidad y distinci\u00f3n en cada paso. Calidad Tony Mora hecha a mano.","og_url":"https:\/\/tonymora.com\/es\/producto\/dundee-asturias-cocodrilo-negro\/","og_site_name":"Tony Mora\u00ae Boots Official Store","article_publisher":"https:\/\/www.facebook.com\/Tonymoraofficial\/","article_modified_time":"2026-04-08T05:32:59+00:00","og_image":[{"width":671,"height":800,"url":"https:\/\/tonymora.com\/wp-content\/uploads\/2025\/08\/TONY-MORA-FOTO-MODELOS-10-671x800.png","type":"image\/png"}],"twitter_card":"summary_large_image","twitter_misc":{"Tiempo de lectura":"1 minuto"},"schema":{"@context":"https:\/\/schema.org","@graph":[{"@type":"WebPage","@id":"https:\/\/tonymora.com\/es\/producto\/dundee-asturias-cocodrilo-negro\/","url":"https:\/\/tonymora.com\/es\/producto\/dundee-asturias-cocodrilo-negro\/","name":"DUNDEE ASTURIAS COCODRILO NEGRO","isPartOf":{"@id":"https:\/\/tonymora.com\/es\/#website"},"primaryImageOfPage":{"@id":"https:\/\/tonymora.com\/es\/producto\/dundee-asturias-cocodrilo-negro\/#primaryimage"},"image":{"@id":"https:\/\/tonymora.com\/es\/producto\/dundee-asturias-cocodrilo-negro\/#primaryimage"},"thumbnailUrl":"https:\/\/tonymora.com\/wp-content\/uploads\/2025\/08\/TONY-MORA-FOTO-MODELOS-10.png","datePublished":"2025-08-27T15:31:09+00:00","dateModified":"2026-04-08T05:32:59+00:00","description":"Zapatos de cocodrilo con dise\u00f1o artesanal \u00fanico. Elegancia, comodidad y distinci\u00f3n en cada paso. Calidad Tony Mora hecha a mano.","breadcrumb":{"@id":"https:\/\/tonymora.com\/es\/producto\/dundee-asturias-cocodrilo-negro\/#breadcrumb"},"inLanguage":"es","potentialAction":[{"@type":"ReadAction","target":["https:\/\/tonymora.com\/es\/producto\/dundee-asturias-cocodrilo-negro\/"]}]},{"@type":"ImageObject","inLanguage":"es","@id":"https:\/\/tonymora.com\/es\/producto\/dundee-asturias-cocodrilo-negro\/#primaryimage","url":"https:\/\/tonymora.com\/wp-content\/uploads\/2025\/08\/TONY-MORA-FOTO-MODELOS-10.png","contentUrl":"https:\/\/tonymora.com\/wp-content\/uploads\/2025\/08\/TONY-MORA-FOTO-MODELOS-10.png","width":1732,"height":2064},{"@type":"BreadcrumbList","@id":"https:\/\/tonymora.com\/es\/producto\/dundee-asturias-cocodrilo-negro\/#breadcrumb","itemListElement":[{"@type":"ListItem","position":1,"name":"Portada","item":"https:\/\/tonymora.com\/es\/"},{"@type":"ListItem","position":2,"name":"Tienda","item":"https:\/\/tonymora.com\/es\/tienda\/"},{"@type":"ListItem","position":3,"name":"Hombre","item":"https:\/\/tonymora.com\/es\/categoria-producto\/hombre\/"},{"@type":"ListItem","position":4,"name":"DUNDEE ASTURIAS COCODRILO NEGRO"}]},{"@type":"WebSite","@id":"https:\/\/tonymora.com\/es\/#website","url":"https:\/\/tonymora.com\/es\/","name":"Tony Mora\u00ae Boots Official Store","description":"Cowboy Boots","publisher":{"@id":"https:\/\/tonymora.com\/es\/#organization"},"potentialAction":[{"@type":"SearchAction","target":{"@type":"EntryPoint","urlTemplate":"https:\/\/tonymora.com\/es\/?s={search_term_string}"},"query-input":{"@type":"PropertyValueSpecification","valueRequired":true,"valueName":"search_term_string"}}],"inLanguage":"es"},{"@type":"Organization","@id":"https:\/\/tonymora.com\/es\/#organization","name":"Tony Mora Boots","url":"https:\/\/tonymora.com\/es\/","logo":{"@type":"ImageObject","inLanguage":"es","@id":"https:\/\/tonymora.com\/es\/#\/schema\/logo\/image\/","url":"https:\/\/tonymora.com\/wp-content\/uploads\/2023\/12\/LOGO.jpg","contentUrl":"https:\/\/tonymora.com\/wp-content\/uploads\/2023\/12\/LOGO.jpg","width":2272,"height":1411,"caption":"Tony Mora Boots"},"image":{"@id":"https:\/\/tonymora.com\/es\/#\/schema\/logo\/image\/"},"sameAs":["https:\/\/www.facebook.com\/Tonymoraofficial\/","https:\/\/www.instagram.com\/tonymoraofficial\/?hl=es"]}]}},"_links":{"self":[{"href":"https:\/\/tonymora.com\/es\/wp-json\/wp\/v2\/product\/720942","targetHints":{"allow":["GET"]}}],"collection":[{"href":"https:\/\/tonymora.com\/es\/wp-json\/wp\/v2\/product"}],"about":[{"href":"https:\/\/tonymora.com\/es\/wp-json\/wp\/v2\/types\/product"}],"wp:featuredmedia":[{"embeddable":true,"href":"https:\/\/tonymora.com\/es\/wp-json\/wp\/v2\/media\/721154"}],"wp:attachment":[{"href":"https:\/\/tonymora.com\/es\/wp-json\/wp\/v2\/media?parent=720942"}],"wp:term":[{"taxonomy":"product_brand","embeddable":true,"href":"https:\/\/tonymora.com\/es\/wp-json\/wp\/v2\/product_brand?post=720942"},{"taxonomy":"product_cat","embeddable":true,"href":"https:\/\/tonymora.com\/es\/wp-json\/wp\/v2\/product_cat?post=720942"},{"taxonomy":"product_tag","embeddable":true,"href":"https:\/\/tonymora.com\/es\/wp-json\/wp\/v2\/product_tag?post=720942"}],"curies":[{"name":"wp","href":"https:\/\/api.w.org\/{rel}","templated":true}]}}