{"id":721157,"date":"2025-08-28T13:51:46","date_gmt":"2025-08-28T11:51:46","guid":{"rendered":"https:\/\/tonymora.com\/?post_type=product&#038;p=721157"},"modified":"2026-04-10T07:33:04","modified_gmt":"2026-04-10T05:33:04","slug":"dundee-asturias-anguila-cuero","status":"publish","type":"product","link":"https:\/\/tonymora.com\/es\/producto\/dundee-asturias-anguila-cuero\/","title":{"rendered":"DUNDEE ASTURIAS ANGUILA CUERO"},"content":{"rendered":"<p data-start=\"93\" data-end=\"169\">Zapatos Oxford de piel de anguila cuero: distinci\u00f3n con un acabado natural<\/p>\n<p data-start=\"171\" data-end=\"370\">Estos exclusivos zapatos Oxford en piel de anguila color cuero destacan por su elegancia atemporal y su singular textura, resultado de un material \u00fanico que aporta brillo y personalidad a cada par.<\/p>\n<p data-start=\"372\" data-end=\"586\">Hechos artesanalmente en nuestra f\u00e1brica de Alar\u00f3, combinan tradici\u00f3n y sofisticaci\u00f3n, ofreciendo comodidad y resistencia gracias a su interior en piel de ternera y al cosido a mano con sistema \u00abGoodyear welted\u00bb.<\/p>\n<p data-start=\"588\" data-end=\"752\">Un calzado vers\u00e1til que podr\u00e1s lucir tanto en looks formales como en estilismos m\u00e1s desenfadados, siempre con la garant\u00eda de excelencia que distingue a Tony Mora.<\/p>\n","protected":false},"excerpt":{"rendered":"<p>Un estilo que habla de identidad, sin necesidad de palabras. Vers\u00e1til y f\u00e1cil de combinar, sin perder personalidad.<br \/>\nUna pieza que refuerza tu identidad y suma distinci\u00f3n sin esfuerzo.<\/p>\n","protected":false},"featured_media":721341,"template":"","meta":{"_mbp_gutenberg_autopost":false},"product_brand":[],"product_cat":[1172,1127,108,1124,161],"product_tag":[],"class_list":{"0":"post-721157","1":"product","2":"type-product","3":"status-publish","4":"has-post-thumbnail","6":"product_cat-black-friday","7":"product_cat-botas-de-lujo-hombre","8":"product_cat-hombre","9":"product_cat-rebajas-hombre","10":"product_cat-zapatos-hombre","12":"first","13":"instock","14":"taxable","15":"shipping-taxable","16":"purchasable","17":"product-type-variable"},"supplier_id":null,"supplier_sku":"","barcode":null,"atum_controlled":true,"out_stock_date":null,"out_stock_threshold":null,"inheritable":true,"inbound_stock":0,"stock_on_hold":0,"sold_today":null,"sales_last_days":null,"reserved_stock":0,"customer_returns":0,"warehouse_damage":0,"lost_in_post":0,"other_logs":0,"out_stock_days":null,"lost_sales":null,"has_location":false,"update_date":"2026-03-26T13:13:55","atum_locations":[],"atum_stock_status":"instock","restock_status":false,"low_stock_amount":"","sales_update_date":"2026-03-26T13:13:55","calc_backorders":null,"yoast_head":"<!-- This site is optimized with the Yoast SEO plugin v27.2 - https:\/\/yoast.com\/product\/yoast-seo-wordpress\/ -->\n<title>DUNDEE ASTURIAS ANGUILA CUERO<\/title>\n<meta name=\"description\" content=\"Zapatos de anguila con dise\u00f1o artesanal \u00fanico. Elegancia, comodidad y distinci\u00f3n en cada paso. Calidad Tony Mora hecha a mano.\" \/>\n<meta name=\"robots\" content=\"index, follow, max-snippet:-1, max-image-preview:large, max-video-preview:-1\" \/>\n<link rel=\"canonical\" href=\"https:\/\/tonymora.com\/es\/producto\/dundee-asturias-anguila-cuero\/\" \/>\n<meta property=\"og:locale\" content=\"es_ES\" \/>\n<meta property=\"og:type\" content=\"article\" \/>\n<meta property=\"og:title\" content=\"DUNDEE ASTURIAS ANGUILA CUERO\" \/>\n<meta property=\"og:description\" content=\"Zapatos de anguila con dise\u00f1o artesanal \u00fanico. Elegancia, comodidad y distinci\u00f3n en cada paso. Calidad Tony Mora hecha a mano.\" \/>\n<meta property=\"og:url\" content=\"https:\/\/tonymora.com\/es\/producto\/dundee-asturias-anguila-cuero\/\" \/>\n<meta property=\"og:site_name\" content=\"Tony Mora\u00ae Boots Official Store\" \/>\n<meta property=\"article:publisher\" content=\"https:\/\/www.facebook.com\/Tonymoraofficial\/\" \/>\n<meta property=\"article:modified_time\" content=\"2026-04-10T05:33:04+00:00\" \/>\n<meta property=\"og:image\" content=\"https:\/\/tonymora.com\/wp-content\/uploads\/2025\/08\/TONY-MORA-FOTO-MODELOS-13.png\" \/>\n\t<meta property=\"og:image:width\" content=\"866\" \/>\n\t<meta property=\"og:image:height\" content=\"1032\" \/>\n\t<meta property=\"og:image:type\" content=\"image\/png\" \/>\n<meta name=\"twitter:card\" content=\"summary_large_image\" \/>\n<meta name=\"twitter:label1\" content=\"Tiempo de lectura\" \/>\n\t<meta name=\"twitter:data1\" content=\"1 minuto\" \/>\n<script type=\"application\/ld+json\" class=\"yoast-schema-graph\">{\"@context\":\"https:\/\/schema.org\",\"@graph\":[{\"@type\":\"WebPage\",\"@id\":\"https:\/\/tonymora.com\/es\/producto\/dundee-asturias-anguila-cuero\/\",\"url\":\"https:\/\/tonymora.com\/es\/producto\/dundee-asturias-anguila-cuero\/\",\"name\":\"DUNDEE ASTURIAS ANGUILA CUERO\",\"isPartOf\":{\"@id\":\"https:\/\/tonymora.com\/es\/#website\"},\"primaryImageOfPage\":{\"@id\":\"https:\/\/tonymora.com\/es\/producto\/dundee-asturias-anguila-cuero\/#primaryimage\"},\"image\":{\"@id\":\"https:\/\/tonymora.com\/es\/producto\/dundee-asturias-anguila-cuero\/#primaryimage\"},\"thumbnailUrl\":\"https:\/\/tonymora.com\/wp-content\/uploads\/2025\/08\/TONY-MORA-FOTO-MODELOS-13.png\",\"datePublished\":\"2025-08-28T11:51:46+00:00\",\"dateModified\":\"2026-04-10T05:33:04+00:00\",\"description\":\"Zapatos de anguila con dise\u00f1o artesanal \u00fanico. Elegancia, comodidad y distinci\u00f3n en cada paso. Calidad Tony Mora hecha a mano.\",\"breadcrumb\":{\"@id\":\"https:\/\/tonymora.com\/es\/producto\/dundee-asturias-anguila-cuero\/#breadcrumb\"},\"inLanguage\":\"es\",\"potentialAction\":[{\"@type\":\"ReadAction\",\"target\":[\"https:\/\/tonymora.com\/es\/producto\/dundee-asturias-anguila-cuero\/\"]}]},{\"@type\":\"ImageObject\",\"inLanguage\":\"es\",\"@id\":\"https:\/\/tonymora.com\/es\/producto\/dundee-asturias-anguila-cuero\/#primaryimage\",\"url\":\"https:\/\/tonymora.com\/wp-content\/uploads\/2025\/08\/TONY-MORA-FOTO-MODELOS-13.png\",\"contentUrl\":\"https:\/\/tonymora.com\/wp-content\/uploads\/2025\/08\/TONY-MORA-FOTO-MODELOS-13.png\",\"width\":866,\"height\":1032},{\"@type\":\"BreadcrumbList\",\"@id\":\"https:\/\/tonymora.com\/es\/producto\/dundee-asturias-anguila-cuero\/#breadcrumb\",\"itemListElement\":[{\"@type\":\"ListItem\",\"position\":1,\"name\":\"Portada\",\"item\":\"https:\/\/tonymora.com\/es\/\"},{\"@type\":\"ListItem\",\"position\":2,\"name\":\"Tienda\",\"item\":\"https:\/\/tonymora.com\/es\/tienda\/\"},{\"@type\":\"ListItem\",\"position\":3,\"name\":\"Hombre\",\"item\":\"https:\/\/tonymora.com\/es\/categoria-producto\/hombre\/\"},{\"@type\":\"ListItem\",\"position\":4,\"name\":\"DUNDEE ASTURIAS ANGUILA CUERO\"}]},{\"@type\":\"WebSite\",\"@id\":\"https:\/\/tonymora.com\/es\/#website\",\"url\":\"https:\/\/tonymora.com\/es\/\",\"name\":\"Tony Mora\u00ae Boots Official Store\",\"description\":\"Cowboy Boots\",\"publisher\":{\"@id\":\"https:\/\/tonymora.com\/es\/#organization\"},\"potentialAction\":[{\"@type\":\"SearchAction\",\"target\":{\"@type\":\"EntryPoint\",\"urlTemplate\":\"https:\/\/tonymora.com\/es\/?s={search_term_string}\"},\"query-input\":{\"@type\":\"PropertyValueSpecification\",\"valueRequired\":true,\"valueName\":\"search_term_string\"}}],\"inLanguage\":\"es\"},{\"@type\":\"Organization\",\"@id\":\"https:\/\/tonymora.com\/es\/#organization\",\"name\":\"Tony Mora Boots\",\"url\":\"https:\/\/tonymora.com\/es\/\",\"logo\":{\"@type\":\"ImageObject\",\"inLanguage\":\"es\",\"@id\":\"https:\/\/tonymora.com\/es\/#\/schema\/logo\/image\/\",\"url\":\"https:\/\/tonymora.com\/wp-content\/uploads\/2023\/12\/LOGO.jpg\",\"contentUrl\":\"https:\/\/tonymora.com\/wp-content\/uploads\/2023\/12\/LOGO.jpg\",\"width\":2272,\"height\":1411,\"caption\":\"Tony Mora Boots\"},\"image\":{\"@id\":\"https:\/\/tonymora.com\/es\/#\/schema\/logo\/image\/\"},\"sameAs\":[\"https:\/\/www.facebook.com\/Tonymoraofficial\/\",\"https:\/\/www.instagram.com\/tonymoraofficial\/?hl=es\"]}]}<\/script>\n<!-- \/ Yoast SEO plugin. -->","yoast_head_json":{"title":"DUNDEE ASTURIAS ANGUILA CUERO","description":"Zapatos de anguila con dise\u00f1o artesanal \u00fanico. Elegancia, comodidad y distinci\u00f3n en cada paso. Calidad Tony Mora hecha a mano.","robots":{"index":"index","follow":"follow","max-snippet":"max-snippet:-1","max-image-preview":"max-image-preview:large","max-video-preview":"max-video-preview:-1"},"canonical":"https:\/\/tonymora.com\/es\/producto\/dundee-asturias-anguila-cuero\/","og_locale":"es_ES","og_type":"article","og_title":"DUNDEE ASTURIAS ANGUILA CUERO","og_description":"Zapatos de anguila con dise\u00f1o artesanal \u00fanico. Elegancia, comodidad y distinci\u00f3n en cada paso. Calidad Tony Mora hecha a mano.","og_url":"https:\/\/tonymora.com\/es\/producto\/dundee-asturias-anguila-cuero\/","og_site_name":"Tony Mora\u00ae Boots Official Store","article_publisher":"https:\/\/www.facebook.com\/Tonymoraofficial\/","article_modified_time":"2026-04-10T05:33:04+00:00","og_image":[{"width":866,"height":1032,"url":"https:\/\/tonymora.com\/wp-content\/uploads\/2025\/08\/TONY-MORA-FOTO-MODELOS-13.png","type":"image\/png"}],"twitter_card":"summary_large_image","twitter_misc":{"Tiempo de lectura":"1 minuto"},"schema":{"@context":"https:\/\/schema.org","@graph":[{"@type":"WebPage","@id":"https:\/\/tonymora.com\/es\/producto\/dundee-asturias-anguila-cuero\/","url":"https:\/\/tonymora.com\/es\/producto\/dundee-asturias-anguila-cuero\/","name":"DUNDEE ASTURIAS ANGUILA CUERO","isPartOf":{"@id":"https:\/\/tonymora.com\/es\/#website"},"primaryImageOfPage":{"@id":"https:\/\/tonymora.com\/es\/producto\/dundee-asturias-anguila-cuero\/#primaryimage"},"image":{"@id":"https:\/\/tonymora.com\/es\/producto\/dundee-asturias-anguila-cuero\/#primaryimage"},"thumbnailUrl":"https:\/\/tonymora.com\/wp-content\/uploads\/2025\/08\/TONY-MORA-FOTO-MODELOS-13.png","datePublished":"2025-08-28T11:51:46+00:00","dateModified":"2026-04-10T05:33:04+00:00","description":"Zapatos de anguila con dise\u00f1o artesanal \u00fanico. Elegancia, comodidad y distinci\u00f3n en cada paso. Calidad Tony Mora hecha a mano.","breadcrumb":{"@id":"https:\/\/tonymora.com\/es\/producto\/dundee-asturias-anguila-cuero\/#breadcrumb"},"inLanguage":"es","potentialAction":[{"@type":"ReadAction","target":["https:\/\/tonymora.com\/es\/producto\/dundee-asturias-anguila-cuero\/"]}]},{"@type":"ImageObject","inLanguage":"es","@id":"https:\/\/tonymora.com\/es\/producto\/dundee-asturias-anguila-cuero\/#primaryimage","url":"https:\/\/tonymora.com\/wp-content\/uploads\/2025\/08\/TONY-MORA-FOTO-MODELOS-13.png","contentUrl":"https:\/\/tonymora.com\/wp-content\/uploads\/2025\/08\/TONY-MORA-FOTO-MODELOS-13.png","width":866,"height":1032},{"@type":"BreadcrumbList","@id":"https:\/\/tonymora.com\/es\/producto\/dundee-asturias-anguila-cuero\/#breadcrumb","itemListElement":[{"@type":"ListItem","position":1,"name":"Portada","item":"https:\/\/tonymora.com\/es\/"},{"@type":"ListItem","position":2,"name":"Tienda","item":"https:\/\/tonymora.com\/es\/tienda\/"},{"@type":"ListItem","position":3,"name":"Hombre","item":"https:\/\/tonymora.com\/es\/categoria-producto\/hombre\/"},{"@type":"ListItem","position":4,"name":"DUNDEE ASTURIAS ANGUILA CUERO"}]},{"@type":"WebSite","@id":"https:\/\/tonymora.com\/es\/#website","url":"https:\/\/tonymora.com\/es\/","name":"Tony Mora\u00ae Boots Official Store","description":"Cowboy Boots","publisher":{"@id":"https:\/\/tonymora.com\/es\/#organization"},"potentialAction":[{"@type":"SearchAction","target":{"@type":"EntryPoint","urlTemplate":"https:\/\/tonymora.com\/es\/?s={search_term_string}"},"query-input":{"@type":"PropertyValueSpecification","valueRequired":true,"valueName":"search_term_string"}}],"inLanguage":"es"},{"@type":"Organization","@id":"https:\/\/tonymora.com\/es\/#organization","name":"Tony Mora Boots","url":"https:\/\/tonymora.com\/es\/","logo":{"@type":"ImageObject","inLanguage":"es","@id":"https:\/\/tonymora.com\/es\/#\/schema\/logo\/image\/","url":"https:\/\/tonymora.com\/wp-content\/uploads\/2023\/12\/LOGO.jpg","contentUrl":"https:\/\/tonymora.com\/wp-content\/uploads\/2023\/12\/LOGO.jpg","width":2272,"height":1411,"caption":"Tony Mora Boots"},"image":{"@id":"https:\/\/tonymora.com\/es\/#\/schema\/logo\/image\/"},"sameAs":["https:\/\/www.facebook.com\/Tonymoraofficial\/","https:\/\/www.instagram.com\/tonymoraofficial\/?hl=es"]}]}},"_links":{"self":[{"href":"https:\/\/tonymora.com\/es\/wp-json\/wp\/v2\/product\/721157","targetHints":{"allow":["GET"]}}],"collection":[{"href":"https:\/\/tonymora.com\/es\/wp-json\/wp\/v2\/product"}],"about":[{"href":"https:\/\/tonymora.com\/es\/wp-json\/wp\/v2\/types\/product"}],"wp:featuredmedia":[{"embeddable":true,"href":"https:\/\/tonymora.com\/es\/wp-json\/wp\/v2\/media\/721341"}],"wp:attachment":[{"href":"https:\/\/tonymora.com\/es\/wp-json\/wp\/v2\/media?parent=721157"}],"wp:term":[{"taxonomy":"product_brand","embeddable":true,"href":"https:\/\/tonymora.com\/es\/wp-json\/wp\/v2\/product_brand?post=721157"},{"taxonomy":"product_cat","embeddable":true,"href":"https:\/\/tonymora.com\/es\/wp-json\/wp\/v2\/product_cat?post=721157"},{"taxonomy":"product_tag","embeddable":true,"href":"https:\/\/tonymora.com\/es\/wp-json\/wp\/v2\/product_tag?post=721157"}],"curies":[{"name":"wp","href":"https:\/\/api.w.org\/{rel}","templated":true}]}}