{"id":721259,"date":"2025-08-28T14:29:58","date_gmt":"2025-08-28T12:29:58","guid":{"rendered":"https:\/\/tonymora.com\/?post_type=product&#038;p=721259"},"modified":"2026-04-09T07:32:58","modified_gmt":"2026-04-09T05:32:58","slug":"dundee-asturias-avestruz-negro","status":"publish","type":"product","link":"https:\/\/tonymora.com\/es\/producto\/dundee-asturias-avestruz-negro\/","title":{"rendered":"DUNDEE ASTURIAS AVESTRUZ NEGRO"},"content":{"rendered":"<p data-start=\"149\" data-end=\"218\">Zapatos Oxford de piel de avestruz negra: sobriedad y sofisticaci\u00f3n<\/p>\n<p data-start=\"220\" data-end=\"467\">Estos exclusivos zapatos Oxford en piel de avestruz negra destacan por su elegancia atemporal y el car\u00e1cter \u00fanico que aporta este material de gran prestigio. Cada par refleja la artesan\u00eda y el cuidado por el detalle que caracterizan a Tony Mora.<\/p>\n<p data-start=\"469\" data-end=\"671\">Hechos a mano en nuestra f\u00e1brica de Mallorca, ofrecen confort y resistencia gracias a su interior en piel de ternera y al cosido con el sistema \u00abGoodyear welted\u00bb, sin\u00f3nimo de durabilidad y excelencia.<\/p>\n<p data-start=\"673\" data-end=\"816\">Un calzado vers\u00e1til y distinguido, perfecto tanto para ocasiones formales como para un estilo m\u00e1s contempor\u00e1neo con un toque de exclusividad.<\/p>\n","protected":false},"excerpt":{"rendered":"<p>Una pieza pensada para destacar con discreci\u00f3n y seguridad. La opci\u00f3n perfecta cuando quieres ir impecable.<br \/>\nLa clase de elecci\u00f3n que se recuerda por c\u00f3mo te hace sentir.<\/p>\n","protected":false},"featured_media":721347,"template":"","meta":{"_mbp_gutenberg_autopost":false},"product_brand":[],"product_cat":[1172,1127,108,1124,161],"product_tag":[],"class_list":{"0":"post-721259","1":"product","2":"type-product","3":"status-publish","4":"has-post-thumbnail","6":"product_cat-black-friday","7":"product_cat-botas-de-lujo-hombre","8":"product_cat-hombre","9":"product_cat-rebajas-hombre","10":"product_cat-zapatos-hombre","12":"first","13":"instock","14":"taxable","15":"shipping-taxable","16":"purchasable","17":"product-type-variable"},"supplier_id":null,"supplier_sku":"","barcode":null,"atum_controlled":true,"out_stock_date":null,"out_stock_threshold":null,"inheritable":true,"inbound_stock":0,"stock_on_hold":1,"sold_today":0,"sales_last_days":0,"reserved_stock":0,"customer_returns":0,"warehouse_damage":0,"lost_in_post":0,"other_logs":0,"out_stock_days":null,"lost_sales":0,"has_location":false,"update_date":"2026-03-26T13:13:55","atum_locations":[],"atum_stock_status":"instock","restock_status":false,"low_stock_amount":"","sales_update_date":"2026-03-26T13:13:55","calc_backorders":null,"yoast_head":"<!-- This site is optimized with the Yoast SEO plugin v27.2 - https:\/\/yoast.com\/product\/yoast-seo-wordpress\/ -->\n<title>DUNDEE ASTURIAS AVESTRUZ NEGRO<\/title>\n<meta name=\"description\" content=\"Zapatos de avestruz con dise\u00f1o artesanal \u00fanico. Elegancia, comodidad y distinci\u00f3n en cada paso. Calidad Tony Mora hecha a mano.\" \/>\n<meta name=\"robots\" content=\"index, follow, max-snippet:-1, max-image-preview:large, max-video-preview:-1\" \/>\n<link rel=\"canonical\" href=\"https:\/\/tonymora.com\/es\/producto\/dundee-asturias-avestruz-negro\/\" \/>\n<meta property=\"og:locale\" content=\"es_ES\" \/>\n<meta property=\"og:type\" content=\"article\" \/>\n<meta property=\"og:title\" content=\"DUNDEE ASTURIAS AVESTRUZ NEGRO\" \/>\n<meta property=\"og:description\" content=\"Zapatos de avestruz con dise\u00f1o artesanal \u00fanico. Elegancia, comodidad y distinci\u00f3n en cada paso. Calidad Tony Mora hecha a mano.\" \/>\n<meta property=\"og:url\" content=\"https:\/\/tonymora.com\/es\/producto\/dundee-asturias-avestruz-negro\/\" \/>\n<meta property=\"og:site_name\" content=\"Tony Mora\u00ae Boots Official Store\" \/>\n<meta property=\"article:publisher\" content=\"https:\/\/www.facebook.com\/Tonymoraofficial\/\" \/>\n<meta property=\"article:modified_time\" content=\"2026-04-09T05:32:58+00:00\" \/>\n<meta property=\"og:image\" content=\"https:\/\/tonymora.com\/wp-content\/uploads\/2025\/08\/7-3.png\" \/>\n\t<meta property=\"og:image:width\" content=\"866\" \/>\n\t<meta property=\"og:image:height\" content=\"1032\" \/>\n\t<meta property=\"og:image:type\" content=\"image\/png\" \/>\n<meta name=\"twitter:card\" content=\"summary_large_image\" \/>\n<meta name=\"twitter:label1\" content=\"Tiempo de lectura\" \/>\n\t<meta name=\"twitter:data1\" content=\"1 minuto\" \/>\n<script type=\"application\/ld+json\" class=\"yoast-schema-graph\">{\"@context\":\"https:\/\/schema.org\",\"@graph\":[{\"@type\":\"WebPage\",\"@id\":\"https:\/\/tonymora.com\/es\/producto\/dundee-asturias-avestruz-negro\/\",\"url\":\"https:\/\/tonymora.com\/es\/producto\/dundee-asturias-avestruz-negro\/\",\"name\":\"DUNDEE ASTURIAS AVESTRUZ NEGRO\",\"isPartOf\":{\"@id\":\"https:\/\/tonymora.com\/es\/#website\"},\"primaryImageOfPage\":{\"@id\":\"https:\/\/tonymora.com\/es\/producto\/dundee-asturias-avestruz-negro\/#primaryimage\"},\"image\":{\"@id\":\"https:\/\/tonymora.com\/es\/producto\/dundee-asturias-avestruz-negro\/#primaryimage\"},\"thumbnailUrl\":\"https:\/\/tonymora.com\/wp-content\/uploads\/2025\/08\/7-3.png\",\"datePublished\":\"2025-08-28T12:29:58+00:00\",\"dateModified\":\"2026-04-09T05:32:58+00:00\",\"description\":\"Zapatos de avestruz con dise\u00f1o artesanal \u00fanico. Elegancia, comodidad y distinci\u00f3n en cada paso. Calidad Tony Mora hecha a mano.\",\"breadcrumb\":{\"@id\":\"https:\/\/tonymora.com\/es\/producto\/dundee-asturias-avestruz-negro\/#breadcrumb\"},\"inLanguage\":\"es\",\"potentialAction\":[{\"@type\":\"ReadAction\",\"target\":[\"https:\/\/tonymora.com\/es\/producto\/dundee-asturias-avestruz-negro\/\"]}]},{\"@type\":\"ImageObject\",\"inLanguage\":\"es\",\"@id\":\"https:\/\/tonymora.com\/es\/producto\/dundee-asturias-avestruz-negro\/#primaryimage\",\"url\":\"https:\/\/tonymora.com\/wp-content\/uploads\/2025\/08\/7-3.png\",\"contentUrl\":\"https:\/\/tonymora.com\/wp-content\/uploads\/2025\/08\/7-3.png\",\"width\":866,\"height\":1032},{\"@type\":\"BreadcrumbList\",\"@id\":\"https:\/\/tonymora.com\/es\/producto\/dundee-asturias-avestruz-negro\/#breadcrumb\",\"itemListElement\":[{\"@type\":\"ListItem\",\"position\":1,\"name\":\"Portada\",\"item\":\"https:\/\/tonymora.com\/es\/\"},{\"@type\":\"ListItem\",\"position\":2,\"name\":\"Tienda\",\"item\":\"https:\/\/tonymora.com\/es\/tienda\/\"},{\"@type\":\"ListItem\",\"position\":3,\"name\":\"Hombre\",\"item\":\"https:\/\/tonymora.com\/es\/categoria-producto\/hombre\/\"},{\"@type\":\"ListItem\",\"position\":4,\"name\":\"DUNDEE ASTURIAS AVESTRUZ NEGRO\"}]},{\"@type\":\"WebSite\",\"@id\":\"https:\/\/tonymora.com\/es\/#website\",\"url\":\"https:\/\/tonymora.com\/es\/\",\"name\":\"Tony Mora\u00ae Boots Official Store\",\"description\":\"Cowboy Boots\",\"publisher\":{\"@id\":\"https:\/\/tonymora.com\/es\/#organization\"},\"potentialAction\":[{\"@type\":\"SearchAction\",\"target\":{\"@type\":\"EntryPoint\",\"urlTemplate\":\"https:\/\/tonymora.com\/es\/?s={search_term_string}\"},\"query-input\":{\"@type\":\"PropertyValueSpecification\",\"valueRequired\":true,\"valueName\":\"search_term_string\"}}],\"inLanguage\":\"es\"},{\"@type\":\"Organization\",\"@id\":\"https:\/\/tonymora.com\/es\/#organization\",\"name\":\"Tony Mora Boots\",\"url\":\"https:\/\/tonymora.com\/es\/\",\"logo\":{\"@type\":\"ImageObject\",\"inLanguage\":\"es\",\"@id\":\"https:\/\/tonymora.com\/es\/#\/schema\/logo\/image\/\",\"url\":\"https:\/\/tonymora.com\/wp-content\/uploads\/2023\/12\/LOGO.jpg\",\"contentUrl\":\"https:\/\/tonymora.com\/wp-content\/uploads\/2023\/12\/LOGO.jpg\",\"width\":2272,\"height\":1411,\"caption\":\"Tony Mora Boots\"},\"image\":{\"@id\":\"https:\/\/tonymora.com\/es\/#\/schema\/logo\/image\/\"},\"sameAs\":[\"https:\/\/www.facebook.com\/Tonymoraofficial\/\",\"https:\/\/www.instagram.com\/tonymoraofficial\/?hl=es\"]}]}<\/script>\n<!-- \/ Yoast SEO plugin. -->","yoast_head_json":{"title":"DUNDEE ASTURIAS AVESTRUZ NEGRO","description":"Zapatos de avestruz con dise\u00f1o artesanal \u00fanico. Elegancia, comodidad y distinci\u00f3n en cada paso. Calidad Tony Mora hecha a mano.","robots":{"index":"index","follow":"follow","max-snippet":"max-snippet:-1","max-image-preview":"max-image-preview:large","max-video-preview":"max-video-preview:-1"},"canonical":"https:\/\/tonymora.com\/es\/producto\/dundee-asturias-avestruz-negro\/","og_locale":"es_ES","og_type":"article","og_title":"DUNDEE ASTURIAS AVESTRUZ NEGRO","og_description":"Zapatos de avestruz con dise\u00f1o artesanal \u00fanico. Elegancia, comodidad y distinci\u00f3n en cada paso. Calidad Tony Mora hecha a mano.","og_url":"https:\/\/tonymora.com\/es\/producto\/dundee-asturias-avestruz-negro\/","og_site_name":"Tony Mora\u00ae Boots Official Store","article_publisher":"https:\/\/www.facebook.com\/Tonymoraofficial\/","article_modified_time":"2026-04-09T05:32:58+00:00","og_image":[{"width":866,"height":1032,"url":"https:\/\/tonymora.com\/wp-content\/uploads\/2025\/08\/7-3.png","type":"image\/png"}],"twitter_card":"summary_large_image","twitter_misc":{"Tiempo de lectura":"1 minuto"},"schema":{"@context":"https:\/\/schema.org","@graph":[{"@type":"WebPage","@id":"https:\/\/tonymora.com\/es\/producto\/dundee-asturias-avestruz-negro\/","url":"https:\/\/tonymora.com\/es\/producto\/dundee-asturias-avestruz-negro\/","name":"DUNDEE ASTURIAS AVESTRUZ NEGRO","isPartOf":{"@id":"https:\/\/tonymora.com\/es\/#website"},"primaryImageOfPage":{"@id":"https:\/\/tonymora.com\/es\/producto\/dundee-asturias-avestruz-negro\/#primaryimage"},"image":{"@id":"https:\/\/tonymora.com\/es\/producto\/dundee-asturias-avestruz-negro\/#primaryimage"},"thumbnailUrl":"https:\/\/tonymora.com\/wp-content\/uploads\/2025\/08\/7-3.png","datePublished":"2025-08-28T12:29:58+00:00","dateModified":"2026-04-09T05:32:58+00:00","description":"Zapatos de avestruz con dise\u00f1o artesanal \u00fanico. Elegancia, comodidad y distinci\u00f3n en cada paso. Calidad Tony Mora hecha a mano.","breadcrumb":{"@id":"https:\/\/tonymora.com\/es\/producto\/dundee-asturias-avestruz-negro\/#breadcrumb"},"inLanguage":"es","potentialAction":[{"@type":"ReadAction","target":["https:\/\/tonymora.com\/es\/producto\/dundee-asturias-avestruz-negro\/"]}]},{"@type":"ImageObject","inLanguage":"es","@id":"https:\/\/tonymora.com\/es\/producto\/dundee-asturias-avestruz-negro\/#primaryimage","url":"https:\/\/tonymora.com\/wp-content\/uploads\/2025\/08\/7-3.png","contentUrl":"https:\/\/tonymora.com\/wp-content\/uploads\/2025\/08\/7-3.png","width":866,"height":1032},{"@type":"BreadcrumbList","@id":"https:\/\/tonymora.com\/es\/producto\/dundee-asturias-avestruz-negro\/#breadcrumb","itemListElement":[{"@type":"ListItem","position":1,"name":"Portada","item":"https:\/\/tonymora.com\/es\/"},{"@type":"ListItem","position":2,"name":"Tienda","item":"https:\/\/tonymora.com\/es\/tienda\/"},{"@type":"ListItem","position":3,"name":"Hombre","item":"https:\/\/tonymora.com\/es\/categoria-producto\/hombre\/"},{"@type":"ListItem","position":4,"name":"DUNDEE ASTURIAS AVESTRUZ NEGRO"}]},{"@type":"WebSite","@id":"https:\/\/tonymora.com\/es\/#website","url":"https:\/\/tonymora.com\/es\/","name":"Tony Mora\u00ae Boots Official Store","description":"Cowboy Boots","publisher":{"@id":"https:\/\/tonymora.com\/es\/#organization"},"potentialAction":[{"@type":"SearchAction","target":{"@type":"EntryPoint","urlTemplate":"https:\/\/tonymora.com\/es\/?s={search_term_string}"},"query-input":{"@type":"PropertyValueSpecification","valueRequired":true,"valueName":"search_term_string"}}],"inLanguage":"es"},{"@type":"Organization","@id":"https:\/\/tonymora.com\/es\/#organization","name":"Tony Mora Boots","url":"https:\/\/tonymora.com\/es\/","logo":{"@type":"ImageObject","inLanguage":"es","@id":"https:\/\/tonymora.com\/es\/#\/schema\/logo\/image\/","url":"https:\/\/tonymora.com\/wp-content\/uploads\/2023\/12\/LOGO.jpg","contentUrl":"https:\/\/tonymora.com\/wp-content\/uploads\/2023\/12\/LOGO.jpg","width":2272,"height":1411,"caption":"Tony Mora Boots"},"image":{"@id":"https:\/\/tonymora.com\/es\/#\/schema\/logo\/image\/"},"sameAs":["https:\/\/www.facebook.com\/Tonymoraofficial\/","https:\/\/www.instagram.com\/tonymoraofficial\/?hl=es"]}]}},"_links":{"self":[{"href":"https:\/\/tonymora.com\/es\/wp-json\/wp\/v2\/product\/721259","targetHints":{"allow":["GET"]}}],"collection":[{"href":"https:\/\/tonymora.com\/es\/wp-json\/wp\/v2\/product"}],"about":[{"href":"https:\/\/tonymora.com\/es\/wp-json\/wp\/v2\/types\/product"}],"wp:featuredmedia":[{"embeddable":true,"href":"https:\/\/tonymora.com\/es\/wp-json\/wp\/v2\/media\/721347"}],"wp:attachment":[{"href":"https:\/\/tonymora.com\/es\/wp-json\/wp\/v2\/media?parent=721259"}],"wp:term":[{"taxonomy":"product_brand","embeddable":true,"href":"https:\/\/tonymora.com\/es\/wp-json\/wp\/v2\/product_brand?post=721259"},{"taxonomy":"product_cat","embeddable":true,"href":"https:\/\/tonymora.com\/es\/wp-json\/wp\/v2\/product_cat?post=721259"},{"taxonomy":"product_tag","embeddable":true,"href":"https:\/\/tonymora.com\/es\/wp-json\/wp\/v2\/product_tag?post=721259"}],"curies":[{"name":"wp","href":"https:\/\/api.w.org\/{rel}","templated":true}]}}