{"id":721394,"date":"2025-09-03T15:40:59","date_gmt":"2025-09-03T13:40:59","guid":{"rendered":"https:\/\/tonymora.com\/?post_type=product&#038;p=721394"},"modified":"2026-04-16T07:33:01","modified_gmt":"2026-04-16T05:33:01","slug":"2135-j-lini-washed-burdeos-serraje-topo","status":"publish","type":"product","link":"https:\/\/tonymora.com\/es\/producto\/2135-j-lini-washed-burdeos-serraje-topo\/","title":{"rendered":"2135 J LINI WASHED BURDEOS \/ SERRAJE TOPO"},"content":{"rendered":"<p>Botas de piel burdeos con estrella topo: dise\u00f1o exclusivo y comodidad insuperable<\/p>\n<p>Os presentamos uno de nuestros dise\u00f1os m\u00e1s especiales, unas botas confeccionadas en piel burdeos de la m\u00e1s alta calidad, con un distintivo detalle en forma de estrella en serraje topo que aporta un contraste elegante y atemporal.<\/p>\n<p>Adem\u00e1s de su est\u00e9tica \u00fanica, cuentan con un interior forrado en piel de ternera 100%, lo que las convierte en un calzado c\u00f3modo, adaptable y transpirable.<\/p>\n<p>Se trata de una pieza cosida a mano mediante el sistema \u00abGoodyear welted\u00bb, que garantiza la m\u00e1xima durabilidad y calidad.<\/p>\n<p>Ya sea para una ocasi\u00f3n especial o para complementar tu estilo diario, estas botas son una elecci\u00f3n sofisticada, vers\u00e1til y llena de personalidad.<\/p>\n","protected":false},"excerpt":{"rendered":"<p>Una silueta con presencia que eleva cualquier look. Un gui\u00f1o especial que hace \u00fanica la silueta.<br \/>\nUna pieza que refuerza tu identidad y suma distinci\u00f3n sin esfuerzo.<\/p>\n","protected":false},"featured_media":721430,"template":"","meta":{"_mbp_gutenberg_autopost":false},"product_brand":[],"product_cat":[1172,119,114,1133,112,1130],"product_tag":[],"class_list":{"0":"post-721394","1":"product","2":"type-product","3":"status-publish","4":"has-post-thumbnail","6":"product_cat-black-friday","7":"product_cat-botas-casual-mujer","8":"product_cat-botas-cowgirl-mujer","9":"product_cat-botas-de-piel-mujer","10":"product_cat-mujer","11":"product_cat-rebajas-mujer","13":"first","14":"instock","15":"taxable","16":"shipping-taxable","17":"purchasable","18":"product-type-variable"},"supplier_id":null,"supplier_sku":"","barcode":null,"atum_controlled":true,"out_stock_date":null,"out_stock_threshold":null,"inheritable":true,"inbound_stock":0,"stock_on_hold":3,"sold_today":2,"sales_last_days":3,"reserved_stock":0,"customer_returns":0,"warehouse_damage":0,"lost_in_post":0,"other_logs":0,"out_stock_days":null,"lost_sales":0,"has_location":false,"update_date":"2026-03-26T13:13:55","atum_locations":[],"atum_stock_status":"instock","restock_status":false,"low_stock_amount":"","sales_update_date":"2026-03-26T13:13:55","calc_backorders":null,"yoast_head":"<!-- This site is optimized with the Yoast SEO plugin v27.4 - https:\/\/yoast.com\/product\/yoast-seo-wordpress\/ -->\n<title>Botas burdeos de piel con estrella topo \u2013 Dise\u00f1o original | Tony Mora<\/title>\n<meta name=\"description\" content=\"Botas de piel color burdeos con estrella color topo. Dise\u00f1o atrevido y c\u00f3modo con forro de ternera y cosido Goodyear. Un modelo exclusivo Tony Mora.\" \/>\n<meta name=\"robots\" content=\"index, follow, max-snippet:-1, max-image-preview:large, max-video-preview:-1\" \/>\n<link rel=\"canonical\" href=\"https:\/\/tonymora.com\/es\/producto\/2135-j-lini-washed-burdeos-serraje-topo\/\" \/>\n<meta property=\"og:locale\" content=\"es_ES\" \/>\n<meta property=\"og:type\" content=\"article\" \/>\n<meta property=\"og:title\" content=\"Botas burdeos de piel con estrella topo \u2013 Dise\u00f1o original | Tony Mora\" \/>\n<meta property=\"og:description\" content=\"Botas de piel color burdeos con estrella color topo. Dise\u00f1o atrevido y c\u00f3modo con forro de ternera y cosido Goodyear. Un modelo exclusivo Tony Mora.\" \/>\n<meta property=\"og:url\" content=\"https:\/\/tonymora.com\/es\/producto\/2135-j-lini-washed-burdeos-serraje-topo\/\" \/>\n<meta property=\"og:site_name\" content=\"Tony Mora\u00ae Boots Official Store\" \/>\n<meta property=\"article:publisher\" content=\"https:\/\/www.facebook.com\/Tonymoraofficial\/\" \/>\n<meta property=\"article:modified_time\" content=\"2026-04-16T05:33:01+00:00\" \/>\n<meta property=\"og:image\" content=\"https:\/\/tonymora.com\/wp-content\/uploads\/2025\/09\/2-671x800.png\" \/>\n\t<meta property=\"og:image:width\" content=\"671\" \/>\n\t<meta property=\"og:image:height\" content=\"800\" \/>\n\t<meta property=\"og:image:type\" content=\"image\/png\" \/>\n<meta name=\"twitter:card\" content=\"summary_large_image\" \/>\n<meta name=\"twitter:label1\" content=\"Tiempo de lectura\" \/>\n\t<meta name=\"twitter:data1\" content=\"1 minuto\" \/>\n<script type=\"application\/ld+json\" class=\"yoast-schema-graph\">{\"@context\":\"https:\\\/\\\/schema.org\",\"@graph\":[{\"@type\":\"WebPage\",\"@id\":\"https:\\\/\\\/tonymora.com\\\/es\\\/producto\\\/2135-j-lini-washed-burdeos-serraje-topo\\\/\",\"url\":\"https:\\\/\\\/tonymora.com\\\/es\\\/producto\\\/2135-j-lini-washed-burdeos-serraje-topo\\\/\",\"name\":\"Botas burdeos de piel con estrella topo \u2013 Dise\u00f1o original | Tony Mora\",\"isPartOf\":{\"@id\":\"https:\\\/\\\/tonymora.com\\\/es\\\/#website\"},\"primaryImageOfPage\":{\"@id\":\"https:\\\/\\\/tonymora.com\\\/es\\\/producto\\\/2135-j-lini-washed-burdeos-serraje-topo\\\/#primaryimage\"},\"image\":{\"@id\":\"https:\\\/\\\/tonymora.com\\\/es\\\/producto\\\/2135-j-lini-washed-burdeos-serraje-topo\\\/#primaryimage\"},\"thumbnailUrl\":\"https:\\\/\\\/tonymora.com\\\/wp-content\\\/uploads\\\/2025\\\/09\\\/2.png\",\"datePublished\":\"2025-09-03T13:40:59+00:00\",\"dateModified\":\"2026-04-16T05:33:01+00:00\",\"description\":\"Botas de piel color burdeos con estrella color topo. Dise\u00f1o atrevido y c\u00f3modo con forro de ternera y cosido Goodyear. Un modelo exclusivo Tony Mora.\",\"breadcrumb\":{\"@id\":\"https:\\\/\\\/tonymora.com\\\/es\\\/producto\\\/2135-j-lini-washed-burdeos-serraje-topo\\\/#breadcrumb\"},\"inLanguage\":\"es\",\"potentialAction\":[{\"@type\":\"ReadAction\",\"target\":[\"https:\\\/\\\/tonymora.com\\\/es\\\/producto\\\/2135-j-lini-washed-burdeos-serraje-topo\\\/\"]}]},{\"@type\":\"ImageObject\",\"inLanguage\":\"es\",\"@id\":\"https:\\\/\\\/tonymora.com\\\/es\\\/producto\\\/2135-j-lini-washed-burdeos-serraje-topo\\\/#primaryimage\",\"url\":\"https:\\\/\\\/tonymora.com\\\/wp-content\\\/uploads\\\/2025\\\/09\\\/2.png\",\"contentUrl\":\"https:\\\/\\\/tonymora.com\\\/wp-content\\\/uploads\\\/2025\\\/09\\\/2.png\",\"width\":1191,\"height\":1419},{\"@type\":\"BreadcrumbList\",\"@id\":\"https:\\\/\\\/tonymora.com\\\/es\\\/producto\\\/2135-j-lini-washed-burdeos-serraje-topo\\\/#breadcrumb\",\"itemListElement\":[{\"@type\":\"ListItem\",\"position\":1,\"name\":\"Portada\",\"item\":\"https:\\\/\\\/tonymora.com\\\/es\\\/\"},{\"@type\":\"ListItem\",\"position\":2,\"name\":\"Tienda\",\"item\":\"https:\\\/\\\/tonymora.com\\\/es\\\/tienda\\\/\"},{\"@type\":\"ListItem\",\"position\":3,\"name\":\"Mujer\",\"item\":\"https:\\\/\\\/tonymora.com\\\/es\\\/categoria-producto\\\/mujer\\\/\"},{\"@type\":\"ListItem\",\"position\":4,\"name\":\"2135 J LINI WASHED BURDEOS \\\/ SERRAJE TOPO\"}]},{\"@type\":\"WebSite\",\"@id\":\"https:\\\/\\\/tonymora.com\\\/es\\\/#website\",\"url\":\"https:\\\/\\\/tonymora.com\\\/es\\\/\",\"name\":\"Tony Mora\u00ae Boots Official Store\",\"description\":\"Cowboy Boots\",\"publisher\":{\"@id\":\"https:\\\/\\\/tonymora.com\\\/es\\\/#organization\"},\"potentialAction\":[{\"@type\":\"SearchAction\",\"target\":{\"@type\":\"EntryPoint\",\"urlTemplate\":\"https:\\\/\\\/tonymora.com\\\/es\\\/?s={search_term_string}\"},\"query-input\":{\"@type\":\"PropertyValueSpecification\",\"valueRequired\":true,\"valueName\":\"search_term_string\"}}],\"inLanguage\":\"es\"},{\"@type\":\"Organization\",\"@id\":\"https:\\\/\\\/tonymora.com\\\/es\\\/#organization\",\"name\":\"Tony Mora Boots\",\"url\":\"https:\\\/\\\/tonymora.com\\\/es\\\/\",\"logo\":{\"@type\":\"ImageObject\",\"inLanguage\":\"es\",\"@id\":\"https:\\\/\\\/tonymora.com\\\/es\\\/#\\\/schema\\\/logo\\\/image\\\/\",\"url\":\"https:\\\/\\\/tonymora.com\\\/wp-content\\\/uploads\\\/2023\\\/12\\\/LOGO.jpg\",\"contentUrl\":\"https:\\\/\\\/tonymora.com\\\/wp-content\\\/uploads\\\/2023\\\/12\\\/LOGO.jpg\",\"width\":2272,\"height\":1411,\"caption\":\"Tony Mora Boots\"},\"image\":{\"@id\":\"https:\\\/\\\/tonymora.com\\\/es\\\/#\\\/schema\\\/logo\\\/image\\\/\"},\"sameAs\":[\"https:\\\/\\\/www.facebook.com\\\/Tonymoraofficial\\\/\",\"https:\\\/\\\/www.instagram.com\\\/tonymoraofficial\\\/?hl=es\"]}]}<\/script>\n<!-- \/ Yoast SEO plugin. -->","yoast_head_json":{"title":"Botas burdeos de piel con estrella topo \u2013 Dise\u00f1o original | Tony Mora","description":"Botas de piel color burdeos con estrella color topo. Dise\u00f1o atrevido y c\u00f3modo con forro de ternera y cosido Goodyear. Un modelo exclusivo Tony Mora.","robots":{"index":"index","follow":"follow","max-snippet":"max-snippet:-1","max-image-preview":"max-image-preview:large","max-video-preview":"max-video-preview:-1"},"canonical":"https:\/\/tonymora.com\/es\/producto\/2135-j-lini-washed-burdeos-serraje-topo\/","og_locale":"es_ES","og_type":"article","og_title":"Botas burdeos de piel con estrella topo \u2013 Dise\u00f1o original | Tony Mora","og_description":"Botas de piel color burdeos con estrella color topo. Dise\u00f1o atrevido y c\u00f3modo con forro de ternera y cosido Goodyear. Un modelo exclusivo Tony Mora.","og_url":"https:\/\/tonymora.com\/es\/producto\/2135-j-lini-washed-burdeos-serraje-topo\/","og_site_name":"Tony Mora\u00ae Boots Official Store","article_publisher":"https:\/\/www.facebook.com\/Tonymoraofficial\/","article_modified_time":"2026-04-16T05:33:01+00:00","og_image":[{"width":671,"height":800,"url":"https:\/\/tonymora.com\/wp-content\/uploads\/2025\/09\/2-671x800.png","type":"image\/png"}],"twitter_card":"summary_large_image","twitter_misc":{"Tiempo de lectura":"1 minuto"},"schema":{"@context":"https:\/\/schema.org","@graph":[{"@type":"WebPage","@id":"https:\/\/tonymora.com\/es\/producto\/2135-j-lini-washed-burdeos-serraje-topo\/","url":"https:\/\/tonymora.com\/es\/producto\/2135-j-lini-washed-burdeos-serraje-topo\/","name":"Botas burdeos de piel con estrella topo \u2013 Dise\u00f1o original | Tony Mora","isPartOf":{"@id":"https:\/\/tonymora.com\/es\/#website"},"primaryImageOfPage":{"@id":"https:\/\/tonymora.com\/es\/producto\/2135-j-lini-washed-burdeos-serraje-topo\/#primaryimage"},"image":{"@id":"https:\/\/tonymora.com\/es\/producto\/2135-j-lini-washed-burdeos-serraje-topo\/#primaryimage"},"thumbnailUrl":"https:\/\/tonymora.com\/wp-content\/uploads\/2025\/09\/2.png","datePublished":"2025-09-03T13:40:59+00:00","dateModified":"2026-04-16T05:33:01+00:00","description":"Botas de piel color burdeos con estrella color topo. Dise\u00f1o atrevido y c\u00f3modo con forro de ternera y cosido Goodyear. Un modelo exclusivo Tony Mora.","breadcrumb":{"@id":"https:\/\/tonymora.com\/es\/producto\/2135-j-lini-washed-burdeos-serraje-topo\/#breadcrumb"},"inLanguage":"es","potentialAction":[{"@type":"ReadAction","target":["https:\/\/tonymora.com\/es\/producto\/2135-j-lini-washed-burdeos-serraje-topo\/"]}]},{"@type":"ImageObject","inLanguage":"es","@id":"https:\/\/tonymora.com\/es\/producto\/2135-j-lini-washed-burdeos-serraje-topo\/#primaryimage","url":"https:\/\/tonymora.com\/wp-content\/uploads\/2025\/09\/2.png","contentUrl":"https:\/\/tonymora.com\/wp-content\/uploads\/2025\/09\/2.png","width":1191,"height":1419},{"@type":"BreadcrumbList","@id":"https:\/\/tonymora.com\/es\/producto\/2135-j-lini-washed-burdeos-serraje-topo\/#breadcrumb","itemListElement":[{"@type":"ListItem","position":1,"name":"Portada","item":"https:\/\/tonymora.com\/es\/"},{"@type":"ListItem","position":2,"name":"Tienda","item":"https:\/\/tonymora.com\/es\/tienda\/"},{"@type":"ListItem","position":3,"name":"Mujer","item":"https:\/\/tonymora.com\/es\/categoria-producto\/mujer\/"},{"@type":"ListItem","position":4,"name":"2135 J LINI WASHED BURDEOS \/ SERRAJE TOPO"}]},{"@type":"WebSite","@id":"https:\/\/tonymora.com\/es\/#website","url":"https:\/\/tonymora.com\/es\/","name":"Tony Mora\u00ae Boots Official Store","description":"Cowboy Boots","publisher":{"@id":"https:\/\/tonymora.com\/es\/#organization"},"potentialAction":[{"@type":"SearchAction","target":{"@type":"EntryPoint","urlTemplate":"https:\/\/tonymora.com\/es\/?s={search_term_string}"},"query-input":{"@type":"PropertyValueSpecification","valueRequired":true,"valueName":"search_term_string"}}],"inLanguage":"es"},{"@type":"Organization","@id":"https:\/\/tonymora.com\/es\/#organization","name":"Tony Mora Boots","url":"https:\/\/tonymora.com\/es\/","logo":{"@type":"ImageObject","inLanguage":"es","@id":"https:\/\/tonymora.com\/es\/#\/schema\/logo\/image\/","url":"https:\/\/tonymora.com\/wp-content\/uploads\/2023\/12\/LOGO.jpg","contentUrl":"https:\/\/tonymora.com\/wp-content\/uploads\/2023\/12\/LOGO.jpg","width":2272,"height":1411,"caption":"Tony Mora Boots"},"image":{"@id":"https:\/\/tonymora.com\/es\/#\/schema\/logo\/image\/"},"sameAs":["https:\/\/www.facebook.com\/Tonymoraofficial\/","https:\/\/www.instagram.com\/tonymoraofficial\/?hl=es"]}]}},"_links":{"self":[{"href":"https:\/\/tonymora.com\/es\/wp-json\/wp\/v2\/product\/721394","targetHints":{"allow":["GET"]}}],"collection":[{"href":"https:\/\/tonymora.com\/es\/wp-json\/wp\/v2\/product"}],"about":[{"href":"https:\/\/tonymora.com\/es\/wp-json\/wp\/v2\/types\/product"}],"wp:featuredmedia":[{"embeddable":true,"href":"https:\/\/tonymora.com\/es\/wp-json\/wp\/v2\/media\/721430"}],"wp:attachment":[{"href":"https:\/\/tonymora.com\/es\/wp-json\/wp\/v2\/media?parent=721394"}],"wp:term":[{"taxonomy":"product_brand","embeddable":true,"href":"https:\/\/tonymora.com\/es\/wp-json\/wp\/v2\/product_brand?post=721394"},{"taxonomy":"product_cat","embeddable":true,"href":"https:\/\/tonymora.com\/es\/wp-json\/wp\/v2\/product_cat?post=721394"},{"taxonomy":"product_tag","embeddable":true,"href":"https:\/\/tonymora.com\/es\/wp-json\/wp\/v2\/product_tag?post=721394"}],"curies":[{"name":"wp","href":"https:\/\/api.w.org\/{rel}","templated":true}]}}