{"id":724057,"date":"2026-04-01T12:57:29","date_gmt":"2026-04-01T10:57:29","guid":{"rendered":"https:\/\/tonymora.com\/?post_type=product&#038;p=724057"},"modified":"2026-04-27T07:32:14","modified_gmt":"2026-04-27T05:32:14","slug":"0708-shopper-bag","status":"publish","type":"product","link":"https:\/\/tonymora.com\/es\/producto\/0708-shopper-bag\/","title":{"rendered":"0708 SHOPPER BAG"},"content":{"rendered":"<p data-path-to-node=\"6\"><span class=\"\">La exclusividad dictada por la naturaleza.<\/span><\/p>\n<p data-path-to-node=\"7\"><span class=\"\">El 0708 SHOPPER BAG de Tony Mora no es solo un bolso,<\/span><span class=\"\"> es una pieza de colecci\u00f3n.<\/span><span class=\"\"> Confeccionado artesanalmente con piel natural aut\u00e9ntica con pelo,<\/span><span class=\"\"> la verdadera magia de este modelo reside en su singularidad:<\/span><span class=\"\"> no existen dos bolsos iguales en el mundo.<\/span><\/p>\n<p data-path-to-node=\"8\"><span class=\"\">Al utilizar pieles naturales,<\/span><span class=\"\"> cada patr\u00f3n,<\/span><span class=\"\"> cada mancha y cada matiz de color es completamente \u00fanico e irrepetible.<\/span><span class=\"\"> El bolso que elijas ser\u00e1 exclusiva y genuinamente tuyo.<\/span><span class=\"\"> Su dise\u00f1o formato shopper te ofrece la amplitud y comodidad que necesitas para tu d\u00eda a d\u00eda,<\/span><span class=\"\"> sin renunciar a la m\u00e1xima elegancia.<\/span><\/p>\n","protected":false},"excerpt":{"rendered":"<p>Car\u00e1cter y refinamiento en equilibrio perfecto. Dise\u00f1ado para acompa\u00f1arte con estilo en cada plan.<br \/>\nIdeal para acompa\u00f1arte del d\u00eda a la noche con la misma confianza.<\/p>\n","protected":false},"featured_media":724069,"template":"","meta":{"_mbp_gutenberg_autopost":false},"product_brand":[],"product_cat":[1172,537,112],"product_tag":[],"class_list":{"0":"post-724057","1":"product","2":"type-product","3":"status-publish","4":"has-post-thumbnail","6":"product_cat-black-friday","7":"product_cat-bolsos","8":"product_cat-mujer","10":"first","11":"instock","12":"taxable","13":"shipping-taxable","14":"purchasable","15":"product-type-simple"},"_links":{"self":[{"href":"https:\/\/tonymora.com\/es\/wp-json\/wp\/v2\/product\/724057","targetHints":{"allow":["GET"]}}],"collection":[{"href":"https:\/\/tonymora.com\/es\/wp-json\/wp\/v2\/product"}],"about":[{"href":"https:\/\/tonymora.com\/es\/wp-json\/wp\/v2\/types\/product"}],"wp:featuredmedia":[{"embeddable":true,"href":"https:\/\/tonymora.com\/es\/wp-json\/wp\/v2\/media\/724069"}],"wp:attachment":[{"href":"https:\/\/tonymora.com\/es\/wp-json\/wp\/v2\/media?parent=724057"}],"wp:term":[{"taxonomy":"product_brand","embeddable":true,"href":"https:\/\/tonymora.com\/es\/wp-json\/wp\/v2\/product_brand?post=724057"},{"taxonomy":"product_cat","embeddable":true,"href":"https:\/\/tonymora.com\/es\/wp-json\/wp\/v2\/product_cat?post=724057"},{"taxonomy":"product_tag","embeddable":true,"href":"https:\/\/tonymora.com\/es\/wp-json\/wp\/v2\/product_tag?post=724057"}],"curies":[{"name":"wp","href":"https:\/\/api.w.org\/{rel}","templated":true}]}}