{"id":724730,"date":"2026-05-08T12:01:22","date_gmt":"2026-05-08T10:01:22","guid":{"rendered":"https:\/\/tonymora.com\/?post_type=product&#038;p=724730"},"modified":"2026-05-08T17:19:47","modified_gmt":"2026-05-08T15:19:47","slug":"4048-j-lini-club-negro-brash-bone","status":"publish","type":"product","link":"https:\/\/tonymora.com\/es\/producto\/4048-j-lini-club-negro-brash-bone\/","title":{"rendered":"4048 J LINI CLUB NEGRO \/ BRASH BONE"},"content":{"rendered":"<div class=\"wpb-content-wrapper\"><p>[vc_row][vc_column][vc_column_text css=\u00bb\u00bb woodmart_inline=\u00bbno\u00bb text_larger=\u00bbno\u00bb]<\/p>\n<p data-start=\"0\" data-end=\"54\"><strong>Botas Cowboy Tony Mora | Butterfly Swarovsky Edition<\/strong><\/p>\n<p data-start=\"56\" data-end=\"422\">Un dise\u00f1o ic\u00f3nico que fusiona la artesan\u00eda tradicional con un lenguaje est\u00e9tico delicado y luminoso.<\/p>\n<p data-start=\"56\" data-end=\"422\">Elaboradas en piel de alta calidad, con forro interior de piel de ternera, estas botas han sido creadas para ofrecer confort y versatilidad durante todo el a\u00f1o. Son transpirables en verano y capaces de aislar la humedad en invierno gracias a su cuidado proceso de fabricaci\u00f3n.<\/p>\n<p data-start=\"424\" data-end=\"572\">Confecci\u00f3n Artesanal: Elaboradas mediante el sistema Goodyear Welt, garantizando durabilidad, resistencia y una estructura que mejora con el tiempo.<\/p>\n<p data-start=\"574\" data-end=\"741\">Dise\u00f1o Emblem\u00e1tico: Decoradas con un dise\u00f1o de mariposa, s\u00edmbolo de transformaci\u00f3n y libertad, realzado con cristales Swarovsky que aportan un brillo sutil y elegante.<\/p>\n<p data-start=\"743\" data-end=\"881\">Comodidad Inteligente: Su interior en piel de ternera favorece la transpiraci\u00f3n natural del pie, asegurando confort en cualquier estaci\u00f3n.<\/p>\n<p>[\/vc_column_text][\/vc_column][\/vc_row]<\/p>\n<\/div>","protected":false},"excerpt":{"rendered":"<p data-start=\"0\" data-end=\"54\"><strong>Botas cowboy Tony Mora | Butterfly Swarovsky Edition<\/strong><\/p>\n<p data-start=\"56\" data-end=\"302\">Botas artesanales en piel de alta calidad con forro interior de piel de ternera, dise\u00f1adas para ofrecer confort y versatilidad durante todo el a\u00f1o. Su interior transpirable aporta frescura en verano y protecci\u00f3n frente a la humedad en invierno.<\/p>\n<p data-start=\"304\" data-end=\"503\">Decoradas con un ic\u00f3nico motivo de mariposa en cristales Swarovsky, combinan la esencia western con un acabado delicado y luminoso. Su corte recto de ca\u00f1a mantiene una silueta elegante y atemporal.<\/p>\n<p data-start=\"505\" data-end=\"584\" data-is-last-node=\"\" data-is-only-node=\"\">Un dise\u00f1o que evoluciona con el uso, adquiriendo car\u00e1cter propio con el tiempo.<\/p>\n","protected":false},"featured_media":724968,"template":"","meta":{"_mbp_gutenberg_autopost":false},"product_brand":[757],"product_cat":[114,112],"product_tag":[],"class_list":{"0":"post-724730","1":"product","2":"type-product","3":"status-publish","4":"has-post-thumbnail","6":"product_brand-talla-mujer-36","7":"product_cat-botas-cowgirl-mujer","8":"product_cat-mujer","10":"first","11":"instock","12":"featured","13":"taxable","14":"shipping-taxable","15":"purchasable","16":"product-type-variable"},"_links":{"self":[{"href":"https:\/\/tonymora.com\/es\/wp-json\/wp\/v2\/product\/724730","targetHints":{"allow":["GET"]}}],"collection":[{"href":"https:\/\/tonymora.com\/es\/wp-json\/wp\/v2\/product"}],"about":[{"href":"https:\/\/tonymora.com\/es\/wp-json\/wp\/v2\/types\/product"}],"wp:featuredmedia":[{"embeddable":true,"href":"https:\/\/tonymora.com\/es\/wp-json\/wp\/v2\/media\/724968"}],"wp:attachment":[{"href":"https:\/\/tonymora.com\/es\/wp-json\/wp\/v2\/media?parent=724730"}],"wp:term":[{"taxonomy":"product_brand","embeddable":true,"href":"https:\/\/tonymora.com\/es\/wp-json\/wp\/v2\/product_brand?post=724730"},{"taxonomy":"product_cat","embeddable":true,"href":"https:\/\/tonymora.com\/es\/wp-json\/wp\/v2\/product_cat?post=724730"},{"taxonomy":"product_tag","embeddable":true,"href":"https:\/\/tonymora.com\/es\/wp-json\/wp\/v2\/product_tag?post=724730"}],"curies":[{"name":"wp","href":"https:\/\/api.w.org\/{rel}","templated":true}]}}