{"id":724806,"date":"2026-05-08T13:15:20","date_gmt":"2026-05-08T11:15:20","guid":{"rendered":"https:\/\/tonymora.com\/?post_type=product&#038;p=724806"},"modified":"2026-05-08T17:57:10","modified_gmt":"2026-05-08T15:57:10","slug":"2135-j-lini-kasur-taupe-piton-bw","status":"publish","type":"product","link":"https:\/\/tonymora.com\/es\/producto\/2135-j-lini-kasur-taupe-piton-bw\/","title":{"rendered":"2135 J LINI KASUR TAUPE \/ PIT\u00d3N BW"},"content":{"rendered":"<div class=\"wpb-content-wrapper\"><p>[vc_row][vc_column][vc_column_text css=\u00bb\u00bb woodmart_inline=\u00bbno\u00bb text_larger=\u00bbno\u00bb]<\/p>\n<h2 data-section-id=\"1iqbbsq\" data-start=\"57\" data-end=\"99\">Botas Estrella Met\u00e1lica Pit\u00f3n<\/h2>\n<p data-start=\"101\" data-end=\"369\">Un dise\u00f1o con historia, car\u00e1cter y alma western. Estas botas Tony Mora en piel marr\u00f3n caramelo recuperan la esencia de uno de los dise\u00f1os pioneros de la firma, una pieza que refleja el esp\u00edritu artesanal y la personalidad que han definido a la marca desde sus inicios.<\/p>\n<p data-start=\"371\" data-end=\"678\">Su silueta de ca\u00f1a alta, puntera estilizada y tac\u00f3n bajo combina presencia, comodidad y elegancia. La estrella met\u00e1lica con textura efecto pit\u00f3n en la ca\u00f1a aporta un detalle luminoso, distintivo y sofisticado, mientras que la peque\u00f1a estrella en la puntera completa el dise\u00f1o con un toque sutil de car\u00e1cter.<\/p>\n<p data-start=\"680\" data-end=\"1027\">Dise\u00f1adas para ofrecer confort y versatilidad durante todo el a\u00f1o, est\u00e1n forradas con piel de ternera, proporcionando una sensaci\u00f3n suave y agradable en cada pisada. Su interior transpirable aporta frescura en verano y protecci\u00f3n frente a la humedad en invierno, convirti\u00e9ndolas en una opci\u00f3n c\u00f3moda, funcional y refinada para cualquier temporada.<\/p>\n<p>[\/vc_column_text][\/vc_column][\/vc_row]<\/p>\n<\/div>","protected":false},"excerpt":{"rendered":"<p data-start=\"0\" data-end=\"54\">Bota western en piel marr\u00f3n caramelo de Tony Mora, inspirada en uno de los dise\u00f1os pioneros de la firma.<\/p>\n<p data-start=\"0\" data-end=\"54\">Forrada en piel de ternera, combina comodidad, transpirabilidad y elegancia con detalles met\u00e1licos de estrella efecto pit\u00f3n.<\/p>\n","protected":false},"featured_media":724972,"template":"","meta":{"_mbp_gutenberg_autopost":false},"product_brand":[757],"product_cat":[114,122,112],"product_tag":[],"class_list":{"0":"post-724806","1":"product","2":"type-product","3":"status-publish","4":"has-post-thumbnail","6":"product_brand-talla-mujer-36","7":"product_cat-botas-cowgirl-mujer","8":"product_cat-botas-exoticas-mujer","9":"product_cat-mujer","11":"first","12":"instock","13":"featured","14":"taxable","15":"shipping-taxable","16":"purchasable","17":"product-type-variable"},"_links":{"self":[{"href":"https:\/\/tonymora.com\/es\/wp-json\/wp\/v2\/product\/724806","targetHints":{"allow":["GET"]}}],"collection":[{"href":"https:\/\/tonymora.com\/es\/wp-json\/wp\/v2\/product"}],"about":[{"href":"https:\/\/tonymora.com\/es\/wp-json\/wp\/v2\/types\/product"}],"wp:featuredmedia":[{"embeddable":true,"href":"https:\/\/tonymora.com\/es\/wp-json\/wp\/v2\/media\/724972"}],"wp:attachment":[{"href":"https:\/\/tonymora.com\/es\/wp-json\/wp\/v2\/media?parent=724806"}],"wp:term":[{"taxonomy":"product_brand","embeddable":true,"href":"https:\/\/tonymora.com\/es\/wp-json\/wp\/v2\/product_brand?post=724806"},{"taxonomy":"product_cat","embeddable":true,"href":"https:\/\/tonymora.com\/es\/wp-json\/wp\/v2\/product_cat?post=724806"},{"taxonomy":"product_tag","embeddable":true,"href":"https:\/\/tonymora.com\/es\/wp-json\/wp\/v2\/product_tag?post=724806"}],"curies":[{"name":"wp","href":"https:\/\/api.w.org\/{rel}","templated":true}]}}