{"id":8182,"date":"2018-01-12T18:11:03","date_gmt":"2018-01-12T17:11:03","guid":{"rendered":"https:\/\/tonymora.com\/product\/687-lista-tina-piton-avellana\/"},"modified":"2026-04-14T07:33:00","modified_gmt":"2026-04-14T05:33:00","slug":"687-lista-tina-piton-bc-cuero-mate","status":"publish","type":"product","link":"https:\/\/tonymora.com\/es\/producto\/687-lista-tina-piton-bc-cuero-mate\/","title":{"rendered":"687 LISTA TINA PITON BC CUERO MATE"},"content":{"rendered":"<p data-start=\"90\" data-end=\"470\"><strong data-start=\"90\" data-end=\"190\"><span class=\"_fadeIn_m1hgl_8\">Botines <\/span><span class=\"_fadeIn_m1hgl_8\">marr\u00f3n <\/span><span class=\"_fadeIn_m1hgl_8\">de <\/span><span class=\"_fadeIn_m1hgl_8\">pit\u00f3n <\/span><span class=\"_fadeIn_m1hgl_8\">mate <\/span><span class=\"_fadeIn_m1hgl_8\">con <\/span><span class=\"_fadeIn_m1hgl_8\">tac\u00f3n <\/span><span class=\"_fadeIn_m1hgl_8\">cuadrado: <\/span><span class=\"_fadeIn_m1hgl_8\">el <\/span><span class=\"_fadeIn_m1hgl_8\">equilibrio <\/span><span class=\"_fadeIn_m1hgl_8\">perfecto <\/span><span class=\"_fadeIn_m1hgl_8\">entre <\/span><span class=\"_fadeIn_m1hgl_8\">estilo <\/span><span class=\"_fadeIn_m1hgl_8\">y <\/span><span class=\"_fadeIn_m1hgl_8\">elegancia<\/span><\/strong><br data-start=\"190\" data-end=\"193\" \/><span class=\"_fadeIn_m1hgl_8\">Dise\u00f1ados <\/span><span class=\"_fadeIn_m1hgl_8\">para <\/span><span class=\"_fadeIn_m1hgl_8\">quienes <\/span><span class=\"_fadeIn_m1hgl_8\">aprecian <\/span><span class=\"_fadeIn_m1hgl_8\">la <\/span><span class=\"_fadeIn_m1hgl_8\">distinci\u00f3n, <\/span><span class=\"_fadeIn_m1hgl_8\">estos <\/span><span class=\"_fadeIn_m1hgl_8\">botines <\/span><span class=\"_fadeIn_m1hgl_8\">marr\u00f3n <\/span><span class=\"_fadeIn_m1hgl_8\">de <\/span><span class=\"_fadeIn_m1hgl_8\">pit\u00f3n <\/span><span class=\"_fadeIn_m1hgl_8\">mate <\/span><span class=\"_fadeIn_m1hgl_8\">con <\/span><span class=\"_fadeIn_m1hgl_8\">tac\u00f3n <\/span><span class=\"_fadeIn_m1hgl_8\">cuadrado <\/span><span class=\"_fadeIn_m1hgl_8\">combinan <\/span><span class=\"_fadeIn_m1hgl_8\">un <\/span><span class=\"_fadeIn_m1hgl_8\">dise\u00f1o <\/span><span class=\"_fadeIn_m1hgl_8\">exclusivo <\/span><span class=\"_fadeIn_m1hgl_8\">con <\/span><span class=\"_fadeIn_m1hgl_8\">comodidad <\/span><span class=\"_fadeIn_m1hgl_8\">excepcional. <\/span><span class=\"_fadeIn_m1hgl_8\">Su <\/span><span class=\"_fadeIn_m1hgl_8\">exterior <\/span><span class=\"_fadeIn_m1hgl_8\">en <\/span><span class=\"_fadeIn_m1hgl_8\">piel <\/span><span class=\"_fadeIn_m1hgl_8\">ex\u00f3tica <\/span><span class=\"_fadeIn_m1hgl_8\">mate <\/span><span class=\"_fadeIn_m1hgl_8\">y <\/span><span class=\"_fadeIn_m1hgl_8\">el <\/span><span class=\"_fadeIn_m1hgl_8\">interior <\/span><span class=\"_fadeIn_m1hgl_8\">forrado <\/span><span class=\"_fadeIn_m1hgl_8\">en <\/span><span class=\"_fadeIn_m1hgl_8\">piel <\/span><span class=\"_fadeIn_m1hgl_8\">de <\/span><span class=\"_fadeIn_m1hgl_8\">ternera <\/span><span class=\"_fadeIn_m1hgl_8\">transpirable <\/span><span class=\"_fadeIn_m1hgl_8\">garantizan <\/span><span class=\"_fadeIn_m1hgl_8\">confort <\/span><span class=\"_fadeIn_m1hgl_8\">todo <\/span><span class=\"_fadeIn_m1hgl_8\">el <\/span><span class=\"_fadeIn_m1hgl_8\">d\u00eda.<\/span><\/p>\n<p data-start=\"472\" data-end=\"705\"><span class=\"_fadeIn_m1hgl_8\">Con <\/span><span class=\"_fadeIn_m1hgl_8\">un <\/span><span class=\"_fadeIn_m1hgl_8\">tac\u00f3n <\/span><span class=\"_fadeIn_m1hgl_8\">cuadrado <\/span><span class=\"_fadeIn_m1hgl_8\">moderno <\/span><span class=\"_fadeIn_m1hgl_8\">de <\/span><span class=\"_fadeIn_m1hgl_8\">5 <\/span><span class=\"_fadeIn_m1hgl_8\">cm <\/span><span class=\"_fadeIn_m1hgl_8\">y <\/span><span class=\"_fadeIn_m1hgl_8\">una <\/span><span class=\"_fadeIn_m1hgl_8\">horma <\/span><span class=\"_fadeIn_m1hgl_8\">c\u00f3moda, <\/span><span class=\"_fadeIn_m1hgl_8\">aportan <\/span><span class=\"_fadeIn_m1hgl_8\">un <\/span><span class=\"_fadeIn_m1hgl_8\">toque <\/span><span class=\"_fadeIn_m1hgl_8\">refinado <\/span><span class=\"_fadeIn_m1hgl_8\">y <\/span><span class=\"_fadeIn_m1hgl_8\">ex\u00f3tico <\/span><span class=\"_fadeIn_m1hgl_8\">para <\/span><span class=\"_fadeIn_m1hgl_8\">realzar <\/span><span class=\"_fadeIn_m1hgl_8\">cualquier <\/span><span class=\"_fadeIn_m1hgl_8\">atuendo. <\/span><span class=\"_fadeIn_m1hgl_8\">Si <\/span><span class=\"_fadeIn_m1hgl_8\">buscas <\/span><span class=\"_fadeIn_m1hgl_8\">un <\/span><span class=\"_fadeIn_m1hgl_8\">calzado <\/span><span class=\"_fadeIn_m1hgl_8\">\u00fanico <\/span><span class=\"_fadeIn_m1hgl_8\">que <\/span><span class=\"_fadeIn_m1hgl_8\">destaque <\/span><span class=\"_fadeIn_m1hgl_8\">con <\/span><span class=\"_fadeIn_m1hgl_8\">personalidad <\/span><span class=\"_fadeIn_m1hgl_8\">y <\/span><span class=\"_fadeIn_m1hgl_8\">clase, <\/span><span class=\"_fadeIn_m1hgl_8\">estos <\/span><span class=\"_fadeIn_m1hgl_8\">botines <\/span><span class=\"_fadeIn_m1hgl_8\">son <\/span><span class=\"_fadeIn_m1hgl_8\">la <\/span><span class=\"_fadeIn_m1hgl_8\">elecci\u00f3n <\/span><span class=\"_fadeIn_m1hgl_8\">perfecta.<\/span><\/p>\n","protected":false},"excerpt":{"rendered":"<p>Distinci\u00f3n natural en una silueta que no pasa desapercibida. Un toque de altura que aporta seguridad y elegancia.<br \/>\nEl toque final que convierte lo simple en memorable.<\/p>\n","protected":false},"featured_media":714462,"template":"","meta":{"_mbp_gutenberg_autopost":false},"product_brand":[757,759,765,767],"product_cat":[1172,1132,122,121,112,1130],"product_tag":[],"class_list":{"0":"post-8182","1":"product","2":"type-product","3":"status-publish","4":"has-post-thumbnail","6":"product_brand-talla-mujer-36","7":"product_brand-talla-mujer-37","8":"product_brand-talla-mujer-40","9":"product_brand-talla-mujer-41","10":"product_cat-black-friday","11":"product_cat-botas-de-piton-mujer","12":"product_cat-botas-exoticas-mujer","13":"product_cat-botines-mujer","14":"product_cat-mujer","15":"product_cat-rebajas-mujer","17":"first","18":"instock","19":"taxable","20":"shipping-taxable","21":"purchasable","22":"product-type-variable"},"supplier_id":null,"supplier_sku":"","barcode":null,"atum_controlled":true,"out_stock_date":null,"out_stock_threshold":null,"inheritable":true,"inbound_stock":null,"stock_on_hold":1,"sold_today":1,"sales_last_days":1,"reserved_stock":null,"customer_returns":null,"warehouse_damage":null,"lost_in_post":null,"other_logs":null,"out_stock_days":0,"lost_sales":0,"has_location":false,"update_date":"2026-03-26T10:59:18","atum_locations":[],"atum_stock_status":"instock","restock_status":false,"low_stock_amount":"","sales_update_date":"2026-03-07T13:42:18","calc_backorders":null,"yoast_head":"<!-- This site is optimized with the Yoast SEO plugin v27.3 - https:\/\/yoast.com\/product\/yoast-seo-wordpress\/ -->\n<title>Botines marr\u00f3n de pit\u00f3n mate con tac\u00f3n cuadrado | Tony Mora<\/title>\n<meta name=\"description\" content=\"Botines en piel de pit\u00f3n marr\u00f3n mate con tac\u00f3n moderno y horma cuadrada. Elegantes, c\u00f3modos y \u00fanicos para destacar cada d\u00eda. Dise\u00f1o Tony Mora.\" \/>\n<meta name=\"robots\" content=\"index, follow, max-snippet:-1, max-image-preview:large, max-video-preview:-1\" \/>\n<link rel=\"canonical\" href=\"https:\/\/tonymora.com\/es\/producto\/687-lista-tina-piton-bc-cuero-mate\/\" \/>\n<meta property=\"og:locale\" content=\"es_ES\" \/>\n<meta property=\"og:type\" content=\"article\" \/>\n<meta property=\"og:title\" content=\"Botines marr\u00f3n de pit\u00f3n mate con tac\u00f3n cuadrado | Tony Mora\" \/>\n<meta property=\"og:description\" content=\"Botines en piel de pit\u00f3n marr\u00f3n mate con tac\u00f3n moderno y horma cuadrada. Elegantes, c\u00f3modos y \u00fanicos para destacar cada d\u00eda. Dise\u00f1o Tony Mora.\" \/>\n<meta property=\"og:url\" content=\"https:\/\/tonymora.com\/es\/producto\/687-lista-tina-piton-bc-cuero-mate\/\" \/>\n<meta property=\"og:site_name\" content=\"Tony Mora\u00ae Boots Official Store\" \/>\n<meta property=\"article:publisher\" content=\"https:\/\/www.facebook.com\/Tonymoraofficial\/\" \/>\n<meta property=\"article:modified_time\" content=\"2026-04-14T05:33:00+00:00\" \/>\n<meta property=\"og:image\" content=\"https:\/\/tonymora.com\/wp-content\/uploads\/2018\/01\/17.jpg\" \/>\n\t<meta property=\"og:image:width\" content=\"866\" \/>\n\t<meta property=\"og:image:height\" content=\"1032\" \/>\n\t<meta property=\"og:image:type\" content=\"image\/jpeg\" \/>\n<meta name=\"twitter:card\" content=\"summary_large_image\" \/>\n<meta name=\"twitter:label1\" content=\"Tiempo de lectura\" \/>\n\t<meta name=\"twitter:data1\" content=\"1 minuto\" \/>\n<script type=\"application\/ld+json\" class=\"yoast-schema-graph\">{\"@context\":\"https:\\\/\\\/schema.org\",\"@graph\":[{\"@type\":\"WebPage\",\"@id\":\"https:\\\/\\\/tonymora.com\\\/es\\\/producto\\\/687-lista-tina-piton-bc-cuero-mate\\\/\",\"url\":\"https:\\\/\\\/tonymora.com\\\/es\\\/producto\\\/687-lista-tina-piton-bc-cuero-mate\\\/\",\"name\":\"Botines marr\u00f3n de pit\u00f3n mate con tac\u00f3n cuadrado | Tony Mora\",\"isPartOf\":{\"@id\":\"https:\\\/\\\/tonymora.com\\\/es\\\/#website\"},\"primaryImageOfPage\":{\"@id\":\"https:\\\/\\\/tonymora.com\\\/es\\\/producto\\\/687-lista-tina-piton-bc-cuero-mate\\\/#primaryimage\"},\"image\":{\"@id\":\"https:\\\/\\\/tonymora.com\\\/es\\\/producto\\\/687-lista-tina-piton-bc-cuero-mate\\\/#primaryimage\"},\"thumbnailUrl\":\"https:\\\/\\\/tonymora.com\\\/wp-content\\\/uploads\\\/2018\\\/01\\\/17.jpg\",\"datePublished\":\"2018-01-12T17:11:03+00:00\",\"dateModified\":\"2026-04-14T05:33:00+00:00\",\"description\":\"Botines en piel de pit\u00f3n marr\u00f3n mate con tac\u00f3n moderno y horma cuadrada. Elegantes, c\u00f3modos y \u00fanicos para destacar cada d\u00eda. Dise\u00f1o Tony Mora.\",\"breadcrumb\":{\"@id\":\"https:\\\/\\\/tonymora.com\\\/es\\\/producto\\\/687-lista-tina-piton-bc-cuero-mate\\\/#breadcrumb\"},\"inLanguage\":\"es\",\"potentialAction\":[{\"@type\":\"ReadAction\",\"target\":[\"https:\\\/\\\/tonymora.com\\\/es\\\/producto\\\/687-lista-tina-piton-bc-cuero-mate\\\/\"]}]},{\"@type\":\"ImageObject\",\"inLanguage\":\"es\",\"@id\":\"https:\\\/\\\/tonymora.com\\\/es\\\/producto\\\/687-lista-tina-piton-bc-cuero-mate\\\/#primaryimage\",\"url\":\"https:\\\/\\\/tonymora.com\\\/wp-content\\\/uploads\\\/2018\\\/01\\\/17.jpg\",\"contentUrl\":\"https:\\\/\\\/tonymora.com\\\/wp-content\\\/uploads\\\/2018\\\/01\\\/17.jpg\",\"width\":866,\"height\":1032,\"caption\":\"Botines marr\u00f3n de pit\u00f3n mate con tac\u00f3n cuadrado\"},{\"@type\":\"BreadcrumbList\",\"@id\":\"https:\\\/\\\/tonymora.com\\\/es\\\/producto\\\/687-lista-tina-piton-bc-cuero-mate\\\/#breadcrumb\",\"itemListElement\":[{\"@type\":\"ListItem\",\"position\":1,\"name\":\"Portada\",\"item\":\"https:\\\/\\\/tonymora.com\\\/es\\\/\"},{\"@type\":\"ListItem\",\"position\":2,\"name\":\"Tienda\",\"item\":\"https:\\\/\\\/tonymora.com\\\/es\\\/tienda\\\/\"},{\"@type\":\"ListItem\",\"position\":3,\"name\":\"Mujer\",\"item\":\"https:\\\/\\\/tonymora.com\\\/es\\\/categoria-producto\\\/mujer\\\/\"},{\"@type\":\"ListItem\",\"position\":4,\"name\":\"687 LISTA TINA PITON BC CUERO MATE\"}]},{\"@type\":\"WebSite\",\"@id\":\"https:\\\/\\\/tonymora.com\\\/es\\\/#website\",\"url\":\"https:\\\/\\\/tonymora.com\\\/es\\\/\",\"name\":\"Tony Mora\u00ae Boots Official Store\",\"description\":\"Cowboy Boots\",\"publisher\":{\"@id\":\"https:\\\/\\\/tonymora.com\\\/es\\\/#organization\"},\"potentialAction\":[{\"@type\":\"SearchAction\",\"target\":{\"@type\":\"EntryPoint\",\"urlTemplate\":\"https:\\\/\\\/tonymora.com\\\/es\\\/?s={search_term_string}\"},\"query-input\":{\"@type\":\"PropertyValueSpecification\",\"valueRequired\":true,\"valueName\":\"search_term_string\"}}],\"inLanguage\":\"es\"},{\"@type\":\"Organization\",\"@id\":\"https:\\\/\\\/tonymora.com\\\/es\\\/#organization\",\"name\":\"Tony Mora Boots\",\"url\":\"https:\\\/\\\/tonymora.com\\\/es\\\/\",\"logo\":{\"@type\":\"ImageObject\",\"inLanguage\":\"es\",\"@id\":\"https:\\\/\\\/tonymora.com\\\/es\\\/#\\\/schema\\\/logo\\\/image\\\/\",\"url\":\"https:\\\/\\\/tonymora.com\\\/wp-content\\\/uploads\\\/2023\\\/12\\\/LOGO.jpg\",\"contentUrl\":\"https:\\\/\\\/tonymora.com\\\/wp-content\\\/uploads\\\/2023\\\/12\\\/LOGO.jpg\",\"width\":2272,\"height\":1411,\"caption\":\"Tony Mora Boots\"},\"image\":{\"@id\":\"https:\\\/\\\/tonymora.com\\\/es\\\/#\\\/schema\\\/logo\\\/image\\\/\"},\"sameAs\":[\"https:\\\/\\\/www.facebook.com\\\/Tonymoraofficial\\\/\",\"https:\\\/\\\/www.instagram.com\\\/tonymoraofficial\\\/?hl=es\"]}]}<\/script>\n<!-- \/ Yoast SEO plugin. -->","yoast_head_json":{"title":"Botines marr\u00f3n de pit\u00f3n mate con tac\u00f3n cuadrado | Tony Mora","description":"Botines en piel de pit\u00f3n marr\u00f3n mate con tac\u00f3n moderno y horma cuadrada. Elegantes, c\u00f3modos y \u00fanicos para destacar cada d\u00eda. Dise\u00f1o Tony Mora.","robots":{"index":"index","follow":"follow","max-snippet":"max-snippet:-1","max-image-preview":"max-image-preview:large","max-video-preview":"max-video-preview:-1"},"canonical":"https:\/\/tonymora.com\/es\/producto\/687-lista-tina-piton-bc-cuero-mate\/","og_locale":"es_ES","og_type":"article","og_title":"Botines marr\u00f3n de pit\u00f3n mate con tac\u00f3n cuadrado | Tony Mora","og_description":"Botines en piel de pit\u00f3n marr\u00f3n mate con tac\u00f3n moderno y horma cuadrada. Elegantes, c\u00f3modos y \u00fanicos para destacar cada d\u00eda. Dise\u00f1o Tony Mora.","og_url":"https:\/\/tonymora.com\/es\/producto\/687-lista-tina-piton-bc-cuero-mate\/","og_site_name":"Tony Mora\u00ae Boots Official Store","article_publisher":"https:\/\/www.facebook.com\/Tonymoraofficial\/","article_modified_time":"2026-04-14T05:33:00+00:00","og_image":[{"width":866,"height":1032,"url":"https:\/\/tonymora.com\/wp-content\/uploads\/2018\/01\/17.jpg","type":"image\/jpeg"}],"twitter_card":"summary_large_image","twitter_misc":{"Tiempo de lectura":"1 minuto"},"schema":{"@context":"https:\/\/schema.org","@graph":[{"@type":"WebPage","@id":"https:\/\/tonymora.com\/es\/producto\/687-lista-tina-piton-bc-cuero-mate\/","url":"https:\/\/tonymora.com\/es\/producto\/687-lista-tina-piton-bc-cuero-mate\/","name":"Botines marr\u00f3n de pit\u00f3n mate con tac\u00f3n cuadrado | Tony Mora","isPartOf":{"@id":"https:\/\/tonymora.com\/es\/#website"},"primaryImageOfPage":{"@id":"https:\/\/tonymora.com\/es\/producto\/687-lista-tina-piton-bc-cuero-mate\/#primaryimage"},"image":{"@id":"https:\/\/tonymora.com\/es\/producto\/687-lista-tina-piton-bc-cuero-mate\/#primaryimage"},"thumbnailUrl":"https:\/\/tonymora.com\/wp-content\/uploads\/2018\/01\/17.jpg","datePublished":"2018-01-12T17:11:03+00:00","dateModified":"2026-04-14T05:33:00+00:00","description":"Botines en piel de pit\u00f3n marr\u00f3n mate con tac\u00f3n moderno y horma cuadrada. Elegantes, c\u00f3modos y \u00fanicos para destacar cada d\u00eda. Dise\u00f1o Tony Mora.","breadcrumb":{"@id":"https:\/\/tonymora.com\/es\/producto\/687-lista-tina-piton-bc-cuero-mate\/#breadcrumb"},"inLanguage":"es","potentialAction":[{"@type":"ReadAction","target":["https:\/\/tonymora.com\/es\/producto\/687-lista-tina-piton-bc-cuero-mate\/"]}]},{"@type":"ImageObject","inLanguage":"es","@id":"https:\/\/tonymora.com\/es\/producto\/687-lista-tina-piton-bc-cuero-mate\/#primaryimage","url":"https:\/\/tonymora.com\/wp-content\/uploads\/2018\/01\/17.jpg","contentUrl":"https:\/\/tonymora.com\/wp-content\/uploads\/2018\/01\/17.jpg","width":866,"height":1032,"caption":"Botines marr\u00f3n de pit\u00f3n mate con tac\u00f3n cuadrado"},{"@type":"BreadcrumbList","@id":"https:\/\/tonymora.com\/es\/producto\/687-lista-tina-piton-bc-cuero-mate\/#breadcrumb","itemListElement":[{"@type":"ListItem","position":1,"name":"Portada","item":"https:\/\/tonymora.com\/es\/"},{"@type":"ListItem","position":2,"name":"Tienda","item":"https:\/\/tonymora.com\/es\/tienda\/"},{"@type":"ListItem","position":3,"name":"Mujer","item":"https:\/\/tonymora.com\/es\/categoria-producto\/mujer\/"},{"@type":"ListItem","position":4,"name":"687 LISTA TINA PITON BC CUERO MATE"}]},{"@type":"WebSite","@id":"https:\/\/tonymora.com\/es\/#website","url":"https:\/\/tonymora.com\/es\/","name":"Tony Mora\u00ae Boots Official Store","description":"Cowboy Boots","publisher":{"@id":"https:\/\/tonymora.com\/es\/#organization"},"potentialAction":[{"@type":"SearchAction","target":{"@type":"EntryPoint","urlTemplate":"https:\/\/tonymora.com\/es\/?s={search_term_string}"},"query-input":{"@type":"PropertyValueSpecification","valueRequired":true,"valueName":"search_term_string"}}],"inLanguage":"es"},{"@type":"Organization","@id":"https:\/\/tonymora.com\/es\/#organization","name":"Tony Mora Boots","url":"https:\/\/tonymora.com\/es\/","logo":{"@type":"ImageObject","inLanguage":"es","@id":"https:\/\/tonymora.com\/es\/#\/schema\/logo\/image\/","url":"https:\/\/tonymora.com\/wp-content\/uploads\/2023\/12\/LOGO.jpg","contentUrl":"https:\/\/tonymora.com\/wp-content\/uploads\/2023\/12\/LOGO.jpg","width":2272,"height":1411,"caption":"Tony Mora Boots"},"image":{"@id":"https:\/\/tonymora.com\/es\/#\/schema\/logo\/image\/"},"sameAs":["https:\/\/www.facebook.com\/Tonymoraofficial\/","https:\/\/www.instagram.com\/tonymoraofficial\/?hl=es"]}]}},"_links":{"self":[{"href":"https:\/\/tonymora.com\/es\/wp-json\/wp\/v2\/product\/8182","targetHints":{"allow":["GET"]}}],"collection":[{"href":"https:\/\/tonymora.com\/es\/wp-json\/wp\/v2\/product"}],"about":[{"href":"https:\/\/tonymora.com\/es\/wp-json\/wp\/v2\/types\/product"}],"wp:featuredmedia":[{"embeddable":true,"href":"https:\/\/tonymora.com\/es\/wp-json\/wp\/v2\/media\/714462"}],"wp:attachment":[{"href":"https:\/\/tonymora.com\/es\/wp-json\/wp\/v2\/media?parent=8182"}],"wp:term":[{"taxonomy":"product_brand","embeddable":true,"href":"https:\/\/tonymora.com\/es\/wp-json\/wp\/v2\/product_brand?post=8182"},{"taxonomy":"product_cat","embeddable":true,"href":"https:\/\/tonymora.com\/es\/wp-json\/wp\/v2\/product_cat?post=8182"},{"taxonomy":"product_tag","embeddable":true,"href":"https:\/\/tonymora.com\/es\/wp-json\/wp\/v2\/product_tag?post=8182"}],"curies":[{"name":"wp","href":"https:\/\/api.w.org\/{rel}","templated":true}]}}