{"id":8666,"date":"2018-01-15T13:09:11","date_gmt":"2018-01-15T12:09:11","guid":{"rendered":"https:\/\/tonymora.com\/product\/621-daslu-lini-piton-rojo\/"},"modified":"2026-04-05T07:32:48","modified_gmt":"2026-04-05T05:32:48","slug":"621-daslu-lini-piton-rojo","status":"publish","type":"product","link":"https:\/\/tonymora.com\/es\/producto\/621-daslu-lini-piton-rojo\/","title":{"rendered":"621 DASLU LINI PITON ROJO"},"content":{"rendered":"<p data-start=\"150\" data-end=\"216\"><strong data-start=\"150\" data-end=\"216\"><span class=\"_fadeIn_m1hgl_8\">Botines <\/span><span class=\"_fadeIn_m1hgl_8\">de <\/span><span class=\"_fadeIn_m1hgl_8\">pit\u00f3n <\/span><span class=\"_fadeIn_m1hgl_8\">rojo: <\/span><span class=\"_fadeIn_m1hgl_8\">lujo <\/span><span class=\"_fadeIn_m1hgl_8\">ex\u00f3tico <\/span><span class=\"_fadeIn_m1hgl_8\">para <\/span><span class=\"_fadeIn_m1hgl_8\">destacar <\/span><span class=\"_fadeIn_m1hgl_8\">en <\/span><span class=\"_fadeIn_m1hgl_8\">cada <\/span><span class=\"_fadeIn_m1hgl_8\">paso<\/span><\/strong><\/p>\n<p data-start=\"218\" data-end=\"485\"><span class=\"_fadeIn_m1hgl_8\">Estos <\/span><span class=\"_fadeIn_m1hgl_8\">son <\/span><span class=\"_fadeIn_m1hgl_8\">los <\/span><strong data-start=\"232\" data-end=\"268\"><span class=\"_fadeIn_m1hgl_8\">botines <\/span><span class=\"_fadeIn_m1hgl_8\">m\u00e1s <\/span><span class=\"_fadeIn_m1hgl_8\">lujosos <\/span><span class=\"_fadeIn_m1hgl_8\">de <\/span><span class=\"_fadeIn_m1hgl_8\">Tony <\/span><span class=\"_fadeIn_m1hgl_8\">Mora<\/span><\/strong><span class=\"_fadeIn_m1hgl_8\">, <\/span><span class=\"_fadeIn_m1hgl_8\">confeccionados <\/span><span class=\"_fadeIn_m1hgl_8\">en <\/span><strong data-start=\"288\" data-end=\"318\"><span class=\"_fadeIn_m1hgl_8\">piel <\/span><span class=\"_fadeIn_m1hgl_8\">ex\u00f3tica <\/span><span class=\"_fadeIn_m1hgl_8\">de <\/span><span class=\"_fadeIn_m1hgl_8\">pit\u00f3n <\/span><span class=\"_fadeIn_m1hgl_8\">rojo<\/span><\/strong><span class=\"_fadeIn_m1hgl_8\">, <\/span><span class=\"_fadeIn_m1hgl_8\">reconocida <\/span><span class=\"_fadeIn_m1hgl_8\">por <\/span><span class=\"_fadeIn_m1hgl_8\">su <\/span><strong data-start=\"338\" data-end=\"385\"><span class=\"_fadeIn_m1hgl_8\">resistencia, <\/span><span class=\"_fadeIn_m1hgl_8\">suavidad <\/span><span class=\"_fadeIn_m1hgl_8\">y <\/span><span class=\"_fadeIn_m1hgl_8\">belleza <\/span><span class=\"_fadeIn_m1hgl_8\">inigualable<\/span><\/strong><span class=\"_fadeIn_m1hgl_8\">. <\/span><span class=\"_fadeIn_m1hgl_8\">Su <\/span><span class=\"_fadeIn_m1hgl_8\">acabado <\/span><span class=\"_fadeIn_m1hgl_8\">cl\u00e1sico <\/span><span class=\"_fadeIn_m1hgl_8\">y <\/span><span class=\"_fadeIn_m1hgl_8\">atrevido <\/span><span class=\"_fadeIn_m1hgl_8\">aporta <\/span><span class=\"_fadeIn_m1hgl_8\">un <\/span><strong data-start=\"427\" data-end=\"456\"><span class=\"_fadeIn_m1hgl_8\">toque <\/span><span class=\"_fadeIn_m1hgl_8\">\u00fanico <\/span><span class=\"_fadeIn_m1hgl_8\">de <\/span><span class=\"_fadeIn_m1hgl_8\">distinci\u00f3n<\/span><\/strong> <span class=\"_fadeIn_m1hgl_8\">que <\/span><span class=\"_fadeIn_m1hgl_8\">no <\/span><span class=\"_fadeIn_m1hgl_8\">pasar\u00e1 <\/span><span class=\"_fadeIn_m1hgl_8\">desapercibido.<\/span><\/p>\n<p data-start=\"487\" data-end=\"628\"><span class=\"_fadeIn_m1hgl_8\">Perfectos <\/span><span class=\"_fadeIn_m1hgl_8\">para <\/span><span class=\"_fadeIn_m1hgl_8\">combinar <\/span><span class=\"_fadeIn_m1hgl_8\">con <\/span><span class=\"_fadeIn_m1hgl_8\">cualquier <\/span><span class=\"_fadeIn_m1hgl_8\">estilo, <\/span><span class=\"_fadeIn_m1hgl_8\">estos <\/span><span class=\"_fadeIn_m1hgl_8\">botines <\/span><span class=\"_fadeIn_m1hgl_8\">ser\u00e1n <\/span><span class=\"_fadeIn_m1hgl_8\">tu <\/span><span class=\"_fadeIn_m1hgl_8\">aliado <\/span><span class=\"_fadeIn_m1hgl_8\">ideal <\/span><strong data-start=\"569\" data-end=\"627\"><span class=\"_fadeIn_m1hgl_8\">tanto <\/span><span class=\"_fadeIn_m1hgl_8\">para <\/span><span class=\"_fadeIn_m1hgl_8\">el <\/span><span class=\"_fadeIn_m1hgl_8\">d\u00eda <\/span><span class=\"_fadeIn_m1hgl_8\">a <\/span><span class=\"_fadeIn_m1hgl_8\">d\u00eda <\/span><span class=\"_fadeIn_m1hgl_8\">como <\/span><span class=\"_fadeIn_m1hgl_8\">para <\/span><span class=\"_fadeIn_m1hgl_8\">esa <\/span><span class=\"_fadeIn_m1hgl_8\">ocasi\u00f3n <\/span><span class=\"_fadeIn_m1hgl_8\">especial<\/span><\/strong><span class=\"_fadeIn_m1hgl_8\">.<\/span><\/p>\n<p data-start=\"630\" data-end=\"815\"><span class=\"_fadeIn_m1hgl_8\">Su <\/span><strong data-start=\"633\" data-end=\"647\"><span class=\"_fadeIn_m1hgl_8\">tac\u00f3n <\/span><span class=\"_fadeIn_m1hgl_8\">lini<\/span><\/strong> <span class=\"_fadeIn_m1hgl_8\">a\u00f1ade <\/span><span class=\"_fadeIn_m1hgl_8\">elegancia <\/span><span class=\"_fadeIn_m1hgl_8\">sin <\/span><span class=\"_fadeIn_m1hgl_8\">sacrificar <\/span><span class=\"_fadeIn_m1hgl_8\">la <\/span><span class=\"_fadeIn_m1hgl_8\">comodidad, <\/span><span class=\"_fadeIn_m1hgl_8\">y <\/span><span class=\"_fadeIn_m1hgl_8\">su <\/span><span class=\"_fadeIn_m1hgl_8\">construcci\u00f3n <\/span><span class=\"_fadeIn_m1hgl_8\">artesanal <\/span><span class=\"_fadeIn_m1hgl_8\">mediante <\/span><span class=\"_fadeIn_m1hgl_8\">el <\/span><span class=\"_fadeIn_m1hgl_8\">sistema <\/span><strong data-start=\"741\" data-end=\"760\" data-is-only-node=\"\"><span class=\"_fadeIn_m1hgl_8\">Goodyear <\/span><span class=\"_fadeIn_m1hgl_8\">Welted<\/span><\/strong> <span class=\"_fadeIn_m1hgl_8\">garantiza <\/span><span class=\"_fadeIn_m1hgl_8\">una <\/span><strong data-start=\"775\" data-end=\"814\"><span class=\"_fadeIn_m1hgl_8\">durabilidad <\/span><span class=\"_fadeIn_m1hgl_8\">y <\/span><span class=\"_fadeIn_m1hgl_8\">confort <\/span><span class=\"_fadeIn_m1hgl_8\">excepcionales<\/span><\/strong><span class=\"_fadeIn_m1hgl_8\">.<\/span><\/p>\n<p data-start=\"817\" data-end=\"860\"><strong data-start=\"817\" data-end=\"860\"><span class=\"_fadeIn_m1hgl_8\">Siente <\/span><span class=\"_fadeIn_m1hgl_8\">el <\/span><span class=\"_fadeIn_m1hgl_8\">poder <\/span><span class=\"_fadeIn_m1hgl_8\">del <\/span><span class=\"_fadeIn_m1hgl_8\">lujo <\/span><span class=\"_fadeIn_m1hgl_8\">con <\/span><span class=\"_fadeIn_m1hgl_8\">cada <\/span><span class=\"_fadeIn_m1hgl_8\">paso.<\/span><\/strong><\/p>\n","protected":false},"excerpt":{"rendered":"<p>Un estilo que habla de identidad, sin necesidad de palabras. Perfecto para looks urbanos con car\u00e1cter.<br \/>\nEl toque final que convierte lo simple en memorable.<\/p>\n","protected":false},"featured_media":712377,"template":"","meta":{"_mbp_gutenberg_autopost":false},"product_brand":[757,759],"product_cat":[1172,122,121,112],"product_tag":[],"class_list":{"0":"post-8666","1":"product","2":"type-product","3":"status-publish","4":"has-post-thumbnail","6":"product_brand-talla-mujer-36","7":"product_brand-talla-mujer-37","8":"product_cat-black-friday","9":"product_cat-botas-exoticas-mujer","10":"product_cat-botines-mujer","11":"product_cat-mujer","13":"first","14":"instock","15":"taxable","16":"shipping-taxable","17":"purchasable","18":"product-type-variable"},"supplier_id":null,"supplier_sku":"","barcode":null,"atum_controlled":true,"out_stock_date":null,"out_stock_threshold":null,"inheritable":true,"inbound_stock":null,"stock_on_hold":7,"sold_today":6,"sales_last_days":6,"reserved_stock":null,"customer_returns":null,"warehouse_damage":null,"lost_in_post":null,"other_logs":null,"out_stock_days":0,"lost_sales":0,"has_location":false,"update_date":"2026-03-27T15:28:57","atum_locations":[],"atum_stock_status":"instock","restock_status":false,"low_stock_amount":"","sales_update_date":"2024-11-23T09:47:03","calc_backorders":null,"yoast_head":"<!-- This site is optimized with the Yoast SEO plugin v27.2 - https:\/\/yoast.com\/product\/yoast-seo-wordpress\/ -->\n<title>Botines de pit\u00f3n rojo con tac\u00f3n Lini | Lujo by Tony Mora<\/title>\n<meta name=\"description\" content=\"Botines exclusivos en piel ex\u00f3tica de pit\u00f3n rojo. Dise\u00f1o elegante con tac\u00f3n Lini y acabado artesanal. Sofisticaci\u00f3n y lujo para cada paso.\" \/>\n<meta name=\"robots\" content=\"index, follow, max-snippet:-1, max-image-preview:large, max-video-preview:-1\" \/>\n<link rel=\"canonical\" href=\"https:\/\/tonymora.com\/es\/producto\/621-daslu-lini-piton-rojo\/\" \/>\n<meta property=\"og:locale\" content=\"es_ES\" \/>\n<meta property=\"og:type\" content=\"article\" \/>\n<meta property=\"og:title\" content=\"Botines de pit\u00f3n rojo con tac\u00f3n Lini | Lujo by Tony Mora\" \/>\n<meta property=\"og:description\" content=\"Botines exclusivos en piel ex\u00f3tica de pit\u00f3n rojo. Dise\u00f1o elegante con tac\u00f3n Lini y acabado artesanal. Sofisticaci\u00f3n y lujo para cada paso.\" \/>\n<meta property=\"og:url\" content=\"https:\/\/tonymora.com\/es\/producto\/621-daslu-lini-piton-rojo\/\" \/>\n<meta property=\"og:site_name\" content=\"Tony Mora\u00ae Boots Official Store\" \/>\n<meta property=\"article:publisher\" content=\"https:\/\/www.facebook.com\/Tonymoraofficial\/\" \/>\n<meta property=\"article:modified_time\" content=\"2026-04-05T05:32:48+00:00\" \/>\n<meta property=\"og:image\" content=\"https:\/\/tonymora.com\/wp-content\/uploads\/2018\/01\/3-3.jpg\" \/>\n\t<meta property=\"og:image:width\" content=\"866\" \/>\n\t<meta property=\"og:image:height\" content=\"1032\" \/>\n\t<meta property=\"og:image:type\" content=\"image\/jpeg\" \/>\n<meta name=\"twitter:card\" content=\"summary_large_image\" \/>\n<meta name=\"twitter:label1\" content=\"Tiempo de lectura\" \/>\n\t<meta name=\"twitter:data1\" content=\"1 minuto\" \/>\n<script type=\"application\/ld+json\" class=\"yoast-schema-graph\">{\"@context\":\"https:\/\/schema.org\",\"@graph\":[{\"@type\":\"WebPage\",\"@id\":\"https:\/\/tonymora.com\/es\/producto\/621-daslu-lini-piton-rojo\/\",\"url\":\"https:\/\/tonymora.com\/es\/producto\/621-daslu-lini-piton-rojo\/\",\"name\":\"Botines de pit\u00f3n rojo con tac\u00f3n Lini | Lujo by Tony Mora\",\"isPartOf\":{\"@id\":\"https:\/\/tonymora.com\/es\/#website\"},\"primaryImageOfPage\":{\"@id\":\"https:\/\/tonymora.com\/es\/producto\/621-daslu-lini-piton-rojo\/#primaryimage\"},\"image\":{\"@id\":\"https:\/\/tonymora.com\/es\/producto\/621-daslu-lini-piton-rojo\/#primaryimage\"},\"thumbnailUrl\":\"https:\/\/tonymora.com\/wp-content\/uploads\/2018\/01\/3-3.jpg\",\"datePublished\":\"2018-01-15T12:09:11+00:00\",\"dateModified\":\"2026-04-05T05:32:48+00:00\",\"description\":\"Botines exclusivos en piel ex\u00f3tica de pit\u00f3n rojo. Dise\u00f1o elegante con tac\u00f3n Lini y acabado artesanal. Sofisticaci\u00f3n y lujo para cada paso.\",\"breadcrumb\":{\"@id\":\"https:\/\/tonymora.com\/es\/producto\/621-daslu-lini-piton-rojo\/#breadcrumb\"},\"inLanguage\":\"es\",\"potentialAction\":[{\"@type\":\"ReadAction\",\"target\":[\"https:\/\/tonymora.com\/es\/producto\/621-daslu-lini-piton-rojo\/\"]}]},{\"@type\":\"ImageObject\",\"inLanguage\":\"es\",\"@id\":\"https:\/\/tonymora.com\/es\/producto\/621-daslu-lini-piton-rojo\/#primaryimage\",\"url\":\"https:\/\/tonymora.com\/wp-content\/uploads\/2018\/01\/3-3.jpg\",\"contentUrl\":\"https:\/\/tonymora.com\/wp-content\/uploads\/2018\/01\/3-3.jpg\",\"width\":866,\"height\":1032,\"caption\":\"botines de pit\u00f3n rojo\"},{\"@type\":\"BreadcrumbList\",\"@id\":\"https:\/\/tonymora.com\/es\/producto\/621-daslu-lini-piton-rojo\/#breadcrumb\",\"itemListElement\":[{\"@type\":\"ListItem\",\"position\":1,\"name\":\"Portada\",\"item\":\"https:\/\/tonymora.com\/es\/\"},{\"@type\":\"ListItem\",\"position\":2,\"name\":\"Tienda\",\"item\":\"https:\/\/tonymora.com\/es\/tienda\/\"},{\"@type\":\"ListItem\",\"position\":3,\"name\":\"Black Friday\",\"item\":\"https:\/\/tonymora.com\/es\/categoria-producto\/black-friday\/\"},{\"@type\":\"ListItem\",\"position\":4,\"name\":\"621 DASLU LINI PITON ROJO\"}]},{\"@type\":\"WebSite\",\"@id\":\"https:\/\/tonymora.com\/es\/#website\",\"url\":\"https:\/\/tonymora.com\/es\/\",\"name\":\"Tony Mora\u00ae Boots Official Store\",\"description\":\"Cowboy Boots\",\"publisher\":{\"@id\":\"https:\/\/tonymora.com\/es\/#organization\"},\"potentialAction\":[{\"@type\":\"SearchAction\",\"target\":{\"@type\":\"EntryPoint\",\"urlTemplate\":\"https:\/\/tonymora.com\/es\/?s={search_term_string}\"},\"query-input\":{\"@type\":\"PropertyValueSpecification\",\"valueRequired\":true,\"valueName\":\"search_term_string\"}}],\"inLanguage\":\"es\"},{\"@type\":\"Organization\",\"@id\":\"https:\/\/tonymora.com\/es\/#organization\",\"name\":\"Tony Mora Boots\",\"url\":\"https:\/\/tonymora.com\/es\/\",\"logo\":{\"@type\":\"ImageObject\",\"inLanguage\":\"es\",\"@id\":\"https:\/\/tonymora.com\/es\/#\/schema\/logo\/image\/\",\"url\":\"https:\/\/tonymora.com\/wp-content\/uploads\/2023\/12\/LOGO.jpg\",\"contentUrl\":\"https:\/\/tonymora.com\/wp-content\/uploads\/2023\/12\/LOGO.jpg\",\"width\":2272,\"height\":1411,\"caption\":\"Tony Mora Boots\"},\"image\":{\"@id\":\"https:\/\/tonymora.com\/es\/#\/schema\/logo\/image\/\"},\"sameAs\":[\"https:\/\/www.facebook.com\/Tonymoraofficial\/\",\"https:\/\/www.instagram.com\/tonymoraofficial\/?hl=es\"]}]}<\/script>\n<!-- \/ Yoast SEO plugin. -->","yoast_head_json":{"title":"Botines de pit\u00f3n rojo con tac\u00f3n Lini | Lujo by Tony Mora","description":"Botines exclusivos en piel ex\u00f3tica de pit\u00f3n rojo. Dise\u00f1o elegante con tac\u00f3n Lini y acabado artesanal. Sofisticaci\u00f3n y lujo para cada paso.","robots":{"index":"index","follow":"follow","max-snippet":"max-snippet:-1","max-image-preview":"max-image-preview:large","max-video-preview":"max-video-preview:-1"},"canonical":"https:\/\/tonymora.com\/es\/producto\/621-daslu-lini-piton-rojo\/","og_locale":"es_ES","og_type":"article","og_title":"Botines de pit\u00f3n rojo con tac\u00f3n Lini | Lujo by Tony Mora","og_description":"Botines exclusivos en piel ex\u00f3tica de pit\u00f3n rojo. Dise\u00f1o elegante con tac\u00f3n Lini y acabado artesanal. Sofisticaci\u00f3n y lujo para cada paso.","og_url":"https:\/\/tonymora.com\/es\/producto\/621-daslu-lini-piton-rojo\/","og_site_name":"Tony Mora\u00ae Boots Official Store","article_publisher":"https:\/\/www.facebook.com\/Tonymoraofficial\/","article_modified_time":"2026-04-05T05:32:48+00:00","og_image":[{"width":866,"height":1032,"url":"https:\/\/tonymora.com\/wp-content\/uploads\/2018\/01\/3-3.jpg","type":"image\/jpeg"}],"twitter_card":"summary_large_image","twitter_misc":{"Tiempo de lectura":"1 minuto"},"schema":{"@context":"https:\/\/schema.org","@graph":[{"@type":"WebPage","@id":"https:\/\/tonymora.com\/es\/producto\/621-daslu-lini-piton-rojo\/","url":"https:\/\/tonymora.com\/es\/producto\/621-daslu-lini-piton-rojo\/","name":"Botines de pit\u00f3n rojo con tac\u00f3n Lini | Lujo by Tony Mora","isPartOf":{"@id":"https:\/\/tonymora.com\/es\/#website"},"primaryImageOfPage":{"@id":"https:\/\/tonymora.com\/es\/producto\/621-daslu-lini-piton-rojo\/#primaryimage"},"image":{"@id":"https:\/\/tonymora.com\/es\/producto\/621-daslu-lini-piton-rojo\/#primaryimage"},"thumbnailUrl":"https:\/\/tonymora.com\/wp-content\/uploads\/2018\/01\/3-3.jpg","datePublished":"2018-01-15T12:09:11+00:00","dateModified":"2026-04-05T05:32:48+00:00","description":"Botines exclusivos en piel ex\u00f3tica de pit\u00f3n rojo. Dise\u00f1o elegante con tac\u00f3n Lini y acabado artesanal. Sofisticaci\u00f3n y lujo para cada paso.","breadcrumb":{"@id":"https:\/\/tonymora.com\/es\/producto\/621-daslu-lini-piton-rojo\/#breadcrumb"},"inLanguage":"es","potentialAction":[{"@type":"ReadAction","target":["https:\/\/tonymora.com\/es\/producto\/621-daslu-lini-piton-rojo\/"]}]},{"@type":"ImageObject","inLanguage":"es","@id":"https:\/\/tonymora.com\/es\/producto\/621-daslu-lini-piton-rojo\/#primaryimage","url":"https:\/\/tonymora.com\/wp-content\/uploads\/2018\/01\/3-3.jpg","contentUrl":"https:\/\/tonymora.com\/wp-content\/uploads\/2018\/01\/3-3.jpg","width":866,"height":1032,"caption":"botines de pit\u00f3n rojo"},{"@type":"BreadcrumbList","@id":"https:\/\/tonymora.com\/es\/producto\/621-daslu-lini-piton-rojo\/#breadcrumb","itemListElement":[{"@type":"ListItem","position":1,"name":"Portada","item":"https:\/\/tonymora.com\/es\/"},{"@type":"ListItem","position":2,"name":"Tienda","item":"https:\/\/tonymora.com\/es\/tienda\/"},{"@type":"ListItem","position":3,"name":"Black Friday","item":"https:\/\/tonymora.com\/es\/categoria-producto\/black-friday\/"},{"@type":"ListItem","position":4,"name":"621 DASLU LINI PITON ROJO"}]},{"@type":"WebSite","@id":"https:\/\/tonymora.com\/es\/#website","url":"https:\/\/tonymora.com\/es\/","name":"Tony Mora\u00ae Boots Official Store","description":"Cowboy Boots","publisher":{"@id":"https:\/\/tonymora.com\/es\/#organization"},"potentialAction":[{"@type":"SearchAction","target":{"@type":"EntryPoint","urlTemplate":"https:\/\/tonymora.com\/es\/?s={search_term_string}"},"query-input":{"@type":"PropertyValueSpecification","valueRequired":true,"valueName":"search_term_string"}}],"inLanguage":"es"},{"@type":"Organization","@id":"https:\/\/tonymora.com\/es\/#organization","name":"Tony Mora Boots","url":"https:\/\/tonymora.com\/es\/","logo":{"@type":"ImageObject","inLanguage":"es","@id":"https:\/\/tonymora.com\/es\/#\/schema\/logo\/image\/","url":"https:\/\/tonymora.com\/wp-content\/uploads\/2023\/12\/LOGO.jpg","contentUrl":"https:\/\/tonymora.com\/wp-content\/uploads\/2023\/12\/LOGO.jpg","width":2272,"height":1411,"caption":"Tony Mora Boots"},"image":{"@id":"https:\/\/tonymora.com\/es\/#\/schema\/logo\/image\/"},"sameAs":["https:\/\/www.facebook.com\/Tonymoraofficial\/","https:\/\/www.instagram.com\/tonymoraofficial\/?hl=es"]}]}},"_links":{"self":[{"href":"https:\/\/tonymora.com\/es\/wp-json\/wp\/v2\/product\/8666","targetHints":{"allow":["GET"]}}],"collection":[{"href":"https:\/\/tonymora.com\/es\/wp-json\/wp\/v2\/product"}],"about":[{"href":"https:\/\/tonymora.com\/es\/wp-json\/wp\/v2\/types\/product"}],"wp:featuredmedia":[{"embeddable":true,"href":"https:\/\/tonymora.com\/es\/wp-json\/wp\/v2\/media\/712377"}],"wp:attachment":[{"href":"https:\/\/tonymora.com\/es\/wp-json\/wp\/v2\/media?parent=8666"}],"wp:term":[{"taxonomy":"product_brand","embeddable":true,"href":"https:\/\/tonymora.com\/es\/wp-json\/wp\/v2\/product_brand?post=8666"},{"taxonomy":"product_cat","embeddable":true,"href":"https:\/\/tonymora.com\/es\/wp-json\/wp\/v2\/product_cat?post=8666"},{"taxonomy":"product_tag","embeddable":true,"href":"https:\/\/tonymora.com\/es\/wp-json\/wp\/v2\/product_tag?post=8666"}],"curies":[{"name":"wp","href":"https:\/\/api.w.org\/{rel}","templated":true}]}}